{"id":1739,"date":"2019-09-12T09:45:54","date_gmt":"2019-09-12T08:45:54","guid":{"rendered":"http:\/\/chalons.catholique.fr\/lepine\/?page_id=1739"},"modified":"2022-07-19T14:26:16","modified_gmt":"2022-07-19T13:26:16","slug":"prier-avec-nd-de-lepine","status":"publish","type":"page","link":"https:\/\/chalons.catholique.fr\/lepine\/prier-avec-nd-de-lepine\/","title":{"rendered":"Prier avec ND de L&rsquo;\u00c9pine"},"content":{"rendered":"<div class=\"fusion-fullwidth fullwidth-box fusion-builder-row-1 fusion-parallax-fixed nonhundred-percent-fullwidth non-hundred-percent-height-scrolling\" style=\"--awb-background-position:left top;--awb-border-radius-top-left:0px;--awb-border-radius-top-right:0px;--awb-border-radius-bottom-right:0px;--awb-border-radius-bottom-left:0px;--awb-padding-top:500px;--awb-background-image:url(&quot;https:\/\/chalons.catholique.fr\/lepine\/wp-content\/uploads\/sites\/5\/2019\/12\/austria-2376850_1920.jpg&quot;);--awb-background-size:cover;--awb-flex-wrap:wrap;background-attachment:fixed;\" ><div class=\"fusion-builder-row fusion-row\"><\/div><\/div><div class=\"fusion-fullwidth fullwidth-box fusion-builder-row-2 nonhundred-percent-fullwidth non-hundred-percent-height-scrolling\" style=\"--awb-border-radius-top-left:0px;--awb-border-radius-top-right:0px;--awb-border-radius-bottom-right:0px;--awb-border-radius-bottom-left:0px;--awb-padding-top:20px;--awb-flex-wrap:wrap;\" ><div class=\"fusion-builder-row fusion-row\"><div class=\"fusion-layout-column fusion_builder_column fusion-builder-column-0 fusion_builder_column_1_1 1_1 fusion-one-full fusion-column-first fusion-column-last\" style=\"--awb-bg-size:cover;--awb-margin-bottom:0px;\"><div class=\"fusion-column-wrapper fusion-column-has-shadow fusion-flex-column-wrapper-legacy\"><style type='text\/css'>.reading-box-container-1 .element-bottomshadow:before,.reading-box-container-1 .element-bottomshadow:after{opacity:0.7;}<\/style><div class=\"fusion-reading-box-container reading-box-container-1\" style=\"--awb-title-color:#24588b;--awb-margin-top:0px;--awb-margin-bottom:84px;\"><div class=\"reading-box reading-box-center element-bottomshadow\" style=\"background-color:#f6f6f6;border-width:1px;border-color:#f6f6f6;border-left-width:3px;border-left-color:var(--primary_color);border-style:solid;\"><h2>Un lieu de b\u00e9n\u00e9diction pour les enfants<\/h2><div class=\"reading-box-description fusion-reading-box-additional\">Outre la d\u00e9votion mariale et le myst\u00e8re de la croix, un aspect original du sanctuaire Notre Dame de l\u2019\u00c9pine est d'accueillir le myst\u00e8re de l'enfance. Chaque ann\u00e9e, lors de la f\u00eate du sanctuaire les enfants re\u00e7oivent une b\u00e9n\u00e9diction sp\u00e9ciale et voient inscrit par leurs parents leur nom sur un grand registre conserv\u00e9 \u00e0 la Basilique d'ann\u00e9e en ann\u00e9e. D\u00e8s les origines du sanctuaire, le myst\u00e8re de l'enfance fut confi\u00e9 \u00e0 Marie. Depuis ces temps anciens, les p\u00e8lerins viennent demander gr\u00e2ce et b\u00e9n\u00e9dictions pour leurs enfants, pour toutes les \u00e9pouses et les m\u00e8res.\n\nLa pr\u00e9sence d'un puits et la d\u00e9votion qui s\u2019y est attach\u00e9e repr\u00e9sente un autre aspect spirituel.\n\nActuellement lieu de p\u00e8lerinage r\u00e9f\u00e9r\u00e9 \u00e0 une glorieuse histoire chr\u00e9tienne locale pass\u00e9e mais somme toute assez sobre actuellement, le sanctuaire de l\u2019\u00c9pine peut se voir comme un puits de Jacob contemporain o\u00f9 peut se vivre la rencontre \u00e9vang\u00e9lique entre J\u00e9sus et la Samaritaine dans la d\u00e9marche des p\u00e8lerins ou visiteurs contemporains (voir Jean 4, 5-42), peuvent entendre dans leur c\u0153ur l\u2019affirmation interrogative de J\u00e9sus : \u00ab  si tu savais le don de Dieu. \u00bb<\/div><div class=\"fusion-clearfix\"><\/div><\/div><\/div><style type='text\/css'>.reading-box-container-2 .element-bottomshadow:before,.reading-box-container-2 .element-bottomshadow:after{opacity:0.7;}<\/style><div class=\"fusion-reading-box-container reading-box-container-2\" style=\"--awb-title-color:#24588b;--awb-margin-top:0px;--awb-margin-bottom:84px;\"><div class=\"reading-box reading-box-center element-bottomshadow\" style=\"background-color:#f6f6f6;border-width:1px;border-color:#f6f6f6;border-left-width:3px;border-left-color:var(--primary_color);border-style:solid;\"><h2>Un lieu de rencontre avec le Christ<\/h2><div class=\"reading-box-description fusion-reading-box-additional\">L\u2019isolement relatif de ce sanctuaire qui s\u2019inscrit dans l\u2019histoire sainte du dioc\u00e8se, la pr\u00e9sence d\u2019un puits, le myst\u00e8re de la croix en filigrane, la figure f\u00e9minine de Marie ic\u00f4ne de l\u2019\u00c9glise sainte, le fait m\u00eame d\u2019\u00eatre un lieu de p\u00e8lerinage signe de l\u2019\u00c9glise en chemin comme la samaritaine vers le puits ou les ap\u00f4tres vers J\u00e9sus, sont autant d\u2019\u00e9l\u00e9ments qui font de ce lieu un lieu de rencontre contemporaine entre une humanit\u00e9 croyante ou mal croyante et J\u00e9sus, et cela autour du th\u00e8me de la soif.<\/div><div class=\"fusion-clearfix\"><\/div><\/div><\/div><style type='text\/css'>.reading-box-container-3 .element-bottomshadow:before,.reading-box-container-3 .element-bottomshadow:after{opacity:0.7;}<\/style><div class=\"fusion-reading-box-container reading-box-container-3\" style=\"--awb-title-color:#24588b;--awb-margin-top:0px;--awb-margin-bottom:84px;\"><div class=\"reading-box reading-box-center element-bottomshadow\" style=\"background-color:#f6f6f6;border-width:1px;border-color:#f6f6f6;border-left-width:3px;border-left-color:var(--primary_color);border-style:solid;\"><h2>Un lieu o\u00f9 s'\u00e9tanchent les soifs de l'\u00e2me<\/h2><div class=\"reading-box-description fusion-reading-box-additional\">La th\u00e9matique de la soif est elle-m\u00eame porteuse de sens qui rejoignent les d\u00e9fis de notre \u00c9glise comme ceux de notre soci\u00e9t\u00e9. La soif dans l\u2019\u00e9vangile est \u00e0 la fois un cri mystique (Jean 4 ; 7,37 ; 19,28), un cri social (Matthieu 5,6 ; 25,35.37) et un appel au pardon (Romains 12,20). Elle peut m\u00eame s\u2019exprimer de mani\u00e8re ambivalente, tant\u00f4t sur le registre du don, et c\u2019est la soif du Christ et de la samaritaine, tant\u00f4t sur le registre de la possession et de la domination et c\u2019est de l\u2019idol\u00e2trie.<\/div><div class=\"fusion-clearfix\"><\/div><\/div><\/div><style type='text\/css'>.reading-box-container-4 .element-bottomshadow:before,.reading-box-container-4 .element-bottomshadow:after{opacity:0.7;}<\/style><div class=\"fusion-reading-box-container reading-box-container-4\" style=\"--awb-title-color:#24588b;--awb-margin-top:0px;--awb-margin-bottom:84px;\"><div class=\"reading-box reading-box-center element-bottomshadow\" style=\"background-color:#f6f6f6;border-width:1px;border-color:#f6f6f6;border-left-width:3px;border-left-color:var(--primary_color);border-style:solid;\"><h2>Un lieu de v\u00e9rit\u00e9 sur soi<\/h2><div class=\"reading-box-description fusion-reading-box-additional\">Venir en p\u00e8lerinage ou en visite, fusse-t-elle touristique, au sanctuaire est une opportunit\u00e9 pour pouvoir relire sa vie, faire la v\u00e9rit\u00e9 sur ses attentes, ses esp\u00e9rances ou ses blessures.<\/div><div class=\"fusion-clearfix\"><\/div><\/div><\/div><div class=\"fusion-clearfix\"><\/div><\/div><\/div><\/div><\/div>\n","protected":false},"excerpt":{"rendered":"","protected":false},"author":158,"featured_media":0,"parent":0,"menu_order":0,"comment_status":"closed","ping_status":"closed","template":"","meta":{"xn-wppe-expiration":[],"xn-wppe-expiration-action":[],"xn-wppe-expiration-prefix":[],"footnotes":""},"_links":{"self":[{"href":"https:\/\/chalons.catholique.fr\/lepine\/wp-json\/wp\/v2\/pages\/1739"}],"collection":[{"href":"https:\/\/chalons.catholique.fr\/lepine\/wp-json\/wp\/v2\/pages"}],"about":[{"href":"https:\/\/chalons.catholique.fr\/lepine\/wp-json\/wp\/v2\/types\/page"}],"author":[{"embeddable":true,"href":"https:\/\/chalons.catholique.fr\/lepine\/wp-json\/wp\/v2\/users\/158"}],"replies":[{"embeddable":true,"href":"https:\/\/chalons.catholique.fr\/lepine\/wp-json\/wp\/v2\/comments?post=1739"}],"version-history":[{"count":0,"href":"https:\/\/chalons.catholique.fr\/lepine\/wp-json\/wp\/v2\/pages\/1739\/revisions"}],"wp:attachment":[{"href":"https:\/\/chalons.catholique.fr\/lepine\/wp-json\/wp\/v2\/media?parent=1739"}],"curies":[{"name":"wp","href":"https:\/\/api.w.org\/{rel}","templated":true}]}}