{"id":1638,"date":"2019-09-03T10:45:06","date_gmt":"2019-09-03T09:45:06","guid":{"rendered":"http:\/\/chalons.catholique.fr\/lepine\/?page_id=1638"},"modified":"2022-07-19T14:48:01","modified_gmt":"2022-07-19T13:48:01","slug":"les-salles","status":"publish","type":"page","link":"https:\/\/chalons.catholique.fr\/lepine\/les-salles\/","title":{"rendered":"Les salles"},"content":{"rendered":"<div class=\"fusion-fullwidth fullwidth-box fusion-builder-row-1 fusion-parallax-fixed nonhundred-percent-fullwidth non-hundred-percent-height-scrolling\" style=\"--awb-background-position:center top;--awb-border-radius-top-left:0px;--awb-border-radius-top-right:0px;--awb-border-radius-bottom-right:0px;--awb-border-radius-bottom-left:0px;--awb-padding-top:500px;--awb-background-image:url(&quot;https:\/\/chalons.catholique.fr\/lepine\/wp-content\/uploads\/sites\/5\/2019\/12\/IMG_20191024_154538-1-scaled.jpg&quot;);--awb-background-size:cover;--awb-flex-wrap:wrap;background-attachment:fixed;\" ><div class=\"fusion-builder-row fusion-row\"><\/div><\/div><div class=\"fusion-fullwidth fullwidth-box fusion-builder-row-2 nonhundred-percent-fullwidth non-hundred-percent-height-scrolling\" style=\"--awb-border-radius-top-left:0px;--awb-border-radius-top-right:0px;--awb-border-radius-bottom-right:0px;--awb-border-radius-bottom-left:0px;--awb-padding-top:21px;--awb-flex-wrap:wrap;\" ><div class=\"fusion-builder-row fusion-row\"><\/div><\/div><div class=\"fusion-fullwidth fullwidth-box fusion-builder-row-3 nonhundred-percent-fullwidth non-hundred-percent-height-scrolling\" style=\"--awb-border-radius-top-left:0px;--awb-border-radius-top-right:0px;--awb-border-radius-bottom-right:0px;--awb-border-radius-bottom-left:0px;--awb-padding-top:30px;--awb-padding-bottom:30px;--awb-margin-bottom:60px;--awb-flex-wrap:wrap;\" ><div class=\"fusion-builder-row fusion-row\"><div class=\"fusion-layout-column fusion_builder_column fusion-builder-column-0 fusion_builder_column_1_2 1_2 fusion-one-half fusion-column-first\" style=\"--awb-bg-size:cover;--awb-margin-bottom:0px;width:48%; margin-right: 4%;\"><div class=\"fusion-column-wrapper fusion-flex-column-wrapper-legacy\"><div class=\"fusion-title title fusion-title-1 fusion-sep-none fusion-title-text fusion-title-size-three\"><h3 class=\"fusion-title-heading title-heading-left fusion-responsive-typography-calculated\" style=\"margin:0;--fontSize:18;--minFontSize:18;line-height:1.5;\"><h3>La salle Odette Pr\u00e9vost<\/h3>\n<h4>Elle peut recevoir des individuels ou des groupes.<br \/>Elle se situe 23 rue des Moissons, \u00e0 c\u00f4t\u00e9 de la salle municipale.<br \/>Vous y trouverez les \u00e9quipements suivants :<\/h4><\/h3><\/div><div class=\"fusion-text fusion-text-1\"><ul>\n<li>60 tables<\/li>\n<li>300 chaises<\/li>\n<li>un vid\u00e9o-projecteur suspendu et son \u00e9cran r\u00e9tractable<\/li>\n<li><span style=\"color: var(--body_typography-color);font-family: var(--body_typography-font-family);font-size: var(--body_typography-font-size);font-weight: var(--body_typography-font-weight);letter-spacing: var(--body_typography-letter-spacing)\">Sc\u00e8ne amovible<\/span><\/li>\n<li><span style=\"color: var(--body_typography-color);font-family: var(--body_typography-font-family);font-size: var(--body_typography-font-size);font-weight: var(--body_typography-font-weight);letter-spacing: var(--body_typography-letter-spacing)\">Dans la salle, son num\u00e9rique \u00e0 la norme DANTE, de marque BOSE. Entr\u00e9es et sorties murales \u00e0 la norme XLR, caisson de basse c\u00f4t\u00e9 sc\u00e8ne, sc\u00e9narios programmables, sonorisation s\u00e9par\u00e9e possible par tiers.<\/span><\/li>\n<\/ul>\n<\/div><div class=\"fusion-clearfix\"><\/div><\/div><\/div><div class=\"fusion-layout-column fusion_builder_column fusion-builder-column-1 fusion_builder_column_1_2 1_2 fusion-one-half fusion-column-last\" style=\"--awb-padding-top:40px;--awb-padding-right:40px;--awb-padding-bottom:40px;--awb-padding-left:40px;--awb-overflow:hidden;--awb-bg-color:#ffffff;--awb-bg-color-hover:#ffffff;--awb-bg-size:cover;--awb-box-shadow:5px 5px 5px 0px rgba(0,145,229,0.2);;--awb-border-color:rgba(0,145,229,0.2);--awb-border-top:1px;--awb-border-right:1px;--awb-border-bottom:1px;--awb-border-left:1px;--awb-border-style:solid;--awb-border-radius:20px 20px 20px 20px;--awb-margin-top:-120px;width:48%;\"><div class=\"fusion-column-wrapper fusion-column-has-shadow fusion-flex-column-wrapper-legacy\"><div class=\"fusion-text fusion-text-2\"><h2 data-fontsize=\"40\" data-lineheight=\"60\">Les salles<br \/>\nde r\u00e9union &#8211; r\u00e9ception<\/h2>\n<\/div><div class=\"fusion-text fusion-text-3\"><p>Le Sanctuaire de L&rsquo;\u00c9pine met \u00e0 votre disposition des structures adapt\u00e9es pour faciliter votre s\u00e9jour : la salle Odette Pr\u00e9vost, l&rsquo;h\u00f4tellerie.<\/p>\n<p>Pour vos r\u00e9unions et r\u00e9ceptions, professionnelles ou familiales, un lieu accueillant vous est propos\u00e9 : la salle Odette Pr\u00e9vost.<\/p>\n<p><b>Accueil du Sanctuaire Notre Dame de l&rsquo;\u00c9pine<br \/>\u00c9v\u00each\u00e9<br \/>20 rue de l&rsquo;abb\u00e9 Pierre Gillet<br \/>51000 Ch\u00e2lons-en-Champagne<\/b><\/p>\n<p>07.57.40.28.08<a href=\"mailto:accueil.ndle@chalons.catholique.fr\"><br \/>accueil.ndle@chalons.catholique.fr<\/a><b><span style=\"color: var(--body_typography-color);font-family: var(--body_typography-font-family);font-size: var(--body_typography-font-size);letter-spacing: var(--body_typography-letter-spacing)\"><br \/><\/span><\/b><\/p>\n<\/div><div class=\"fusion-clearfix\"><\/div><\/div><\/div><\/div><\/div><div class=\"fusion-fullwidth fullwidth-box fusion-builder-row-4 fusion-parallax-none nonhundred-percent-fullwidth non-hundred-percent-height-scrolling\" style=\"--awb-border-radius-top-left:0px;--awb-border-radius-top-right:0px;--awb-border-radius-bottom-right:0px;--awb-border-radius-bottom-left:0px;--awb-padding-top:60px;--awb-padding-bottom:30px;--awb-margin-bottom:0px;--awb-background-color:rgba(255,255,255,0);--awb-background-image:url(&quot;https:\/\/chalons.catholique.fr\/lepine\/wp-content\/uploads\/sites\/5\/2019\/12\/background-les-salles-scaled.png&quot;);--awb-background-size:cover;--awb-flex-wrap:wrap;\" ><div class=\"fusion-builder-row fusion-row\"><div class=\"fusion-layout-column fusion_builder_column fusion-builder-column-2 fusion_builder_column_2_3 2_3 fusion-two-third fusion-column-first\" style=\"--awb-bg-size:cover;width:66.666666666667%;width:calc(66.666666666667% - ( ( 4% ) * 0.66666666666667 ) );margin-right: 4%;\"><div class=\"fusion-column-wrapper fusion-column-has-shadow fusion-flex-column-wrapper-legacy\"><div class=\"fusion-title title fusion-title-2 fusion-sep-none fusion-title-text fusion-title-size-three\" style=\"--awb-text-color:#ffffff;--awb-margin-bottom:0px;\"><h3 class=\"fusion-title-heading title-heading-left fusion-responsive-typography-calculated\" style=\"margin:0;--fontSize:18;--minFontSize:18;line-height:1.5;\">Profitez d&rsquo;un lieu de qualit\u00e9<\/h3><\/div><div class=\"fusion-title title fusion-title-3 fusion-sep-none fusion-title-text fusion-title-size-four\" style=\"--awb-text-color:#ffffff;--awb-margin-bottom:0px;\"><h4 class=\"fusion-title-heading title-heading-left fusion-responsive-typography-calculated\" style=\"margin:0;--fontSize:15;--minFontSize:15;line-height:1.5;\">Prenez contact et r\u00e9servez une date<\/h4><\/div><div class=\"fusion-clearfix\"><\/div><\/div><\/div><div class=\"fusion-layout-column fusion_builder_column fusion-builder-column-3 fusion_builder_column_1_3 1_3 fusion-one-third fusion-column-last\" style=\"--awb-padding-left:10px;--awb-overflow:hidden;--awb-bg-size:cover;--awb-border-radius:20px 20px 20px 20px;width:33.333333333333%;width:calc(33.333333333333% - ( ( 4% ) * 0.33333333333333 ) );\"><div class=\"fusion-column-wrapper fusion-column-has-shadow fusion-flex-column-wrapper-legacy\"><div class=\"fusion-column-content-centered\"><div class=\"fusion-column-content\"><ul style=\"--awb-size:28px;--awb-line-height:47.6px;--awb-icon-width:47.6px;--awb-icon-height:47.6px;--awb-icon-margin:19.6px;--awb-content-margin:67.2px;\" class=\"fusion-checklist fusion-checklist-1 fusion-checklist-default type-icons\"><li class=\"fusion-li-item\" style=\"\"><span class=\"icon-wrapper circle-no\"><i class=\"fusion-li-icon fa-phone-alt fas\" aria-hidden=\"true\"><\/i><\/span><div class=\"fusion-li-item-content\"><span style=\"color: #ffffff\"><b data-fusion-font=\"true\" style=\"font-size: 35px\">07 57 40 28 08<\/b><\/span><\/div><\/li><\/ul><\/div><\/div><div class=\"fusion-clearfix\"><\/div><\/div><\/div><\/div><\/div><div class=\"fusion-fullwidth fullwidth-box fusion-builder-row-5 nonhundred-percent-fullwidth non-hundred-percent-height-scrolling\" style=\"--awb-border-radius-top-left:0px;--awb-border-radius-top-right:0px;--awb-border-radius-bottom-right:0px;--awb-border-radius-bottom-left:0px;--awb-padding-top:80px;--awb-flex-wrap:wrap;\" ><div class=\"fusion-builder-row fusion-row\"><div class=\"fusion-layout-column fusion_builder_column fusion-builder-column-4 fusion_builder_column_1_1 1_1 fusion-one-full fusion-column-first fusion-column-last\" style=\"--awb-bg-size:cover;\"><div class=\"fusion-column-wrapper fusion-column-has-shadow fusion-flex-column-wrapper-legacy\"><div class=\"fusion-image-carousel fusion-image-carousel-fixed fusion-image-carousel-1 fusion-carousel-border\"><div class=\"awb-carousel awb-swiper awb-swiper-carousel\" data-autoplay=\"yes\" data-columns=\"5\" data-itemmargin=\"13\" data-itemwidth=\"180\" data-touchscroll=\"no\" data-imagesize=\"fixed\"><div class=\"swiper-wrapper awb-image-carousel-wrapper fusion-flex-align-items-center\"><div class=\"swiper-slide\"><div class=\"fusion-carousel-item-wrapper\"><div class=\"fusion-image-wrapper hover-type-none\"><img width=\"320\" height=\"202\" src=\"https:\/\/chalons.catholique.fr\/lepine\/wp-content\/uploads\/sites\/5\/2019\/12\/IMG_20191024_144707-320x202.jpg\" class=\"attachment-blog-medium size-blog-medium\" alt=\"\" decoding=\"async\" \/><\/div><\/div><\/div><div class=\"swiper-slide\"><div class=\"fusion-carousel-item-wrapper\"><div class=\"fusion-image-wrapper hover-type-none\"><img width=\"320\" height=\"202\" src=\"https:\/\/chalons.catholique.fr\/lepine\/wp-content\/uploads\/sites\/5\/2019\/12\/IMG_20191024_145513-320x202.jpg\" class=\"attachment-blog-medium size-blog-medium\" alt=\"\" decoding=\"async\" \/><\/div><\/div><\/div><div class=\"swiper-slide\"><div class=\"fusion-carousel-item-wrapper\"><div class=\"fusion-image-wrapper hover-type-none\"><img width=\"320\" height=\"202\" src=\"https:\/\/chalons.catholique.fr\/lepine\/wp-content\/uploads\/sites\/5\/2019\/12\/IMG_20191024_145533-320x202.jpg\" class=\"attachment-blog-medium size-blog-medium\" alt=\"\" decoding=\"async\" \/><\/div><\/div><\/div><div class=\"swiper-slide\"><div class=\"fusion-carousel-item-wrapper\"><div class=\"fusion-image-wrapper hover-type-none\"><img width=\"320\" height=\"202\" src=\"https:\/\/chalons.catholique.fr\/lepine\/wp-content\/uploads\/sites\/5\/2019\/12\/IMG_20191024_145835-320x202.jpg\" class=\"attachment-blog-medium size-blog-medium\" alt=\"\" decoding=\"async\" \/><\/div><\/div><\/div><div class=\"swiper-slide\"><div class=\"fusion-carousel-item-wrapper\"><div class=\"fusion-image-wrapper hover-type-none\"><img width=\"320\" height=\"202\" src=\"https:\/\/chalons.catholique.fr\/lepine\/wp-content\/uploads\/sites\/5\/2019\/12\/IMG_20191024_150157-320x202.jpg\" class=\"attachment-blog-medium size-blog-medium\" alt=\"\" decoding=\"async\" \/><\/div><\/div><\/div><div class=\"swiper-slide\"><div class=\"fusion-carousel-item-wrapper\"><div class=\"fusion-image-wrapper hover-type-none\"><img width=\"320\" height=\"202\" src=\"https:\/\/chalons.catholique.fr\/lepine\/wp-content\/uploads\/sites\/5\/2019\/12\/IMG_20191024_152140-320x202.jpg\" class=\"attachment-blog-medium size-blog-medium\" alt=\"\" decoding=\"async\" \/><\/div><\/div><\/div><div class=\"swiper-slide\"><div class=\"fusion-carousel-item-wrapper\"><div class=\"fusion-image-wrapper hover-type-none\"><img width=\"320\" height=\"202\" src=\"https:\/\/chalons.catholique.fr\/lepine\/wp-content\/uploads\/sites\/5\/2019\/12\/IMG_20191024_152324-320x202.jpg\" class=\"attachment-blog-medium size-blog-medium\" alt=\"\" decoding=\"async\" \/><\/div><\/div><\/div><div class=\"swiper-slide\"><div class=\"fusion-carousel-item-wrapper\"><div class=\"fusion-image-wrapper hover-type-none\"><img width=\"320\" height=\"202\" src=\"https:\/\/chalons.catholique.fr\/lepine\/wp-content\/uploads\/sites\/5\/2019\/12\/IMG_20191024_152532-320x202.jpg\" class=\"attachment-blog-medium size-blog-medium\" alt=\"\" decoding=\"async\" \/><\/div><\/div><\/div><div class=\"swiper-slide\"><div class=\"fusion-carousel-item-wrapper\"><div class=\"fusion-image-wrapper hover-type-none\"><img width=\"320\" height=\"202\" src=\"https:\/\/chalons.catholique.fr\/lepine\/wp-content\/uploads\/sites\/5\/2019\/12\/IMG_20191024_152923-320x202.jpg\" class=\"attachment-blog-medium size-blog-medium\" alt=\"\" decoding=\"async\" \/><\/div><\/div><\/div><div class=\"swiper-slide\"><div class=\"fusion-carousel-item-wrapper\"><div class=\"fusion-image-wrapper hover-type-none\"><img width=\"320\" height=\"202\" src=\"https:\/\/chalons.catholique.fr\/lepine\/wp-content\/uploads\/sites\/5\/2019\/12\/IMG_20191024_153300-320x202.jpg\" class=\"attachment-blog-medium size-blog-medium\" alt=\"\" decoding=\"async\" \/><\/div><\/div><\/div><div class=\"swiper-slide\"><div class=\"fusion-carousel-item-wrapper\"><div class=\"fusion-image-wrapper hover-type-none\"><img width=\"320\" height=\"202\" src=\"https:\/\/chalons.catholique.fr\/lepine\/wp-content\/uploads\/sites\/5\/2019\/12\/IMG_20191024_154712-320x202.jpg\" class=\"attachment-blog-medium size-blog-medium\" alt=\"\" decoding=\"async\" \/><\/div><\/div><\/div><div class=\"swiper-slide\"><div class=\"fusion-carousel-item-wrapper\"><div class=\"fusion-image-wrapper hover-type-none\"><img width=\"320\" height=\"202\" src=\"https:\/\/chalons.catholique.fr\/lepine\/wp-content\/uploads\/sites\/5\/2019\/12\/IMG_20191024_154622-320x202.jpg\" class=\"attachment-blog-medium size-blog-medium\" alt=\"\" decoding=\"async\" \/><\/div><\/div><\/div><div class=\"swiper-slide\"><div class=\"fusion-carousel-item-wrapper\"><div class=\"fusion-image-wrapper hover-type-none\"><img width=\"320\" height=\"202\" src=\"https:\/\/chalons.catholique.fr\/lepine\/wp-content\/uploads\/sites\/5\/2019\/12\/IMG_20191024_154538-320x202.jpg\" class=\"attachment-blog-medium size-blog-medium\" alt=\"\" decoding=\"async\" \/><\/div><\/div><\/div><\/div><div class=\"awb-swiper-button awb-swiper-button-prev\"><i class=\"awb-icon-angle-left\" aria-hidden=\"true\"><\/i><\/div><div class=\"awb-swiper-button awb-swiper-button-next\"><i class=\"awb-icon-angle-right\" aria-hidden=\"true\"><\/i><\/div><\/div><\/div><div class=\"fusion-clearfix\"><\/div><\/div><\/div><\/div><\/div>\n","protected":false},"excerpt":{"rendered":"","protected":false},"author":158,"featured_media":0,"parent":0,"menu_order":0,"comment_status":"closed","ping_status":"closed","template":"","meta":{"xn-wppe-expiration":[],"xn-wppe-expiration-action":[],"xn-wppe-expiration-prefix":[],"footnotes":""},"_links":{"self":[{"href":"https:\/\/chalons.catholique.fr\/lepine\/wp-json\/wp\/v2\/pages\/1638"}],"collection":[{"href":"https:\/\/chalons.catholique.fr\/lepine\/wp-json\/wp\/v2\/pages"}],"about":[{"href":"https:\/\/chalons.catholique.fr\/lepine\/wp-json\/wp\/v2\/types\/page"}],"author":[{"embeddable":true,"href":"https:\/\/chalons.catholique.fr\/lepine\/wp-json\/wp\/v2\/users\/158"}],"replies":[{"embeddable":true,"href":"https:\/\/chalons.catholique.fr\/lepine\/wp-json\/wp\/v2\/comments?post=1638"}],"version-history":[{"count":0,"href":"https:\/\/chalons.catholique.fr\/lepine\/wp-json\/wp\/v2\/pages\/1638\/revisions"}],"wp:attachment":[{"href":"https:\/\/chalons.catholique.fr\/lepine\/wp-json\/wp\/v2\/media?parent=1638"}],"curies":[{"name":"wp","href":"https:\/\/api.w.org\/{rel}","templated":true}]}}