{"id":1568,"date":"2019-07-16T14:50:59","date_gmt":"2019-07-16T13:50:59","guid":{"rendered":"http:\/\/chalons.catholique.fr\/lepine\/?page_id=1568"},"modified":"2022-07-19T14:29:12","modified_gmt":"2022-07-19T13:29:12","slug":"histoire-et-decouverte","status":"publish","type":"page","link":"https:\/\/chalons.catholique.fr\/lepine\/histoire-et-decouverte\/","title":{"rendered":"Histoire et d\u00e9couverte"},"content":{"rendered":"<div class=\"fusion-fullwidth fullwidth-box fusion-builder-row-1 fusion-parallax-fixed nonhundred-percent-fullwidth non-hundred-percent-height-scrolling\" style=\"--awb-border-radius-top-left:0px;--awb-border-radius-top-right:0px;--awb-border-radius-bottom-right:0px;--awb-border-radius-bottom-left:0px;--awb-padding-top:500px;--awb-background-image:url(&quot;https:\/\/chalons.catholique.fr\/lepine\/wp-content\/uploads\/sites\/5\/2019\/07\/pe\u0301lerins1.jpg&quot;);--awb-background-size:cover;--awb-flex-wrap:wrap;background-attachment:fixed;\" ><div class=\"fusion-builder-row fusion-row\"><\/div><\/div><div class=\"fusion-fullwidth fullwidth-box fusion-builder-row-2 nonhundred-percent-fullwidth non-hundred-percent-height-scrolling\" style=\"--awb-border-radius-top-left:0px;--awb-border-radius-top-right:0px;--awb-border-radius-bottom-right:0px;--awb-border-radius-bottom-left:0px;--awb-padding-top:20px;--awb-flex-wrap:wrap;\" ><div class=\"fusion-builder-row fusion-row\"><div class=\"fusion-layout-column fusion_builder_column fusion-builder-column-0 fusion_builder_column_1_1 1_1 fusion-one-full fusion-column-first fusion-column-last\" style=\"--awb-bg-size:cover;--awb-margin-bottom:0px;\"><div class=\"fusion-column-wrapper fusion-flex-column-wrapper-legacy\"><div class=\"fusion-title title fusion-title-1 fusion-sep-none fusion-title-text fusion-title-size-three\"><h3 class=\"fusion-title-heading title-heading-left fusion-responsive-typography-calculated\" style=\"margin:0;--fontSize:18;--minFontSize:18;line-height:1.5;\">Un lieu \u00e0 d\u00e9couvrir<\/h3><\/div><div class=\"fusion-text fusion-text-1\"><p>Comme le nom l\u2019indique, <strong>un sanctuaire est un espace pour le beau, pour le silence, pour le sacr\u00e9<\/strong>. Pour bien des personnes, c\u2019est le lieu pour la rencontre de Dieu dans la pri\u00e8re. Le sanctuaire permet de rejoindre cet espace qui est au-dedans de nous-m\u00eames. <strong style=\"color: var(--body_typography-color); font-family: var(--body_typography-font-family); font-size: var(--body_typography-font-size); font-style: var(--body_typography-font-style,normal); letter-spacing: var(--body_typography-letter-spacing);\">La personne qui vient dans un sanctuaire peut vivre un temps d\u2019arr\u00eat, un temps de pause.<\/strong><span style=\"color: var(--body_typography-color); font-family: var(--body_typography-font-family); font-size: var(--body_typography-font-size); font-style: var(--body_typography-font-style,normal); font-weight: var(--body_typography-font-weight); letter-spacing: var(--body_typography-letter-spacing);\"> C\u2019est un espace pour reprendre pied dans la vie en red\u00e9couvrant l\u2019espace spirituel qui est \u00e0 l\u2019int\u00e9rieur de chacun. \u00c0 tous, le sanctuaire offre l\u2019espace de l\u2019audace. <\/span><span style=\"color: var(--body_typography-color); font-family: var(--body_typography-font-family); font-size: var(--body_typography-font-size); font-style: var(--body_typography-font-style,normal); font-weight: var(--body_typography-font-weight); letter-spacing: var(--body_typography-letter-spacing);\">Venir dans un sanctuaire c\u2019est prendre ce risque<\/span><strong style=\"color: var(--body_typography-color); font-family: var(--body_typography-font-family); font-size: var(--body_typography-font-size); font-style: var(--body_typography-font-style,normal); letter-spacing: var(--body_typography-letter-spacing);\"> de vivre une \u00e9tape pour sa vie<\/strong><span style=\"color: var(--body_typography-color); font-family: var(--body_typography-font-family); font-size: var(--body_typography-font-size); font-style: var(--body_typography-font-style,normal); font-weight: var(--body_typography-font-weight); letter-spacing: var(--body_typography-letter-spacing);\">. Un sanctuaire nous permet de nous inscrire dans l\u2019exp\u00e9rience de la rencontre du Christ ressuscit\u00e9 faite par tant d\u2019autres avant nous. <\/span><strong style=\"color: var(--body_typography-color); font-family: var(--body_typography-font-family); font-size: var(--body_typography-font-size); font-style: var(--body_typography-font-style,normal); letter-spacing: var(--body_typography-letter-spacing);\">C&rsquo;est un tremplin dans la vie, un tournant pour l\u2019itin\u00e9raire des qu\u00eateurs de sens et des chercheurs de Dieu.<\/strong><\/p>\n<p><span style=\"color: var(--body_typography-color); font-family: var(--body_typography-font-family); font-size: var(--body_typography-font-size); font-style: var(--body_typography-font-style,normal); letter-spacing: var(--body_typography-letter-spacing);\">Daniel-Rops, \u00e9crivain et historien fran\u00e7ais, disait de la basilique de L&rsquo;\u00c9pine qu&rsquo;elle est \u00ab\u00a0<\/span><i><span style=\"color: var(--body_typography-color); font-family: var(--body_typography-font-family); font-size: var(--body_typography-font-size); letter-spacing: var(--body_typography-letter-spacing);\">l<\/span><span style=\"color: var(--body_typography-color); font-family: var(--body_typography-font-family); font-size: var(--body_typography-font-size); font-weight: var(--body_typography-font-weight); letter-spacing: var(--body_typography-letter-spacing);\">e chef-d\u2019\u0153uvre du gothique flamboyant est sans doute cette exquise Notre-Dame de l&rsquo;\u00c9pine qui s&rsquo;\u00e9l\u00e8ve, si touchante et fragile parmi les solitudes de la Champagne, comme un chant d&rsquo;esp\u00e9rance<\/span><\/i><span style=\"color: var(--body_typography-color); font-family: var(--body_typography-font-family); font-size: var(--body_typography-font-size); font-style: var(--body_typography-font-style,normal); font-weight: var(--body_typography-font-weight); letter-spacing: var(--body_typography-letter-spacing);\">\u00ab\u00a0.<\/span><\/p>\n<\/div><div class=\"fusion-clearfix\"><\/div><\/div><\/div><\/div><\/div><div class=\"fusion-fullwidth fullwidth-box fusion-builder-row-3 nonhundred-percent-fullwidth non-hundred-percent-height-scrolling\" style=\"--awb-border-radius-top-left:0px;--awb-border-radius-top-right:0px;--awb-border-radius-bottom-right:0px;--awb-border-radius-bottom-left:0px;--awb-flex-wrap:wrap;\" ><div class=\"fusion-builder-row fusion-row\"><div class=\"fusion-layout-column fusion_builder_column fusion-builder-column-1 fusion_builder_column_1_4 1_4 fusion-one-fourth fusion-column-first\" style=\"--awb-padding-top:100px;--awb-bg-color:rgba(0,0,0,0);--awb-bg-color-hover:rgba(0,0,0,0);--awb-bg-size:cover;--awb-margin-bottom:0px;width:25%;width:calc(25% - ( ( 4% + 4% + 4% ) * 0.25 ) );margin-right: 4%;\"><div class=\"fusion-column-wrapper fusion-column-has-shadow fusion-flex-column-wrapper-legacy\"><div class=\"fusion-column-content-centered\"><div class=\"fusion-column-content\"><\/div><\/div><div class=\"fusion-clearfix\"><\/div><\/div><\/div><div class=\"fusion-layout-column fusion_builder_column fusion-builder-column-2 fusion_builder_column_1_4 1_4 fusion-one-fourth\" style=\"--awb-padding-top:100px;--awb-bg-color:rgba(0,0,0,0);--awb-bg-color-hover:rgba(0,0,0,0);--awb-bg-size:cover;--awb-margin-bottom:0px;width:25%;width:calc(25% - ( ( 4% + 4% + 4% ) * 0.25 ) );margin-right: 4%;\"><div class=\"fusion-column-wrapper fusion-column-has-shadow fusion-flex-column-wrapper-legacy\"><div class=\"fusion-column-content-centered\"><div class=\"fusion-column-content\"><div class=\"fusion-content-boxes content-boxes columns row fusion-columns-1 fusion-columns-total-1 fusion-content-boxes-1 content-boxes-timeline-horizontal content-left content-boxes-icon-on-top content-boxes-timeline-layout fusion-delayed-animation\" style=\"--awb-hover-accent-color:#1a80b6;--awb-circle-hover-accent-color:#1a80b6;--awb-item-margin-bottom:40px;\" data-animation-delay=\"350\" data-animationOffset=\"top-into-view\"><div style=\"--awb-backgroundcolor:transparent;\" class=\"fusion-column content-box-column content-box-column content-box-column-1 col-lg-12 col-md-12 col-sm-12 fusion-content-box-hover content-box-column-last content-box-column-last-in-row\"><div class=\"col content-box-wrapper content-wrapper link-area-link-icon link-type-text content-icon-wrapper-yes icon-wrapper-hover-animation-pulsate fusion-animated\" data-animationType=\"fadeIn\" data-animationDuration=\"0.25\" data-animationOffset=\"top-into-view\"><div class=\"heading heading-with-icon icon-left\"><a class=\"heading-link\" href=\"https:\/\/chalons.catholique.fr\/lepine\/un-lieu-a-decouvrir\/lhistoire-de-la-basilique\/\" target=\"_self\"><div class=\"icon\" style=\"-webkit-animation-duration: 350ms;animation-duration: 350ms;\"><span style=\"height:122px;width:122px;line-height:62px;border-color:rgba(255,255,255,0);border-width:1px;border-style:solid;background-color:rgba(255,255,255,0);box-sizing:content-box;border-radius:50%;\"><i style=\"border-color:rgba(255,255,255,0);border-width:1px;background-color:#0091e5;box-sizing:content-box;height:120px;width:120px;line-height:120px;border-radius:50%;position:relative;top:auto;left:auto;margin:0;border-radius:50%;font-size:60px;\" aria-hidden=\"true\" class=\"fontawesome-icon fa-pen-fancy fas circle-yes\"><\/i><\/span><\/div><h2 class=\"content-box-heading fusion-responsive-typography-calculated\" style=\"--h2_typography-font-size:25px;--fontSize:25;line-height:1.5;\">L'histoire<\/h2><\/a><\/div><\/div><\/div><div class=\"fusion-clearfix\"><\/div><\/div><\/div><\/div><div class=\"fusion-clearfix\"><\/div><\/div><\/div><div class=\"fusion-layout-column fusion_builder_column fusion-builder-column-3 fusion_builder_column_1_4 1_4 fusion-one-fourth\" style=\"--awb-padding-top:100px;--awb-bg-color:rgba(0,0,0,0);--awb-bg-color-hover:rgba(0,0,0,0);--awb-bg-size:cover;--awb-margin-bottom:0px;width:25%;width:calc(25% - ( ( 4% + 4% + 4% ) * 0.25 ) );margin-right: 4%;\"><div class=\"fusion-column-wrapper fusion-column-has-shadow fusion-flex-column-wrapper-legacy\"><div class=\"fusion-column-content-centered\"><div class=\"fusion-column-content\"><div class=\"fusion-content-boxes content-boxes columns row fusion-columns-1 fusion-columns-total-1 fusion-content-boxes-2 content-boxes-timeline-horizontal content-left content-boxes-icon-on-top content-boxes-timeline-layout fusion-delayed-animation\" style=\"--awb-hover-accent-color:#1a80b6;--awb-circle-hover-accent-color:#1a80b6;--awb-item-margin-bottom:40px;\" data-animation-delay=\"350\" data-animationOffset=\"top-into-view\"><div style=\"--awb-backgroundcolor:transparent;\" class=\"fusion-column content-box-column content-box-column content-box-column-1 col-lg-12 col-md-12 col-sm-12 fusion-content-box-hover content-box-column-last content-box-column-last-in-row\"><div class=\"col content-box-wrapper content-wrapper link-area-link-icon link-type-text content-icon-wrapper-yes icon-wrapper-hover-animation-pulsate fusion-animated\" data-animationType=\"fadeIn\" data-animationDuration=\"0.25\" data-animationOffset=\"top-into-view\"><div class=\"heading heading-with-icon icon-left\"><a class=\"heading-link\" href=\"https:\/\/chalons.catholique.fr\/lepine\/un-lieu-a-decouvrir\/visite-et-decouverte\/\" target=\"_self\"><div class=\"icon\" style=\"-webkit-animation-duration: 350ms;animation-duration: 350ms;\"><span style=\"height:122px;width:122px;line-height:62px;border-color:rgba(255,255,255,0);border-width:1px;border-style:solid;background-color:rgba(255,255,255,0);box-sizing:content-box;border-radius:50%;\"><i style=\"border-color:rgba(255,255,255,0);border-width:1px;background-color:#0091e5;box-sizing:content-box;height:120px;width:120px;line-height:120px;border-radius:50%;position:relative;top:auto;left:auto;margin:0;border-radius:50%;font-size:60px;\" aria-hidden=\"true\" class=\"fontawesome-icon fa-eye fas circle-yes\"><\/i><\/span><\/div><h2 class=\"content-box-heading fusion-responsive-typography-calculated\" style=\"--h2_typography-font-size:25px;--fontSize:25;line-height:1.5;\">Visite et d\u00e9couverte<\/h2><\/a><\/div><\/div><\/div><div class=\"fusion-clearfix\"><\/div><\/div><\/div><\/div><div class=\"fusion-clearfix\"><\/div><\/div><\/div><div class=\"fusion-layout-column fusion_builder_column fusion-builder-column-4 fusion_builder_column_1_4 1_4 fusion-one-fourth fusion-column-last\" style=\"--awb-padding-top:100px;--awb-bg-color:rgba(0,0,0,0);--awb-bg-color-hover:rgba(0,0,0,0);--awb-bg-size:cover;--awb-margin-bottom:0px;width:25%;width:calc(25% - ( ( 4% + 4% + 4% ) * 0.25 ) );\"><div class=\"fusion-column-wrapper fusion-column-has-shadow fusion-flex-column-wrapper-legacy\"><div class=\"fusion-column-content-centered\"><div class=\"fusion-column-content\"><\/div><\/div><div class=\"fusion-clearfix\"><\/div><\/div><\/div><\/div><\/div>\n","protected":false},"excerpt":{"rendered":"","protected":false},"author":158,"featured_media":0,"parent":0,"menu_order":0,"comment_status":"closed","ping_status":"closed","template":"","meta":{"xn-wppe-expiration":[],"xn-wppe-expiration-action":[],"xn-wppe-expiration-prefix":[],"footnotes":""},"_links":{"self":[{"href":"https:\/\/chalons.catholique.fr\/lepine\/wp-json\/wp\/v2\/pages\/1568"}],"collection":[{"href":"https:\/\/chalons.catholique.fr\/lepine\/wp-json\/wp\/v2\/pages"}],"about":[{"href":"https:\/\/chalons.catholique.fr\/lepine\/wp-json\/wp\/v2\/types\/page"}],"author":[{"embeddable":true,"href":"https:\/\/chalons.catholique.fr\/lepine\/wp-json\/wp\/v2\/users\/158"}],"replies":[{"embeddable":true,"href":"https:\/\/chalons.catholique.fr\/lepine\/wp-json\/wp\/v2\/comments?post=1568"}],"version-history":[{"count":0,"href":"https:\/\/chalons.catholique.fr\/lepine\/wp-json\/wp\/v2\/pages\/1568\/revisions"}],"wp:attachment":[{"href":"https:\/\/chalons.catholique.fr\/lepine\/wp-json\/wp\/v2\/media?parent=1568"}],"curies":[{"name":"wp","href":"https:\/\/api.w.org\/{rel}","templated":true}]}}