{"id":1374,"date":"2019-07-09T09:17:32","date_gmt":"2019-07-09T08:17:32","guid":{"rendered":"http:\/\/chalons.catholique.fr\/lepine\/?page_id=1374"},"modified":"2025-12-10T15:52:09","modified_gmt":"2025-12-10T14:52:09","slug":"lequipe-du-sanctuaire","status":"publish","type":"page","link":"https:\/\/chalons.catholique.fr\/lepine\/infos-pratiques\/lequipe-du-sanctuaire\/","title":{"rendered":"L&rsquo;\u00e9quipe du sanctuaire"},"content":{"rendered":"<div class=\"fusion-fullwidth fullwidth-box fusion-builder-row-1 nonhundred-percent-fullwidth non-hundred-percent-height-scrolling fusion-equal-height-columns\" style=\"--awb-border-radius-top-left:0px;--awb-border-radius-top-right:0px;--awb-border-radius-bottom-right:0px;--awb-border-radius-bottom-left:0px;--awb-padding-top:30px;--awb-padding-right:0px;--awb-padding-left:30px;--awb-margin-top:15px;--awb-flex-wrap:wrap;\" ><div class=\"fusion-builder-row fusion-row\"><div class=\"fusion-layout-column fusion_builder_column fusion-builder-column-0 fusion_builder_column_1_3 1_3 fusion-one-third fusion-column-first\" style=\"--awb-padding-top:40px;--awb-padding-right:40px;--awb-padding-bottom:10px;--awb-padding-left:40px;--awb-overflow:hidden;--awb-bg-color:#eeeeee;--awb-bg-color-hover:#eeeeee;--awb-bg-size:cover;--awb-border-color:#f9b233;--awb-border-top:6px;--awb-border-style:solid;--awb-border-radius:10px 10px 10px 10px;--awb-margin-bottom:40px;width:33.333333333333%;width:calc(33.333333333333% - ( ( 4% + 4% ) * 0.33333333333333 ) );margin-right: 4%;\"><div class=\"fusion-column-wrapper fusion-column-has-shadow fusion-flex-column-wrapper-legacy\"><div class=\"fusion-image-element in-legacy-container\" style=\"--awb-caption-title-font-family:var(--h2_typography-font-family);--awb-caption-title-font-weight:var(--h2_typography-font-weight);--awb-caption-title-font-style:var(--h2_typography-font-style);--awb-caption-title-size:var(--h2_typography-font-size);--awb-caption-title-transform:var(--h2_typography-text-transform);--awb-caption-title-line-height:var(--h2_typography-line-height);--awb-caption-title-letter-spacing:var(--h2_typography-letter-spacing);\"><span class=\" fusion-imageframe imageframe-none imageframe-1 hover-type-none\"><img decoding=\"async\" width=\"768\" height=\"1024\" title=\"Don Geoffroy BOHINEUST\" src=\"https:\/\/chalons.catholique.fr\/lepine\/wp-content\/uploads\/sites\/5\/2025\/06\/Don-Geoffroy-BOHINEUST-768x1024.jpeg\" alt class=\"img-responsive wp-image-4008\" srcset=\"https:\/\/chalons.catholique.fr\/lepine\/wp-content\/uploads\/sites\/5\/2025\/06\/Don-Geoffroy-BOHINEUST-200x267.jpeg 200w, https:\/\/chalons.catholique.fr\/lepine\/wp-content\/uploads\/sites\/5\/2025\/06\/Don-Geoffroy-BOHINEUST-400x533.jpeg 400w, https:\/\/chalons.catholique.fr\/lepine\/wp-content\/uploads\/sites\/5\/2025\/06\/Don-Geoffroy-BOHINEUST-600x800.jpeg 600w, https:\/\/chalons.catholique.fr\/lepine\/wp-content\/uploads\/sites\/5\/2025\/06\/Don-Geoffroy-BOHINEUST-800x1067.jpeg 800w, https:\/\/chalons.catholique.fr\/lepine\/wp-content\/uploads\/sites\/5\/2025\/06\/Don-Geoffroy-BOHINEUST-1200x1600.jpeg 1200w, https:\/\/chalons.catholique.fr\/lepine\/wp-content\/uploads\/sites\/5\/2025\/06\/Don-Geoffroy-BOHINEUST-scaled.jpeg 1920w\" sizes=\"(max-width: 1051px) 100vw, 400px\" \/><\/span><\/div><div class=\"fusion-title title fusion-title-1 fusion-title-center fusion-title-text fusion-title-size-four\" style=\"--awb-margin-top:10px;--awb-margin-bottom:0px;\"><div class=\"title-sep-container title-sep-container-left\"><div class=\"title-sep sep-double sep-solid\" style=\"border-color:#e0dede;\"><\/div><\/div><span class=\"awb-title-spacer\"><\/span><h4 class=\"fusion-title-heading title-heading-center fusion-responsive-typography-calculated\" style=\"margin:0;--fontSize:15;--minFontSize:15;line-height:1.5;\">Don Geoffroy BOHINEUST<\/h4><span class=\"awb-title-spacer\"><\/span><div class=\"title-sep-container title-sep-container-right\"><div class=\"title-sep sep-double sep-solid\" style=\"border-color:#e0dede;\"><\/div><\/div><\/div><div class=\"fusion-text fusion-text-1\"><p style=\"text-align: center; color: #898989;\"><b>Recteur<br \/>\ndu sanctuaire<\/b><\/p>\n<\/div><div class=\"fusion-clearfix\"><\/div><\/div><\/div><div class=\"fusion-layout-column fusion_builder_column fusion-builder-column-1 fusion_builder_column_1_3 1_3 fusion-one-third\" style=\"--awb-padding-top:40px;--awb-padding-right:40px;--awb-padding-bottom:39px;--awb-padding-left:40px;--awb-overflow:hidden;--awb-bg-color:#eeeeee;--awb-bg-color-hover:#eeeeee;--awb-bg-size:cover;--awb-border-color:#f9b233;--awb-border-top:6px;--awb-border-style:solid;--awb-border-radius:10px 10px 10px 10px;--awb-margin-bottom:0px;width:33.333333333333%;width:calc(33.333333333333% - ( ( 4% + 4% ) * 0.33333333333333 ) );margin-right: 4%;\"><div class=\"fusion-column-wrapper fusion-column-has-shadow fusion-flex-column-wrapper-legacy\"><div class=\"fusion-image-element in-legacy-container\" style=\"--awb-caption-title-font-family:var(--h2_typography-font-family);--awb-caption-title-font-weight:var(--h2_typography-font-weight);--awb-caption-title-font-style:var(--h2_typography-font-style);--awb-caption-title-size:var(--h2_typography-font-size);--awb-caption-title-transform:var(--h2_typography-text-transform);--awb-caption-title-line-height:var(--h2_typography-line-height);--awb-caption-title-letter-spacing:var(--h2_typography-letter-spacing);\"><span class=\" fusion-imageframe imageframe-none imageframe-2 hover-type-none\"><img decoding=\"async\" width=\"2560\" height=\"1920\" title=\"20230814_170612\" src=\"https:\/\/chalons.catholique.fr\/lepine\/wp-content\/uploads\/sites\/5\/2024\/07\/20230814_170612-scaled.jpg\" alt class=\"img-responsive wp-image-3966\" srcset=\"https:\/\/chalons.catholique.fr\/lepine\/wp-content\/uploads\/sites\/5\/2024\/07\/20230814_170612-200x150.jpg 200w, https:\/\/chalons.catholique.fr\/lepine\/wp-content\/uploads\/sites\/5\/2024\/07\/20230814_170612-400x300.jpg 400w, https:\/\/chalons.catholique.fr\/lepine\/wp-content\/uploads\/sites\/5\/2024\/07\/20230814_170612-600x450.jpg 600w, https:\/\/chalons.catholique.fr\/lepine\/wp-content\/uploads\/sites\/5\/2024\/07\/20230814_170612-800x600.jpg 800w, https:\/\/chalons.catholique.fr\/lepine\/wp-content\/uploads\/sites\/5\/2024\/07\/20230814_170612-1200x900.jpg 1200w, https:\/\/chalons.catholique.fr\/lepine\/wp-content\/uploads\/sites\/5\/2024\/07\/20230814_170612-scaled.jpg 2560w\" sizes=\"(max-width: 1051px) 100vw, 400px\" \/><\/span><\/div><div class=\"fusion-title title fusion-title-2 fusion-title-center fusion-title-text fusion-title-size-four\" style=\"--awb-margin-top:10px;--awb-margin-bottom:0px;\"><div class=\"title-sep-container title-sep-container-left\"><div class=\"title-sep sep-double sep-solid\" style=\"border-color:#e0dede;\"><\/div><\/div><span class=\"awb-title-spacer\"><\/span><h4 class=\"fusion-title-heading title-heading-center fusion-responsive-typography-calculated\" style=\"margin:0;--fontSize:15;--minFontSize:15;line-height:1.5;\"><p>Les s\u0153urs b\u00e9n\u00e9dictines du Sacr\u00e9-C\u0153ur de Montmartre<\/p>\n<p>&nbsp;<\/p><\/h4><span class=\"awb-title-spacer\"><\/span><div class=\"title-sep-container title-sep-container-right\"><div class=\"title-sep sep-double sep-solid\" style=\"border-color:#e0dede;\"><\/div><\/div><\/div><div class=\"fusion-text fusion-text-2\"><p style=\"text-align: center; color: #898989;\"><b>S\u0153ur Marie Matthieu, S\u0153ur Dominique Marie, S\u0153ur Marie-Anne , Soeur Anne-Th\u00e9r\u00e8se,\u00a0<\/b><\/p>\n<\/div><div class=\"fusion-clearfix\"><\/div><\/div><\/div><div class=\"fusion-layout-column fusion_builder_column fusion-builder-column-2 fusion_builder_column_1_3 1_3 fusion-one-third fusion-column-last\" style=\"--awb-padding-top:40px;--awb-padding-right:40px;--awb-padding-bottom:39px;--awb-padding-left:40px;--awb-overflow:hidden;--awb-bg-color:#eeeeee;--awb-bg-color-hover:#eeeeee;--awb-bg-size:cover;--awb-border-color:#f9b233;--awb-border-top:6px;--awb-border-style:solid;--awb-border-radius:10px 10px 10px 10px;--awb-margin-bottom:0px;width:33.333333333333%;width:calc(33.333333333333% - ( ( 4% + 4% ) * 0.33333333333333 ) );\"><div class=\"fusion-column-wrapper fusion-column-has-shadow fusion-flex-column-wrapper-legacy\"><div class=\"fusion-image-element in-legacy-container\" style=\"--awb-caption-title-font-family:var(--h2_typography-font-family);--awb-caption-title-font-weight:var(--h2_typography-font-weight);--awb-caption-title-font-style:var(--h2_typography-font-style);--awb-caption-title-size:var(--h2_typography-font-size);--awb-caption-title-transform:var(--h2_typography-text-transform);--awb-caption-title-line-height:var(--h2_typography-line-height);--awb-caption-title-letter-spacing:var(--h2_typography-letter-spacing);\"><span class=\" fusion-imageframe imageframe-none imageframe-3 hover-type-none\"><img decoding=\"async\" width=\"267\" height=\"268\" title=\"Favicon 64&#215;64 px JPG 300dpi\" src=\"https:\/\/chalons.catholique.fr\/lepine\/wp-content\/uploads\/sites\/5\/2022\/07\/Favicon-64x64-px-JPG-300dpi.jpg\" alt class=\"img-responsive wp-image-3075\" srcset=\"https:\/\/chalons.catholique.fr\/lepine\/wp-content\/uploads\/sites\/5\/2022\/07\/Favicon-64x64-px-JPG-300dpi-200x201.jpg 200w, https:\/\/chalons.catholique.fr\/lepine\/wp-content\/uploads\/sites\/5\/2022\/07\/Favicon-64x64-px-JPG-300dpi.jpg 267w\" sizes=\"(max-width: 1051px) 100vw, 267px\" \/><\/span><\/div><div class=\"fusion-title title fusion-title-3 fusion-title-center fusion-title-text fusion-title-size-four\" style=\"--awb-margin-top:10px;--awb-margin-bottom:0px;\"><div class=\"title-sep-container title-sep-container-left\"><div class=\"title-sep sep-double sep-solid\" style=\"border-color:#e0dede;\"><\/div><\/div><span class=\"awb-title-spacer\"><\/span><h4 class=\"fusion-title-heading title-heading-center fusion-responsive-typography-calculated\" style=\"margin:0;--fontSize:15;--minFontSize:15;line-height:1.5;\">Suzanne CONREAUX<\/h4><span class=\"awb-title-spacer\"><\/span><div class=\"title-sep-container title-sep-container-right\"><div class=\"title-sep sep-double sep-solid\" style=\"border-color:#e0dede;\"><\/div><\/div><\/div><div class=\"fusion-text fusion-text-3\"><p style=\"text-align: center; color: #898989;\"><b>Gouvernante &#8211; Location des salles <\/b><\/p>\n<p style=\"text-align: center; color: #898989;\"><b><i>(Uniquement le lundi matin, jeudi et vendredi matin)<\/i><\/b><\/p>\n<\/div><div class=\"fusion-text fusion-text-4\"><p style=\"text-align: center; color: #898989;\">Pour toutes demandes de r\u00e9servation :<br \/>\n07.57.54.93.73<\/p>\n<\/div><div class=\"fusion-clearfix\"><\/div><\/div><\/div><div class=\"fusion-layout-column fusion_builder_column fusion-builder-column-3 fusion_builder_column_1_3 1_3 fusion-one-third fusion-column-first\" style=\"--awb-padding-top:40px;--awb-padding-right:40px;--awb-padding-bottom:39px;--awb-padding-left:40px;--awb-overflow:hidden;--awb-bg-color:#eeeeee;--awb-bg-color-hover:#eeeeee;--awb-bg-size:cover;--awb-border-color:#f9b233;--awb-border-top:6px;--awb-border-style:solid;--awb-border-radius:10px 10px 10px 10px;--awb-margin-bottom:0px;width:33.333333333333%;width:calc(33.333333333333% - ( ( 4% ) * 0.33333333333333 ) );margin-right: 4%;\"><div class=\"fusion-column-wrapper fusion-column-has-shadow fusion-flex-column-wrapper-legacy\"><div class=\"fusion-image-element in-legacy-container\" style=\"--awb-caption-title-font-family:var(--h2_typography-font-family);--awb-caption-title-font-weight:var(--h2_typography-font-weight);--awb-caption-title-font-style:var(--h2_typography-font-style);--awb-caption-title-size:var(--h2_typography-font-size);--awb-caption-title-transform:var(--h2_typography-text-transform);--awb-caption-title-line-height:var(--h2_typography-line-height);--awb-caption-title-letter-spacing:var(--h2_typography-letter-spacing);\"><span class=\" fusion-imageframe imageframe-none imageframe-4 hover-type-none\"><img decoding=\"async\" width=\"768\" height=\"1024\" title=\"20191108_143142-scaled\" src=\"https:\/\/chalons.catholique.fr\/lepine\/wp-content\/uploads\/sites\/5\/2025\/06\/20191108_143142-scaled-2-768x1024.jpg\" alt class=\"img-responsive wp-image-4024\" srcset=\"https:\/\/chalons.catholique.fr\/lepine\/wp-content\/uploads\/sites\/5\/2025\/06\/20191108_143142-scaled-2-200x267.jpg 200w, https:\/\/chalons.catholique.fr\/lepine\/wp-content\/uploads\/sites\/5\/2025\/06\/20191108_143142-scaled-2-400x533.jpg 400w, https:\/\/chalons.catholique.fr\/lepine\/wp-content\/uploads\/sites\/5\/2025\/06\/20191108_143142-scaled-2-600x800.jpg 600w, https:\/\/chalons.catholique.fr\/lepine\/wp-content\/uploads\/sites\/5\/2025\/06\/20191108_143142-scaled-2-800x1067.jpg 800w, https:\/\/chalons.catholique.fr\/lepine\/wp-content\/uploads\/sites\/5\/2025\/06\/20191108_143142-scaled-2-1200x1600.jpg 1200w, https:\/\/chalons.catholique.fr\/lepine\/wp-content\/uploads\/sites\/5\/2025\/06\/20191108_143142-scaled-2.jpg 1920w\" sizes=\"(max-width: 1051px) 100vw, 400px\" \/><\/span><\/div><div class=\"fusion-title title fusion-title-4 fusion-title-center fusion-title-text fusion-title-size-four\" style=\"--awb-margin-top:10px;--awb-margin-bottom:0px;\"><div class=\"title-sep-container title-sep-container-left\"><div class=\"title-sep sep-double sep-solid\" style=\"border-color:#e0dede;\"><\/div><\/div><span class=\"awb-title-spacer\"><\/span><h4 class=\"fusion-title-heading title-heading-center fusion-responsive-typography-calculated\" style=\"margin:0;--fontSize:15;--minFontSize:15;line-height:1.5;\">Caroline B\u00fcck<\/h4><span class=\"awb-title-spacer\"><\/span><div class=\"title-sep-container title-sep-container-right\"><div class=\"title-sep sep-double sep-solid\" style=\"border-color:#e0dede;\"><\/div><\/div><\/div><div class=\"fusion-text fusion-text-5\"><p style=\"text-align: center; color: #898989;\"><b>Responsable Administrative<\/b><\/p>\n<p style=\"text-align: center; color: #898989;\"><b><i>(Mardi, mercredi, et jeudi en semaine paire)<\/i><\/b><\/p>\n<\/div><div class=\"fusion-clearfix\"><\/div><\/div><\/div><\/div><\/div><div class=\"fusion-fullwidth fullwidth-box fusion-builder-row-2 fusion-flex-container nonhundred-percent-fullwidth non-hundred-percent-height-scrolling\" style=\"--awb-border-radius-top-left:0px;--awb-border-radius-top-right:0px;--awb-border-radius-bottom-right:0px;--awb-border-radius-bottom-left:0px;--awb-flex-wrap:wrap;\" ><div class=\"fusion-builder-row fusion-row fusion-flex-align-items-flex-start fusion-flex-content-wrap\" style=\"max-width:1185.6px;margin-left: calc(-4% \/ 2 );margin-right: calc(-4% \/ 2 );\"><div class=\"fusion-layout-column fusion_builder_column fusion-builder-column-4 fusion_builder_column_1_1 1_1 fusion-flex-column\" style=\"--awb-bg-size:cover;--awb-width-large:100%;--awb-margin-top-large:0px;--awb-spacing-right-large:1.92%;--awb-margin-bottom-large:20px;--awb-spacing-left-large:1.92%;--awb-width-medium:100%;--awb-order-medium:0;--awb-spacing-right-medium:1.92%;--awb-spacing-left-medium:1.92%;--awb-width-small:100%;--awb-order-small:0;--awb-spacing-right-small:1.92%;--awb-spacing-left-small:1.92%;\"><div class=\"fusion-column-wrapper fusion-column-has-shadow fusion-flex-justify-content-flex-start fusion-content-layout-column\"><\/div><\/div><\/div><\/div><div class=\"fusion-fullwidth fullwidth-box fusion-builder-row-3 nonhundred-percent-fullwidth non-hundred-percent-height-scrolling fusion-equal-height-columns\" style=\"--awb-border-radius-top-left:0px;--awb-border-radius-top-right:0px;--awb-border-radius-bottom-right:0px;--awb-border-radius-bottom-left:0px;--awb-padding-top:30px;--awb-padding-right:0px;--awb-padding-left:30px;--awb-margin-top:15px;--awb-flex-wrap:wrap;\" ><div class=\"fusion-builder-row fusion-row\"><\/div><\/div>\n","protected":false},"excerpt":{"rendered":"","protected":false},"author":158,"featured_media":0,"parent":1208,"menu_order":0,"comment_status":"closed","ping_status":"closed","template":"","meta":{"xn-wppe-expiration":[],"xn-wppe-expiration-action":[],"xn-wppe-expiration-prefix":[],"footnotes":""},"_links":{"self":[{"href":"https:\/\/chalons.catholique.fr\/lepine\/wp-json\/wp\/v2\/pages\/1374"}],"collection":[{"href":"https:\/\/chalons.catholique.fr\/lepine\/wp-json\/wp\/v2\/pages"}],"about":[{"href":"https:\/\/chalons.catholique.fr\/lepine\/wp-json\/wp\/v2\/types\/page"}],"author":[{"embeddable":true,"href":"https:\/\/chalons.catholique.fr\/lepine\/wp-json\/wp\/v2\/users\/158"}],"replies":[{"embeddable":true,"href":"https:\/\/chalons.catholique.fr\/lepine\/wp-json\/wp\/v2\/comments?post=1374"}],"version-history":[{"count":10,"href":"https:\/\/chalons.catholique.fr\/lepine\/wp-json\/wp\/v2\/pages\/1374\/revisions"}],"predecessor-version":[{"id":4052,"href":"https:\/\/chalons.catholique.fr\/lepine\/wp-json\/wp\/v2\/pages\/1374\/revisions\/4052"}],"up":[{"embeddable":true,"href":"https:\/\/chalons.catholique.fr\/lepine\/wp-json\/wp\/v2\/pages\/1208"}],"wp:attachment":[{"href":"https:\/\/chalons.catholique.fr\/lepine\/wp-json\/wp\/v2\/media?parent=1374"}],"curies":[{"name":"wp","href":"https:\/\/api.w.org\/{rel}","templated":true}]}}