{"id":1365,"date":"2019-07-09T09:14:11","date_gmt":"2019-07-09T08:14:11","guid":{"rendered":"http:\/\/chalons.catholique.fr\/lepine\/?page_id=1365"},"modified":"2022-07-19T13:23:24","modified_gmt":"2022-07-19T12:23:24","slug":"deposer-une-intention-de-priere","status":"publish","type":"page","link":"https:\/\/chalons.catholique.fr\/lepine\/deposer-une-intention-de-priere\/","title":{"rendered":"D\u00e9poser une intention de pri\u00e8re"},"content":{"rendered":"<div class=\"fusion-fullwidth fullwidth-box fusion-builder-row-1 fusion-parallax-none nonhundred-percent-fullwidth non-hundred-percent-height-scrolling\" style=\"--awb-border-radius-top-left:0px;--awb-border-radius-top-right:0px;--awb-border-radius-bottom-right:0px;--awb-border-radius-bottom-left:0px;--awb-padding-top:500px;--awb-background-image:url(&quot;https:\/\/chalons.catholique.fr\/lepine\/wp-content\/uploads\/sites\/5\/2019\/12\/17596-scaled.jpg&quot;);--awb-background-size:cover;--awb-flex-wrap:wrap;\" ><div class=\"fusion-builder-row fusion-row\"><\/div><\/div><div class=\"fusion-fullwidth fullwidth-box fusion-builder-row-2 nonhundred-percent-fullwidth non-hundred-percent-height-scrolling\" style=\"--awb-border-radius-top-left:0px;--awb-border-radius-top-right:0px;--awb-border-radius-bottom-right:0px;--awb-border-radius-bottom-left:0px;--awb-padding-top:20px;--awb-flex-wrap:wrap;\" ><div class=\"fusion-builder-row fusion-row\"><div class=\"fusion-layout-column fusion_builder_column fusion-builder-column-0 fusion_builder_column_1_2 1_2 fusion-one-half fusion-column-first\" style=\"--awb-bg-size:cover;--awb-margin-bottom:0px;width:50%;width:calc(50% - ( ( 4% ) * 0.5 ) );margin-right: 4%;\"><div class=\"fusion-column-wrapper fusion-column-has-shadow fusion-flex-column-wrapper-legacy\"><div class=\"fusion-title title fusion-title-1 fusion-sep-none fusion-title-text fusion-title-size-three\"><h3 class=\"fusion-title-heading title-heading-left fusion-responsive-typography-calculated\" style=\"margin:0;--fontSize:18;--minFontSize:18;line-height:1.5;\"><p style=\"text-align: center;\">D\u00e9poser une intention de pri\u00e8re<\/p><\/h3><\/div><div class=\"fusion-text fusion-text-1\"><p>Le myst\u00e8re de la communion des saints qui est ce lien mystique et spirituel unissant dans le Christ et par l&rsquo;\u00c9glise tous les chr\u00e9tiens du ciel et de la terre en un seul peuple et un seul corps permet \u00e0 nos pri\u00e8res de ne pas \u00eatre limit\u00e9es par le temps et l&rsquo;espace.<\/p>\n<p>Si vous le d\u00e9sirez vous pouvez confier ici votre intention de pri\u00e8re. Celle-ci sera port\u00e9e par les communaut\u00e9s religieuses et les fid\u00e8les qui viennent prier au sanctuaire devant la Vierge Marie pour vous et en votre nom chaque dimanche et premier vendredi du mois.<\/p>\n<p>Envoyez-nous vos intentions de pri\u00e8re. Elles sont confidentielles et seront confi\u00e9es \u00e0 la pri\u00e8re des Sanctuaires.<\/p>\n<p>Pour cela, vous pouvez :<\/p>\n<ul>\n<li>Nous \u00e9crire sur papier libre \u00e0 l&rsquo;adresse du sanctuaire :\n<div style=\"text-align: center;\"><span style=\"color: var(--body_typography-color); font-family: var(--body_typography-font-family); font-size: var(--body_typography-font-size); font-style: var(--body_typography-font-style,normal); letter-spacing: var(--body_typography-letter-spacing);\"><b>Sanctuaire Notre Dame de L&rsquo;\u00c9pine<\/b><\/span><\/div>\n<div style=\"text-align: center;\"><b>1 rue \u00c9mile Barbier<br \/>51460 L&rsquo;\u00c9PINE<\/b><\/div>\n<\/li>\n<li>Remplir le formulaire ci-contre<\/li>\n<\/ul>\n<\/div><div class=\"fusion-clearfix\"><\/div><\/div><\/div><div class=\"fusion-layout-column fusion_builder_column fusion-builder-column-1 fusion_builder_column_1_2 1_2 fusion-one-half fusion-column-last\" style=\"--awb-bg-size:cover;width:50%;width:calc(50% - ( ( 4% ) * 0.5 ) );\"><div class=\"fusion-column-wrapper fusion-column-has-shadow fusion-flex-column-wrapper-legacy\"><div class=\"frm_forms  with_frm_style frm_style_style-formidable\" id=\"frm_form_6_container\" >\n<form enctype=\"multipart\/form-data\" method=\"post\" class=\"frm-show-form  frm_pro_form \" id=\"form_dposeruneintentiondeprire\"  >\n<div class=\"frm_form_fields \">\n<fieldset>\n<legend class=\"frm_screen_reader\">D\u00e9poser une intention de pri\u00e8re<\/legend>\r\n\r\n<div class=\"frm_fields_container\">\n<input type=\"hidden\" name=\"frm_action\" value=\"create\" \/>\n<input type=\"hidden\" name=\"form_id\" value=\"6\" \/>\n<input type=\"hidden\" name=\"frm_hide_fields_6\" id=\"frm_hide_fields_6\" value=\"\" \/>\n<input type=\"hidden\" name=\"form_key\" value=\"dposeruneintentiondeprire\" \/>\n<input type=\"hidden\" name=\"item_meta[0]\" value=\"\" \/>\n<input type=\"hidden\" id=\"frm_submit_entry_6\" name=\"frm_submit_entry_6\" value=\"efbefdd9aa\" \/><input type=\"hidden\" name=\"_wp_http_referer\" value=\"\/lepine\/wp-json\/wp\/v2\/pages\/1365\" \/><div id=\"frm_field_61_container\" class=\"frm_form_field  frm_html_container form-field\">\n<p>Vos coordonn\u00e9es nous sont indispensables pour traiter votre demande.<br \/>Conform\u00e9ment \u00e0 la loi informatique et libert\u00e9s du 6 janvier 1978, vous disposez d'un droit d'acc\u00e8s, de modification, de rectification et de suppression des donn\u00e9es vous concernant.<br \/>Pour exercer ce droit, vous pouvez vous adresser \u00e0\u00a0<a href=\"vosdroits@chalons.catholique.fr\">vosdroits@chalons.catholique.fr<\/a><\/p>\n<\/div>\n<div id=\"frm_field_33_container\" class=\"frm_form_field form-field  frm_required_field frm_top_container\">\r\n    <label for=\"field_yh3ii\" id=\"field_yh3ii_label\" class=\"frm_primary_label\">Nom\r\n        <span class=\"frm_required\">*<\/span>\r\n    <\/label>\r\n    <input type=\"text\" id=\"field_yh3ii\" name=\"item_meta[33]\" value=\"\"  data-reqmsg=\"Ce champ ne peut pas \u00eatre vide\" aria-required=\"true\" data-invmsg=\"texte est non valide\" aria-invalid=\"false\"  \/>\r\n    \r\n    \r\n<\/div>\n<div id=\"frm_field_34_container\" class=\"frm_form_field form-field  frm_top_container\">\r\n    <label for=\"field_jwz0f\" id=\"field_jwz0f_label\" class=\"frm_primary_label\">Pr\u00e9nom\r\n        <span class=\"frm_required\"><\/span>\r\n    <\/label>\r\n    <input type=\"text\" id=\"field_jwz0f\" name=\"item_meta[34]\" value=\"\"  data-invmsg=\"texte est non valide\" aria-invalid=\"false\"  \/>\r\n    \r\n    \r\n<\/div>\n<div id=\"frm_field_62_container\" class=\"frm_form_field form-field  frm_top_container vertical_radio\">\n    <div  id=\"field_7ipre_label\" class=\"frm_primary_label\">\n        <span class=\"frm_required\" aria-hidden=\"true\"><\/span>\n    <\/div>\n    <div class=\"frm_opt_container\" aria-labelledby=\"field_7ipre_label\" role=\"group\">\t\t<div class=\"frm_checkbox\" id=\"frm_checkbox_62-0\"><label for=\"field_7ipre-0\"><input type=\"checkbox\" name=\"item_meta[62][]\" id=\"field_7ipre-0\" value=\"En soumettant ce formulaire, j&#039;accepte que ces donn\u00e9es soient utilis\u00e9es dans le cadre des activit\u00e9s du sanctuaires.\"  data-invmsg=\" est non valide\" aria-invalid=\"false\"   \/> En soumettant ce formulaire, j'accepte que ces donn\u00e9es soient utilis\u00e9es dans le cadre des activit\u00e9s du sanctuaires.<\/label><\/div>\n<\/div>\n    \n    \n<\/div>\n<div id=\"frm_field_35_container\" class=\"frm_form_field form-field  frm_required_field frm_top_container\">\r\n    <label for=\"field_g3z0\" id=\"field_g3z0_label\" class=\"frm_primary_label\">Email\r\n        <span class=\"frm_required\">*<\/span>\r\n    <\/label>\r\n    <input type=\"text\" id=\"field_g3z0\" name=\"item_meta[35]\" value=\"\"  data-reqmsg=\"Ce champ ne peut pas \u00eatre vide\" aria-required=\"true\" data-invmsg=\"texte est non valide\" aria-invalid=\"false\"  \/>\r\n    \r\n    \r\n<\/div>\n<div id=\"frm_field_37_container\" class=\"frm_form_field form-field  frm_required_field frm_top_container\">\r\n    <label for=\"field_lks0y\" id=\"field_lks0y_label\" class=\"frm_primary_label\">Mon intention de pri\u00e8re\r\n        <span class=\"frm_required\">*<\/span>\r\n    <\/label>\r\n    <textarea name=\"item_meta[37]\" id=\"field_lks0y\" rows=\"5\"  data-reqmsg=\"Ce champ ne peut pas \u00eatre vide\" aria-required=\"true\" data-invmsg=\"Mon intention de pri\u00e8re est non valide\" aria-invalid=\"false\"  ><\/textarea>\r\n    \r\n    \r\n<\/div>\n\t<input type=\"hidden\" name=\"item_key\" value=\"\" \/>\n\t\t\t\t<div class=\"frm_verify\" aria-hidden=\"true\">\n\t\t\t\t<label for=\"frm_email_6\">\n\t\t\t\t\tSi vous \u00eates un humain, ne remplissez pas ce champ.\t\t\t\t<\/label>\n\t\t\t\t<input type=\"text\" class=\"frm_verify\" id=\"frm_email_6\" name=\"frm_verify\" value=\"\"  \/>\n\t\t\t<\/div>\n\t\t<input name=\"frm_state\" type=\"hidden\" value=\"s+OmSgvR6I++VhmQWJNsmbzGAgzkUh5sGrktddRCDGk=\" \/><div class=\"frm_submit\">\r\n\r\n<button class=\"frm_button_submit frm_final_submit\" type=\"submit\"  >Envoyer<\/button>\r\n\r\n<\/div><\/div>\n<\/fieldset>\n<\/div>\n<\/form>\n<\/div>\n<div class=\"fusion-clearfix\"><\/div><\/div><\/div><\/div><\/div>\n","protected":false},"excerpt":{"rendered":"","protected":false},"author":158,"featured_media":0,"parent":0,"menu_order":0,"comment_status":"closed","ping_status":"closed","template":"100-width.php","meta":{"xn-wppe-expiration":[],"xn-wppe-expiration-action":[],"xn-wppe-expiration-prefix":[],"footnotes":""},"_links":{"self":[{"href":"https:\/\/chalons.catholique.fr\/lepine\/wp-json\/wp\/v2\/pages\/1365"}],"collection":[{"href":"https:\/\/chalons.catholique.fr\/lepine\/wp-json\/wp\/v2\/pages"}],"about":[{"href":"https:\/\/chalons.catholique.fr\/lepine\/wp-json\/wp\/v2\/types\/page"}],"author":[{"embeddable":true,"href":"https:\/\/chalons.catholique.fr\/lepine\/wp-json\/wp\/v2\/users\/158"}],"replies":[{"embeddable":true,"href":"https:\/\/chalons.catholique.fr\/lepine\/wp-json\/wp\/v2\/comments?post=1365"}],"version-history":[{"count":0,"href":"https:\/\/chalons.catholique.fr\/lepine\/wp-json\/wp\/v2\/pages\/1365\/revisions"}],"wp:attachment":[{"href":"https:\/\/chalons.catholique.fr\/lepine\/wp-json\/wp\/v2\/media?parent=1365"}],"curies":[{"name":"wp","href":"https:\/\/api.w.org\/{rel}","templated":true}]}}