{"id":1212,"date":"2019-06-14T09:56:42","date_gmt":"2019-06-14T08:56:42","guid":{"rendered":"http:\/\/chalons.catholique.fr\/lepine\/?page_id=1212"},"modified":"2026-01-09T15:58:55","modified_gmt":"2026-01-09T14:58:55","slug":"la-boutique","status":"publish","type":"page","link":"https:\/\/chalons.catholique.fr\/lepine\/infos-pratiques\/la-boutique\/","title":{"rendered":"La boutique"},"content":{"rendered":"<div class=\"fusion-fullwidth fullwidth-box fusion-builder-row-1 fusion-parallax-fixed hundred-percent-fullwidth non-hundred-percent-height-scrolling\" style=\"--awb-border-radius-top-left:0px;--awb-border-radius-top-right:0px;--awb-border-radius-bottom-right:0px;--awb-border-radius-bottom-left:0px;--awb-padding-top:0px;--awb-padding-bottom:174px;--awb-background-image:url(&quot;https:\/\/chalons.catholique.fr\/lepine\/wp-content\/uploads\/sites\/5\/2022\/06\/20220620_164822-scaled.jpg&quot;);--awb-background-size:cover;--awb-flex-wrap:wrap;background-attachment:fixed;\" ><div class=\"fusion-builder-row fusion-row\"><\/div><\/div><div class=\"fusion-fullwidth fullwidth-box fusion-builder-row-2 nonhundred-percent-fullwidth non-hundred-percent-height-scrolling\" style=\"--awb-border-radius-top-left:0px;--awb-border-radius-top-right:0px;--awb-border-radius-bottom-right:0px;--awb-border-radius-bottom-left:0px;--awb-padding-top:30px;--awb-padding-bottom:30px;--awb-margin-bottom:60px;--awb-flex-wrap:wrap;\" ><div class=\"fusion-builder-row fusion-row\"><div class=\"fusion-layout-column fusion_builder_column fusion-builder-column-0 fusion_builder_column_1_2 1_2 fusion-one-half fusion-column-first\" style=\"--awb-padding-top:40px;--awb-bg-size:cover;--awb-margin-bottom:0px;width:48%; margin-right: 4%;\"><div class=\"fusion-column-wrapper fusion-flex-column-wrapper-legacy\"><div class=\"fusion-title title fusion-title-1 fusion-sep-none fusion-title-text fusion-title-size-three\"><h3 class=\"fusion-title-heading title-heading-left fusion-responsive-typography-calculated\" style=\"margin:0;--fontSize:18;--minFontSize:18;line-height:1.5;\">La boutique Notre Dame de L&rsquo;\u00c9pine<\/h3><\/div><div class=\"fusion-text fusion-text-1\"><p>1 rue \u00c9mile Barbier<br \/>51460 L&rsquo;\u00c9pine<br \/>03 26 66 95 61 ou 07 57 40 28 08<\/p>\n<p>boutique.ndle@chalons.catholique.fr<\/p>\n<p style=\"text-align: left;\"><strong style=\"color: var(--body_typography-color); font-family: var(--body_typography-font-family); font-size: var(--body_typography-font-size); letter-spacing: var(--body_typography-letter-spacing);\">Vous y trouvez :<\/strong><\/p>\n<ul>\n<li>Objets d\u00e9di\u00e9s \u00e0 Notre-Dame de L&rsquo;\u00c9pine,<\/li>\n<li>Cartes postales et cartes de v\u0153ux,<\/li>\n<li>Objets religieux <em>(croix, m\u00e9dailles, chapelets &#8230;)<\/em><\/li>\n<li>Cadeaux pour les f\u00eates religieuses : bapt\u00eame, communion, profession de foi, anniversaires de mariage &#8230;<\/li>\n<li>Ic\u00f4nes<\/li>\n<li>Livres religieux adultes et enfants (commande possible)<\/li>\n<li>Produits monastiques<\/li>\n<\/ul>\n<\/div><div class=\"fusion-clearfix\"><\/div><\/div><\/div><div class=\"fusion-layout-column fusion_builder_column fusion-builder-column-1 fusion_builder_column_1_2 1_2 fusion-one-half fusion-column-last\" style=\"--awb-padding-top:40px;--awb-padding-right:40px;--awb-padding-left:40px;--awb-overflow:hidden;--awb-bg-color:#ffffff;--awb-bg-color-hover:#ffffff;--awb-bg-size:cover;--awb-box-shadow:5px 5px 5px 0px rgba(0,145,229,0.2);;--awb-border-color:rgba(0,145,229,0.2);--awb-border-top:1px;--awb-border-right:1px;--awb-border-bottom:1px;--awb-border-left:1px;--awb-border-style:solid;--awb-border-radius:20px 20px 20px 20px;--awb-margin-top:-120px;--awb-margin-bottom:0px;width:48%;\"><div class=\"fusion-column-wrapper fusion-column-has-shadow fusion-flex-column-wrapper-legacy\"><div class=\"fusion-text fusion-text-2\"><h2 data-fontsize=\"40\" data-lineheight=\"60\"><strong style=\"color: #0091e5;\">Ouverture<\/strong><\/h2>\n<div class=\"kvgmc6g5 cxmmr5t8 oygrvhab hcukyx3x c1et5uql ii04i59q\">\n<h4>\u00c9T\u00c9<\/h4>\n<ul>\n<li>Lundi : 14h30\/18h30<\/li>\n<li>Du mardi au vendredi : 9h30-11h\/14h30-18h30<\/li>\n<li>Samedi : 9h30-11h\/14h30-17h<\/li>\n<li>Dimanche : 9h-10h, 11h30-12h30 et 14h30-16h et 16h30-18h30<\/li>\n<\/ul>\n<\/div>\n<div class=\"o9v6fnle cxmmr5t8 oygrvhab hcukyx3x c1et5uql ii04i59q\">\n<h4>HIVER<\/h4>\n<ul>\n<li>Lundi : 14h30-17h30<\/li>\n<li>Du mardi au vendredi : 9h30-11h\/14h30-17h30<\/li>\n<li>Samedi : 9h30-11h\/14h30-17h<\/li>\n<li>Dimanche : 9h-10h, 11h30-12h30 et 14h30-16h et 16h30-17h30<\/li>\n<\/ul>\n<p><strong>&nbsp;<\/strong><\/p>\n<p><strong>Fermeture de la boutique du 1<sup>er<\/sup> janvier au 15 f\u00e9vrier inclus <\/strong><\/p>\n<\/div>\n<\/div><div class=\"fusion-clearfix\"><\/div><\/div><\/div><\/div><\/div><div class=\"fusion-fullwidth fullwidth-box fusion-builder-row-3 fusion-parallax-none nonhundred-percent-fullwidth non-hundred-percent-height-scrolling\" style=\"--awb-border-radius-top-left:0px;--awb-border-radius-top-right:0px;--awb-border-radius-bottom-right:0px;--awb-border-radius-bottom-left:0px;--awb-padding-top:60px;--awb-padding-bottom:30px;--awb-margin-bottom:0px;--awb-background-image:url(&quot;https:\/\/chalons.catholique.fr\/lepine\/wp-content\/uploads\/sites\/5\/2019\/12\/background-boutique-scaled.png&quot;);--awb-background-size:cover;--awb-flex-wrap:wrap;\" ><div class=\"fusion-builder-row fusion-row\"><div class=\"fusion-layout-column fusion_builder_column fusion-builder-column-2 fusion_builder_column_2_3 2_3 fusion-two-third fusion-column-first\" style=\"--awb-padding-left:121px;--awb-bg-size:cover;width:66.666666666667%;width:calc(66.666666666667% - ( ( 4% ) * 0.66666666666667 ) );margin-right: 4%;\"><div class=\"fusion-column-wrapper fusion-column-has-shadow fusion-flex-column-wrapper-legacy\"><div class=\"fusion-title title fusion-title-2 fusion-sep-none fusion-title-text fusion-title-size-three\" style=\"--awb-text-color:#ffffff;--awb-margin-bottom:0px;--awb-margin-bottom-small:0px;\"><h3 class=\"fusion-title-heading title-heading-left fusion-responsive-typography-calculated\" style=\"margin:0;--fontSize:18;--minFontSize:18;line-height:1.5;\">Partir avec un souvenir, faire un cadeau<\/h3><\/div><div class=\"fusion-title title fusion-title-3 fusion-sep-none fusion-title-text fusion-title-size-four\" style=\"--awb-text-color:#ffffff;--awb-margin-bottom:0px;--awb-margin-bottom-small:0px;\"><h4 class=\"fusion-title-heading title-heading-left fusion-responsive-typography-calculated\" style=\"margin:0;--fontSize:15;--minFontSize:15;line-height:1.5;\">Commandez l&rsquo;objet que vous recherchez<\/h4><\/div><div class=\"fusion-clearfix\"><\/div><\/div><\/div><div class=\"fusion-layout-column fusion_builder_column fusion-builder-column-3 fusion_builder_column_1_3 1_3 fusion-one-third fusion-column-last\" style=\"--awb-bg-size:cover;width:33.333333333333%;width:calc(33.333333333333% - ( ( 4% ) * 0.33333333333333 ) );\"><div class=\"fusion-column-wrapper fusion-column-has-shadow fusion-flex-column-wrapper-legacy\"><ul style=\"--awb-size:30px;--awb-line-height:51px;--awb-icon-width:51px;--awb-icon-height:51px;--awb-icon-margin:21px;--awb-content-margin:72px;\" class=\"fusion-checklist fusion-checklist-1 fusion-checklist-default type-icons\"><li class=\"fusion-li-item\" style=\"\"><span class=\"icon-wrapper circle-no\"><i class=\"fusion-li-icon fa-phone-alt fas\" aria-hidden=\"true\"><\/i><\/span><div class=\"fusion-li-item-content\">\n<h1 style=\"text-align: center;font-size: 35px\" data-fusion-font=\"true\"><b>03 26 66 95 61<\/b><\/h1>\n<\/div><\/li><\/ul><div class=\"fusion-clearfix\"><\/div><\/div><\/div><\/div><\/div><div class=\"fusion-fullwidth fullwidth-box fusion-builder-row-4 nonhundred-percent-fullwidth non-hundred-percent-height-scrolling\" style=\"--awb-border-radius-top-left:0px;--awb-border-radius-top-right:0px;--awb-border-radius-bottom-right:0px;--awb-border-radius-bottom-left:0px;--awb-padding-top:80px;--awb-flex-wrap:wrap;\" ><div class=\"fusion-builder-row fusion-row\"><\/div><\/div>\n","protected":false},"excerpt":{"rendered":"","protected":false},"author":158,"featured_media":0,"parent":1208,"menu_order":0,"comment_status":"closed","ping_status":"closed","template":"","meta":{"xn-wppe-expiration":[],"xn-wppe-expiration-action":[],"xn-wppe-expiration-prefix":[],"footnotes":""},"_links":{"self":[{"href":"https:\/\/chalons.catholique.fr\/lepine\/wp-json\/wp\/v2\/pages\/1212"}],"collection":[{"href":"https:\/\/chalons.catholique.fr\/lepine\/wp-json\/wp\/v2\/pages"}],"about":[{"href":"https:\/\/chalons.catholique.fr\/lepine\/wp-json\/wp\/v2\/types\/page"}],"author":[{"embeddable":true,"href":"https:\/\/chalons.catholique.fr\/lepine\/wp-json\/wp\/v2\/users\/158"}],"replies":[{"embeddable":true,"href":"https:\/\/chalons.catholique.fr\/lepine\/wp-json\/wp\/v2\/comments?post=1212"}],"version-history":[{"count":4,"href":"https:\/\/chalons.catholique.fr\/lepine\/wp-json\/wp\/v2\/pages\/1212\/revisions"}],"predecessor-version":[{"id":4063,"href":"https:\/\/chalons.catholique.fr\/lepine\/wp-json\/wp\/v2\/pages\/1212\/revisions\/4063"}],"up":[{"embeddable":true,"href":"https:\/\/chalons.catholique.fr\/lepine\/wp-json\/wp\/v2\/pages\/1208"}],"wp:attachment":[{"href":"https:\/\/chalons.catholique.fr\/lepine\/wp-json\/wp\/v2\/media?parent=1212"}],"curies":[{"name":"wp","href":"https:\/\/api.w.org\/{rel}","templated":true}]}}