{"id":2,"date":"2022-09-12T12:00:08","date_gmt":"2022-09-12T10:00:08","guid":{"rendered":"https:\/\/chalons.catholique.fr\/jmjreims\/?page_id=2"},"modified":"2022-11-18T18:15:50","modified_gmt":"2022-11-18T17:15:50","slug":"page-d-exemple","status":"publish","type":"page","link":"https:\/\/chalons.catholique.fr\/jmjreims\/","title":{"rendered":"Accueil"},"content":{"rendered":"[fusion_builder_container type=\u00a0\u00bbflex\u00a0\u00bb hundred_percent=\u00a0\u00bbno\u00a0\u00bb equal_height_columns=\u00a0\u00bbno\u00a0\u00bb hide_on_mobile=\u00a0\u00bbsmall-visibility,medium-visibility,large-visibility\u00a0\u00bb background_position=\u00a0\u00bbcenter center\u00a0\u00bb background_repeat=\u00a0\u00bbno-repeat\u00a0\u00bb fade=\u00a0\u00bbno\u00a0\u00bb background_parallax=\u00a0\u00bbnone\u00a0\u00bb parallax_speed=\u00a0\u00bb0.3&Prime; video_aspect_ratio=\u00a0\u00bb16:9&Prime; video_loop=\u00a0\u00bbyes\u00a0\u00bb video_mute=\u00a0\u00bbyes\u00a0\u00bb border_style=\u00a0\u00bbsolid\u00a0\u00bb][fusion_builder_row][fusion_builder_column type=\u00a0\u00bb1_1&Prime; type=\u00a0\u00bb1_1&Prime; background_position=\u00a0\u00bbleft top\u00a0\u00bb border_style=\u00a0\u00bbsolid\u00a0\u00bb border_position=\u00a0\u00bball\u00a0\u00bb spacing=\u00a0\u00bbyes\u00a0\u00bb background_repeat=\u00a0\u00bbno-repeat\u00a0\u00bb margin_top=\u00a0\u00bb0px\u00a0\u00bb margin_bottom=\u00a0\u00bb0px\u00a0\u00bb animation_speed=\u00a0\u00bb0.3&Prime; animation_direction=\u00a0\u00bbleft\u00a0\u00bb hide_on_mobile=\u00a0\u00bbsmall-visibility,medium-visibility,large-visibility\u00a0\u00bb center_content=\u00a0\u00bbno\u00a0\u00bb last=\u00a0\u00bbno\u00a0\u00bb hover_type=\u00a0\u00bbnone\u00a0\u00bb min_height=\u00a0\u00bb\u00a0\u00bb link=\u00a0\u00bb\u00a0\u00bb][fusion_separator style_type=\u00a0\u00bbnone\u00a0\u00bb flex_grow=\u00a0\u00bb0&Prime; alignment=\u00a0\u00bbcenter\u00a0\u00bb hide_on_mobile=\u00a0\u00bbsmall-visibility,medium-visibility,large-visibility\u00a0\u00bb sticky_display=\u00a0\u00bbnormal,sticky\u00a0\u00bb top_margin=\u00a0\u00bb40px\u00a0\u00bb \/][fusion_title title_type=\u00a0\u00bbtext\u00a0\u00bb rotation_effect=\u00a0\u00bbbounceIn\u00a0\u00bb display_time=\u00a0\u00bb1200&Prime; highlight_effect=\u00a0\u00bbcircle\u00a0\u00bb loop_animation=\u00a0\u00bboff\u00a0\u00bb highlight_width=\u00a0\u00bb9&Prime; highlight_top_margin=\u00a0\u00bb0&Prime; title_link=\u00a0\u00bboff\u00a0\u00bb link_target=\u00a0\u00bb_self\u00a0\u00bb content_align=\u00a0\u00bbcenter\u00a0\u00bb size=\u00a0\u00bb1&Prime; text_shadow=\u00a0\u00bbno\u00a0\u00bb text_shadow_blur=\u00a0\u00bb11&Prime; text_shadow_color=\u00a0\u00bb#e05534&Prime; style_type=\u00a0\u00bbnone\u00a0\u00bb animation_direction=\u00a0\u00bbleft\u00a0\u00bb animation_speed=\u00a0\u00bb0.3&Prime; hide_on_mobile=\u00a0\u00bbsmall-visibility,medium-visibility,large-visibility\u00a0\u00bb sticky_display=\u00a0\u00bbnormal,sticky\u00a0\u00bb text_shadow_vertical=\u00a0\u00bb5px\u00a0\u00bb text_shadow_horizontal=\u00a0\u00bb5px\u00a0\u00bb]\n<h1>19\/20 novembre<br \/>Journ\u00e9e mondiale de la jeunesse \u00e0 Reims<br \/>Pour les jeunes de 15 \u00e0 35 ans<\/h1>\n[\/fusion_title][fusion_separator style_type=\u00a0\u00bbnone\u00a0\u00bb flex_grow=\u00a0\u00bb0&Prime; alignment=\u00a0\u00bbcenter\u00a0\u00bb hide_on_mobile=\u00a0\u00bbsmall-visibility,medium-visibility,large-visibility\u00a0\u00bb sticky_display=\u00a0\u00bbnormal,sticky\u00a0\u00bb top_margin=\u00a0\u00bb40px\u00a0\u00bb \/][\/fusion_builder_column][\/fusion_builder_row][\/fusion_builder_container][fusion_builder_container type=\u00a0\u00bbflex\u00a0\u00bb hundred_percent=\u00a0\u00bbno\u00a0\u00bb equal_height_columns=\u00a0\u00bbno\u00a0\u00bb hide_on_mobile=\u00a0\u00bbsmall-visibility,medium-visibility,large-visibility\u00a0\u00bb background_position=\u00a0\u00bbcenter center\u00a0\u00bb background_repeat=\u00a0\u00bbno-repeat\u00a0\u00bb fade=\u00a0\u00bbno\u00a0\u00bb background_parallax=\u00a0\u00bbnone\u00a0\u00bb parallax_speed=\u00a0\u00bb0.3&Prime; video_aspect_ratio=\u00a0\u00bb16:9&Prime; video_loop=\u00a0\u00bbyes\u00a0\u00bb video_mute=\u00a0\u00bbyes\u00a0\u00bb border_style=\u00a0\u00bbsolid\u00a0\u00bb][fusion_builder_row][fusion_builder_column type=\u00a0\u00bb1_1&Prime; type=\u00a0\u00bb1_1&Prime; background_position=\u00a0\u00bbleft top\u00a0\u00bb border_style=\u00a0\u00bbsolid\u00a0\u00bb border_position=\u00a0\u00bball\u00a0\u00bb spacing=\u00a0\u00bbyes\u00a0\u00bb background_repeat=\u00a0\u00bbno-repeat\u00a0\u00bb margin_top=\u00a0\u00bb0px\u00a0\u00bb margin_bottom=\u00a0\u00bb0px\u00a0\u00bb animation_speed=\u00a0\u00bb0.3&Prime; animation_direction=\u00a0\u00bbleft\u00a0\u00bb hide_on_mobile=\u00a0\u00bbsmall-visibility,medium-visibility,large-visibility\u00a0\u00bb center_content=\u00a0\u00bbno\u00a0\u00bb last=\u00a0\u00bbno\u00a0\u00bb hover_type=\u00a0\u00bbnone\u00a0\u00bb min_height=\u00a0\u00bb\u00a0\u00bb link=\u00a0\u00bb\u00a0\u00bb][fusion_title title_type=\u00a0\u00bbtext\u00a0\u00bb rotation_effect=\u00a0\u00bbbounceIn\u00a0\u00bb display_time=\u00a0\u00bb1200&Prime; highlight_effect=\u00a0\u00bbcircle\u00a0\u00bb loop_animation=\u00a0\u00bboff\u00a0\u00bb highlight_width=\u00a0\u00bb9&Prime; highlight_top_margin=\u00a0\u00bb0&Prime; title_link=\u00a0\u00bboff\u00a0\u00bb link_target=\u00a0\u00bb_self\u00a0\u00bb content_align=\u00a0\u00bbleft\u00a0\u00bb size=\u00a0\u00bb2&Prime; text_shadow=\u00a0\u00bbno\u00a0\u00bb text_shadow_blur=\u00a0\u00bb0&Prime; style_type=\u00a0\u00bbnone\u00a0\u00bb animation_direction=\u00a0\u00bbleft\u00a0\u00bb animation_speed=\u00a0\u00bb0.3&Prime; hide_on_mobile=\u00a0\u00bbsmall-visibility,medium-visibility,large-visibility\u00a0\u00bb sticky_display=\u00a0\u00bbnormal,sticky\u00a0\u00bb]\n<p>La JMJ \u00e0 Reims\u00a0: \u00e7a d\u00e9coince\u00a0!<\/p>\n[\/fusion_title][fusion_text]\n<p style=\"font-weight: 400;\">As-tu not\u00e9 ce rendez-vous des 19\/20 novembre \u00e0 Reims ? L\u00e0 o\u00f9 on sacrait les rois, il est normal que tu sois ! Ne me dis surtout pas que tu es de cette g\u00e9n\u00e9ration o\u00f9 l\u2019on s\u2019inscrit au dernier moment, au cas o\u00f9 une dinguerie plus fun se pr\u00e9senterait entre temps. Je te l\u2019assure : rien de mieux ne peut se pr\u00e9senter, sauf le retour du Christ. Or, le Christ sera pr\u00e9sent \u00e0 Reims car <em>l\u00e0 ou trois sont r\u00e9unis en mon nom, je suis au milieu d\u2019eux<\/em>. Les sept \u00e9v\u00eaques de la Province sont d\u00e9j\u00e0 inscrits. Car nous l\u2019avons voulue, cette JMJ en province, s\u00fbrs qu\u2019elle sera une belle entr\u00e9e en mati\u00e8re pour les JMJ de Lisbonne.<\/p>\n<p style=\"font-weight: 400;\">Une ic\u00f4ne pour cette rencontre : la visitation de Marie \u00e0 \u00c9lisabeth. Elle entend la voix de l\u2019ange. Son premier mouvement ? Se lever et aller visiter la cousine \u00c9lisabeth. Elles ont tant des choses \u00e0 se dire : \u00e9tonn\u00e9es de Dieu, elles laissent jaillir la joie de leur rencontre. Quelle \u00e9nergie chez ces deux femmes. Leur secret : un OUI sans conditions \u00e0 la mission re\u00e7ue de Dieu.<\/p>\n<p style=\"font-weight: 400;\">C\u2019est donc entendu : A Reims, tu seras. <strong>Toi aussi, l\u00e8ve-toi et bondis dans la foi !<\/strong><\/p>\n<p style=\"font-weight: 400;\"><em><strong>+ G\u00e9rard Le Stang<\/strong><\/em><br \/><em><strong>Pour les \u00e9v\u00eaques de la Province de Reims<\/strong><\/em><\/p>\n[\/fusion_text][fusion_separator style_type=\u00a0\u00bbdefault\u00a0\u00bb flex_grow=\u00a0\u00bb0&Prime; alignment=\u00a0\u00bbcenter\u00a0\u00bb hide_on_mobile=\u00a0\u00bbsmall-visibility,medium-visibility,large-visibility\u00a0\u00bb sticky_display=\u00a0\u00bbnormal,sticky\u00a0\u00bb top_margin=\u00a0\u00bb20px\u00a0\u00bb bottom_margin=\u00a0\u00bb20px\u00a0\u00bb \/][\/fusion_builder_column][\/fusion_builder_row][\/fusion_builder_container][fusion_builder_container type=\u00a0\u00bbflex\u00a0\u00bb hundred_percent=\u00a0\u00bbno\u00a0\u00bb equal_height_columns=\u00a0\u00bbno\u00a0\u00bb hide_on_mobile=\u00a0\u00bbsmall-visibility,medium-visibility,large-visibility\u00a0\u00bb background_position=\u00a0\u00bbcenter center\u00a0\u00bb background_repeat=\u00a0\u00bbno-repeat\u00a0\u00bb fade=\u00a0\u00bbno\u00a0\u00bb background_parallax=\u00a0\u00bbnone\u00a0\u00bb parallax_speed=\u00a0\u00bb0.3&Prime; video_aspect_ratio=\u00a0\u00bb16:9&Prime; video_loop=\u00a0\u00bbyes\u00a0\u00bb video_mute=\u00a0\u00bbyes\u00a0\u00bb border_style=\u00a0\u00bbsolid\u00a0\u00bb][fusion_builder_row][fusion_builder_column type=\u00a0\u00bb1_2&Prime; type=\u00a0\u00bb1_2&Prime; background_position=\u00a0\u00bbleft top\u00a0\u00bb border_style=\u00a0\u00bbsolid\u00a0\u00bb border_position=\u00a0\u00bball\u00a0\u00bb spacing=\u00a0\u00bbyes\u00a0\u00bb background_repeat=\u00a0\u00bbno-repeat\u00a0\u00bb margin_top=\u00a0\u00bb0px\u00a0\u00bb margin_bottom=\u00a0\u00bb0px\u00a0\u00bb animation_speed=\u00a0\u00bb0.3&Prime; animation_direction=\u00a0\u00bbleft\u00a0\u00bb hide_on_mobile=\u00a0\u00bbsmall-visibility,medium-visibility,large-visibility\u00a0\u00bb center_content=\u00a0\u00bbno\u00a0\u00bb last=\u00a0\u00bbno\u00a0\u00bb hover_type=\u00a0\u00bbnone\u00a0\u00bb min_height=\u00a0\u00bb\u00a0\u00bb link=\u00a0\u00bb\u00a0\u00bb][fusion_title title_type=\u00a0\u00bbtext\u00a0\u00bb rotation_effect=\u00a0\u00bbbounceIn\u00a0\u00bb display_time=\u00a0\u00bb1200&Prime; highlight_effect=\u00a0\u00bbcircle\u00a0\u00bb loop_animation=\u00a0\u00bboff\u00a0\u00bb highlight_width=\u00a0\u00bb9&Prime; highlight_top_margin=\u00a0\u00bb0&Prime; title_link=\u00a0\u00bboff\u00a0\u00bb link_target=\u00a0\u00bb_self\u00a0\u00bb content_align=\u00a0\u00bbleft\u00a0\u00bb size=\u00a0\u00bb2&Prime; text_shadow=\u00a0\u00bbno\u00a0\u00bb text_shadow_blur=\u00a0\u00bb0&Prime; style_type=\u00a0\u00bbnone\u00a0\u00bb animation_direction=\u00a0\u00bbleft\u00a0\u00bb animation_speed=\u00a0\u00bb0.3&Prime; hide_on_mobile=\u00a0\u00bbsmall-visibility,medium-visibility,large-visibility\u00a0\u00bb sticky_display=\u00a0\u00bbnormal,sticky\u00a0\u00bb]\n<p>Informations<\/p>\n[\/fusion_title][fusion_text]\n<p>Le week-end est organis\u00e9 par les 7 dioc\u00e8ses de la province de Reims-Ardenne : Amiens, Beauvais, Ch\u00e2lons, Langres, Reims, Soissons et Troyes. M\u00eame s&rsquo;il est tourn\u00e9 vers les JMJ de 2023 \u00e0 Lisbonne, ce rassemblement s&rsquo;adresse aux jeunes \u00e0 partir de 15 ans.<\/p>\n<p>L&rsquo;h\u00e9bergement est en dortoirs dans l&rsquo;\u00e9tablissement scolaire Saint Joseph, 177 rue des Capucins \u00e0 Reims.<\/p>\n<div>Le tarif du week-end s&rsquo;\u00e9l\u00e8ve \u00e0 <u>20 \u20ac tout compris<\/u> (pension compl\u00e8te).\u00a0Ce tarif ne couvre pas tous les frais li\u00e9s \u00e0 l&rsquo;\u00e9v\u00e8nement,\u00a0n&rsquo;h\u00e9sitez pas \u00e0 participer davantage \u00e0 la mesure de vos possibilit\u00e9s.<\/div>\n<div>Merci par avance.<\/div>\n<div>\u00a0<\/div>\n<div>Rendez-vous le samedi 19 \u00e0 14h au <u>177 rue des Capucins<\/u> (entr\u00e9e pi\u00e9tons), et\u00a0<u>50 rue des Moulins <\/u>(entr\u00e9e voiture \/ bus)<\/div>\n<div>\u00a0<\/div>\n<div>Fin de l&rsquo;\u00e9v\u00e8nement: le dimanche 20 \u00e0 l&rsquo;issue du d\u00e9jeuner au m\u00eame endroit.<\/div>\n[\/fusion_text][fusion_separator style_type=\u00a0\u00bbnone\u00a0\u00bb flex_grow=\u00a0\u00bb0&Prime; alignment=\u00a0\u00bbcenter\u00a0\u00bb hide_on_mobile=\u00a0\u00bbsmall-visibility,medium-visibility,large-visibility\u00a0\u00bb sticky_display=\u00a0\u00bbnormal,sticky\u00a0\u00bb top_margin=\u00a0\u00bb25px\u00a0\u00bb \/][fusion_button link=\u00a0\u00bbhttps:\/\/chalons.catholique.fr\/jmjreims\/le-programme\/\u00a0\u00bb target=\u00a0\u00bb_blank\u00a0\u00bb alignment=\u00a0\u00bbcenter\u00a0\u00bb color=\u00a0\u00bbdefault\u00a0\u00bb stretch=\u00a0\u00bbdefault\u00a0\u00bb icon_position=\u00a0\u00bbleft\u00a0\u00bb icon_divider=\u00a0\u00bbno\u00a0\u00bb animation_direction=\u00a0\u00bbleft\u00a0\u00bb animation_speed=\u00a0\u00bb0.3&Prime; hide_on_mobile=\u00a0\u00bbsmall-visibility,medium-visibility,large-visibility\u00a0\u00bb sticky_display=\u00a0\u00bbnormal,sticky\u00a0\u00bb]Programme d\u00e9taill\u00e9[\/fusion_button][\/fusion_builder_column][fusion_builder_column type=\u00a0\u00bb1_2&Prime; type=\u00a0\u00bb1_2&Prime; background_position=\u00a0\u00bbleft top\u00a0\u00bb border_style=\u00a0\u00bbsolid\u00a0\u00bb border_position=\u00a0\u00bball\u00a0\u00bb spacing=\u00a0\u00bbyes\u00a0\u00bb background_repeat=\u00a0\u00bbno-repeat\u00a0\u00bb margin_top=\u00a0\u00bb0px\u00a0\u00bb margin_bottom=\u00a0\u00bb0px\u00a0\u00bb animation_speed=\u00a0\u00bb0.3&Prime; animation_direction=\u00a0\u00bbleft\u00a0\u00bb hide_on_mobile=\u00a0\u00bbsmall-visibility,medium-visibility,large-visibility\u00a0\u00bb center_content=\u00a0\u00bbno\u00a0\u00bb last=\u00a0\u00bbno\u00a0\u00bb hover_type=\u00a0\u00bbnone\u00a0\u00bb min_height=\u00a0\u00bb\u00a0\u00bb link=\u00a0\u00bb\u00a0\u00bb][fusion_title title_type=\u00a0\u00bbtext\u00a0\u00bb rotation_effect=\u00a0\u00bbbounceIn\u00a0\u00bb display_time=\u00a0\u00bb1200&Prime; highlight_effect=\u00a0\u00bbcircle\u00a0\u00bb loop_animation=\u00a0\u00bboff\u00a0\u00bb highlight_width=\u00a0\u00bb9&Prime; highlight_top_margin=\u00a0\u00bb0&Prime; title_link=\u00a0\u00bboff\u00a0\u00bb link_target=\u00a0\u00bb_self\u00a0\u00bb content_align=\u00a0\u00bbleft\u00a0\u00bb size=\u00a0\u00bb2&Prime; text_shadow=\u00a0\u00bbno\u00a0\u00bb text_shadow_blur=\u00a0\u00bb0&Prime; style_type=\u00a0\u00bbnone\u00a0\u00bb animation_direction=\u00a0\u00bbleft\u00a0\u00bb animation_speed=\u00a0\u00bb0.3&Prime; hide_on_mobile=\u00a0\u00bbsmall-visibility,medium-visibility,large-visibility\u00a0\u00bb sticky_display=\u00a0\u00bbnormal,sticky\u00a0\u00bb]<strong>Inscription<\/strong>[\/fusion_title][fusion_text rule_style=\u00a0\u00bbdefault\u00a0\u00bb animation_direction=\u00a0\u00bbleft\u00a0\u00bb animation_speed=\u00a0\u00bb0.3&Prime; hide_on_mobile=\u00a0\u00bbsmall-visibility,medium-visibility,large-visibility\u00a0\u00bb sticky_display=\u00a0\u00bbnormal,sticky\u00a0\u00bb]\n<p>ouverte \u00e0 tous les jeunes de 15 \u00e0 35 ans.<\/p>\n[\/fusion_text][fusion_separator style_type=\u00a0\u00bbnone\u00a0\u00bb flex_grow=\u00a0\u00bb0&Prime; alignment=\u00a0\u00bbcenter\u00a0\u00bb hide_on_mobile=\u00a0\u00bbsmall-visibility,medium-visibility,large-visibility\u00a0\u00bb sticky_display=\u00a0\u00bbnormal,sticky\u00a0\u00bb top_margin=\u00a0\u00bb15px\u00a0\u00bb \/][fusion_text columns=\u00a0\u00bb\u00a0\u00bb rule_size=\u00a0\u00bb\u00a0\u00bb animation_direction=\u00a0\u00bbleft\u00a0\u00bb animation_speed=\u00a0\u00bb0.3&Prime; hide_on_mobile=\u00a0\u00bbsmall-visibility,medium-visibility,large-visibility\u00a0\u00bb sticky_display=\u00a0\u00bbnormal,sticky\u00a0\u00bb]\n<p>Les inscriptions sont termin\u00e9es.<\/p>\n[\/fusion_text][fusion_separator style_type=\u00a0\u00bbnone\u00a0\u00bb flex_grow=\u00a0\u00bb0&Prime; alignment=\u00a0\u00bbcenter\u00a0\u00bb hide_on_mobile=\u00a0\u00bbsmall-visibility,medium-visibility,large-visibility\u00a0\u00bb sticky_display=\u00a0\u00bbnormal,sticky\u00a0\u00bb top_margin=\u00a0\u00bb15px\u00a0\u00bb \/][\/fusion_builder_column][\/fusion_builder_row][\/fusion_builder_container][fusion_builder_container type=\u00a0\u00bbflex\u00a0\u00bb hundred_percent=\u00a0\u00bbno\u00a0\u00bb hundred_percent_height=\u00a0\u00bbno\u00a0\u00bb hundred_percent_height_scroll=\u00a0\u00bbno\u00a0\u00bb align_content=\u00a0\u00bbstretch\u00a0\u00bb flex_align_items=\u00a0\u00bbflex-start\u00a0\u00bb flex_justify_content=\u00a0\u00bbflex-start\u00a0\u00bb hundred_percent_height_center_content=\u00a0\u00bbyes\u00a0\u00bb equal_height_columns=\u00a0\u00bbno\u00a0\u00bb container_tag=\u00a0\u00bbdiv\u00a0\u00bb hide_on_mobile=\u00a0\u00bbsmall-visibility,medium-visibility,large-visibility\u00a0\u00bb status=\u00a0\u00bbpublished\u00a0\u00bb border_style=\u00a0\u00bbsolid\u00a0\u00bb box_shadow=\u00a0\u00bbno\u00a0\u00bb box_shadow_blur=\u00a0\u00bb0&Prime; box_shadow_spread=\u00a0\u00bb0&Prime; gradient_start_position=\u00a0\u00bb0&Prime; gradient_end_position=\u00a0\u00bb100&Prime; gradient_type=\u00a0\u00bblinear\u00a0\u00bb radial_direction=\u00a0\u00bbcenter center\u00a0\u00bb linear_angle=\u00a0\u00bb180&Prime; background_position=\u00a0\u00bbcenter center\u00a0\u00bb background_repeat=\u00a0\u00bbno-repeat\u00a0\u00bb fade=\u00a0\u00bbno\u00a0\u00bb background_parallax=\u00a0\u00bbnone\u00a0\u00bb enable_mobile=\u00a0\u00bbno\u00a0\u00bb parallax_speed=\u00a0\u00bb0.3&Prime; background_blend_mode=\u00a0\u00bbnone\u00a0\u00bb video_aspect_ratio=\u00a0\u00bb16:9&Prime; video_loop=\u00a0\u00bbyes\u00a0\u00bb video_mute=\u00a0\u00bbyes\u00a0\u00bb absolute=\u00a0\u00bboff\u00a0\u00bb absolute_devices=\u00a0\u00bbsmall,medium,large\u00a0\u00bb sticky=\u00a0\u00bboff\u00a0\u00bb sticky_devices=\u00a0\u00bbsmall-visibility,medium-visibility,large-visibility\u00a0\u00bb sticky_transition_offset=\u00a0\u00bb0&Prime; scroll_offset=\u00a0\u00bb0&Prime; animation_direction=\u00a0\u00bbleft\u00a0\u00bb animation_speed=\u00a0\u00bb0.3&Prime; filter_hue=\u00a0\u00bb0&Prime; filter_saturation=\u00a0\u00bb100&Prime; filter_brightness=\u00a0\u00bb100&Prime; filter_contrast=\u00a0\u00bb100&Prime; filter_invert=\u00a0\u00bb0&Prime; filter_sepia=\u00a0\u00bb0&Prime; filter_opacity=\u00a0\u00bb100&Prime; filter_blur=\u00a0\u00bb0&Prime; filter_hue_hover=\u00a0\u00bb0&Prime; filter_saturation_hover=\u00a0\u00bb100&Prime; filter_brightness_hover=\u00a0\u00bb100&Prime; filter_contrast_hover=\u00a0\u00bb100&Prime; filter_invert_hover=\u00a0\u00bb0&Prime; filter_sepia_hover=\u00a0\u00bb0&Prime; filter_opacity_hover=\u00a0\u00bb100&Prime; filter_blur_hover=\u00a0\u00bb0&Prime;][fusion_builder_row][fusion_builder_column type=\u00a0\u00bb1_1&Prime; type=\u00a0\u00bb1_1&Prime; align_self=\u00a0\u00bbauto\u00a0\u00bb content_layout=\u00a0\u00bbcolumn\u00a0\u00bb align_content=\u00a0\u00bbflex-start\u00a0\u00bb valign_content=\u00a0\u00bbflex-start\u00a0\u00bb content_wrap=\u00a0\u00bbwrap\u00a0\u00bb center_content=\u00a0\u00bbno\u00a0\u00bb target=\u00a0\u00bb_self\u00a0\u00bb hide_on_mobile=\u00a0\u00bbsmall-visibility,medium-visibility,large-visibility\u00a0\u00bb sticky_display=\u00a0\u00bbnormal,sticky\u00a0\u00bb order_medium=\u00a0\u00bb0&Prime; order_small=\u00a0\u00bb0&Prime; hover_type=\u00a0\u00bbnone\u00a0\u00bb border_style=\u00a0\u00bbsolid\u00a0\u00bb box_shadow=\u00a0\u00bbno\u00a0\u00bb box_shadow_blur=\u00a0\u00bb0&Prime; box_shadow_spread=\u00a0\u00bb0&Prime; background_type=\u00a0\u00bbsingle\u00a0\u00bb gradient_start_position=\u00a0\u00bb0&Prime; gradient_end_position=\u00a0\u00bb100&Prime; gradient_type=\u00a0\u00bblinear\u00a0\u00bb radial_direction=\u00a0\u00bbcenter center\u00a0\u00bb linear_angle=\u00a0\u00bb180&Prime; background_position=\u00a0\u00bbleft top\u00a0\u00bb background_repeat=\u00a0\u00bbno-repeat\u00a0\u00bb background_blend_mode=\u00a0\u00bbnone\u00a0\u00bb filter_type=\u00a0\u00bbregular\u00a0\u00bb filter_hue=\u00a0\u00bb0&Prime; filter_saturation=\u00a0\u00bb100&Prime; filter_brightness=\u00a0\u00bb100&Prime; filter_contrast=\u00a0\u00bb100&Prime; filter_invert=\u00a0\u00bb0&Prime; filter_sepia=\u00a0\u00bb0&Prime; filter_opacity=\u00a0\u00bb100&Prime; filter_blur=\u00a0\u00bb0&Prime; filter_hue_hover=\u00a0\u00bb0&Prime; filter_saturation_hover=\u00a0\u00bb100&Prime; filter_brightness_hover=\u00a0\u00bb100&Prime; filter_contrast_hover=\u00a0\u00bb100&Prime; filter_invert_hover=\u00a0\u00bb0&Prime; filter_sepia_hover=\u00a0\u00bb0&Prime; filter_opacity_hover=\u00a0\u00bb100&Prime; filter_blur_hover=\u00a0\u00bb0&Prime; animation_direction=\u00a0\u00bbleft\u00a0\u00bb animation_speed=\u00a0\u00bb0.3&Prime; last=\u00a0\u00bbno\u00a0\u00bb border_position=\u00a0\u00bball\u00a0\u00bb element_content=\u00a0\u00bb\u00a0\u00bb min_height=\u00a0\u00bb\u00a0\u00bb link=\u00a0\u00bb\u00a0\u00bb][\/fusion_builder_column][\/fusion_builder_row][\/fusion_builder_container]\n","protected":false},"excerpt":{"rendered":"<p>[fusion_builder_container type=\u00a0\u00bbflex\u00a0\u00bb hundred_percent=\u00a0\u00bbno\u00a0\u00bb equal_height_columns=\u00a0\u00bbno\u00a0\u00bb hide_on_mobile=\u00a0\u00bbsmall-visibility,medium-visibility,large-visibility\u00a0\u00bb background_position=\u00a0\u00bbcenter center\u00a0\u00bb background_repeat=\u00a0\u00bbno-repeat\u00a0\u00bb fade=\u00a0\u00bbno\u00a0\u00bb background_parallax=\u00a0\u00bbnone\u00a0\u00bb [&hellip;]<\/p>\n","protected":false},"author":158,"featured_media":0,"parent":0,"menu_order":0,"comment_status":"closed","ping_status":"open","template":"","meta":{"xn-wppe-expiration":[],"xn-wppe-expiration-action":[],"xn-wppe-expiration-prefix":[],"footnotes":""},"_links":{"self":[{"href":"https:\/\/chalons.catholique.fr\/jmjreims\/wp-json\/wp\/v2\/pages\/2"}],"collection":[{"href":"https:\/\/chalons.catholique.fr\/jmjreims\/wp-json\/wp\/v2\/pages"}],"about":[{"href":"https:\/\/chalons.catholique.fr\/jmjreims\/wp-json\/wp\/v2\/types\/page"}],"author":[{"embeddable":true,"href":"https:\/\/chalons.catholique.fr\/jmjreims\/wp-json\/wp\/v2\/users\/158"}],"replies":[{"embeddable":true,"href":"https:\/\/chalons.catholique.fr\/jmjreims\/wp-json\/wp\/v2\/comments?post=2"}],"version-history":[{"count":3,"href":"https:\/\/chalons.catholique.fr\/jmjreims\/wp-json\/wp\/v2\/pages\/2\/revisions"}],"predecessor-version":[{"id":209,"href":"https:\/\/chalons.catholique.fr\/jmjreims\/wp-json\/wp\/v2\/pages\/2\/revisions\/209"}],"wp:attachment":[{"href":"https:\/\/chalons.catholique.fr\/jmjreims\/wp-json\/wp\/v2\/media?parent=2"}],"curies":[{"name":"wp","href":"https:\/\/api.w.org\/{rel}","templated":true}]}}