{"id":149,"date":"2022-09-22T17:06:25","date_gmt":"2022-09-22T15:06:25","guid":{"rendered":"https:\/\/chalons.catholique.fr\/jmjreims\/?page_id=149"},"modified":"2022-09-28T17:25:45","modified_gmt":"2022-09-28T15:25:45","slug":"contacts","status":"publish","type":"page","link":"https:\/\/chalons.catholique.fr\/jmjreims\/contacts\/","title":{"rendered":"Contacts"},"content":{"rendered":"[fusion_builder_container type=\u00a0\u00bbflex\u00a0\u00bb hundred_percent=\u00a0\u00bbno\u00a0\u00bb hundred_percent_height=\u00a0\u00bbno\u00a0\u00bb hundred_percent_height_scroll=\u00a0\u00bbno\u00a0\u00bb align_content=\u00a0\u00bbstretch\u00a0\u00bb flex_align_items=\u00a0\u00bbflex-start\u00a0\u00bb flex_justify_content=\u00a0\u00bbflex-start\u00a0\u00bb hundred_percent_height_center_content=\u00a0\u00bbyes\u00a0\u00bb equal_height_columns=\u00a0\u00bbno\u00a0\u00bb container_tag=\u00a0\u00bbdiv\u00a0\u00bb hide_on_mobile=\u00a0\u00bbsmall-visibility,medium-visibility,large-visibility\u00a0\u00bb status=\u00a0\u00bbpublished\u00a0\u00bb border_style=\u00a0\u00bbsolid\u00a0\u00bb box_shadow=\u00a0\u00bbno\u00a0\u00bb box_shadow_blur=\u00a0\u00bb0&Prime; box_shadow_spread=\u00a0\u00bb0&Prime; gradient_start_position=\u00a0\u00bb0&Prime; gradient_end_position=\u00a0\u00bb100&Prime; gradient_type=\u00a0\u00bblinear\u00a0\u00bb radial_direction=\u00a0\u00bbcenter center\u00a0\u00bb linear_angle=\u00a0\u00bb180&Prime; background_position=\u00a0\u00bbcenter center\u00a0\u00bb background_repeat=\u00a0\u00bbno-repeat\u00a0\u00bb fade=\u00a0\u00bbno\u00a0\u00bb background_parallax=\u00a0\u00bbnone\u00a0\u00bb enable_mobile=\u00a0\u00bbno\u00a0\u00bb parallax_speed=\u00a0\u00bb0.3&Prime; background_blend_mode=\u00a0\u00bbnone\u00a0\u00bb video_aspect_ratio=\u00a0\u00bb16:9&Prime; video_loop=\u00a0\u00bbyes\u00a0\u00bb video_mute=\u00a0\u00bbyes\u00a0\u00bb absolute=\u00a0\u00bboff\u00a0\u00bb absolute_devices=\u00a0\u00bbsmall,medium,large\u00a0\u00bb sticky=\u00a0\u00bboff\u00a0\u00bb sticky_devices=\u00a0\u00bbsmall-visibility,medium-visibility,large-visibility\u00a0\u00bb sticky_transition_offset=\u00a0\u00bb0&Prime; scroll_offset=\u00a0\u00bb0&Prime; animation_direction=\u00a0\u00bbleft\u00a0\u00bb animation_speed=\u00a0\u00bb0.3&Prime; filter_hue=\u00a0\u00bb0&Prime; filter_saturation=\u00a0\u00bb100&Prime; filter_brightness=\u00a0\u00bb100&Prime; filter_contrast=\u00a0\u00bb100&Prime; filter_invert=\u00a0\u00bb0&Prime; filter_sepia=\u00a0\u00bb0&Prime; filter_opacity=\u00a0\u00bb100&Prime; filter_blur=\u00a0\u00bb0&Prime; filter_hue_hover=\u00a0\u00bb0&Prime; filter_saturation_hover=\u00a0\u00bb100&Prime; filter_brightness_hover=\u00a0\u00bb100&Prime; filter_contrast_hover=\u00a0\u00bb100&Prime; filter_invert_hover=\u00a0\u00bb0&Prime; filter_sepia_hover=\u00a0\u00bb0&Prime; filter_opacity_hover=\u00a0\u00bb100&Prime; filter_blur_hover=\u00a0\u00bb0&Prime;][fusion_builder_row][fusion_builder_column type=\u00a0\u00bb1_1&Prime; type=\u00a0\u00bb1_1&Prime; align_self=\u00a0\u00bbauto\u00a0\u00bb content_layout=\u00a0\u00bbcolumn\u00a0\u00bb align_content=\u00a0\u00bbflex-start\u00a0\u00bb valign_content=\u00a0\u00bbflex-start\u00a0\u00bb content_wrap=\u00a0\u00bbwrap\u00a0\u00bb spacing=\u00a0\u00bb\u00a0\u00bb center_content=\u00a0\u00bbno\u00a0\u00bb link=\u00a0\u00bb\u00a0\u00bb target=\u00a0\u00bb_self\u00a0\u00bb min_height=\u00a0\u00bb\u00a0\u00bb hide_on_mobile=\u00a0\u00bbsmall-visibility,medium-visibility,large-visibility\u00a0\u00bb sticky_display=\u00a0\u00bbnormal,sticky\u00a0\u00bb class=\u00a0\u00bb\u00a0\u00bb id=\u00a0\u00bb\u00a0\u00bb type_medium=\u00a0\u00bb\u00a0\u00bb type_small=\u00a0\u00bb\u00a0\u00bb order_medium=\u00a0\u00bb0&Prime; order_small=\u00a0\u00bb0&Prime; dimension_spacing_medium=\u00a0\u00bb\u00a0\u00bb dimension_spacing_small=\u00a0\u00bb\u00a0\u00bb dimension_spacing=\u00a0\u00bb\u00a0\u00bb dimension_margin_medium=\u00a0\u00bb\u00a0\u00bb dimension_margin_small=\u00a0\u00bb\u00a0\u00bb dimension_margin=\u00a0\u00bb\u00a0\u00bb padding_medium=\u00a0\u00bb\u00a0\u00bb padding_small=\u00a0\u00bb\u00a0\u00bb padding_top=\u00a0\u00bb\u00a0\u00bb padding_right=\u00a0\u00bb\u00a0\u00bb padding_bottom=\u00a0\u00bb\u00a0\u00bb padding_left=\u00a0\u00bb\u00a0\u00bb hover_type=\u00a0\u00bbnone\u00a0\u00bb border_sizes=\u00a0\u00bb\u00a0\u00bb border_color=\u00a0\u00bb\u00a0\u00bb border_style=\u00a0\u00bbsolid\u00a0\u00bb border_radius=\u00a0\u00bb\u00a0\u00bb box_shadow=\u00a0\u00bbno\u00a0\u00bb dimension_box_shadow=\u00a0\u00bb\u00a0\u00bb box_shadow_blur=\u00a0\u00bb0&Prime; box_shadow_spread=\u00a0\u00bb0&Prime; box_shadow_color=\u00a0\u00bb\u00a0\u00bb box_shadow_style=\u00a0\u00bb\u00a0\u00bb background_type=\u00a0\u00bbsingle\u00a0\u00bb gradient_start_color=\u00a0\u00bb\u00a0\u00bb gradient_end_color=\u00a0\u00bb\u00a0\u00bb gradient_start_position=\u00a0\u00bb0&Prime; gradient_end_position=\u00a0\u00bb100&Prime; gradient_type=\u00a0\u00bblinear\u00a0\u00bb radial_direction=\u00a0\u00bbcenter center\u00a0\u00bb linear_angle=\u00a0\u00bb180&Prime; background_color=\u00a0\u00bb\u00a0\u00bb background_image=\u00a0\u00bb\u00a0\u00bb background_image_id=\u00a0\u00bb\u00a0\u00bb background_position=\u00a0\u00bbleft top\u00a0\u00bb background_repeat=\u00a0\u00bbno-repeat\u00a0\u00bb background_blend_mode=\u00a0\u00bbnone\u00a0\u00bb render_logics=\u00a0\u00bb\u00a0\u00bb filter_type=\u00a0\u00bbregular\u00a0\u00bb filter_hue=\u00a0\u00bb0&Prime; filter_saturation=\u00a0\u00bb100&Prime; filter_brightness=\u00a0\u00bb100&Prime; filter_contrast=\u00a0\u00bb100&Prime; filter_invert=\u00a0\u00bb0&Prime; filter_sepia=\u00a0\u00bb0&Prime; filter_opacity=\u00a0\u00bb100&Prime; filter_blur=\u00a0\u00bb0&Prime; filter_hue_hover=\u00a0\u00bb0&Prime; filter_saturation_hover=\u00a0\u00bb100&Prime; filter_brightness_hover=\u00a0\u00bb100&Prime; filter_contrast_hover=\u00a0\u00bb100&Prime; filter_invert_hover=\u00a0\u00bb0&Prime; filter_sepia_hover=\u00a0\u00bb0&Prime; filter_opacity_hover=\u00a0\u00bb100&Prime; filter_blur_hover=\u00a0\u00bb0&Prime; animation_type=\u00a0\u00bb\u00a0\u00bb animation_direction=\u00a0\u00bbleft\u00a0\u00bb animation_speed=\u00a0\u00bb0.3&Prime; animation_offset=\u00a0\u00bb\u00a0\u00bb last=\u00a0\u00bbno\u00a0\u00bb border_position=\u00a0\u00bball\u00a0\u00bb][fusion_content_boxes layout=\u00a0\u00bbicon-on-top\u00a0\u00bb columns=\u00a0\u00bb4&Prime; heading_size=\u00a0\u00bb2&Prime; iconspin=\u00a0\u00bbno\u00a0\u00bb icon_align=\u00a0\u00bbleft\u00a0\u00bb animation_direction=\u00a0\u00bbleft\u00a0\u00bb animation_speed=\u00a0\u00bb0.3&Prime; hide_on_mobile=\u00a0\u00bbsmall-visibility,medium-visibility,large-visibility\u00a0\u00bb link_type=\u00a0\u00bbbutton-bar\u00a0\u00bb link_target=\u00a0\u00bb_blank\u00a0\u00bb animation_type=\u00a0\u00bbzoom\u00a0\u00bb circlecolor=\u00a0\u00bb#0091e5&Prime; icon_circle=\u00a0\u00bbyes\u00a0\u00bb circlebordersize=\u00a0\u00bb0&Prime; outercirclebordersize=\u00a0\u00bb0&Prime; icon_size=\u00a0\u00bb30&Prime; hover_accent_color=\u00a0\u00bb#ff9800&Prime;][fusion_content_box title=\u00a0\u00bbAmiens\u00a0\u00bb backgroundcolor=\u00a0\u00bb\u00a0\u00bb icon=\u00a0\u00bb\u00a0\u00bb iconflip=\u00a0\u00bb\u00a0\u00bb iconrotate=\u00a0\u00bb\u00a0\u00bb iconspin=\u00a0\u00bb\u00a0\u00bb iconcolor=\u00a0\u00bb\u00a0\u00bb circlecolor=\u00a0\u00bb\u00a0\u00bb circlebordercolor=\u00a0\u00bb\u00a0\u00bb image=\u00a0\u00bb\u00a0\u00bb image_id=\u00a0\u00bb\u00a0\u00bb image_max_width=\u00a0\u00bb\u00a0\u00bb link=\u00a0\u00bbmailto:abbe.lejeune@gmail.com\u00a0\u00bb linktext=\u00a0\u00bbEnvoyer un mail\u00a0\u00bb animation_type=\u00a0\u00bb\u00a0\u00bb animation_direction=\u00a0\u00bbleft\u00a0\u00bb animation_speed=\u00a0\u00bb0.3&Prime; link_target=\u00a0\u00bb_blank\u00a0\u00bb]Contacter <\/br>le p\u00e8re Arnaud Lejeune[\/fusion_content_box][fusion_content_box title=\u00a0\u00bbBeauvais\u00a0\u00bb backgroundcolor=\u00a0\u00bb\u00a0\u00bb icon=\u00a0\u00bb\u00a0\u00bb iconflip=\u00a0\u00bb\u00a0\u00bb iconrotate=\u00a0\u00bb\u00a0\u00bb iconspin=\u00a0\u00bb\u00a0\u00bb iconcolor=\u00a0\u00bb\u00a0\u00bb circlecolor=\u00a0\u00bb\u00a0\u00bb circlebordercolor=\u00a0\u00bb\u00a0\u00bb image=\u00a0\u00bb\u00a0\u00bb image_id=\u00a0\u00bb\u00a0\u00bb image_max_width=\u00a0\u00bb\u00a0\u00bb link=\u00a0\u00bbmailto:jeunes@oise-catholique.fr\u00a0\u00bb linktext=\u00a0\u00bbEnvoyer un mail\u00a0\u00bb animation_type=\u00a0\u00bb\u00a0\u00bb animation_direction=\u00a0\u00bbleft\u00a0\u00bb animation_speed=\u00a0\u00bb0.3&Prime; link_target=\u00a0\u00bb_blank\u00a0\u00bb]Contacter<\/br>Sabine MAS[\/fusion_content_box][fusion_content_box title=\u00a0\u00bbCh\u00e2lons\u00a0\u00bb backgroundcolor=\u00a0\u00bb\u00a0\u00bb icon=\u00a0\u00bb\u00a0\u00bb iconflip=\u00a0\u00bb\u00a0\u00bb iconrotate=\u00a0\u00bb\u00a0\u00bb iconspin=\u00a0\u00bb\u00a0\u00bb iconcolor=\u00a0\u00bb\u00a0\u00bb circlecolor=\u00a0\u00bb#0091e5&Prime; circlebordercolor=\u00a0\u00bb\u00a0\u00bb image=\u00a0\u00bb\u00a0\u00bb image_id=\u00a0\u00bb\u00a0\u00bb image_max_width=\u00a0\u00bb\u00a0\u00bb link=\u00a0\u00bbmailto:vincent.cardot@gmail.com\u00a0\u00bb linktext=\u00a0\u00bbEnvoyer un mail\u00a0\u00bb animation_type=\u00a0\u00bb\u00a0\u00bb animation_direction=\u00a0\u00bbleft\u00a0\u00bb animation_speed=\u00a0\u00bb0.3&Prime; link_target=\u00a0\u00bb_blank\u00a0\u00bb circlebordersize=\u00a0\u00bb0&Prime; outercirclebordersize=\u00a0\u00bb0&Prime;]Contacter<\/br>Nad\u00e8ge Boone[\/fusion_content_box][fusion_content_box title=\u00a0\u00bbLangres\u00a0\u00bb backgroundcolor=\u00a0\u00bb\u00a0\u00bb icon=\u00a0\u00bb\u00a0\u00bb iconflip=\u00a0\u00bb\u00a0\u00bb iconrotate=\u00a0\u00bb\u00a0\u00bb iconspin=\u00a0\u00bb\u00a0\u00bb iconcolor=\u00a0\u00bb\u00a0\u00bb circlecolor=\u00a0\u00bb#0091e5&Prime; circlebordercolor=\u00a0\u00bb\u00a0\u00bb image=\u00a0\u00bb\u00a0\u00bb image_id=\u00a0\u00bb\u00a0\u00bb image_max_width=\u00a0\u00bb\u00a0\u00bb link=\u00a0\u00bbmailto:polejeunesse@catho52.fr\u00a0\u00bb linktext=\u00a0\u00bbEnvoyer un mail\u00a0\u00bb animation_type=\u00a0\u00bb\u00a0\u00bb animation_direction=\u00a0\u00bbleft\u00a0\u00bb animation_speed=\u00a0\u00bb0.3&Prime; link_target=\u00a0\u00bb_blank\u00a0\u00bb circlebordersize=\u00a0\u00bb0&Prime; outercirclebordersize=\u00a0\u00bb0&Prime;]Contacter<\/br>le p\u00e8re Vincent Cardot[\/fusion_content_box][\/fusion_content_boxes][fusion_separator style_type=\u00a0\u00bbnone\u00a0\u00bb flex_grow=\u00a0\u00bb0&Prime; alignment=\u00a0\u00bbcenter\u00a0\u00bb border_size=\u00a0\u00bb\u00a0\u00bb sep_color=\u00a0\u00bb\u00a0\u00bb icon=\u00a0\u00bb\u00a0\u00bb icon_size=\u00a0\u00bb\u00a0\u00bb icon_color=\u00a0\u00bb\u00a0\u00bb icon_circle=\u00a0\u00bb\u00a0\u00bb icon_circle_color=\u00a0\u00bb\u00a0\u00bb hide_on_mobile=\u00a0\u00bbsmall-visibility,medium-visibility,large-visibility\u00a0\u00bb sticky_display=\u00a0\u00bbnormal,sticky\u00a0\u00bb class=\u00a0\u00bb\u00a0\u00bb id=\u00a0\u00bb\u00a0\u00bb top_margin=\u00a0\u00bb30px\u00a0\u00bb \/][fusion_content_boxes layout=\u00a0\u00bbicon-on-top\u00a0\u00bb columns=\u00a0\u00bb3&Prime; heading_size=\u00a0\u00bb2&Prime; iconspin=\u00a0\u00bbno\u00a0\u00bb icon_align=\u00a0\u00bbleft\u00a0\u00bb animation_direction=\u00a0\u00bbleft\u00a0\u00bb animation_speed=\u00a0\u00bb0.3&Prime; hide_on_mobile=\u00a0\u00bbsmall-visibility,medium-visibility,large-visibility\u00a0\u00bb link_type=\u00a0\u00bbbutton-bar\u00a0\u00bb link_target=\u00a0\u00bb_blank\u00a0\u00bb animation_type=\u00a0\u00bbzoom\u00a0\u00bb circlecolor=\u00a0\u00bb#0091e5&Prime; icon_circle=\u00a0\u00bbyes\u00a0\u00bb circlebordersize=\u00a0\u00bb0&Prime; outercirclebordersize=\u00a0\u00bb0&Prime; icon_size=\u00a0\u00bb30&Prime; hover_accent_color=\u00a0\u00bb#ff9800&Prime;][fusion_content_box title=\u00a0\u00bbReims et Ardennes\u00a0\u00bb backgroundcolor=\u00a0\u00bb\u00a0\u00bb icon=\u00a0\u00bb\u00a0\u00bb iconflip=\u00a0\u00bb\u00a0\u00bb iconrotate=\u00a0\u00bb\u00a0\u00bb iconspin=\u00a0\u00bb\u00a0\u00bb iconcolor=\u00a0\u00bb\u00a0\u00bb circlecolor=\u00a0\u00bb#0091e5&Prime; circlebordercolor=\u00a0\u00bb\u00a0\u00bb image=\u00a0\u00bb\u00a0\u00bb image_id=\u00a0\u00bb\u00a0\u00bb image_max_width=\u00a0\u00bb\u00a0\u00bb link=\u00a0\u00bbmailto:lallement.pe@gmail.com\u00a0\u00bb linktext=\u00a0\u00bbEnvoyer un mail\u00a0\u00bb animation_type=\u00a0\u00bb\u00a0\u00bb animation_direction=\u00a0\u00bbleft\u00a0\u00bb animation_speed=\u00a0\u00bb0.3&Prime; link_target=\u00a0\u00bb_blank\u00a0\u00bb circlebordersize=\u00a0\u00bb0&Prime; outercirclebordersize=\u00a0\u00bb0&Prime;]Contacter <\/br>le p\u00e8re Lallement[\/fusion_content_box][fusion_content_box title=\u00a0\u00bbSoissons\u00a0\u00bb backgroundcolor=\u00a0\u00bb\u00a0\u00bb icon=\u00a0\u00bb\u00a0\u00bb iconflip=\u00a0\u00bb\u00a0\u00bb iconrotate=\u00a0\u00bb\u00a0\u00bb iconspin=\u00a0\u00bb\u00a0\u00bb iconcolor=\u00a0\u00bb\u00a0\u00bb circlecolor=\u00a0\u00bb#0091e5&Prime; circlebordercolor=\u00a0\u00bb\u00a0\u00bb image=\u00a0\u00bb\u00a0\u00bb image_id=\u00a0\u00bb\u00a0\u00bb image_max_width=\u00a0\u00bb\u00a0\u00bb link=\u00a0\u00bbmailto:violainedesevin@yahoo.fr\u00a0\u00bb linktext=\u00a0\u00bbEnvoyer un mail\u00a0\u00bb animation_type=\u00a0\u00bb\u00a0\u00bb animation_direction=\u00a0\u00bbleft\u00a0\u00bb animation_speed=\u00a0\u00bb0.3&Prime; link_target=\u00a0\u00bb_blank\u00a0\u00bb circlebordersize=\u00a0\u00bb0&Prime; outercirclebordersize=\u00a0\u00bb0&Prime;]Contacter <\/br>Violaine Sevin[\/fusion_content_box][fusion_content_box title=\u00a0\u00bbTroyes\u00a0\u00bb backgroundcolor=\u00a0\u00bb\u00a0\u00bb icon=\u00a0\u00bb\u00a0\u00bb iconflip=\u00a0\u00bb\u00a0\u00bb iconrotate=\u00a0\u00bb\u00a0\u00bb iconspin=\u00a0\u00bb\u00a0\u00bb iconcolor=\u00a0\u00bb\u00a0\u00bb circlecolor=\u00a0\u00bb#0091e5&Prime; circlebordercolor=\u00a0\u00bb\u00a0\u00bb image=\u00a0\u00bb\u00a0\u00bb image_id=\u00a0\u00bb\u00a0\u00bb image_max_width=\u00a0\u00bb\u00a0\u00bb link=\u00a0\u00bbmailto:sr.helene-francoise@orange.fr\u00a0\u00bb linktext=\u00a0\u00bbEnvoyer un mail\u00a0\u00bb animation_type=\u00a0\u00bb\u00a0\u00bb animation_direction=\u00a0\u00bbleft\u00a0\u00bb animation_speed=\u00a0\u00bb0.3&Prime; link_target=\u00a0\u00bb_blank\u00a0\u00bb circlebordersize=\u00a0\u00bb0&Prime; outercirclebordersize=\u00a0\u00bb0&Prime;]Contacter <\/br>S\u0153ur H\u00e9l\u00e8ne-Fran\u00e7oise[\/fusion_content_box][\/fusion_content_boxes][\/fusion_builder_column][\/fusion_builder_row][\/fusion_builder_container]\n","protected":false},"excerpt":{"rendered":"<p>[fusion_builder_container type=\u00a0\u00bbflex\u00a0\u00bb hundred_percent=\u00a0\u00bbno\u00a0\u00bb hundred_percent_height=\u00a0\u00bbno\u00a0\u00bb hundred_percent_height_scroll=\u00a0\u00bbno\u00a0\u00bb align_content=\u00a0\u00bbstretch\u00a0\u00bb flex_align_items=\u00a0\u00bbflex-start\u00a0\u00bb flex_justify_content=\u00a0\u00bbflex-start\u00a0\u00bb hundred_percent_height_center_content=\u00a0\u00bbyes\u00a0\u00bb equal_height_columns=\u00a0\u00bbno\u00a0\u00bb [&hellip;]<\/p>\n","protected":false},"author":158,"featured_media":0,"parent":0,"menu_order":0,"comment_status":"closed","ping_status":"closed","template":"","meta":{"xn-wppe-expiration":[],"xn-wppe-expiration-action":[],"xn-wppe-expiration-prefix":[],"footnotes":""},"_links":{"self":[{"href":"https:\/\/chalons.catholique.fr\/jmjreims\/wp-json\/wp\/v2\/pages\/149"}],"collection":[{"href":"https:\/\/chalons.catholique.fr\/jmjreims\/wp-json\/wp\/v2\/pages"}],"about":[{"href":"https:\/\/chalons.catholique.fr\/jmjreims\/wp-json\/wp\/v2\/types\/page"}],"author":[{"embeddable":true,"href":"https:\/\/chalons.catholique.fr\/jmjreims\/wp-json\/wp\/v2\/users\/158"}],"replies":[{"embeddable":true,"href":"https:\/\/chalons.catholique.fr\/jmjreims\/wp-json\/wp\/v2\/comments?post=149"}],"version-history":[{"count":0,"href":"https:\/\/chalons.catholique.fr\/jmjreims\/wp-json\/wp\/v2\/pages\/149\/revisions"}],"wp:attachment":[{"href":"https:\/\/chalons.catholique.fr\/jmjreims\/wp-json\/wp\/v2\/media?parent=149"}],"curies":[{"name":"wp","href":"https:\/\/api.w.org\/{rel}","templated":true}]}}