{"id":12472,"date":"2020-11-30T10:50:21","date_gmt":"2020-11-30T09:50:21","guid":{"rendered":"https:\/\/chalons.catholique.fr\/hospitalite\/?page_id=12472"},"modified":"2025-12-23T14:34:15","modified_gmt":"2025-12-23T13:34:15","slug":"le-reste-de-lannee","status":"publish","type":"page","link":"https:\/\/chalons.catholique.fr\/hospitalite\/le-reste-de-lannee\/","title":{"rendered":"Le reste de l&rsquo;ann\u00e9e"},"content":{"rendered":"<div class=\"fusion-fullwidth fullwidth-box fusion-builder-row-1 nonhundred-percent-fullwidth non-hundred-percent-height-scrolling\" style=\"--awb-border-radius-top-left:0px;--awb-border-radius-top-right:0px;--awb-border-radius-bottom-right:0px;--awb-border-radius-bottom-left:0px;--awb-flex-wrap:wrap;\" ><div class=\"fusion-builder-row fusion-row\"><div class=\"fusion-layout-column fusion_builder_column fusion-builder-column-0 fusion_builder_column_1_1 1_1 fusion-one-full fusion-column-first fusion-column-last\" style=\"--awb-bg-size:cover;\"><div class=\"fusion-column-wrapper fusion-column-has-shadow fusion-flex-column-wrapper-legacy\"><div class=\"fusion-title title fusion-title-1 fusion-sep-none fusion-title-text fusion-title-size-one\" style=\"--awb-text-color:#004e6b;--awb-margin-bottom:0px;--awb-font-size:31px;\"><h1 class=\"fusion-title-heading title-heading-left fusion-responsive-typography-calculated\" style=\"margin:0;font-size:1em;letter-spacing:;--fontSize:31;line-height:1.19;\"><span style=\"font-size: 26px;\" data-fusion-font=\"true\"><\/p>\n<p>\t\t\t<span style=\"font-family: Open Sans; font-weight: 300;\" data-fusion-font=\"true\" data-fusion-google-font=\"Open Sans\" data-fusion-google-variant=\"300\"><u>Le reste de l\u2019ann\u00e9e, en dehors du p\u00e8lerinage<\/u><\/span><\/span><\/p><\/h1><\/div><div class=\"fusion-text fusion-text-1\"><p align=\"justify\">L\u2019Hospitalit\u00e9 est une grande famille durant toute l\u2019ann\u00e9e et pas seulement pendant les 6 jours du p\u00e8lerinage annuel.<\/p>\n<p align=\"justify\">Les hospitaliers et hospitali\u00e8res sont certes r\u00e9partis aux quatre coins du dioc\u00e8se, voir m\u00eame en dehors du dioc\u00e8se pour certains mais nous essayons de garder un lien tout au long de l\u2019ann\u00e9e gr\u00e2ce aux moyens de communication dont nous disposons : t\u00e9l\u00e9phones, courriers, mails, site internet, page Facebook\u2026<\/p>\n<p align=\"justify\"><span style=\"color: rgb(0, 78, 107);\"><b><u>\u2713 La communication au sein de l\u2019Hospitalit\u00e9 :<\/u><\/b><\/span> <\/p>\n<p align=\"justify\">&#8211; Les mails : la plus grande partie de la communication durant l\u2019ann\u00e9e se fait par mail. Les informations communiqu\u00e9es toute l\u2019ann\u00e9e sont souvent li\u00e9es \u00e0 la vie familiale de l\u2019Hospitalit\u00e9 : naissance, mariage et malheureusement d\u00e9c\u00e8s d\u2019un hospitalier ou dans la famille proche des hospitaliers (pour ceux qui en informent le secr\u00e9tariat). Ces informations peuvent \u00eatre communiqu\u00e9es \u00e0 notre secr\u00e9taire ou \u00e0 l\u2019adresse suivante : <b>hospitalite@chalons.catholique.fr<\/b><\/p>\n<p align=\"justify\">&#8211; Le t\u00e9l\u00e9phone : ce moyen de communication est surtout utilis\u00e9 entre les membres du bureau ou \u00e0 des occasions particuli\u00e8res. Le secr\u00e9tariat envoie \u00e9galement un sms \u00e0 ceux qui n\u2019ont pas de mails pour les informer de la vie familiale.<\/p>\n<p align=\"justify\">&#8211; Le courrier : ce moyen de communication est utilis\u00e9 pour envoyer l\u2019invitation \u00e0 l\u2019Assembl\u00e9e G\u00e9n\u00e9rale annuelle (avec coupon-r\u00e9ponse) et les derni\u00e8res informations avant le d\u00e9part (composition des groupes, horaires et responsabilit\u00e9s).<\/p>\n<p align=\"justify\">&#8211; Le site internet : sur ce site, vous trouverez toutes les informations n\u00e9cessaires pour comprendre le fonctionnement de l\u2019Hospitalit\u00e9, les dates du p\u00e8lerinage annuel et des rencontres de l\u2019ann\u00e9e et les contacts des responsables de l\u2019Hospitalit\u00e9.<\/p>\n<p align=\"justify\">Son adresse est : http:\/\/chalons.catholique.fr\/hospitalite\/<\/p>\n<p align=\"justify\">&#8211; La page Facebook : elle s\u2019intitule \u00ab Hospitalit\u00e9 Dioc\u00e8se de Ch\u00e2lons \u00bb.<\/p>\n<p align=\"justify\">Cette page est active toute l\u2019ann\u00e9e. Vous y trouverez l\u2019agenda de l\u2019Hospitalit\u00e9, des partages de publications du dioc\u00e8se et d\u2019autres hospitalit\u00e9s de France (et oui, les amiti\u00e9s entre hospitalit\u00e9s francophones ne sont pas rares) et des photos et vid\u00e9os.<\/p>\n<p align=\"justify\">Durant les 6 jours du p\u00e8lerinage annuel \u00e0 Lourdes, vous y trouverez chaque matin le programme de la journ\u00e9e et chaque soir les photos et vid\u00e9os des moments forts de la journ\u00e9e.<\/p>\n<p style=\"color: rgb(0, 78, 107);\" align=\"justify\"><u><b>\u2713 Les rencontres amicales :<\/b><\/u><\/p>\n<p align=\"justify\">La rencontre amicale la plus importante de l\u2019ann\u00e9e est bien \u00e9videment le p\u00e8lerinage \u00e0 Lourdes. Mais tout au long de l\u2019ann\u00e9e, nous nous retrouvons pour des journ\u00e9es de d\u00e9tente. La premi\u00e8re journ\u00e9e de l\u2019ann\u00e9e, c\u2019est l\u2019Assembl\u00e9e G\u00e9n\u00e9rale qui se d\u00e9roule un dimanche en f\u00e9vrier. Elle marque le d\u00e9but des pr\u00e9paratifs du p\u00e8lerinage annuel.<\/p>\n<p align=\"justify\">Cette journ\u00e9e commence par les retrouvailles des hospitaliers et hospitali\u00e8res dans la salle de l\u2019abri du p\u00e8lerin \u00e0 L&rsquo;\u00c9pine (c\u2019est \u00e0 ce moment que l\u2019on s\u2019inscrit pour le p\u00e8lerinage) puis se poursuit par la messe dominicale en la Basilique de l\u2019Epine, suivie d\u2019un repas (sur inscription). L\u2019apr\u00e8s-midi continue avec l\u2019Assembl\u00e9e G\u00e9n\u00e9rale proprement dite durant laquelle :<\/p>\n<p align=\"justify\">&#8211; l\u2019Aum\u00f4nier nous pr\u00e9sente le th\u00e8me de Lourdes de l\u2019ann\u00e9e,<\/p>\n<p align=\"justify\">&#8211; le Pr\u00e9sident fait le bilan du p\u00e8lerinage de l\u2019ann\u00e9e pr\u00e9c\u00e9dente (en s\u2019appuyant sur les comptes-rendus des<\/p>\n<p align=\"justify\">bilans faits dans chaque doyenn\u00e9 au retour de Lourdes),<\/p>\n<p align=\"justify\">&#8211; le Tr\u00e9sorier expose le bilan financier de l\u2019ann\u00e9e \u00e9coul\u00e9e,<\/p>\n<p align=\"justify\">&#8211; le Pr\u00e9sident nous d\u00e9voile le planning du p\u00e8lerinage de l\u2019ann\u00e9e et donne les dates de celui de l\u2019ann\u00e9e suivante,<\/p>\n<p align=\"justify\">&#8211; les Auxiliaires sont pr\u00e9sent\u00e9s par leur parrain ou marraine,<\/p>\n<p align=\"justify\">&#8211; chacun est libre de poser ses questions ou de faire part de ses remarques.<\/p>\n<p align=\"justify\">Le deuxi\u00e8me temps fort de l\u2019ann\u00e9e est la Journ\u00e9e d\u2019Amiti\u00e9, d\u00e9but octobre, organis\u00e9e \u00e0 tour de r\u00f4le par chaque Espace Missionnaire. Elle commence par la messe dominicale du lieu o\u00f9 elle est organis\u00e9e et se poursuit par un repas (mis en commun le plus souvent). Elle se poursuit par un apr\u00e8s-midi diversifi\u00e9 en fonction du lieu (concert, visite\u2026).<\/p>\n<p align=\"justify\">D\u2019autres rencontres ont lieu tout au long de l\u2019ann\u00e9e, et surtout dans le mois qui pr\u00e9c\u00e8de le d\u00e9part \u00e0 Lourdes. Ce sont des r\u00e9unions des responsables (Bureau, Comit\u00e9\u2026) qui se passent le plus souvent \u00e0 l\u2019\u00c9v\u00each\u00e9. D\u2019autres \u00e9v\u00e8nements de la vie, le plus souvent tristes, nous permettent de nous revoir entre temps.<\/p>\n<p align=\"justify\">\u00c0 chaque d\u00e9c\u00e8s, les hospitaliers et hospitali\u00e8res qui le veulent et qui le peuvent se d\u00e9placent pour accompagner la famille en deuil. Lorsque le d\u00e9funt est un membre de l\u2019Hospitalit\u00e9, la banni\u00e8re est pr\u00e9sente, en signe de respect et de remerciement pour le d\u00e9vouement et le service rendu aupr\u00e8s des p\u00e8lerins malades.<\/p>\n<p align=\"justify\">Il nous arrive aussi parfois de nous retrouver pour un \u00e9v\u00e8nement plus joyeux \u00e0 l\u2019occasion du mariage d\u2019un ou d\u2019une hospitali\u00e8re et d\u2019un proche.<\/p>\n<p align=\"center\"><b><span style=\"font-size: 17px; font-family: Alef; color: rgb(0, 78, 107);\" data-fusion-font=\"true\" data-fusion-google-font=\"Alef\" data-fusion-google-variant=\"400\">L\u2019Hospitalit\u00e9 est une grande famille o\u00f9 chacun a sa place !<\/span><br \/><span style=\"font-size: 17px; font-family: Alef; color: rgb(0, 78, 107);\" data-fusion-font=\"true\" data-fusion-google-font=\"Alef\" data-fusion-google-variant=\"400\">L\u2019amiti\u00e9 et la fraternit\u00e9 qui y r\u00e8gnent sous souvent source de soutien et de r\u00e9confort dans les moments difficiles de la vie !<\/span><\/b><\/p>\n<\/div><div class=\"fusion-clearfix\"><\/div><\/div><\/div><\/div><\/div>\n","protected":false},"excerpt":{"rendered":"","protected":false},"author":31,"featured_media":0,"parent":0,"menu_order":0,"comment_status":"closed","ping_status":"closed","template":"","meta":{"xn-wppe-expiration":[],"xn-wppe-expiration-action":[],"xn-wppe-expiration-prefix":[],"footnotes":""},"_links":{"self":[{"href":"https:\/\/chalons.catholique.fr\/hospitalite\/wp-json\/wp\/v2\/pages\/12472"}],"collection":[{"href":"https:\/\/chalons.catholique.fr\/hospitalite\/wp-json\/wp\/v2\/pages"}],"about":[{"href":"https:\/\/chalons.catholique.fr\/hospitalite\/wp-json\/wp\/v2\/types\/page"}],"author":[{"embeddable":true,"href":"https:\/\/chalons.catholique.fr\/hospitalite\/wp-json\/wp\/v2\/users\/31"}],"replies":[{"embeddable":true,"href":"https:\/\/chalons.catholique.fr\/hospitalite\/wp-json\/wp\/v2\/comments?post=12472"}],"version-history":[{"count":3,"href":"https:\/\/chalons.catholique.fr\/hospitalite\/wp-json\/wp\/v2\/pages\/12472\/revisions"}],"predecessor-version":[{"id":12581,"href":"https:\/\/chalons.catholique.fr\/hospitalite\/wp-json\/wp\/v2\/pages\/12472\/revisions\/12581"}],"wp:attachment":[{"href":"https:\/\/chalons.catholique.fr\/hospitalite\/wp-json\/wp\/v2\/media?parent=12472"}],"curies":[{"name":"wp","href":"https:\/\/api.w.org\/{rel}","templated":true}]}}