{"id":12453,"date":"2020-11-26T17:03:13","date_gmt":"2020-11-26T16:03:13","guid":{"rendered":"https:\/\/chalons.catholique.fr\/hospitalite\/?page_id=12453"},"modified":"2025-12-23T14:42:49","modified_gmt":"2025-12-23T13:42:49","slug":"le-pelerinage","status":"publish","type":"page","link":"https:\/\/chalons.catholique.fr\/hospitalite\/le-pelerinage\/","title":{"rendered":"Le p\u00e8lerinage"},"content":{"rendered":"<div class=\"fusion-fullwidth fullwidth-box fusion-builder-row-1 nonhundred-percent-fullwidth non-hundred-percent-height-scrolling\" style=\"--awb-border-radius-top-left:0px;--awb-border-radius-top-right:0px;--awb-border-radius-bottom-right:0px;--awb-border-radius-bottom-left:0px;--awb-margin-top:30px;--awb-flex-wrap:wrap;\" ><div class=\"fusion-builder-row fusion-row\"><div class=\"fusion-layout-column fusion_builder_column fusion-builder-column-0 fusion_builder_column_1_1 1_1 fusion-one-full fusion-column-first fusion-column-last\" style=\"--awb-bg-size:cover;\"><div class=\"fusion-column-wrapper fusion-column-has-shadow fusion-flex-column-wrapper-legacy\"><div class=\"fusion-title title fusion-title-1 fusion-sep-none fusion-title-text fusion-title-size-one\" style=\"--awb-text-color:#004e6b;--awb-font-size:36px;\"><h1 class=\"fusion-title-heading title-heading-left fusion-responsive-typography-calculated\" style=\"margin:0;font-size:1em;--fontSize:36;line-height:1.45;\"><u>Le P\u00e8lerinage annuel \u00e0 Lourdes<\/u><\/h1><\/div><div class=\"fusion-image-carousel fusion-image-carousel-auto fusion-image-carousel-1 fusion-carousel-border\"><div class=\"awb-carousel awb-swiper awb-swiper-carousel\" data-autoplay=\"yes\" data-columns=\"3\" data-itemmargin=\"13\" data-itemwidth=\"180\" data-touchscroll=\"no\" data-imagesize=\"auto\" style=\"--awb-columns:3;\"><div class=\"swiper-wrapper awb-image-carousel-wrapper fusion-flex-align-items-center\"><div class=\"swiper-slide\"><div class=\"fusion-carousel-item-wrapper\"><div class=\"fusion-image-wrapper hover-type-none\"><img width=\"1200\" height=\"690\" src=\"https:\/\/chalons.catholique.fr\/hospitalite\/wp-content\/uploads\/sites\/31\/2020\/11\/voyage-tgv.jpg\" class=\"attachment-full size-full\" alt=\"\" decoding=\"async\" srcset=\"https:\/\/chalons.catholique.fr\/hospitalite\/wp-content\/uploads\/sites\/31\/2020\/11\/voyage-tgv-200x115.jpg 200w, https:\/\/chalons.catholique.fr\/hospitalite\/wp-content\/uploads\/sites\/31\/2020\/11\/voyage-tgv-400x230.jpg 400w, https:\/\/chalons.catholique.fr\/hospitalite\/wp-content\/uploads\/sites\/31\/2020\/11\/voyage-tgv-600x345.jpg 600w, https:\/\/chalons.catholique.fr\/hospitalite\/wp-content\/uploads\/sites\/31\/2020\/11\/voyage-tgv-800x460.jpg 800w, https:\/\/chalons.catholique.fr\/hospitalite\/wp-content\/uploads\/sites\/31\/2020\/11\/voyage-tgv.jpg 1200w\" sizes=\"(min-width: 2200px) 100vw, (min-width: 824px) 405px, (min-width: 732px) 607px, (min-width: 640px) 732px, \" \/><\/div><\/div><\/div><div class=\"swiper-slide\"><div class=\"fusion-carousel-item-wrapper\"><div class=\"fusion-image-wrapper hover-type-none\"><img width=\"527\" height=\"351\" src=\"https:\/\/chalons.catholique.fr\/hospitalite\/wp-content\/uploads\/sites\/31\/2020\/11\/St-Frai-puits-de-lumie\u0300re-2.jpg\" class=\"attachment-full size-full\" alt=\"\" decoding=\"async\" srcset=\"https:\/\/chalons.catholique.fr\/hospitalite\/wp-content\/uploads\/sites\/31\/2020\/11\/St-Frai-puits-de-lumie\u0300re-2-200x133.jpg 200w, https:\/\/chalons.catholique.fr\/hospitalite\/wp-content\/uploads\/sites\/31\/2020\/11\/St-Frai-puits-de-lumie\u0300re-2-400x266.jpg 400w, https:\/\/chalons.catholique.fr\/hospitalite\/wp-content\/uploads\/sites\/31\/2020\/11\/St-Frai-puits-de-lumie\u0300re-2.jpg 527w\" sizes=\"(min-width: 2200px) 100vw, (min-width: 824px) 405px, (min-width: 732px) 607px, (min-width: 640px) 732px, \" \/><\/div><\/div><\/div><div class=\"swiper-slide\"><div class=\"fusion-carousel-item-wrapper\"><div class=\"fusion-image-wrapper hover-type-none\"><img width=\"541\" height=\"361\" src=\"https:\/\/chalons.catholique.fr\/hospitalite\/wp-content\/uploads\/sites\/31\/2020\/11\/St-Frai-puits-de-lumie\u0300re-1.jpg\" class=\"attachment-full size-full\" alt=\"\" decoding=\"async\" srcset=\"https:\/\/chalons.catholique.fr\/hospitalite\/wp-content\/uploads\/sites\/31\/2020\/11\/St-Frai-puits-de-lumie\u0300re-1-200x133.jpg 200w, https:\/\/chalons.catholique.fr\/hospitalite\/wp-content\/uploads\/sites\/31\/2020\/11\/St-Frai-puits-de-lumie\u0300re-1-400x267.jpg 400w, https:\/\/chalons.catholique.fr\/hospitalite\/wp-content\/uploads\/sites\/31\/2020\/11\/St-Frai-puits-de-lumie\u0300re-1.jpg 541w\" sizes=\"(min-width: 2200px) 100vw, (min-width: 824px) 405px, (min-width: 732px) 607px, (min-width: 640px) 732px, \" \/><\/div><\/div><\/div><div class=\"swiper-slide\"><div class=\"fusion-carousel-item-wrapper\"><div class=\"fusion-image-wrapper hover-type-none\"><img width=\"168\" height=\"300\" src=\"https:\/\/chalons.catholique.fr\/hospitalite\/wp-content\/uploads\/sites\/31\/2020\/11\/St-Frai-les-Chapelles.jpg\" class=\"attachment-full size-full\" alt=\"\" decoding=\"async\" \/><\/div><\/div><\/div><div class=\"swiper-slide\"><div class=\"fusion-carousel-item-wrapper\"><div class=\"fusion-image-wrapper hover-type-none\"><img width=\"259\" height=\"194\" src=\"https:\/\/chalons.catholique.fr\/hospitalite\/wp-content\/uploads\/sites\/31\/2020\/11\/St-Frai-e\u0301tage.jpg\" class=\"attachment-full size-full\" alt=\"\" decoding=\"async\" srcset=\"https:\/\/chalons.catholique.fr\/hospitalite\/wp-content\/uploads\/sites\/31\/2020\/11\/St-Frai-e\u0301tage-200x150.jpg 200w, https:\/\/chalons.catholique.fr\/hospitalite\/wp-content\/uploads\/sites\/31\/2020\/11\/St-Frai-e\u0301tage.jpg 259w\" sizes=\"(min-width: 2200px) 100vw, (min-width: 824px) 405px, (min-width: 732px) 607px, (min-width: 640px) 732px, \" \/><\/div><\/div><\/div><div class=\"swiper-slide\"><div class=\"fusion-carousel-item-wrapper\"><div class=\"fusion-image-wrapper hover-type-none\"><img width=\"259\" height=\"194\" src=\"https:\/\/chalons.catholique.fr\/hospitalite\/wp-content\/uploads\/sites\/31\/2020\/11\/St-Frai-aujourdhui.jpg\" class=\"attachment-full size-full\" alt=\"\" decoding=\"async\" srcset=\"https:\/\/chalons.catholique.fr\/hospitalite\/wp-content\/uploads\/sites\/31\/2020\/11\/St-Frai-aujourdhui-200x150.jpg 200w, https:\/\/chalons.catholique.fr\/hospitalite\/wp-content\/uploads\/sites\/31\/2020\/11\/St-Frai-aujourdhui.jpg 259w\" sizes=\"(min-width: 2200px) 100vw, (min-width: 824px) 405px, (min-width: 732px) 607px, (min-width: 640px) 732px, \" \/><\/div><\/div><\/div><div class=\"swiper-slide\"><div class=\"fusion-carousel-item-wrapper\"><div class=\"fusion-image-wrapper hover-type-none\"><img width=\"905\" height=\"597\" src=\"https:\/\/chalons.catholique.fr\/hospitalite\/wp-content\/uploads\/sites\/31\/2020\/11\/St-Frai-1874.jpg\" class=\"attachment-full size-full\" alt=\"\" decoding=\"async\" srcset=\"https:\/\/chalons.catholique.fr\/hospitalite\/wp-content\/uploads\/sites\/31\/2020\/11\/St-Frai-1874-200x132.jpg 200w, https:\/\/chalons.catholique.fr\/hospitalite\/wp-content\/uploads\/sites\/31\/2020\/11\/St-Frai-1874-400x264.jpg 400w, https:\/\/chalons.catholique.fr\/hospitalite\/wp-content\/uploads\/sites\/31\/2020\/11\/St-Frai-1874-600x396.jpg 600w, https:\/\/chalons.catholique.fr\/hospitalite\/wp-content\/uploads\/sites\/31\/2020\/11\/St-Frai-1874-800x528.jpg 800w, https:\/\/chalons.catholique.fr\/hospitalite\/wp-content\/uploads\/sites\/31\/2020\/11\/St-Frai-1874.jpg 905w\" sizes=\"(min-width: 2200px) 100vw, (min-width: 824px) 405px, (min-width: 732px) 607px, (min-width: 640px) 732px, \" \/><\/div><\/div><\/div><div class=\"swiper-slide\"><div class=\"fusion-carousel-item-wrapper\"><div class=\"fusion-image-wrapper hover-type-none\"><img width=\"628\" height=\"471\" src=\"https:\/\/chalons.catholique.fr\/hospitalite\/wp-content\/uploads\/sites\/31\/2020\/11\/Ave-Maria-3.jpg\" class=\"attachment-full size-full\" alt=\"\" decoding=\"async\" srcset=\"https:\/\/chalons.catholique.fr\/hospitalite\/wp-content\/uploads\/sites\/31\/2020\/11\/Ave-Maria-3-200x150.jpg 200w, https:\/\/chalons.catholique.fr\/hospitalite\/wp-content\/uploads\/sites\/31\/2020\/11\/Ave-Maria-3-400x300.jpg 400w, https:\/\/chalons.catholique.fr\/hospitalite\/wp-content\/uploads\/sites\/31\/2020\/11\/Ave-Maria-3-600x450.jpg 600w, https:\/\/chalons.catholique.fr\/hospitalite\/wp-content\/uploads\/sites\/31\/2020\/11\/Ave-Maria-3.jpg 628w\" sizes=\"(min-width: 2200px) 100vw, (min-width: 824px) 405px, (min-width: 732px) 607px, (min-width: 640px) 732px, \" \/><\/div><\/div><\/div><div class=\"swiper-slide\"><div class=\"fusion-carousel-item-wrapper\"><div class=\"fusion-image-wrapper hover-type-none\"><img width=\"259\" height=\"194\" src=\"https:\/\/chalons.catholique.fr\/hospitalite\/wp-content\/uploads\/sites\/31\/2020\/11\/Ave-Maria-2.jpg\" class=\"attachment-full size-full\" alt=\"\" decoding=\"async\" srcset=\"https:\/\/chalons.catholique.fr\/hospitalite\/wp-content\/uploads\/sites\/31\/2020\/11\/Ave-Maria-2-200x150.jpg 200w, https:\/\/chalons.catholique.fr\/hospitalite\/wp-content\/uploads\/sites\/31\/2020\/11\/Ave-Maria-2.jpg 259w\" sizes=\"(min-width: 2200px) 100vw, (min-width: 824px) 405px, (min-width: 732px) 607px, (min-width: 640px) 732px, \" \/><\/div><\/div><\/div><div class=\"swiper-slide\"><div class=\"fusion-carousel-item-wrapper\"><div class=\"fusion-image-wrapper hover-type-none\"><img width=\"275\" height=\"183\" src=\"https:\/\/chalons.catholique.fr\/hospitalite\/wp-content\/uploads\/sites\/31\/2020\/11\/Ave-Maria-1.jpg\" class=\"attachment-full size-full\" alt=\"\" decoding=\"async\" srcset=\"https:\/\/chalons.catholique.fr\/hospitalite\/wp-content\/uploads\/sites\/31\/2020\/11\/Ave-Maria-1-200x133.jpg 200w, https:\/\/chalons.catholique.fr\/hospitalite\/wp-content\/uploads\/sites\/31\/2020\/11\/Ave-Maria-1.jpg 275w\" sizes=\"(min-width: 2200px) 100vw, (min-width: 824px) 405px, (min-width: 732px) 607px, (min-width: 640px) 732px, \" \/><\/div><\/div><\/div><\/div><div class=\"awb-swiper-button awb-swiper-button-prev\"><i class=\"awb-icon-angle-left\" aria-hidden=\"true\"><\/i><\/div><div class=\"awb-swiper-button awb-swiper-button-next\"><i class=\"awb-icon-angle-right\" aria-hidden=\"true\"><\/i><\/div><\/div><\/div><div class=\"fusion-clearfix\"><\/div><\/div><\/div><div class=\"fusion-layout-column fusion_builder_column fusion-builder-column-1 fusion_builder_column_1_1 1_1 fusion-one-full fusion-column-first fusion-column-last\" style=\"--awb-bg-size:cover;\"><div class=\"fusion-column-wrapper fusion-column-has-shadow fusion-flex-column-wrapper-legacy\"><div class=\"fusion-text fusion-text-1\"><p><b style=\"color: rgb(0, 78, 107); font-size: 17px;\" data-fusion-font=\"true\">Le voyage<\/b> en direction de Lourdes se fait en TGV au d\u00e9part de la gare de Ch\u00e2lons. C\u2019est un TGV classique \u00e0 2 \u00e9tages. Les p\u00e8lerins malades et les hospitaliers voyagent dans 3 voitures. Les autres p\u00e8lerins du dioc\u00e8se, les pr\u00eatres et les jeunes occupent le reste du TGV. <\/p>\n<p>Les p\u00e8lerins malades sont install\u00e9s dans les si\u00e8ges au rez-de-chauss\u00e9e et les hospitaliers sont au 1er \u00e9tage. Un brancard est install\u00e9 dans chaque voiture pour permettre d\u2019emmener un malade alit\u00e9. Un hospitalier et deux hospitali\u00e8res sont au service des p\u00e8lerins malades par roulement de 3h (environ).<\/p>\n<p>Le TGV est un train sp\u00e9cial, il n\u2019est donc pas prioritaire sur les voies. Cela arrive donc parfois que l\u2019on soit arr\u00eat\u00e9 dans certaines gares ou en pleine voie pour laisser passer d\u2019autres trains. \u00c0 l\u2019arriv\u00e9e, ce sont les b\u00e9n\u00e9voles de l\u2019hospitalit\u00e9 Notre-Dame de Lourdes qui s\u2019occupent des p\u00e8lerins malades. Quelques hospitaliers de Ch\u00e2lons et les pages se chargent des bagages de tous les voyageurs de notre TGV et les acheminent dans les diff\u00e9rents h\u00f4tels et lieux d\u2019h\u00e9bergement (il est donc indispensable de bien noter o\u00f9 l\u2019on loge pour ne pas avoir \u00e0 courir apr\u00e8s sa valise le soir\u2026).<\/p>\n<p><b style=\"color: rgb(0, 78, 107); font-size: 17px;\" data-fusion-font=\"true\">L&rsquo;h\u00e9bergement des malades<\/b><\/p>\n<p>A Lourdes, il existe plusieurs lieux d\u2019h\u00e9bergement pour les malades, appel\u00e9s accueils. Les malades du dioc\u00e8se de Ch\u00e2lons sont h\u00e9berg\u00e9s \u00e0 l\u2019Accueil Marie Saint-Frai, situ\u00e9 en dehors des Sanctuaires.<\/p>\n<p><a href=\"https:\/\/chalons.catholique.fr\/hospitalite\/wp-content\/uploads\/sites\/31\/2025\/12\/Saint-Frai.pdf\">Cliquez ici pour consulter le document de l&rsquo;accueil Saint-Frai<\/a><\/p>\n<\/p>\n<p style=\"color: rgb(0, 78, 107);\"><b style=\"font-size: 17px;\" data-fusion-font=\"true\">L&rsquo;h\u00e9bergement des hospitaliers<\/b><\/p>\n<p>Chaque hospitalier et hospitali\u00e8re est libre de loger o\u00f9 il (elle) veut, selon ses d\u00e9sirs et ses moyens financiers. Rappelons que l\u2019hospitalier paie int\u00e9gralement son s\u00e9jour (voyage en TGV et h\u00e9bergement) et n\u2019est pas r\u00e9mun\u00e9r\u00e9 pour autant. Une liste d\u2019h\u00f4tels est propos\u00e9e par le dioc\u00e8se (o\u00f9 sont \u00e9galement log\u00e9s les autres p\u00e8lerins). Deux foyers d\u2019h\u00e9bergement (sur les nombreux pr\u00e9sents \u00e0 Lourdes) sont propos\u00e9s aux hospitaliers (l\u2019Abri Saint Michel) et aux hospitaliers et hospitali\u00e8res (l\u2019Ave Maria).<\/p>\n<p>\u00c0 l\u2019Abri Saint-Michel et \u00e0 l\u2019Ave Maria, les repas se prennent en self. La convivialit\u00e9 avec les hospitaliers des autres dioc\u00e8ses est tr\u00e8s agr\u00e9able. Cela nous permet d\u2019\u00e9changer sur l\u2019organisation de nos p\u00e8lerinages respectifs.<\/p>\n<p><span style=\"color: rgb(0, 78, 107);\"><b style=\"font-size: 17px;\" data-fusion-font=\"true\">Les Pages<\/b><\/span> sont les jeunes ayant entre 15 et 18 ans et souhaitant servir \u00e0 l\u2019Hospitalit\u00e9. Ils sont sous la responsabilit\u00e9 de la Pastorale des Jeunes du dioc\u00e8se et nous accompagnent au quotidien. L\u2019acc\u00e8s des chambres des malades leurs est strictement interdit pendant les toilettes et les soins aux p\u00e8lerins malades. Ils aident au brancardage. Ils sont aussi au c\u00f4t\u00e9 des p\u00e8lerins malades pendant les temps libres pour discuter. L\u2019\u00e9change interg\u00e9n\u00e9rationnel est tr\u00e8s enrichissant.<\/p>\n<p>Comme les hospitaliers, leur tenue est un gilet sans manche (bleu plus clair que celui des hospitaliers).<\/p>\n<p><span style=\"color: rgb(0, 78, 107);\"><b style=\"font-size: 17px;\" data-fusion-font=\"true\">Le programme type du p\u00e8lerinage<\/b><\/span><br \/>Le p\u00e8lerinage propose des temps forts, rep\u00e8res de notre p\u00e8lerinage et des activit\u00e9s nouvelles chaque ann\u00e9e.<\/p>\n<p><a href=\"https:\/\/chalons.catholique.fr\/hospitalite\/wp-content\/uploads\/sites\/31\/2025\/12\/deroulement-type-pelerinage.pdf\">Cliquez ici pour consulter le programme type<\/a><\/p><\/p>\n<\/div><div class=\"fusion-clearfix\"><\/div><\/div><\/div><\/div><\/div><div class=\"fusion-fullwidth fullwidth-box fusion-builder-row-2 fusion-flex-container nonhundred-percent-fullwidth non-hundred-percent-height-scrolling\" style=\"--awb-border-radius-top-left:0px;--awb-border-radius-top-right:0px;--awb-border-radius-bottom-right:0px;--awb-border-radius-bottom-left:0px;--awb-flex-wrap:wrap;\" ><div class=\"fusion-builder-row fusion-row fusion-flex-align-items-flex-start fusion-flex-content-wrap\" style=\"max-width:1289.6px;margin-left: calc(-4% \/ 2 );margin-right: calc(-4% \/ 2 );\"><\/div><\/div>\n","protected":false},"excerpt":{"rendered":"","protected":false},"author":31,"featured_media":0,"parent":0,"menu_order":0,"comment_status":"closed","ping_status":"closed","template":"","meta":{"xn-wppe-expiration":[],"xn-wppe-expiration-action":[],"xn-wppe-expiration-prefix":[],"footnotes":""},"_links":{"self":[{"href":"https:\/\/chalons.catholique.fr\/hospitalite\/wp-json\/wp\/v2\/pages\/12453"}],"collection":[{"href":"https:\/\/chalons.catholique.fr\/hospitalite\/wp-json\/wp\/v2\/pages"}],"about":[{"href":"https:\/\/chalons.catholique.fr\/hospitalite\/wp-json\/wp\/v2\/types\/page"}],"author":[{"embeddable":true,"href":"https:\/\/chalons.catholique.fr\/hospitalite\/wp-json\/wp\/v2\/users\/31"}],"replies":[{"embeddable":true,"href":"https:\/\/chalons.catholique.fr\/hospitalite\/wp-json\/wp\/v2\/comments?post=12453"}],"version-history":[{"count":2,"href":"https:\/\/chalons.catholique.fr\/hospitalite\/wp-json\/wp\/v2\/pages\/12453\/revisions"}],"predecessor-version":[{"id":12584,"href":"https:\/\/chalons.catholique.fr\/hospitalite\/wp-json\/wp\/v2\/pages\/12453\/revisions\/12584"}],"wp:attachment":[{"href":"https:\/\/chalons.catholique.fr\/hospitalite\/wp-json\/wp\/v2\/media?parent=12453"}],"curies":[{"name":"wp","href":"https:\/\/api.w.org\/{rel}","templated":true}]}}