{"id":12435,"date":"2020-11-26T15:56:36","date_gmt":"2020-11-26T14:56:36","guid":{"rendered":"https:\/\/chalons.catholique.fr\/hospitalite\/?page_id=12435"},"modified":"2025-12-23T11:02:59","modified_gmt":"2025-12-23T10:02:59","slug":"le-role-de-lhospitalier-ou-lhospitaliere","status":"publish","type":"page","link":"https:\/\/chalons.catholique.fr\/hospitalite\/le-role-de-lhospitalier-ou-lhospitaliere\/","title":{"rendered":"Le r\u00f4le de l\u2019hospitalier ou l\u2019hospitali\u00e8re"},"content":{"rendered":"<div class=\"fusion-fullwidth fullwidth-box fusion-builder-row-1 nonhundred-percent-fullwidth non-hundred-percent-height-scrolling\" style=\"--awb-border-radius-top-left:0px;--awb-border-radius-top-right:0px;--awb-border-radius-bottom-right:0px;--awb-border-radius-bottom-left:0px;--awb-margin-top:30px;--awb-flex-wrap:wrap;\" ><div class=\"fusion-builder-row fusion-row\"><div class=\"fusion-layout-column fusion_builder_column fusion-builder-column-0 fusion_builder_column_1_1 1_1 fusion-one-full fusion-column-first fusion-column-last\" style=\"--awb-bg-size:cover;\"><div class=\"fusion-column-wrapper fusion-column-has-shadow fusion-flex-column-wrapper-legacy\"><div class=\"fusion-title title fusion-title-1 fusion-sep-none fusion-title-center fusion-title-text fusion-title-size-one\" style=\"--awb-text-color:#004e6b;\"><h1 class=\"fusion-title-heading title-heading-center fusion-responsive-typography-calculated\" style=\"margin:0;--fontSize:33;line-height:1.45;\"><\/h1><\/div><div class=\"fusion-text fusion-text-1\" style=\"--awb-line-height:1.2;\"><h1 style=\"--fontSize: 17; line-height: 1.41; --minFontSize: 17; color: rgb(0, 78, 107);\" data-fontsize=\"17\" data-lineheight=\"23.9667px\" class=\"fusion-responsive-typography-calculated\"><u>Le r\u00f4le de l&rsquo;hospitalier et de l&rsquo;hospitali\u00e8re<\/u><\/h1>\n<p align=\"justify\">Notre mission : <b style=\"color: rgb(0, 78, 107);\">SERVIR et PARTAGER<\/b><\/p>\n<p align=\"justify\">Notre mission premi\u00e8re d\u2019hospitaliers et d\u2019hospitali\u00e8res consiste \u00e0 accompagner nos amis malades et handicap\u00e9s dans une d\u00e9marche de foi en p\u00e8lerinage \u00e0 Lourdes. Mais cette mission doit aussi s\u2019accomplir tout au long de l\u2019ann\u00e9e dans nos paroisses respectives.<\/p>\n<p align=\"justify\">Depuis plus d\u2019un si\u00e8cle, g\u00e9n\u00e9ration apr\u00e8s g\u00e9n\u00e9ration, p\u00e8lerins du Dioc\u00e8se de Ch\u00e2lons ou du monde entier, nous r\u00e9pondons \u00e0 la demande de la Vierge Marie et nous mettons nos pas dans ceux de Bernadette. Nous entendons cet appel de notre Maman du Ciel \u00e0 la conversion du c\u0153ur, en particulier dans le service partag\u00e9.<\/p>\n<p align=\"justify\">En p\u00e8lerinage \u00e0 Lourdes ou au cours de l\u2019ann\u00e9e sur notre lieu de vie, servir, c\u2019est donner de son temps pour \u00e9couter, \u00e9changer \u00e0 travers une pr\u00e9sence, un sourire, des silences, partager une douleur, une joie, une esp\u00e9rance\u2026<\/p>\n<p align=\"justify\"><b style=\"color: rgb(0, 78, 107);\">SERVIR et PARTAGER<\/b> sont des gr\u00e2ces re\u00e7ues en abondance \u00e0 Lourdes que tous, malades, handicap\u00e9s, hospitali\u00e8res et hospitaliers gardent dans leur c\u0153ur comme une force nouvelle pour avancer sur le chemin du quotidien. <\/p>\n<p align=\"justify\">L\u2019Hospitalit\u00e9 est une grande famille. La qualit\u00e9 de la relation entre tous les hospitaliers est une force sur laquelle s\u2019appuyer. Le respect de l\u2019autre, dans son service, assurera \u00e0 tous une pr\u00e9sence efficace aupr\u00e8s de nos malades.<\/p>\n<p align=\"justify\">En nous engageant comme hospitalier ou hospitali\u00e8re, nous permettons \u00e0 des personnes malades et handicap\u00e9es de partir en p\u00e8lerinage \u00e0 Lourdes. Que d\u2019amour partag\u00e9, de temps offert, d\u2019\u00e9changes\u2026 Que de surprenantes rencontres avec l\u2019Autre\u2026 Que de gr\u00e2ces re\u00e7ues et de chemins retrouv\u00e9s\u2026<\/p>\n<p align=\"justify\">Il y a des r\u00e8gles \u00e0 respecter, des gardes \u00e0 assurer, du travail \u00e0 partager en groupe\u2026 Le service hospitalier est exigeant pour que nos fr\u00e8res malades soient accompagn\u00e9s dignement. Il est important de dire aux nouveaux la r\u00e9alit\u00e9 du quotidien \u00e0 Lourdes avec ses nombreuses joies partag\u00e9es mais aussi avec ses difficult\u00e9s v\u00e9cues dans la communion la plus attentionn\u00e9e et la plus aimante. \u00catre hospitaliers et hospitali\u00e8res n\u2019est pas de tout repos mais c\u2019est tellement enrichissant.<\/p>\n<\/div><div class=\"fusion-clearfix\"><\/div><\/div><\/div><div class=\"fusion-layout-column fusion_builder_column fusion-builder-column-1 fusion_builder_column_1_3 1_3 fusion-one-third fusion-column-first\" style=\"--awb-bg-size:cover;width:33.333333333333%;width:calc(33.333333333333% - ( ( 4% + 4% ) * 0.33333333333333 ) );margin-right: 4%;\"><div class=\"fusion-column-wrapper fusion-column-has-shadow fusion-flex-column-wrapper-legacy\"><div class=\"fusion-text fusion-text-2\"><p style=\"color: #004e6b;\" align=\"center\"><b style=\"font-size: 18px;\" data-fusion-font=\"true\">DEVENIR HOSPITALIER(E)S<\/b><\/p>\n<p class=\"p1\" align=\"center\">C\u2019est tout d\u2019abord prendre l\u2019engagement d\u2019accompagner les P\u00e8lerins malades \u00e0 Lourdes. C\u2019est aussi s\u2019engager \u00e0 assurer tous les services, m\u00eame les plus humbles, qui seront demand\u00e9s \u00e0 l\u2019occasion de ce p\u00e8lerinage.<\/p>\n<p class=\"p1\" align=\"center\">Pour \u00eatre hospitalier ou hospitali\u00e8re, il n\u2019est pas n\u00e9cessaire d\u2019avoir une formation particuli\u00e8re, mais seulement de la bonne volont\u00e9, de l\u2019amiti\u00e9 et du don de soi \u00e0 vouloir partager avec les handicap\u00e9s de la vie.<\/p>\n<p class=\"p1\" align=\"center\">M\u00e9decins, infirmi\u00e8res et autres professionnels de la sant\u00e9 sont aussi indispensables.<\/p>\n<p class=\"p1\" align=\"center\">Toute personne qui souhaite entrer dans la grande famille de l\u2019Hospitalit\u00e9 doit \u00eatre parrain\u00e9e par un membre de l\u2019Hospitalit\u00e9 (souvent une connaissance mais sinon un parrain ou une marraine lui sera attribu\u00e9e).<\/p>\n<p class=\"p1\" align=\"center\">Le futur hospitalier sera invit\u00e9 \u00e0 venir \u00e0 l\u2019Assembl\u00e9e G\u00e9n\u00e9rale en f\u00e9vrier pour \u00eatre pr\u00e9sent\u00e9 et s\u2019inscrire au p\u00e8lerinage.<\/p>\n<p class=\"p1\" align=\"center\">Lors de son premier p\u00e8lerinage, l\u2019auxiliaire sera guid\u00e9 et conseill\u00e9 par son parrain ou sa marraine.<\/p>\n<p class=\"p1\" align=\"center\">La tenue de service de l\u2019Hospitalit\u00e9 est pour les hommes, la barrette et le gilet et pour les dames, la barrette, la blouse et la coiffe.<\/p>\n<\/div><div class=\"fusion-clearfix\"><\/div><\/div><\/div><div class=\"fusion-layout-column fusion_builder_column fusion-builder-column-2 fusion_builder_column_1_3 1_3 fusion-one-third\" style=\"--awb-bg-size:cover;width:33.333333333333%;width:calc(33.333333333333% - ( ( 4% + 4% ) * 0.33333333333333 ) );margin-right: 4%;\"><div class=\"fusion-column-wrapper fusion-column-has-shadow fusion-flex-column-wrapper-legacy\"><div class=\"fusion-text fusion-text-3\"><p style=\"color: #004e6b;\" align=\"center\"><b style=\"font-size: 17px;\" data-fusion-font=\"true\">L&rsquo;ENGAGEMENT<\/b><\/p>\n<p class=\"p1\" align=\"center\">Apr\u00e8s avoir accompli 3 p\u00e8lerinages (cons\u00e9cutifs ou non) et si il le d\u00e9sire, l\u2019hospitalier ou l\u2019hospitali\u00e8re pourra prononcer son engagement au sein de l\u2019Hospitalit\u00e9 du dioc\u00e8se de Ch\u00e2lons la 4<span class=\"s1\">\u00e8me<\/span> ann\u00e9e.<\/p>\n<p class=\"p1\" align=\"center\">Pour cela, il ou elle devra faire la demande d\u2019engagement en r\u00e9digeant une lettre au Pr\u00e9sident de l\u2019Hospitalit\u00e9 le plus t\u00f4t possible (l\u2019id\u00e9al est que la lettre soit faite avant l\u2019assembl\u00e9e g\u00e9n\u00e9rale de f\u00e9vrier).<\/p>\n<p class=\"p1\" align=\"center\">L\u2019engagement se passe pendant le p\u00e8lerinage \u00e0 Lourdes, au cours de la messe de l\u2019Hospitalit\u00e9.<\/p>\n<p class=\"p1\" align=\"center\">Apr\u00e8s avoir lu la pri\u00e8re de l\u2019engagement, l\u2019engag\u00e9(e) re\u00e7oit l\u2019insigne et la m\u00e9daille de l\u2019Hospitalit\u00e9, remises par le P\u00e8re \u00c9v\u00eaque, qu\u2019il (elle) portera sur sa tenue en t\u00e9moignage de son engagement \u00e0 servir ses fr\u00e8res et s\u0153urs avec assiduit\u00e9 et constance dans le temps. Il (elle) sera un exemple pour ceux et celles qui viendront apr\u00e8s lui (elle), s\u2019engager \u00e0 leur tour.<\/p>\n<\/div><div class=\"fusion-clearfix\"><\/div><\/div><\/div><div class=\"fusion-layout-column fusion_builder_column fusion-builder-column-3 fusion_builder_column_1_3 1_3 fusion-one-third fusion-column-last\" style=\"--awb-bg-size:cover;width:33.333333333333%;width:calc(33.333333333333% - ( ( 4% + 4% ) * 0.33333333333333 ) );\"><div class=\"fusion-column-wrapper fusion-column-has-shadow fusion-flex-column-wrapper-legacy\"><div class=\"fusion-text fusion-text-4\"><p style=\"color: #004e6b;\" align=\"center\"><b style=\"font-size: 17px;\" data-fusion-font=\"true\">L&rsquo;ESPRIT HOSPITALIER<\/b><\/p>\n<p class=\"p1\" align=\"center\">Vouloir \u00eatre hospitalier ou hospitali\u00e8re, venir quelques jours \u00e0 Lourdes pour aider nos fr\u00e8res malades ou handicap\u00e9s, c\u2019est souvent le fruit d\u2019une d\u00e9marche personnelle, toujours motiv\u00e9e par la volont\u00e9 profonde de servir. Cette volont\u00e9, c\u2019est le d\u00e9sir d\u2019aller vers l\u2019autre et de partager avec lui un temps de vie.<\/p>\n<p class=\"p1\" align=\"center\">En mettant toute sa confiance dans l\u2019Esprit de charit\u00e9 qui souffle \u00e0 Lourdes, il faut, en arrivant, se d\u00e9barrasser de toute pr\u00e9tention personnelle et accepter le service demand\u00e9 avec l\u2019<span class=\"s1\"><b>Humilit\u00e9<\/b><\/span> de Bernadette.<\/p>\n<p class=\"p1\" align=\"center\">Choisie par la Vierge Marie pour la <span class=\"s1\"><b>simplicit\u00e9<\/b><\/span> et la <span class=\"s1\"><b>sinc\u00e9rit\u00e9<\/b><\/span> de son \u00e2me, Bernadette a accept\u00e9 <span class=\"s1\"><b>humblement<\/b><\/span>, avec patience et <span class=\"s1\"><b>pers\u00e9v\u00e9rance<\/b><\/span>, de porter le message re\u00e7u d\u2019Elle.<\/p>\n<p class=\"p1\" style=\"color: #004e6b;\" align=\"center\"><u>L\u2019Esprit Hospitalier c\u2019est :<\/u><\/p>\n<p class=\"p1\" align=\"center\">&#8211; Un esprit de <span class=\"s4\"><b>Service<\/b><\/span> : toujours faire passer l\u2019int\u00e9r\u00eat des autres avant son int\u00e9r\u00eat personnel,<\/p>\n<p class=\"p1\" align=\"center\">&#8211; Un esprit de <span class=\"s4\"><b>Disponibilit\u00e9<\/b><\/span> : pouvoir compter sur nous, l\u00e0 o\u00f9 l\u2019on en a besoin,<\/p>\n<p class=\"p1\" align=\"center\">&#8211; Un esprit d\u2019<span class=\"s4\"><b>Humilit\u00e9<\/b><\/span> : accepter le service demand\u00e9, quel qu\u2019il soit, sans s\u2019imposer, dans l\u2019Esprit de Bernadette,<\/p>\n<p class=\"p1\" align=\"center\">&#8211; Un esprit d\u2019<span class=\"s4\"><b>\u00e9quipe<\/b><\/span> : apprendre et s\u2019am\u00e9liorer,<\/p>\n<p class=\"p1\" align=\"center\">&#8211; Un esprit de <span class=\"s4\"><b>Constance <\/b><\/span>: accomplir le service, compl\u00e8tement, jusqu\u2019au bout,<\/p>\n<p class=\"p1\" align=\"center\">&#8211; Un esprit de <span class=\"s4\"><b>G\u00e9n\u00e9rosit\u00e9<\/b><\/span> : qui engage notre c\u0153ur, nos forces et notre intelligence,<\/p>\n<p class=\"p1\" align=\"center\">&#8211; Le <span class=\"s4\"><b>Respect de la personne<\/b> <\/span>: avec discr\u00e9tion, d\u00e9licatesse, douceur, dans les gestes comme dans les paroles.<\/p>\n<\/div><div class=\"fusion-clearfix\"><\/div><\/div><\/div><\/div><\/div><div class=\"fusion-fullwidth fullwidth-box fusion-builder-row-2 fusion-flex-container nonhundred-percent-fullwidth non-hundred-percent-height-scrolling\" style=\"--awb-border-radius-top-left:0px;--awb-border-radius-top-right:0px;--awb-border-radius-bottom-right:0px;--awb-border-radius-bottom-left:0px;--awb-flex-wrap:wrap;\" ><div class=\"fusion-builder-row fusion-row fusion-flex-align-items-flex-start fusion-flex-content-wrap\" style=\"max-width:1289.6px;margin-left: calc(-4% \/ 2 );margin-right: calc(-4% \/ 2 );\"><div class=\"fusion-layout-column fusion_builder_column fusion-builder-column-4 fusion_builder_column_1_1 1_1 fusion-flex-column\" style=\"--awb-bg-size:cover;--awb-width-large:100%;--awb-margin-top-large:0px;--awb-spacing-right-large:1.92%;--awb-margin-bottom-large:20px;--awb-spacing-left-large:1.92%;--awb-width-medium:100%;--awb-order-medium:0;--awb-spacing-right-medium:1.92%;--awb-spacing-left-medium:1.92%;--awb-width-small:100%;--awb-order-small:0;--awb-spacing-right-small:1.92%;--awb-spacing-left-small:1.92%;\"><div class=\"fusion-column-wrapper fusion-column-has-shadow fusion-flex-justify-content-flex-start fusion-content-layout-column\"><ul style=\"--awb-line-height:23.8px;--awb-icon-width:23.8px;--awb-icon-height:23.8px;--awb-icon-margin:9.8px;--awb-content-margin:33.6px;--awb-circlecolor:#1a80b6;--awb-circle-yes-font-size:12.32px;\" class=\"fusion-checklist fusion-checklist-1 fusion-checklist-default fusion-checklist-divider type-icons\"><li class=\"fusion-li-item\" style=\"\"><span class=\"icon-wrapper circle-yes\"><i class=\"fusion-li-icon fa-train fas\" aria-hidden=\"true\"><\/i><\/span><div class=\"fusion-li-item-content\">\n<h3 style=\"--fontSize: 17; line-height: 1.41; --minFontSize: 17;\" data-fontsize=\"17\" data-lineheight=\"23.9667px\" class=\"fusion-responsive-typography-calculated\"><strong style=\"color: rgb(0, 78, 107);\"><b>Durant le voyage :<\/b><\/strong><\/h3>\n<p>Le service de l\u2019hospitalier et de l\u2019hospitali\u00e8re ne commence pas \u00e0 Lourdes, il d\u00e9marre avant le d\u00e9part du TGV en gare de Ch\u00e2lons et m\u00eame quelques jours avant pour certains hospitaliers et hospitali\u00e8res.<\/p>\n<p>En effet, chaque ann\u00e9e, le responsable des hospitaliers et son adjoint ainsi que la responsable des hospitali\u00e8res et son adjointe ont pour mission de r\u00e9partir les hommes et les femmes inscrits au p\u00e8lerinage en 3 groupes. Ils doivent aussi nommer un et une responsable et un et une co-responsable pour chacun de ses groupes (diff\u00e9rents chaque ann\u00e9e). Ces responsables sont convoqu\u00e9s \u00e0 une r\u00e9union quelques jours avant le d\u00e9part afin de r\u00e9partir les hospitaliers et hospitali\u00e8res de leur groupe dans les chambres des malades \u00e0 l\u2019accueil Marie Saint-Frai (en fonction du nombre de malades par chambre et de leurs pathologies). Ils doivent \u00e9galement d\u00e9signer les hospitaliers et hospitali\u00e8res qui seront au service en gare pour accueillir les malades et aider \u00e0 les installer dans les voitures du TGV. Enfin, ils \u00e9tabliront le planning des hospitaliers et hospitali\u00e8res de garde dans le TGV (cr\u00e9neau de 3h par roulement).<\/p>\n<p><b>Une fois cette r\u00e9partition au point, l\u2019heure du d\u00e9part est proche !<\/b><\/p>\n<p>En gare, souvent de bonne heure, nous sommes tr\u00e8s heureux de retrouver hospitaliers et hospitali\u00e8res et p\u00e8lerins malades. Chacun aide au bon d\u00e9part du p\u00e8lerinage, m\u00eame celles et ceux qui n\u2019ont pas \u00e9t\u00e9 nomm\u00e9s de service en gare. C\u2019est cela l\u2019esprit d\u2019un p\u00e8lerinage en tant qu\u2019hospitalier ! Le trajet passe g\u00e9n\u00e9ralement assez vite entre retrouvailles avec nos amis de l\u2019hospitalit\u00e9, partage des \u00e9v\u00e8nements de l\u2019ann\u00e9e \u00e9coul\u00e9e et service aupr\u00e8s des malades.<\/p>\n<p>\u00c0 l\u2019arriv\u00e9e en gare de Lourdes, ce sont les b\u00e9n\u00e9voles de l\u2019Hospitalit\u00e9 Notre-Dame de Lourdes qui s\u2019occupent des malades. Les hospitaliers et hospitali\u00e8res du dioc\u00e8se de Ch\u00e2lons sont invit\u00e9s \u00e0 se rendre au plus vite \u00e0 l\u2019accueil Marie Saint-Frai (avec les cars sp\u00e9cialement affr\u00e9t\u00e9s ou \u00e0 pied pour se d\u00e9gourdir les jambes apr\u00e8s ce trajet en TGV) afin de pr\u00e9parer les chambres et d\u2019accueillir les malades lorsqu\u2019ils arriveront, peut-\u00eatre un peu d\u00e9rout\u00e9s pour certains (surtout si c\u2019est leur premier p\u00e8lerinage). Le premier contact du p\u00e8lerin malade avec les hospitaliers et hospitali\u00e8res qui s\u2019occuperont de lui pendant 6 jours doit mobiliser toute notre attention, notre d\u00e9licatesse, notre disponibilit\u00e9.<\/p>\n<p><u>Tout au long du p\u00e8lerinage, il faut :  <\/u><\/p>\n<ul>\n<li>Accepter d\u2019apprendre,<\/li>\n<li>Savoir \u00e9couter : c\u2019est apprendre \u00e0 recevoir l\u2019Autre, dans la plus grande discr\u00e9tion. L\u2019\u00e9coute commence par l\u2019oreille, mais nous percevons aussi par les yeux,<\/li>\n<li>Ne pas solliciter de confidences, mais accepter que s\u2019\u00e9panchent des peines et des douleurs pour les porter ensemble dans la pri\u00e8re et les garder pour soi comme est confi\u00e9 un secret,<\/li>\n<li>Une pr\u00e9sence dans le silence peut \u00eatre d\u2019une grande richesse,<\/li>\n<li>Profiter des moments de pause pour bavarder, \u00e9couter en pr\u00eatant une oreille bienveillante,<\/li>\n<li>Ne pas h\u00e9siter \u00e0 faire r\u00e9p\u00e9ter face \u00e0 quelqu\u2019un qui a du mal \u00e0 s\u2019exprimer,<\/li>\n<li>Se mettre \u00e0 sa hauteur, au sens propre comme au sens figur\u00e9,<\/li>\n<li>Lui expliquer notre attitude si nous devons le confier \u00e0 une autre personne,<\/li>\n<li>Savoir prendre et se donner du temps pour communiquer<\/li>\n<li>Une attention de chaque instant : un petit d\u00e9tail peut \u00eatre important pour un malade. Il parle avec ses yeux, l\u2019expression de son visage, le mouvement de ses mains \u2026<\/li>\n<li>Instaurer cette relation de confiance, de respect, de partage est la source de moments forts v\u00e9cus dans l\u2019amiti\u00e9 et l\u2019affection r\u00e9ciproque, d\u2019une joie profonde qui peut briser la solitude de certains ou conforter l\u2019esp\u00e9rance d\u2019autres,<\/li>\n<li>Respecter la personne aid\u00e9e dans la douceur des gestes \u00e0 accomplir<\/li>\n<li>La pression d\u2019une main, un sourire, sont souvent pr\u00e9f\u00e9rables \u00e0 des paroles<\/li>\n<li>Anticiper sans \u00eatre envahissant<\/li>\n<li>Observer sans \u00eatre intrusif.<\/li>\n<\/ul>\n<div><\/div>\n<p align=\"center\"><strong style=\"color: rgb(0, 78, 107);\">En conclusion, \u00eatre au service de nos fr\u00e8res malades,  c\u2019est accomplir jusqu\u2019au bout sa t\u00e2che en y mettant tout son c\u0153ur et sa g\u00e9n\u00e9rosit\u00e9.<\/strong><\/p>\n<\/div><\/li><li class=\"fusion-li-item\" style=\"\"><span class=\"icon-wrapper circle-yes\"><i class=\"fusion-li-icon fa-bed fas\" aria-hidden=\"true\"><\/i><\/span><div class=\"fusion-li-item-content\">\n<div><\/div>\n<p><b style=\"color: rgb(0, 78, 107); font-size: 17px;\" data-fusion-font=\"true\">\u00c0 Lourdes, les diff\u00e9rents services : <\/b><\/p>\n<p>Durant le s\u00e9jour \u00e0 Lourdes, chaque hospitalier et hospitali\u00e8re est affect\u00e9 \u00e0 une chambre pr\u00e9cise et s\u2019occupe donc de 2 \u00e0 6 malades (en fonction de la chambre). Lors des d\u00e9placements vers les Sanctuaires chacun est libre de brancarder le malade de son choix (l\u2019\u00e9change avec tous les malades est tr\u00e8s enrichissant).<\/p>\n<p>Le service aupr\u00e8s des malades ne se limite pas au service en chambre ou lors des d\u00e9placements.<\/p>\n<p>Les hospitaliers et hospitali\u00e8res sont aussi pr\u00e9sents \u00e0 la salle \u00e0 manger pour aider les p\u00e8lerins malades \u00e0 prendre leur repas. Chaque responsable de groupe \u00e9tablit le planning des gardes en salle \u00e0 manger pour la semaine.<\/p>\n<p>Afin que les hospitaliers et hospitali\u00e8res puissent eux aussi manger, le service s\u2019effectue en deux cr\u00e9neaux (1 \u00e9quipe fait du d\u00e9but du repas jusqu\u2019au milieu et la deuxi\u00e8me \u00e9quipe du milieu jusqu\u2019\u00e0 la fin).<\/p>\n<p>Le service aupr\u00e8s des malades est aussi indispensable durant les temps-libres, pour discuter avec eux (souvent autour du puits de lumi\u00e8re \u00e0 St Frai) ou pour les accompagner faire leurs achats de souvenirs.<\/p>\n<p>Chaque responsable de groupe d\u00e9signe aussi les hospitaliers et hospitali\u00e8res qui seront de garde d\u2019\u00e9tage par demi-journ\u00e9e. Cela consiste \u00e0 rester aupr\u00e8s des malades qui ne se rendent pas aux c\u00e9r\u00e9monies et \u00e0 surveiller les entr\u00e9es (escaliers et ascenseurs) de l\u2019\u00e9tage pour qu\u2019aucune personne ext\u00e9rieure \u00e0 l\u2019hospitalit\u00e9 ne s\u2019y introduise.<\/p>\n<p>Un autre service est aussi indispensable au bon d\u00e9roulement du p\u00e8lerinage, c\u2019est celui des gardes de nuit. Il se fait sur la base du volontariat et par demi-nuit. Une \u00e9quipe de 2 hospitali\u00e8res et d\u20191 hospitalier veille sur tous les malades de 21h \u00e0 2h pendant que l\u2019autre \u00e9quipe se repose en salle de garde en \u00e9tant possiblement appel\u00e9e en cas de besoin. La deuxi\u00e8me \u00e9quipe compos\u00e9e de la m\u00eame mani\u00e8re prend le relais de 2h \u00e0 7h. Un m\u00e9decin de garde est \u00e9galement sur place \u00e0 St Frai et peut \u00eatre appel\u00e9 en cas d\u2019urgence.<\/p>\n<p>Certains hospitaliers sont affect\u00e9s \u00e0 un service bien pr\u00e9cis et par cons\u00e9quent, ne s\u2019occupent pas des malades en chambre. Par exemple, certains au service de la salle \u00e0 manger (pr\u00e9paration des tables, du repas avec l\u2019aide des cuisini\u00e8res de St Frai, service des plats). D\u2019autres se rendent disponibles au service des piscines pour venir en soutien des Hospitaliers de Lourdes pour l\u2019accompagnement des p\u00e8lerins valides et malades d\u00e9sirant faire la d\u00e9marche des piscines (accueil, pr\u00e9paration et assistance physique et spirituelle au bain).<\/p>\n<p>Une hospitali\u00e8re est \u00e9galement d\u00e9sign\u00e9e pour s\u2019occuper de la Tisanerie \u00e0 St Frai, lieu de rencontre de tous les hospitaliers et p\u00e8lerins malades entre les c\u00e9r\u00e9monies permettant de boire un caf\u00e9, un th\u00e9, un jus d\u2019orange\u2026 et de d\u00e9guster une petite collation.<\/p>\n<p>Deux ou trois hospitali\u00e8res sont d\u00e9sign\u00e9es pour s\u2019occuper du linge. Chaque malade est invit\u00e9 \u00e0 venir avec le linge n\u00e9cessaire pour la semaine mais le linge souill\u00e9 est lav\u00e9 sur place.<\/p>\n<p>Une autre hospitali\u00e8re est au service \u00ab cartes postales \u00bb. D\u00e8s l\u2019arriv\u00e9e \u00e0 Lourdes, elle ach\u00e8te des cartes postales et des timbres qu\u2019elle revend ensuite aux p\u00e8lerins malades et aux hospitaliers afin qu\u2019ils \u00e9crivent \u00e0 leurs proches sans avoir \u00e0 se d\u00e9placer dans les magasins pour ces achats.<\/p>\n<p>Chaque membre de l\u2019hospitalit\u00e9 fait, selon son \u00e9tat de sant\u00e9 et ses capacit\u00e9s physiques, ce qu\u2019il peut.<\/p>\n<p>Mais chacun est indispensable et a sa place au sein de notre hospitalit\u00e9.<\/p>\n<p>Le service m\u00e9dical est assur\u00e9 par des m\u00e9decins et infirmi\u00e8res, 24h\/24h.<\/p>\n<\/div><\/li><li class=\"fusion-li-item\" style=\"\"><span class=\"icon-wrapper circle-yes\"><i class=\"fusion-li-icon fa-people-carry fas\" aria-hidden=\"true\"><\/i><\/span><div class=\"fusion-li-item-content\">\n<h3 style=\"--fontSize: 17; line-height: 1.41; --minFontSize: 17;\" data-fontsize=\"17\" data-lineheight=\"23.9667px\" class=\"fusion-responsive-typography-calculated\"><strong><b style=\"color: rgb(0, 78, 107);\">Pendant le retour :<\/b><\/strong><\/h3>\n<p>Apr\u00e8s ces 5 jours pass\u00e9s \u00e0 Lourdes et un r\u00e9veil aux aurores pour ce dernier jour, la fatigue se fait sentir. Mais le p\u00e8lerinage se termine lorsque le dernier p\u00e8lerin malade a rejoint sa famille et m\u00eame encore apr\u00e8s si on peut aider \u00e0 d\u00e9charger tout le mat\u00e9riel de l\u2019Hospitalit\u00e9 et \u00e0 v\u00e9rifier les voitures. Comme \u00e0 l\u2019aller, des hospitaliers et hospitali\u00e8res sont de garde par tranche de 3h aupr\u00e8s des malades. Lorsque nous revenons de ce p\u00e8lerinage riche en partage, nos pens\u00e9es sont encore pour quelques jours \u00e0 Lourdes\u2026<\/p>\n<\/div><\/li><li class=\"fusion-li-item\" style=\"\"><span class=\"icon-wrapper circle-yes\"><i class=\"fusion-li-icon fa-comment-medical fas\" aria-hidden=\"true\"><\/i><\/span><div class=\"fusion-li-item-content\">\n<h3 style=\"--fontSize: 17; line-height: 1.41; --minFontSize: 17;\" data-fontsize=\"17\" data-lineheight=\"23.9667px\" class=\"fusion-responsive-typography-calculated\"><strong><b style=\"color: rgb(0, 78, 107);\">Durant l\u2019ann\u00e9e, en dehors du p\u00e8lerinage :<\/b><\/strong><\/h3>\n<p>Notre mission d\u2019hospitalier et d\u2019hospitali\u00e8re ne se limite pas \u00e0 ces 6 jours de p\u00e8lerinage, elle continue apr\u00e8s le retour de Lourdes, toute l\u2019ann\u00e9e, en paroisse. Nous sommes invit\u00e9s \u00e0 rendre visite aux personnes malades ou isol\u00e9es\u2026 Une journ\u00e9e de l\u2019amiti\u00e9 avec tous les membres de l\u2019Hospitalit\u00e9 est organis\u00e9e en octobre et \u00e0 tour de r\u00f4le par chaque Espace Missionnaire. Un autre moment fort nous r\u00e9unit : l\u2019Assembl\u00e9e G\u00e9n\u00e9rale de notre Hospitalit\u00e9 qui a lieu en f\u00e9vrier \u00e0 l\u2019Epine. Cette journ\u00e9e marque le d\u00e9but du p\u00e8lerinage\u2026 m\u00eame si les responsables pr\u00e9parent le p\u00e8lerinage de l\u2019ann\u00e9e d\u00e8s le mois de novembre de l\u2019ann\u00e9e pr\u00e9c\u00e9dente.<\/p>\n<\/div><\/li><\/ul><\/div><\/div><\/div><\/div>\n","protected":false},"excerpt":{"rendered":"","protected":false},"author":31,"featured_media":0,"parent":0,"menu_order":0,"comment_status":"closed","ping_status":"closed","template":"","meta":{"xn-wppe-expiration":[],"xn-wppe-expiration-action":[],"xn-wppe-expiration-prefix":[],"footnotes":""},"_links":{"self":[{"href":"https:\/\/chalons.catholique.fr\/hospitalite\/wp-json\/wp\/v2\/pages\/12435"}],"collection":[{"href":"https:\/\/chalons.catholique.fr\/hospitalite\/wp-json\/wp\/v2\/pages"}],"about":[{"href":"https:\/\/chalons.catholique.fr\/hospitalite\/wp-json\/wp\/v2\/types\/page"}],"author":[{"embeddable":true,"href":"https:\/\/chalons.catholique.fr\/hospitalite\/wp-json\/wp\/v2\/users\/31"}],"replies":[{"embeddable":true,"href":"https:\/\/chalons.catholique.fr\/hospitalite\/wp-json\/wp\/v2\/comments?post=12435"}],"version-history":[{"count":2,"href":"https:\/\/chalons.catholique.fr\/hospitalite\/wp-json\/wp\/v2\/pages\/12435\/revisions"}],"predecessor-version":[{"id":12570,"href":"https:\/\/chalons.catholique.fr\/hospitalite\/wp-json\/wp\/v2\/pages\/12435\/revisions\/12570"}],"wp:attachment":[{"href":"https:\/\/chalons.catholique.fr\/hospitalite\/wp-json\/wp\/v2\/media?parent=12435"}],"curies":[{"name":"wp","href":"https:\/\/api.w.org\/{rel}","templated":true}]}}