{"id":12118,"date":"2019-12-17T09:53:41","date_gmt":"2019-12-17T08:53:41","guid":{"rendered":"http:\/\/chalons.catholique.fr\/hospitalite\/?page_id=12118"},"modified":"2025-12-23T11:19:42","modified_gmt":"2025-12-23T10:19:42","slug":"devenir-page","status":"publish","type":"page","link":"https:\/\/chalons.catholique.fr\/hospitalite\/devenir-page\/","title":{"rendered":"Devenir Page"},"content":{"rendered":"<div class=\"fusion-fullwidth fullwidth-box fusion-builder-row-1 nonhundred-percent-fullwidth non-hundred-percent-height-scrolling\" style=\"--awb-border-radius-top-left:0px;--awb-border-radius-top-right:0px;--awb-border-radius-bottom-right:0px;--awb-border-radius-bottom-left:0px;--awb-flex-wrap:wrap;\" ><div class=\"fusion-builder-row fusion-row\"><div class=\"fusion-layout-column fusion_builder_column fusion-builder-column-0 fusion_builder_column_1_1 1_1 fusion-one-full fusion-column-first fusion-column-last\" style=\"--awb-bg-size:cover;\"><div class=\"fusion-column-wrapper fusion-column-has-shadow fusion-flex-column-wrapper-legacy\"><div class=\"fusion-title title fusion-title-1 fusion-sep-none fusion-title-text fusion-title-size-one\" style=\"--awb-text-color:#004e6b;\"><h1 class=\"fusion-title-heading title-heading-left fusion-responsive-typography-calculated\" style=\"margin:0;--fontSize:33;line-height:1.45;\"><u>Je souhaite devenir Page<\/u><\/h1><\/div><div class=\"fusion-text fusion-text-1\"><p>Tu as entre 15 et 18 ans, et tu veux aider les autres. A l\u2019hospitalit\u00e9 ton r\u00f4le est tr\u00e8s important ; celui de redonner de la joie aux personnes malades ou handicap\u00e9s. Les hospitaliers t\u2019accompagneront fraternellement dans tous les gestes d\u2019aide aux p\u00e8lerins malades.<\/p>\n<p><b>Pour cela que dois-je faire ? <\/b><\/p>\n<p>Tout d\u2019abord je m\u2019inscris aupr\u00e8s de la pastorale des jeunes du dioc\u00e8se : <b style=\"color: rgb(116, 116, 116);\">chalons.catholique.fr\/pastojeunes<\/b><\/p>\n<p>Je consulte la charte du page et je remplis ma fiche sanitaire.<\/p>\n<p>Je participe \u00e0 <strong>l\u2019assembl\u00e9e g\u00e9n\u00e9rale<\/strong> de l\u2019hospitalit\u00e9 qui se r\u00e9unit \u00e0 l\u2019abri du p\u00e8lerin \u00e0 L&rsquo;\u00c9pine. <\/p>\n<p>Si tu le d\u00e9sires, tu peux rencontrer le pr\u00e9sident ou la vice-pr\u00e9sidente de l\u2019hospitalit\u00e9 ainsi que les responsables de la pastorale des jeunes qui r\u00e9pondront \u00e0 toutes tes questions.<\/p>\n<\/div><div class=\"fusion-button-wrapper\"><a class=\"fusion-button button-flat fusion-button-default-size button-default fusion-button-default button-1 fusion-button-default-span fusion-button-default-type\" style=\"--button-border-radius-top-left:0px;--button-border-radius-top-right:0px;--button-border-radius-bottom-right:0px;--button-border-radius-bottom-left:0px;--button_margin-right:10px;\" target=\"_self\" href=\"https:\/\/chalons.catholique.fr\/hospitalite\/wp-content\/uploads\/sites\/31\/2021\/06\/Charte-duPAGE2019MODIFIEE.docx\"><i class=\"fa-chevron-right fas button-icon-left\" aria-hidden=\"true\"><\/i><span class=\"fusion-button-text\">T\u00c9L\u00c9CHARGER LA CHARTE DU PAGE<\/span><\/a><\/div><div class=\"fusion-button-wrapper\"><a class=\"fusion-button button-flat fusion-button-default-size button-default fusion-button-default button-2 fusion-button-default-span fusion-button-default-type\" style=\"--button-border-radius-top-left:0px;--button-border-radius-top-right:0px;--button-border-radius-bottom-right:0px;--button-border-radius-bottom-left:0px;--button_margin-left:10px;\" target=\"_self\" href=\"https:\/\/chalons.catholique.fr\/hospitalite\/wp-content\/uploads\/sites\/31\/2021\/06\/Fiche-sanitaire-de-liaison-2019-site.pdf\"><i class=\"fa-chevron-right fas button-icon-left\" aria-hidden=\"true\"><\/i><span class=\"fusion-button-text\">T\u00c9L\u00e9CHARGER LA FICHE SANITAIRE<\/span><\/a><\/div><div class=\"fusion-clearfix\"><\/div><\/div><\/div><\/div><\/div>\n","protected":false},"excerpt":{"rendered":"","protected":false},"author":158,"featured_media":0,"parent":0,"menu_order":0,"comment_status":"closed","ping_status":"closed","template":"","meta":{"xn-wppe-expiration":[],"xn-wppe-expiration-action":[],"xn-wppe-expiration-prefix":[],"footnotes":""},"_links":{"self":[{"href":"https:\/\/chalons.catholique.fr\/hospitalite\/wp-json\/wp\/v2\/pages\/12118"}],"collection":[{"href":"https:\/\/chalons.catholique.fr\/hospitalite\/wp-json\/wp\/v2\/pages"}],"about":[{"href":"https:\/\/chalons.catholique.fr\/hospitalite\/wp-json\/wp\/v2\/types\/page"}],"author":[{"embeddable":true,"href":"https:\/\/chalons.catholique.fr\/hospitalite\/wp-json\/wp\/v2\/users\/158"}],"replies":[{"embeddable":true,"href":"https:\/\/chalons.catholique.fr\/hospitalite\/wp-json\/wp\/v2\/comments?post=12118"}],"version-history":[{"count":4,"href":"https:\/\/chalons.catholique.fr\/hospitalite\/wp-json\/wp\/v2\/pages\/12118\/revisions"}],"predecessor-version":[{"id":12576,"href":"https:\/\/chalons.catholique.fr\/hospitalite\/wp-json\/wp\/v2\/pages\/12118\/revisions\/12576"}],"wp:attachment":[{"href":"https:\/\/chalons.catholique.fr\/hospitalite\/wp-json\/wp\/v2\/media?parent=12118"}],"curies":[{"name":"wp","href":"https:\/\/api.w.org\/{rel}","templated":true}]}}