{"id":12103,"date":"2019-12-17T09:53:19","date_gmt":"2019-12-17T08:53:19","guid":{"rendered":"http:\/\/chalons.catholique.fr\/hospitalite\/?page_id=12103"},"modified":"2025-12-23T10:23:30","modified_gmt":"2025-12-23T09:23:30","slug":"devenir-hospitalier","status":"publish","type":"page","link":"https:\/\/chalons.catholique.fr\/hospitalite\/devenir-hospitalier\/","title":{"rendered":"Devenir Hospitalier"},"content":{"rendered":"<div class=\"fusion-fullwidth fullwidth-box fusion-builder-row-1 nonhundred-percent-fullwidth non-hundred-percent-height-scrolling\" style=\"--awb-border-radius-top-left:0px;--awb-border-radius-top-right:0px;--awb-border-radius-bottom-right:0px;--awb-border-radius-bottom-left:0px;--awb-flex-wrap:wrap;\" ><div class=\"fusion-builder-row fusion-row\"><div class=\"fusion-layout-column fusion_builder_column fusion-builder-column-0 fusion_builder_column_1_1 1_1 fusion-one-full fusion-column-first fusion-column-last\" style=\"--awb-bg-size:cover;\"><div class=\"fusion-column-wrapper fusion-column-has-shadow fusion-flex-column-wrapper-legacy\"><div class=\"fusion-title title fusion-title-1 fusion-sep-none fusion-title-text fusion-title-size-one\" style=\"--awb-text-color:#004e6b;\"><h1 class=\"fusion-title-heading title-heading-left fusion-responsive-typography-calculated\" style=\"margin:0;--fontSize:33;line-height:1.45;\"><u>Devenir Hospitalier et Hospitali\u00e8re \u00e0 Lourdes<\/u><\/h1><\/div><div class=\"fusion-text fusion-text-1\"><p>C\u2019est tout d\u2019abord prendre l\u2019engagement d\u2019accompagner les P\u00e8lerins malades \u00e0 Lourdes. C\u2019est aussi s\u2019engager \u00e0 assurer tous les services, m\u00eame les plus humbles, qui seront demand\u00e9s \u00e0 l\u2019occasion de ce p\u00e8lerinage.<\/p>\n<p><span style=\"color: #03a9f4\"><strong><span style=\"color: rgb(0, 78, 107);\">1. Auxiliaire : nouveau <\/span><span style=\"color: rgb(0, 78, 107);\">membre<\/span><\/strong><\/span><\/p>\n<p><span>Il dispose de trois ann\u00e9<\/span>es pour apprendre le service aux malades, ainsi que Lourdes et son message. Il est aid\u00e9 en cela par un animateur.<br \/>Il est guid\u00e9 dans son travail par un parrain ou une marraine.<\/p>\n<p><u>Tenue de service :<\/u><\/p>\n<p>Pour les hommes, la barrette et le gilet<br \/>Pour les dames, la barrette, la blouse<\/p>\n<p><span style=\"color: #03a9f4\"><strong><span style=\"color: rgb(0, 78, 107);\">2. Le Titulaire<\/span><\/strong><\/span><\/p>\n<p>\u00c0 la suite des trois ann\u00e9es, l\u2019auxiliaire demande son entr\u00e9e dans l\u2019Hospitalit\u00e9 par une lettre au pr\u00e9sident.<br \/>Il devient membre titulaire et re\u00e7oit \u00e0 cet \u00e9gard la m\u00e9daille de l\u2019Hospitalit\u00e9.<\/p>\n<\/div><div class=\"fusion-text fusion-text-2\"><\/div><div class=\"fusion-clearfix\"><\/div><\/div><\/div><\/div><\/div>\n","protected":false},"excerpt":{"rendered":"","protected":false},"author":158,"featured_media":0,"parent":0,"menu_order":0,"comment_status":"closed","ping_status":"closed","template":"","meta":{"xn-wppe-expiration":[],"xn-wppe-expiration-action":[],"xn-wppe-expiration-prefix":[],"footnotes":""},"_links":{"self":[{"href":"https:\/\/chalons.catholique.fr\/hospitalite\/wp-json\/wp\/v2\/pages\/12103"}],"collection":[{"href":"https:\/\/chalons.catholique.fr\/hospitalite\/wp-json\/wp\/v2\/pages"}],"about":[{"href":"https:\/\/chalons.catholique.fr\/hospitalite\/wp-json\/wp\/v2\/types\/page"}],"author":[{"embeddable":true,"href":"https:\/\/chalons.catholique.fr\/hospitalite\/wp-json\/wp\/v2\/users\/158"}],"replies":[{"embeddable":true,"href":"https:\/\/chalons.catholique.fr\/hospitalite\/wp-json\/wp\/v2\/comments?post=12103"}],"version-history":[{"count":1,"href":"https:\/\/chalons.catholique.fr\/hospitalite\/wp-json\/wp\/v2\/pages\/12103\/revisions"}],"predecessor-version":[{"id":12564,"href":"https:\/\/chalons.catholique.fr\/hospitalite\/wp-json\/wp\/v2\/pages\/12103\/revisions\/12564"}],"wp:attachment":[{"href":"https:\/\/chalons.catholique.fr\/hospitalite\/wp-json\/wp\/v2\/media?parent=12103"}],"curies":[{"name":"wp","href":"https:\/\/api.w.org\/{rel}","templated":true}]}}