{"id":12091,"date":"2019-12-16T17:37:57","date_gmt":"2019-12-16T16:37:57","guid":{"rendered":"http:\/\/chalons.catholique.fr\/hospitalite\/?page_id=12091"},"modified":"2025-12-23T14:51:02","modified_gmt":"2025-12-23T13:51:02","slug":"spiritualite","status":"publish","type":"page","link":"https:\/\/chalons.catholique.fr\/hospitalite\/spiritualite\/","title":{"rendered":"Spiritualit\u00e9"},"content":{"rendered":"<div class=\"fusion-fullwidth fullwidth-box fusion-builder-row-1 fusion-parallax-fixed nonhundred-percent-fullwidth non-hundred-percent-height-scrolling\" style=\"--awb-border-radius-top-left:0px;--awb-border-radius-top-right:0px;--awb-border-radius-bottom-right:0px;--awb-border-radius-bottom-left:0px;--awb-padding-top:0px;--awb-padding-bottom:27px;--awb-margin-top:0px;--awb-background-image:url(&quot;https:\/\/chalons.catholique.fr\/hospitalite\/wp-content\/uploads\/sites\/31\/2019\/12\/ProcessionmarialeduS_redimensionner-scaled.jpg&quot;);--awb-background-size:cover;--awb-flex-wrap:wrap;background-attachment:fixed;\" ><div class=\"fusion-builder-row fusion-row\"><div class=\"fusion-layout-column fusion_builder_column fusion-builder-column-0 fusion_builder_column_1_1 1_1 fusion-one-full fusion-column-first fusion-column-last\" style=\"--awb-bg-size:cover;--awb-margin-bottom:128px;\"><div class=\"fusion-column-wrapper fusion-column-has-shadow fusion-flex-column-wrapper-legacy\"><div class=\"fusion-clearfix\"><\/div><\/div><\/div><\/div><\/div><div class=\"fusion-fullwidth fullwidth-box fusion-builder-row-2 nonhundred-percent-fullwidth non-hundred-percent-height-scrolling\" style=\"--awb-border-radius-top-left:0px;--awb-border-radius-top-right:0px;--awb-border-radius-bottom-right:0px;--awb-border-radius-bottom-left:0px;--awb-padding-top:30px;--awb-flex-wrap:wrap;\" ><div class=\"fusion-builder-row fusion-row\"><div class=\"fusion-layout-column fusion_builder_column fusion-builder-column-1 fusion_builder_column_1_1 1_1 fusion-one-full fusion-column-first fusion-column-last\" style=\"--awb-bg-size:cover;\"><div class=\"fusion-column-wrapper fusion-column-has-shadow fusion-flex-column-wrapper-legacy\"><div class=\"fusion-title title fusion-title-1 fusion-sep-none fusion-title-text fusion-title-size-one\" style=\"--awb-text-color:#004e6b;--awb-font-size:37px;\"><h1 class=\"fusion-title-heading title-heading-left fusion-responsive-typography-calculated\" style=\"margin:0;font-size:1em;--fontSize:37;line-height:1.45;\"><u>Un chemin missionnaire<br \/>\n<\/u><\/h1><\/div><div class=\"fusion-text fusion-text-1\"><p style=\"text-align: justify; \">La Vierge Marie est apparue \u00e0 la petite Bernadette, la plus humble, la plus pauvre ; de cette relation intime est n\u00e9 un grand message d\u2019Amour de Marie et de son Fils J\u00e9sus pour tous les p\u00e8lerins qui se rendent \u00e0 Lourdes. Depuis 1858, la foi est intimement li\u00e9e au Sanctuaire de Lourdes, dont le c\u0153ur bat \u00e0 la GROTTE, lieu des apparitions.<\/p>\n<p style=\"text-align: justify; \">Comme la Vierge Marie l\u2019a demand\u00e9 \u00e0 Bernadette. Chaque ann\u00e9e nous partons en procession vers Lourdes ; chaque ann\u00e9e les p\u00e8lerins de notre dioc\u00e8se se retrouvent en communion fraternelle pour vivre la rencontre avec Marie, J\u00e9sus et son P\u00e8re.<\/p>\n<p style=\"text-align: justify; \">Le message de Lourdes , que nous vivons \u00e0 chaque p\u00e8lerinage, ce sont les paroles de Marie \u00e0 la petite Bernadette. Lourdes est un lieu de Transformation, un lieu de Conversion, laissons-nous gagner par la spiritualit\u00e9 \u00e9manant de Lourdes. Chaque mois d\u2019avril, pendant les vacances scolaires, l\u2019hospitalit\u00e9 participe au p\u00e8lerinage de notre dioc\u00e8se.<\/p>\n<p style=\"text-align: justify; \">Ce mot, Hospitalit\u00e9 est \u00e0 prendre dans son sens premier : \u00eatre accueillant \u00e0 tous, faire preuve d\u2019hospitalit\u00e9. C\u2019est accueillir le plus pauvre d\u2019entre nous, celui qui n\u2019a pas de toit et que l\u2019on accueille dans sa maison. Notre maison \u00e0 nous, c\u2019est la fraternit\u00e9 que nous vivons au service des malades lors du p\u00e8lerinage \u00e0 Lourdes.<\/p>\n<p style=\"text-align: justify; \">Pendant six jours les hospitaliers aident les p\u00e8lerins malades \u00e0 vivre ce temps fort, temps UNIQUE, enti\u00e8rement consacr\u00e9 \u00e0 Marie et \u00e0 nos fr\u00e8res et s\u0153urs. C\u2019est un beau temps libre, hors du quotidien difficile que vivent les malades et les handicap\u00e9s. Nous sommes heureux d\u2019\u00eatre ensemble, unis par une exp\u00e9rience humaine, la pri\u00e8re et le don de soi. En devenant hospitaliers vous serez transform\u00e9s par la rencontre avec les p\u00e8lerins malades, votre regard sera tout diff\u00e8rent sur la maladie, le handicap. En vivant au plus profond de votre c\u0153ur cet \u00e9change, ce partage dans ce bin\u00f4me PELERIN MALADE \u2013 HOSPITALIER, le p\u00e8lerinage de Lourdes sera pour chacun un CHEMIN MISSIONNAIRE. Vous vivrez un retournement complet de situation o\u00f9 le plus en difficult\u00e9s aide \u00e0 son tour celui qui venait l\u2019aider. Voil\u00e0 le message du Christ ! Et un beau chemin de fraternit\u00e9 humaine. \u00abLa premi\u00e8re en CHEMIN, Marie \u00bb est un des nombreux chants qui illuminent notre p\u00e8lerinage.<\/p>\n<p style=\"text-align: justify; \">Notre hospitalit\u00e9 est une institution dioc\u00e9saine sous l\u2019\u00e9gide de son pasteur, Monseigneur Javary, Ev\u00eaque de Ch\u00e2lons. Le p\u00e8lerinage \u00e0 Lourdes se poursuit par le p\u00e8lerinage de Notre-Dame de L\u2019\u00c9pine, qui se d\u00e9roule, chaque ann\u00e9e, le dimanche suivant le 8 mai.<\/p>\n<p style=\"text-align: justify; \">Les hospitaliers vivent leur vocation d\u2019aide aux malades et handicap\u00e9s pendant le p\u00e8lerinage et les liens de fraternit\u00e9 se poursuivent toute l\u2019ann\u00e9e : les hospitaliers rendent visite aux malades sur leur lieu de vie et une journ\u00e9e d\u2019amiti\u00e9 est organis\u00e9e \u00e0 tour de r\u00f4le par chaque doyenn\u00e9.<\/p>\n<p style=\"text-align: justify; \">L\u2019Hospitalit\u00e9 accueille des jeunes qui participent \u00e0 l\u2019accueil et \u00e0 l\u2019accompagnement des p\u00e8lerins malades. Leur engagement est total, les p\u00e8lerins malades sont ravis par leur enthousiasme. Ces jeunes sont l\u2019avenir de l\u2019hospitalit\u00e9.<\/p>\n<p style=\"text-align: justify; \">La vente de billets de souscription aide des personnes en difficult\u00e9 \u00e0 venir \u00e0 Lourdes et finance un car m\u00e9dicalis\u00e9. Cette souscription, d\u00e8s d\u00e9cembre, fait connaitre le p\u00e8lerinage dans chaque paroisse.<\/p>\n<p style=\"text-align: justify; \">Vous qui lisez ces quelques lignes, <b>\u00ab L\u00c2CHEZ PRISE \u00bb<\/b>, et venez rejoindre la famille de l\u2019hospitalit\u00e9. Venez vivre <b>LA CHARIT\u00c9.<\/b><\/p>\n<\/div><div class=\"fusion-clearfix\"><\/div><\/div><\/div><\/div><\/div>\n","protected":false},"excerpt":{"rendered":"","protected":false},"author":158,"featured_media":0,"parent":0,"menu_order":0,"comment_status":"closed","ping_status":"closed","template":"","meta":{"xn-wppe-expiration":[],"xn-wppe-expiration-action":[],"xn-wppe-expiration-prefix":[],"footnotes":""},"_links":{"self":[{"href":"https:\/\/chalons.catholique.fr\/hospitalite\/wp-json\/wp\/v2\/pages\/12091"}],"collection":[{"href":"https:\/\/chalons.catholique.fr\/hospitalite\/wp-json\/wp\/v2\/pages"}],"about":[{"href":"https:\/\/chalons.catholique.fr\/hospitalite\/wp-json\/wp\/v2\/types\/page"}],"author":[{"embeddable":true,"href":"https:\/\/chalons.catholique.fr\/hospitalite\/wp-json\/wp\/v2\/users\/158"}],"replies":[{"embeddable":true,"href":"https:\/\/chalons.catholique.fr\/hospitalite\/wp-json\/wp\/v2\/comments?post=12091"}],"version-history":[{"count":4,"href":"https:\/\/chalons.catholique.fr\/hospitalite\/wp-json\/wp\/v2\/pages\/12091\/revisions"}],"predecessor-version":[{"id":12586,"href":"https:\/\/chalons.catholique.fr\/hospitalite\/wp-json\/wp\/v2\/pages\/12091\/revisions\/12586"}],"wp:attachment":[{"href":"https:\/\/chalons.catholique.fr\/hospitalite\/wp-json\/wp\/v2\/media?parent=12091"}],"curies":[{"name":"wp","href":"https:\/\/api.w.org\/{rel}","templated":true}]}}