{"id":12081,"date":"2019-12-16T12:13:21","date_gmt":"2019-12-16T11:13:21","guid":{"rendered":"http:\/\/chalons.catholique.fr\/hospitalite\/?page_id=12081"},"modified":"2020-01-20T14:48:30","modified_gmt":"2020-01-20T13:48:30","slug":"inscription","status":"publish","type":"page","link":"https:\/\/chalons.catholique.fr\/hospitalite\/inscription\/","title":{"rendered":"Inscription"},"content":{"rendered":"<div class=\"fusion-fullwidth fullwidth-box fusion-builder-row-1 nonhundred-percent-fullwidth non-hundred-percent-height-scrolling\" style=\"--awb-border-radius-top-left:0px;--awb-border-radius-top-right:0px;--awb-border-radius-bottom-right:0px;--awb-border-radius-bottom-left:0px;--awb-flex-wrap:wrap;\" ><div class=\"fusion-builder-row fusion-row\"><div class=\"fusion-layout-column fusion_builder_column fusion-builder-column-0 fusion_builder_column_1_3 1_3 fusion-one-third fusion-column-first\" style=\"--awb-bg-size:cover;width:33.333333333333%;width:calc(33.333333333333% - ( ( 4% + 4% ) * 0.33333333333333 ) );margin-right: 4%;\"><div class=\"fusion-column-wrapper fusion-flex-column-wrapper-legacy\"><div class=\"fusion-column-content-centered\"><div class=\"fusion-column-content\"><div class=\"fusion-title title fusion-title-1 fusion-sep-none fusion-title-center fusion-title-text fusion-title-size-one\" style=\"--awb-margin-bottom:0px;\"><h1 class=\"fusion-title-heading title-heading-center fusion-responsive-typography-calculated\" style=\"margin:0;--fontSize:33;line-height:1.45;\">Malades<\/h1><\/div><div class=\"fusion-image-element fusion-image-align-center in-legacy-container\" style=\"text-align:center;--awb-caption-title-font-family:var(--h2_typography-font-family);--awb-caption-title-font-weight:var(--h2_typography-font-weight);--awb-caption-title-font-style:var(--h2_typography-font-style);--awb-caption-title-size:var(--h2_typography-font-size);--awb-caption-title-transform:var(--h2_typography-text-transform);--awb-caption-title-line-height:var(--h2_typography-line-height);--awb-caption-title-letter-spacing:var(--h2_typography-letter-spacing);\"><div class=\"imageframe-align-center\"><span class=\" fusion-imageframe imageframe-none imageframe-1 hover-type-none\"><img decoding=\"async\" width=\"150\" height=\"150\" title=\"illness-on-bed\" src=\"https:\/\/chalons.catholique.fr\/hospitalite\/wp-content\/uploads\/sites\/31\/2018\/12\/illness-on-bed-150x150.png\" alt class=\"img-responsive wp-image-12054\" srcset=\"https:\/\/chalons.catholique.fr\/hospitalite\/wp-content\/uploads\/sites\/31\/2018\/12\/illness-on-bed-200x200.png 200w, https:\/\/chalons.catholique.fr\/hospitalite\/wp-content\/uploads\/sites\/31\/2018\/12\/illness-on-bed-400x400.png 400w, https:\/\/chalons.catholique.fr\/hospitalite\/wp-content\/uploads\/sites\/31\/2018\/12\/illness-on-bed.png 512w\" sizes=\"(max-width: 800px) 100vw, 400px\" \/><\/span><\/div><\/div><div class=\"fusion-sep-clear\"><\/div><div class=\"fusion-separator fusion-full-width-sep\" style=\"margin-left: auto;margin-right: auto;margin-top:15px;width:100%;\"><\/div><div class=\"fusion-sep-clear\"><\/div><div class=\"fusion-text fusion-text-1\"><p style=\"text-align: center;\">Si vous souhaitez participer au p\u00e8lerinage \u00e0 Lourdes en tant que p\u00e8lerin malade, vous pourrez avoir les renseignements n\u00e9cessaires aupr\u00e8s de :<\/p>\n<p style=\"text-align: center;\"><strong>Martine LAGILLE<\/strong><br \/>\n06 12 92 61 03<br \/>\n<a title=\"Mail\" href=\"mailto:hubert.lagille@wanadoo.fr\" target=\"_blank\" rel=\"noopener noreferrer\">hubert.lagille@wanadoo.fr<\/a><\/p>\n<\/div><\/div><\/div><div class=\"fusion-clearfix\"><\/div><\/div><\/div><div class=\"fusion-layout-column fusion_builder_column fusion-builder-column-1 fusion_builder_column_1_3 1_3 fusion-one-third\" style=\"--awb-bg-size:cover;width:33.333333333333%;width:calc(33.333333333333% - ( ( 4% + 4% ) * 0.33333333333333 ) );margin-right: 4%;\"><div class=\"fusion-column-wrapper fusion-flex-column-wrapper-legacy\"><div class=\"fusion-title title fusion-title-2 fusion-sep-none fusion-title-center fusion-title-text fusion-title-size-one\" style=\"--awb-margin-bottom:0px;\"><h1 class=\"fusion-title-heading title-heading-center fusion-responsive-typography-calculated\" style=\"margin:0;--fontSize:33;line-height:1.45;\">Hospitaliers<\/h1><\/div><div class=\"fusion-image-element fusion-image-align-center in-legacy-container\" style=\"text-align:center;--awb-caption-title-font-family:var(--h2_typography-font-family);--awb-caption-title-font-weight:var(--h2_typography-font-weight);--awb-caption-title-font-style:var(--h2_typography-font-style);--awb-caption-title-size:var(--h2_typography-font-size);--awb-caption-title-transform:var(--h2_typography-text-transform);--awb-caption-title-line-height:var(--h2_typography-line-height);--awb-caption-title-letter-spacing:var(--h2_typography-letter-spacing);\"><div class=\"imageframe-align-center\"><span class=\" fusion-imageframe imageframe-none imageframe-2 hover-type-none\"><img decoding=\"async\" width=\"150\" height=\"150\" title=\"disabled-\" src=\"https:\/\/chalons.catholique.fr\/hospitalite\/wp-content\/uploads\/sites\/31\/2018\/12\/disabled--150x150.png\" alt class=\"img-responsive wp-image-12059\" srcset=\"https:\/\/chalons.catholique.fr\/hospitalite\/wp-content\/uploads\/sites\/31\/2018\/12\/disabled--200x200.png 200w, https:\/\/chalons.catholique.fr\/hospitalite\/wp-content\/uploads\/sites\/31\/2018\/12\/disabled--400x400.png 400w, https:\/\/chalons.catholique.fr\/hospitalite\/wp-content\/uploads\/sites\/31\/2018\/12\/disabled-.png 512w\" sizes=\"(max-width: 800px) 100vw, 400px\" \/><\/span><\/div><\/div><div class=\"fusion-sep-clear\"><\/div><div class=\"fusion-separator fusion-full-width-sep\" style=\"margin-left: auto;margin-right: auto;margin-top:15px;width:100%;\"><\/div><div class=\"fusion-sep-clear\"><\/div><div class=\"fusion-text fusion-text-2\"><p style=\"text-align: center;\">Si vous souhaitez participer au p\u00e8lerinage \u00e0 Lourdes en tant qu&rsquo;hospitalier, vous pourrez avoir les renseignements n\u00e9cessaires aupr\u00e8s de :<\/p>\n<p style=\"text-align: center;\"><strong>Marie-Claude P\u00c9RARD<\/strong><br \/>06 82 08 55 59<br \/><a title=\"Mail\" href=\"mailto:c.perard@wanadoo.fr\" target=\"_blank\" rel=\"noopener noreferrer\">c.perard@wanadoo.fr<\/a><\/p>\n<\/div><div class=\"fusion-clearfix\"><\/div><\/div><\/div><div class=\"fusion-layout-column fusion_builder_column fusion-builder-column-2 fusion_builder_column_1_3 1_3 fusion-one-third fusion-column-last\" style=\"--awb-bg-size:cover;width:33.333333333333%;width:calc(33.333333333333% - ( ( 4% + 4% ) * 0.33333333333333 ) );\"><div class=\"fusion-column-wrapper fusion-flex-column-wrapper-legacy\"><div class=\"fusion-title title fusion-title-3 fusion-sep-none fusion-title-center fusion-title-text fusion-title-size-one\" style=\"--awb-margin-bottom:0px;\"><h1 class=\"fusion-title-heading title-heading-center fusion-responsive-typography-calculated\" style=\"margin:0;--fontSize:33;line-height:1.45;\">P\u00e8lerins<\/h1><\/div><div class=\"fusion-image-element fusion-image-align-center in-legacy-container\" style=\"text-align:center;--awb-caption-title-font-family:var(--h2_typography-font-family);--awb-caption-title-font-weight:var(--h2_typography-font-weight);--awb-caption-title-font-style:var(--h2_typography-font-style);--awb-caption-title-size:var(--h2_typography-font-size);--awb-caption-title-transform:var(--h2_typography-text-transform);--awb-caption-title-line-height:var(--h2_typography-line-height);--awb-caption-title-letter-spacing:var(--h2_typography-letter-spacing);\"><div class=\"imageframe-align-center\"><span class=\" fusion-imageframe imageframe-none imageframe-3 hover-type-none\"><img decoding=\"async\" width=\"150\" height=\"150\" title=\"users-group\" src=\"https:\/\/chalons.catholique.fr\/hospitalite\/wp-content\/uploads\/sites\/31\/2018\/12\/users-group-150x150.png\" alt class=\"img-responsive wp-image-12060\" srcset=\"https:\/\/chalons.catholique.fr\/hospitalite\/wp-content\/uploads\/sites\/31\/2018\/12\/users-group-200x200.png 200w, https:\/\/chalons.catholique.fr\/hospitalite\/wp-content\/uploads\/sites\/31\/2018\/12\/users-group-400x400.png 400w, https:\/\/chalons.catholique.fr\/hospitalite\/wp-content\/uploads\/sites\/31\/2018\/12\/users-group.png 512w\" sizes=\"(max-width: 800px) 100vw, 400px\" \/><\/span><\/div><\/div><div class=\"fusion-sep-clear\"><\/div><div class=\"fusion-separator fusion-full-width-sep\" style=\"margin-left: auto;margin-right: auto;margin-top:15px;width:100%;\"><\/div><div class=\"fusion-sep-clear\"><\/div><div class=\"fusion-text fusion-text-3\"><p style=\"text-align: center;\">Si vous voulez plus de renseignements sur le p\u00e8lerinage \u00e0 Lourdes, vous pourrez avoir les renseignements n\u00e9cessaires aupr\u00e8s de :<\/p>\n<p style=\"text-align: center;\"><strong>Michel BABEL<\/strong><br \/>\n06 72 74 85 56<br \/>\n<a title=\"Mail\" href=\"mailto:michel.babel@orange.fr\" target=\"_blank\" rel=\"noopener noreferrer\">michel.babel@orange.fr<\/a><\/p>\n<\/div><div class=\"fusion-clearfix\"><\/div><\/div><\/div><\/div><\/div>\n","protected":false},"excerpt":{"rendered":"","protected":false},"author":158,"featured_media":0,"parent":0,"menu_order":0,"comment_status":"closed","ping_status":"closed","template":"","meta":{"xn-wppe-expiration":[],"xn-wppe-expiration-action":[],"xn-wppe-expiration-prefix":[],"footnotes":""},"_links":{"self":[{"href":"https:\/\/chalons.catholique.fr\/hospitalite\/wp-json\/wp\/v2\/pages\/12081"}],"collection":[{"href":"https:\/\/chalons.catholique.fr\/hospitalite\/wp-json\/wp\/v2\/pages"}],"about":[{"href":"https:\/\/chalons.catholique.fr\/hospitalite\/wp-json\/wp\/v2\/types\/page"}],"author":[{"embeddable":true,"href":"https:\/\/chalons.catholique.fr\/hospitalite\/wp-json\/wp\/v2\/users\/158"}],"replies":[{"embeddable":true,"href":"https:\/\/chalons.catholique.fr\/hospitalite\/wp-json\/wp\/v2\/comments?post=12081"}],"version-history":[{"count":0,"href":"https:\/\/chalons.catholique.fr\/hospitalite\/wp-json\/wp\/v2\/pages\/12081\/revisions"}],"wp:attachment":[{"href":"https:\/\/chalons.catholique.fr\/hospitalite\/wp-json\/wp\/v2\/media?parent=12081"}],"curies":[{"name":"wp","href":"https:\/\/api.w.org\/{rel}","templated":true}]}}