{"id":12072,"date":"2019-12-16T11:55:29","date_gmt":"2019-12-16T10:55:29","guid":{"rendered":"http:\/\/chalons.catholique.fr\/hospitalite\/?page_id=12072"},"modified":"2025-12-23T10:44:39","modified_gmt":"2025-12-23T09:44:39","slug":"qui-sommes-nous","status":"publish","type":"page","link":"https:\/\/chalons.catholique.fr\/hospitalite\/qui-sommes-nous\/","title":{"rendered":"Qui sommes-nous ?"},"content":{"rendered":"<div class=\"fusion-fullwidth fullwidth-box fusion-builder-row-1 nonhundred-percent-fullwidth non-hundred-percent-height-scrolling\" style=\"--awb-border-radius-top-left:0px;--awb-border-radius-top-right:0px;--awb-border-radius-bottom-right:0px;--awb-border-radius-bottom-left:0px;--awb-margin-top:30px;--awb-flex-wrap:wrap;\" ><div class=\"fusion-builder-row fusion-row\"><div class=\"fusion-layout-column fusion_builder_column fusion-builder-column-0 fusion_builder_column_1_1 1_1 fusion-one-full fusion-column-first fusion-column-last\" style=\"--awb-bg-size:cover;\"><div class=\"fusion-column-wrapper fusion-column-has-shadow fusion-flex-column-wrapper-legacy\"><div class=\"fusion-title title fusion-title-1 fusion-sep-none fusion-title-center fusion-title-text fusion-title-size-one\" style=\"--awb-text-color:#004e6b;\"><h1 class=\"fusion-title-heading title-heading-center fusion-responsive-typography-calculated\" style=\"margin:0;--fontSize:33;line-height:1.45;\"><u>L\u2019<span style=\"color: #004e6b;\">Hospitalit\u00e9<\/span> <\/u><span style=\"color: #004e6b;\">de<\/span><u> Ch\u00e2lons-en-Champagne<\/u><\/h1><\/div><div class=\"fusion-image-element fusion-image-align-center in-legacy-container\" style=\"text-align:center;--awb-margin-bottom:50px;--awb-caption-title-font-family:var(--h2_typography-font-family);--awb-caption-title-font-weight:var(--h2_typography-font-weight);--awb-caption-title-font-style:var(--h2_typography-font-style);--awb-caption-title-size:var(--h2_typography-font-size);--awb-caption-title-transform:var(--h2_typography-text-transform);--awb-caption-title-line-height:var(--h2_typography-line-height);--awb-caption-title-letter-spacing:var(--h2_typography-letter-spacing);\"><div class=\"imageframe-align-center\"><span class=\" fusion-imageframe imageframe-none imageframe-1 hover-type-none\"><img decoding=\"async\" width=\"960\" height=\"540\" title=\"groupe-1\" src=\"https:\/\/chalons.catholique.fr\/hospitalite\/wp-content\/uploads\/sites\/31\/2019\/12\/groupe-1.jpg\" alt class=\"img-responsive wp-image-12110\" srcset=\"https:\/\/chalons.catholique.fr\/hospitalite\/wp-content\/uploads\/sites\/31\/2019\/12\/groupe-1-200x113.jpg 200w, https:\/\/chalons.catholique.fr\/hospitalite\/wp-content\/uploads\/sites\/31\/2019\/12\/groupe-1-400x225.jpg 400w, https:\/\/chalons.catholique.fr\/hospitalite\/wp-content\/uploads\/sites\/31\/2019\/12\/groupe-1-600x338.jpg 600w, https:\/\/chalons.catholique.fr\/hospitalite\/wp-content\/uploads\/sites\/31\/2019\/12\/groupe-1-800x450.jpg 800w, https:\/\/chalons.catholique.fr\/hospitalite\/wp-content\/uploads\/sites\/31\/2019\/12\/groupe-1.jpg 960w\" sizes=\"(max-width: 800px) 100vw, 960px\" \/><\/span><\/div><\/div><div class=\"fusion-text fusion-text-1\"><p align=\"justify\">L\u2019Hospitalit\u00e9 de Ch\u00e2lons-en-Champagne est une institution dioc\u00e9saine, dont l\u2019objectif est de se mettre au service de l\u2019\u00c9glise, des p\u00e8lerins, malades ou handicap\u00e9s \u00e0 l\u2019occasion du p\u00e8lerinage annuel \u00e0 Lourdes. Elle a \u00e9t\u00e9 cr\u00e9\u00e9e en 1950 et est sous l\u2019autorit\u00e9 de l\u2019\u00c9v\u00eaque assist\u00e9 du Directeur dioc\u00e9sain des p\u00e8lerinages. Elle est administr\u00e9e par le Bureau de l\u2019Hospitalit\u00e9 et le Comit\u00e9 (Bureau + les responsables des Espaces Missionnaires et leurs adjoints), compos\u00e9s de membres de droit et de membres actifs.<\/p>\n<p>Elle a pour missions :<\/p>\n<ul>\n<li>de participer \u00e0 la pr\u00e9paration du p\u00e8lerinage annuel \u00e0 Lourdes en relation avec la direction des p\u00e8lerinages,<\/li>\n<li>d\u2019assurer le suivi m\u00e9dical, les soins, le bien-\u00eatre des p\u00e8lerins malades et de faciliter leurs d\u00e9placements durant tout le p\u00e8lerinage,<\/li>\n<li>de poursuivre un suivi des p\u00e8lerins malades par des visites tout au long de l\u2019ann\u00e9e,<\/li>\n<li>de maintenir des relations fraternelles entre tous les hospitaliers tout au long de l\u2019ann\u00e9e,<\/li>\n<li>de s\u2019associer \u00e0 la Pastorale de la sant\u00e9 d\u00e9finie par le P\u00e8re Ev\u00eaque.<\/li>\n<\/ul>\n<p><b style=\"color: rgb(0, 78, 107);\"><u>Composition :<\/u><\/b><\/p>\n<p>Les membres de droit de l\u2019Hospitalit\u00e9 sont :<\/p>\n<ul>\n<li>Le P\u00e8re Denis V\u00c9JUX<\/li>\n<li>L\u2019Aum\u00f4nier de l\u2019Hospitalit\u00e9, le P\u00e8re Didier BERTHION<\/li>\n<li>Le Directeur dioc\u00e9sain des p\u00e8lerinages, Michel BABEL<\/li>\n<li>La Pr\u00e9sidente de l&rsquo;Hospitalit\u00e9, Claudine VINCENT<\/li>\n<li>La Vice-Pr\u00e9sidente, Brigitte MORETTI<\/li>\n<\/ul>\n<p>Les membres actifs sont toutes les personnes apportant leur concours au fonctionnement de l\u2019Hospitalit\u00e9 et \u00e0 jour de leur cotisation. Ce sont donc tous les hospitaliers et hospitali\u00e8res. Certains d\u2019entre eux, les membres du Bureau, ont \u00e9t\u00e9 d\u00e9sign\u00e9s par le Pr\u00e9sident :<\/p>\n<ul>\n<li>La Secr\u00e9taire, Marie-Claude PERARD <\/li>\n<li>La Responsable des hospitali\u00e8res, Clarisse GEANT <\/li>\n<li>Les Responsables des hospitaliers, Werner ANSEEUW et Jo\u00ebl PERROT<\/li>\n<li>La Responsable des p\u00e8lerins malades, Martine LAGILLE<\/li>\n<\/ul>\n<p style=\"padding-left: 40px;\"><strong><u><span style=\"color: rgb(0, 78, 107);\">Admission<\/span><span style=\"color: rgb(0, 78, 107);\"> :<\/span><\/u><\/strong><\/p>\n<p style=\"padding-left: 40px;\">Pour \u00eatre admis comme hospitaliers ou hospitali\u00e8res auxiliaires, il faut avoir plus de 18 ans, accepter les statuts et le r\u00e8glement int\u00e9rieur de l\u2019Hospitalit\u00e9, faire une demande \u00e9crite au Pr\u00e9sident. En cas de r\u00e9ponse favorable de ce dernier, il faut pouvoir \u00eatre parrain\u00e9 par une personne d\u00e9j\u00e0 adh\u00e9rente \u00e0 l\u2019Hospitalit\u00e9.<\/p>\n<p style=\"padding-left: 40px;\">Les hospitaliers et hospitali\u00e8res peuvent demander, apr\u00e8s leur troisi\u00e8me p\u00e8lerinage \u00e0 Lourdes, \u00e0 s\u2019engager au sein de l\u2019Hospitalit\u00e9 dioc\u00e9saine et devenir ainsi des hospitaliers titulaires.<\/p>\n<p style=\"padding-left: 40px;\">Pour \u00eatre admis comme Page, il faut avoir entre 15 et 18 ans, avoir l\u2019autorisation pr\u00e9alable des parents ou du repr\u00e9sentant l\u00e9gal, faire une demande \u00e9crite au Pr\u00e9sident, approuver la charte du Page.<\/p>\n<p style=\"padding-left: 40px;\"><strong><u><span style=\"color: rgb(0, 78, 107);\">Fonctionnement :<\/span><\/u><\/strong><\/p>\n<p>          Ressources : les ressources de l\u2019association comprennent le montant des cotisations des membres, les subventions, dons et legs.<\/p>\n<p>          Assembl\u00e9e G\u00e9n\u00e9rale : l\u2019Assembl\u00e9e G\u00e9n\u00e9rale est compos\u00e9e de tous les membres adh\u00e9rents \u00e0 jour de leurs cotisations. Elle se r\u00e9unit une fois par an, en f\u00e9vrier            \u00e0 L&rsquo;\u00c9pine, sur convocation de la Pr\u00e9sidente.<\/p>\n<p style=\"padding-left: 40px;\">\n<p style=\"padding-left: 40px;\"><strong><u><span style=\"color: rgb(0, 78, 107);\">Contacts :<\/span><\/u><\/strong><\/p>\n<p>L\u2019adresse mail de l\u2019hospitalit\u00e9 est : <b>hospitalite@chalons.catholique.fr<\/b><\/p>\n<p style=\"padding-left: 40px;\">\n<p style=\"padding-left: 40px;\"><strong><u><span style=\"color: rgb(0, 78, 107);\">Devenir Hospitalier ou Hospitali\u00e8re :<\/span><\/u><\/strong><\/p>\n<p align=\"justify\">Pour \u00eatre admis comme hospitaliers ou hospitali\u00e8res auxiliaires, il faut avoir plus de 18 ans. Si vous connaissez d\u00e9j\u00e0 un hospitalier ou une hospitali\u00e8re d\u00e9j\u00e0 adh\u00e9rent(e) \u00e0 l\u2019Hospitalit\u00e9, il ou elle pourra \u00eatre votre parrain (marraine). Sinon, les responsables de l\u2019Hospitalit\u00e9 vous d\u00e9signeront un parrain (ou une marraine) qui vous guidera tout au long du p\u00e8lerinage.<\/p>\n<p align=\"justify\">Si vous souhaitez rejoindre l\u2019Hospitalit\u00e9, n\u2019h\u00e9sitez pas \u00e0 contacter Clarisse ou Werner <i>(voir les coordonn\u00e9es ci-dessous)<\/i><br \/>Pour \u00eatre admis comme Page, il faut avoir entre 16 et 18 ans et avoir l\u2019autorisation pr\u00e9alable des parents ou du repr\u00e9sentant l\u00e9gal. Les Pages sont sous la responsabilit\u00e9 et l\u2019autorit\u00e9 de la Pastorale des Jeunes du dioc\u00e8se tout au long du p\u00e8lerinage et aident au brancardage des p\u00e8lerins accompagn\u00e9s.<\/p>\n<p style=\"padding-left: 40px;\">\n<\/div><div class=\"fusion-clearfix\"><\/div><\/div><\/div><\/div><\/div><div class=\"fusion-fullwidth fullwidth-box fusion-builder-row-2 fusion-flex-container nonhundred-percent-fullwidth non-hundred-percent-height-scrolling\" style=\"--awb-border-radius-top-left:0px;--awb-border-radius-top-right:0px;--awb-border-radius-bottom-right:0px;--awb-border-radius-bottom-left:0px;--awb-margin-top:0px;--awb-flex-wrap:wrap;\" ><div class=\"fusion-builder-row fusion-row fusion-flex-align-items-flex-start fusion-flex-content-wrap\" style=\"max-width:1289.6px;margin-left: calc(-4% \/ 2 );margin-right: calc(-4% \/ 2 );\"><div class=\"fusion-layout-column fusion_builder_column fusion-builder-column-1 fusion_builder_column_1_1 1_1 fusion-flex-column\" style=\"--awb-bg-size:cover;--awb-width-large:100%;--awb-margin-top-large:0px;--awb-spacing-right-large:1.92%;--awb-margin-bottom-large:20px;--awb-spacing-left-large:1.92%;--awb-width-medium:100%;--awb-order-medium:0;--awb-spacing-right-medium:1.92%;--awb-spacing-left-medium:1.92%;--awb-width-small:100%;--awb-order-small:0;--awb-spacing-right-small:1.92%;--awb-spacing-left-small:1.92%;\"><div class=\"fusion-column-wrapper fusion-column-has-shadow fusion-flex-justify-content-flex-start fusion-content-layout-column\">\n<div class=\"table-1\">\n<table width=\"100%\">\n<thead>\n<tr>\n<th align=\"left\">Nom<\/th>\n<th align=\"left\">Fonction<\/th>\n<th align=\"left\">T\u00e9l\u00e9phones<\/th>\n<\/tr>\n<\/thead>\n<tbody>\n<tr>\n<td align=\"left\">Claudine Vincent<\/td>\n<td align=\"left\">Pr\u00e9sidente<\/td>\n<td align=\"left\">\n<p>06.89.09.75.01<\/p>\n<\/td>\n<\/tr>\n<tr>\n<td align=\"left\">Brigitte MORETTI<\/td>\n<td align=\"left\">Vice-Pr\u00e9sidente<\/td>\n<td align=\"left\">07.83.16.86.49<\/td>\n<\/tr>\n<tr>\n<td align=\"left\">Clarisse G\u00c9ANT<\/td>\n<td align=\"left\">Responsable des hospitali\u00e8res<\/td>\n<td align=\"left\">\n<p>06.13.52.25.93<\/p>\n<\/td>\n<\/tr>\n<tr>\n<td align=\"left\">Werner ANSEEUW<\/td>\n<td align=\"left\">Responsable des hospitaliers<\/td>\n<td align=\"left\">06.08.88.64.68<\/td>\n<\/tr>\n<tr>\n<td align=\"left\">\n<p>Martine LAGILLE<\/p>\n<\/td>\n<td align=\"left\">Responsables des p\u00e8lerins malades<\/td>\n<td align=\"left\">06.12.92.61.03<\/td>\n<\/tr>\n<tr>\n<td align=\"left\">Marie Claude P\u00c9RARD<\/td>\n<td align=\"left\">Secr\u00e9taire<\/td>\n<td align=\"left\">06.82.08.55.59<\/td>\n<\/tr>\n<tr>\n<td align=\"left\">Hugues G\u00c9RARDIN<\/td>\n<td align=\"left\">Tr\u00e9sorier<\/td>\n<td align=\"left\">06.03.67.91.54<\/td>\n<\/tr>\n<\/tbody>\n<\/table>\n<\/div>\n<\/div><\/div><\/div><\/div>\n","protected":false},"excerpt":{"rendered":"","protected":false},"author":31,"featured_media":0,"parent":0,"menu_order":0,"comment_status":"closed","ping_status":"closed","template":"","meta":{"xn-wppe-expiration":[],"xn-wppe-expiration-action":[],"xn-wppe-expiration-prefix":[],"footnotes":""},"_links":{"self":[{"href":"https:\/\/chalons.catholique.fr\/hospitalite\/wp-json\/wp\/v2\/pages\/12072"}],"collection":[{"href":"https:\/\/chalons.catholique.fr\/hospitalite\/wp-json\/wp\/v2\/pages"}],"about":[{"href":"https:\/\/chalons.catholique.fr\/hospitalite\/wp-json\/wp\/v2\/types\/page"}],"author":[{"embeddable":true,"href":"https:\/\/chalons.catholique.fr\/hospitalite\/wp-json\/wp\/v2\/users\/31"}],"replies":[{"embeddable":true,"href":"https:\/\/chalons.catholique.fr\/hospitalite\/wp-json\/wp\/v2\/comments?post=12072"}],"version-history":[{"count":9,"href":"https:\/\/chalons.catholique.fr\/hospitalite\/wp-json\/wp\/v2\/pages\/12072\/revisions"}],"predecessor-version":[{"id":12568,"href":"https:\/\/chalons.catholique.fr\/hospitalite\/wp-json\/wp\/v2\/pages\/12072\/revisions\/12568"}],"wp:attachment":[{"href":"https:\/\/chalons.catholique.fr\/hospitalite\/wp-json\/wp\/v2\/media?parent=12072"}],"curies":[{"name":"wp","href":"https:\/\/api.w.org\/{rel}","templated":true}]}}