{"id":794,"date":"2017-07-20T16:42:22","date_gmt":"2017-07-20T14:42:22","guid":{"rendered":"http:\/\/chalons.catholique.fr\/formation\/?page_id=794"},"modified":"2017-10-03T16:25:01","modified_gmt":"2017-10-03T14:25:01","slug":"enrichir-ses-competences","status":"publish","type":"page","link":"https:\/\/chalons.catholique.fr\/formation\/livret-de-formations\/enrichir-ses-competences\/","title":{"rendered":"Enrichir ses comp\u00e9tences"},"content":{"rendered":"<div class=\"fusion-fullwidth fullwidth-box fusion-builder-row-1 nonhundred-percent-fullwidth non-hundred-percent-height-scrolling fusion-equal-height-columns\" style=\"--awb-background-position:left top;--awb-border-radius-top-left:0px;--awb-border-radius-top-right:0px;--awb-border-radius-bottom-right:0px;--awb-border-radius-bottom-left:0px;--awb-padding-top:20px;--awb-padding-bottom:20px;--awb-border-sizes-top:0px;--awb-border-sizes-bottom:0px;--awb-flex-wrap:wrap;\" ><div class=\"fusion-builder-row fusion-row\"><div class=\"fusion-layout-column fusion_builder_column fusion-builder-column-0 fusion_builder_column_1_1 1_1 fusion-one-full fusion-column-first fusion-column-last fusion-column-no-min-height\" style=\"--awb-bg-size:cover;--awb-margin-top:0px;--awb-margin-bottom:0px;\"><div class=\"fusion-column-wrapper fusion-flex-column-wrapper-legacy\"><div class=\"pt-cv-wrapper\"><div class=\"pt-cv-view pt-cv-grid pt-cv-colsys\" id=\"pt-cv-view-0eaa529tc4\"><div data-id=\"pt-cv-page-1\" class=\"pt-cv-page\" data-cvc=\"3\"><div class=\"col-md-4 col-sm-6 col-xs-12 pt-cv-content-item pt-cv-1-col\" ><div class='pt-cv-ifield'><a href=\"https:\/\/chalons.catholique.fr\/formation\/animer-une-reunion\/\" class=\"_self pt-cv-href-thumbnail pt-cv-thumb-default\" target=\"_self\" ><img width=\"300\" height=\"200\" src=\"https:\/\/chalons.catholique.fr\/formation\/wp-content\/uploads\/sites\/24\/2017\/07\/nik-macmillan-280300-300x200.jpg\" class=\"pt-cv-thumbnail\" alt=\"Animer une r\u00e9union\/nik-macmillan\" decoding=\"async\" srcset=\"https:\/\/chalons.catholique.fr\/formation\/wp-content\/uploads\/sites\/24\/2017\/07\/nik-macmillan-280300-200x133.jpg 200w, https:\/\/chalons.catholique.fr\/formation\/wp-content\/uploads\/sites\/24\/2017\/07\/nik-macmillan-280300-300x200.jpg 300w, https:\/\/chalons.catholique.fr\/formation\/wp-content\/uploads\/sites\/24\/2017\/07\/nik-macmillan-280300-400x267.jpg 400w, https:\/\/chalons.catholique.fr\/formation\/wp-content\/uploads\/sites\/24\/2017\/07\/nik-macmillan-280300-600x400.jpg 600w, https:\/\/chalons.catholique.fr\/formation\/wp-content\/uploads\/sites\/24\/2017\/07\/nik-macmillan-280300-768x512.jpg 768w, https:\/\/chalons.catholique.fr\/formation\/wp-content\/uploads\/sites\/24\/2017\/07\/nik-macmillan-280300.jpg 800w\" sizes=\"(max-width: 300px) 100vw, 300px\" \/><\/a>\n<h4 class=\"pt-cv-title\"><a href=\"https:\/\/chalons.catholique.fr\/formation\/animer-une-reunion\/\" class=\"_self\" target=\"_self\" >Animer une r\u00e9union<\/a><\/h4>\n<div class=\"pt-cv-content\">Objectifs En r\u00e9ponse \u00e0 des demandes pr\u00e9cises, le service de Formation Permanente propose \u00e9galement ces 2 autres formations. D\u00e9tailsPublic :\u00a0Selon ...<br \/><div class=\"pt-cv-rmwrap\"><a href=\"https:\/\/chalons.catholique.fr\/formation\/animer-une-reunion\/\" class=\"_self pt-cv-readmore btn btn-success\" target=\"_self\">Lire La Suite<\/a><\/div><\/div><\/div><\/div><\/div><\/div><\/div><div class=\"fusion-clearfix\"><\/div><\/div><\/div><\/div><\/div>\n","protected":false},"excerpt":{"rendered":"","protected":false},"author":8,"featured_media":0,"parent":153,"menu_order":0,"comment_status":"closed","ping_status":"closed","template":"","meta":{"xn-wppe-expiration":[],"xn-wppe-expiration-action":[],"xn-wppe-expiration-prefix":[],"footnotes":""},"categories":[],"tags":[],"_links":{"self":[{"href":"https:\/\/chalons.catholique.fr\/formation\/wp-json\/wp\/v2\/pages\/794"}],"collection":[{"href":"https:\/\/chalons.catholique.fr\/formation\/wp-json\/wp\/v2\/pages"}],"about":[{"href":"https:\/\/chalons.catholique.fr\/formation\/wp-json\/wp\/v2\/types\/page"}],"author":[{"embeddable":true,"href":"https:\/\/chalons.catholique.fr\/formation\/wp-json\/wp\/v2\/users\/8"}],"replies":[{"embeddable":true,"href":"https:\/\/chalons.catholique.fr\/formation\/wp-json\/wp\/v2\/comments?post=794"}],"version-history":[{"count":0,"href":"https:\/\/chalons.catholique.fr\/formation\/wp-json\/wp\/v2\/pages\/794\/revisions"}],"up":[{"embeddable":true,"href":"https:\/\/chalons.catholique.fr\/formation\/wp-json\/wp\/v2\/pages\/153"}],"wp:attachment":[{"href":"https:\/\/chalons.catholique.fr\/formation\/wp-json\/wp\/v2\/media?parent=794"}],"wp:term":[{"taxonomy":"category","embeddable":true,"href":"https:\/\/chalons.catholique.fr\/formation\/wp-json\/wp\/v2\/categories?post=794"},{"taxonomy":"post_tag","embeddable":true,"href":"https:\/\/chalons.catholique.fr\/formation\/wp-json\/wp\/v2\/tags?post=794"}],"curies":[{"name":"wp","href":"https:\/\/api.w.org\/{rel}","templated":true}]}}