{"id":792,"date":"2017-07-20T16:41:12","date_gmt":"2017-07-20T14:41:12","guid":{"rendered":"http:\/\/chalons.catholique.fr\/formation\/?page_id=792"},"modified":"2017-10-03T16:25:01","modified_gmt":"2017-10-03T14:25:01","slug":"decouvrir-la-foi","status":"publish","type":"page","link":"https:\/\/chalons.catholique.fr\/formation\/livret-de-formations\/decouvrir-la-foi\/","title":{"rendered":"D\u00e9couvrir la foi"},"content":{"rendered":"<div class=\"fusion-fullwidth fullwidth-box fusion-builder-row-1 nonhundred-percent-fullwidth non-hundred-percent-height-scrolling fusion-equal-height-columns\" style=\"--awb-background-position:left top;--awb-border-radius-top-left:0px;--awb-border-radius-top-right:0px;--awb-border-radius-bottom-right:0px;--awb-border-radius-bottom-left:0px;--awb-padding-top:20px;--awb-padding-bottom:20px;--awb-border-sizes-top:0px;--awb-border-sizes-bottom:0px;--awb-flex-wrap:wrap;\" ><div class=\"fusion-builder-row fusion-row\"><div class=\"fusion-layout-column fusion_builder_column fusion-builder-column-0 fusion_builder_column_1_1 1_1 fusion-one-full fusion-column-first fusion-column-last fusion-column-no-min-height\" style=\"--awb-bg-size:cover;--awb-margin-top:0px;--awb-margin-bottom:0px;\"><div class=\"fusion-column-wrapper fusion-flex-column-wrapper-legacy\"><div class=\"pt-cv-wrapper\"><div class=\"pt-cv-view pt-cv-grid pt-cv-colsys\" id=\"pt-cv-view-1e6869efta\"><div data-id=\"pt-cv-page-1\" class=\"pt-cv-page\" data-cvc=\"3\"><div class=\"col-md-4 col-sm-6 col-xs-12 pt-cv-content-item pt-cv-1-col\" ><div class='pt-cv-ifield'><a href=\"https:\/\/chalons.catholique.fr\/formation\/effata\/\" class=\"_self pt-cv-href-thumbnail pt-cv-thumb-default\" target=\"_self\" ><img width=\"300\" height=\"200\" src=\"https:\/\/chalons.catholique.fr\/formation\/wp-content\/uploads\/sites\/24\/2016\/12\/dome-300x200.jpg\" class=\"pt-cv-thumbnail\" alt=\"Effata\" decoding=\"async\" srcset=\"https:\/\/chalons.catholique.fr\/formation\/wp-content\/uploads\/sites\/24\/2016\/12\/dome-200x133.jpg 200w, https:\/\/chalons.catholique.fr\/formation\/wp-content\/uploads\/sites\/24\/2016\/12\/dome-300x200.jpg 300w, https:\/\/chalons.catholique.fr\/formation\/wp-content\/uploads\/sites\/24\/2016\/12\/dome-400x267.jpg 400w, https:\/\/chalons.catholique.fr\/formation\/wp-content\/uploads\/sites\/24\/2016\/12\/dome-600x400.jpg 600w, https:\/\/chalons.catholique.fr\/formation\/wp-content\/uploads\/sites\/24\/2016\/12\/dome-768x512.jpg 768w, https:\/\/chalons.catholique.fr\/formation\/wp-content\/uploads\/sites\/24\/2016\/12\/dome.jpg 800w\" sizes=\"(max-width: 300px) 100vw, 300px\" \/><\/a>\n<h4 class=\"pt-cv-title\"><a href=\"https:\/\/chalons.catholique.fr\/formation\/effata\/\" class=\"_self\" target=\"_self\" >Effata<\/a><\/h4>\n<div class=\"pt-cv-content\">Objectifs Acqu\u00e9rir ou reprendre quelques points fondamentaux de la foi et de la vie chr\u00e9tienne.Th\u00e8mes : D\u00e9couvrir qui est J\u00e9sus ...<br \/><div class=\"pt-cv-rmwrap\"><a href=\"https:\/\/chalons.catholique.fr\/formation\/effata\/\" class=\"_self pt-cv-readmore btn btn-success\" target=\"_self\">Lire La Suite<\/a><\/div><\/div><\/div><\/div>\n<div class=\"col-md-4 col-sm-6 col-xs-12 pt-cv-content-item pt-cv-1-col\" ><div class='pt-cv-ifield'><a href=\"https:\/\/chalons.catholique.fr\/formation\/essentiel-foi-mariage\/\" class=\"_self pt-cv-href-thumbnail pt-cv-thumb-default\" target=\"_self\" ><img width=\"300\" height=\"200\" src=\"https:\/\/chalons.catholique.fr\/formation\/wp-content\/uploads\/sites\/24\/2017\/07\/alliances-1619392_640-1-300x200.jpg\" class=\"pt-cv-thumbnail\" alt=\"Essentiel foi mariage\" decoding=\"async\" srcset=\"https:\/\/chalons.catholique.fr\/formation\/wp-content\/uploads\/sites\/24\/2017\/07\/alliances-1619392_640-1-200x133.jpg 200w, https:\/\/chalons.catholique.fr\/formation\/wp-content\/uploads\/sites\/24\/2017\/07\/alliances-1619392_640-1-300x200.jpg 300w, https:\/\/chalons.catholique.fr\/formation\/wp-content\/uploads\/sites\/24\/2017\/07\/alliances-1619392_640-1-400x266.jpg 400w, https:\/\/chalons.catholique.fr\/formation\/wp-content\/uploads\/sites\/24\/2017\/07\/alliances-1619392_640-1-600x399.jpg 600w, https:\/\/chalons.catholique.fr\/formation\/wp-content\/uploads\/sites\/24\/2017\/07\/alliances-1619392_640-1.jpg 640w\" sizes=\"(max-width: 300px) 100vw, 300px\" \/><\/a>\n<h4 class=\"pt-cv-title\"><a href=\"https:\/\/chalons.catholique.fr\/formation\/essentiel-foi-mariage\/\" class=\"_self\" target=\"_self\" >Essentiel Foi Mariage<\/a><\/h4>\n<div class=\"pt-cv-content\">Public :\u00a0Pour les couples en pr\u00e9paration au mariageRitme :\u00a02 rencontres de 2h en paroisse ou en doyenn\u00e9 Contact :\u00a0Service dioc\u00e9sain ...<br \/><div class=\"pt-cv-rmwrap\"><a href=\"https:\/\/chalons.catholique.fr\/formation\/essentiel-foi-mariage\/\" class=\"_self pt-cv-readmore btn btn-success\" target=\"_self\">Lire La Suite<\/a><\/div><\/div><\/div><\/div><\/div><\/div><\/div><div class=\"fusion-clearfix\"><\/div><\/div><\/div><\/div><\/div>\n","protected":false},"excerpt":{"rendered":"","protected":false},"author":8,"featured_media":0,"parent":153,"menu_order":0,"comment_status":"closed","ping_status":"closed","template":"","meta":{"xn-wppe-expiration":[],"xn-wppe-expiration-action":[],"xn-wppe-expiration-prefix":[],"footnotes":""},"categories":[],"tags":[],"_links":{"self":[{"href":"https:\/\/chalons.catholique.fr\/formation\/wp-json\/wp\/v2\/pages\/792"}],"collection":[{"href":"https:\/\/chalons.catholique.fr\/formation\/wp-json\/wp\/v2\/pages"}],"about":[{"href":"https:\/\/chalons.catholique.fr\/formation\/wp-json\/wp\/v2\/types\/page"}],"author":[{"embeddable":true,"href":"https:\/\/chalons.catholique.fr\/formation\/wp-json\/wp\/v2\/users\/8"}],"replies":[{"embeddable":true,"href":"https:\/\/chalons.catholique.fr\/formation\/wp-json\/wp\/v2\/comments?post=792"}],"version-history":[{"count":0,"href":"https:\/\/chalons.catholique.fr\/formation\/wp-json\/wp\/v2\/pages\/792\/revisions"}],"up":[{"embeddable":true,"href":"https:\/\/chalons.catholique.fr\/formation\/wp-json\/wp\/v2\/pages\/153"}],"wp:attachment":[{"href":"https:\/\/chalons.catholique.fr\/formation\/wp-json\/wp\/v2\/media?parent=792"}],"wp:term":[{"taxonomy":"category","embeddable":true,"href":"https:\/\/chalons.catholique.fr\/formation\/wp-json\/wp\/v2\/categories?post=792"},{"taxonomy":"post_tag","embeddable":true,"href":"https:\/\/chalons.catholique.fr\/formation\/wp-json\/wp\/v2\/tags?post=792"}],"curies":[{"name":"wp","href":"https:\/\/api.w.org\/{rel}","templated":true}]}}