{"id":788,"date":"2017-07-20T16:38:00","date_gmt":"2017-07-20T14:38:00","guid":{"rendered":"http:\/\/chalons.catholique.fr\/formation\/?page_id=788"},"modified":"2017-10-03T16:25:01","modified_gmt":"2017-10-03T14:25:01","slug":"celebrer-en-eglise","status":"publish","type":"page","link":"https:\/\/chalons.catholique.fr\/formation\/livret-de-formations\/celebrer-en-eglise\/","title":{"rendered":"C\u00e9l\u00e9brer en \u00c9glise"},"content":{"rendered":"<div class=\"fusion-fullwidth fullwidth-box fusion-builder-row-1 nonhundred-percent-fullwidth non-hundred-percent-height-scrolling fusion-equal-height-columns\" style=\"--awb-background-position:left top;--awb-border-radius-top-left:0px;--awb-border-radius-top-right:0px;--awb-border-radius-bottom-right:0px;--awb-border-radius-bottom-left:0px;--awb-padding-top:20px;--awb-padding-bottom:20px;--awb-border-sizes-top:0px;--awb-border-sizes-bottom:0px;--awb-flex-wrap:wrap;\" ><div class=\"fusion-builder-row fusion-row\"><div class=\"fusion-layout-column fusion_builder_column fusion-builder-column-0 fusion_builder_column_1_1 1_1 fusion-one-full fusion-column-first fusion-column-last fusion-column-no-min-height\" style=\"--awb-bg-size:cover;--awb-margin-top:0px;--awb-margin-bottom:0px;\"><div class=\"fusion-column-wrapper fusion-flex-column-wrapper-legacy\"><div class=\"pt-cv-wrapper\"><div class=\"pt-cv-view pt-cv-grid pt-cv-colsys\" id=\"pt-cv-view-0d4088btzb\"><div data-id=\"pt-cv-page-1\" class=\"pt-cv-page\" data-cvc=\"3\"><div class=\"col-md-4 col-sm-6 col-xs-12 pt-cv-content-item pt-cv-1-col\" ><div class='pt-cv-ifield'><a href=\"https:\/\/chalons.catholique.fr\/formation\/animer-le-chant-de-lassemblee\/\" class=\"_self pt-cv-href-thumbnail pt-cv-thumb-default\" target=\"_self\" ><img width=\"300\" height=\"200\" src=\"https:\/\/chalons.catholique.fr\/formation\/wp-content\/uploads\/sites\/24\/2016\/07\/animer-chant-assemble\u0301e-300x200.jpg\" class=\"pt-cv-thumbnail\" alt=\"\" decoding=\"async\" srcset=\"https:\/\/chalons.catholique.fr\/formation\/wp-content\/uploads\/sites\/24\/2016\/07\/animer-chant-assemble\u0301e-200x133.jpg 200w, https:\/\/chalons.catholique.fr\/formation\/wp-content\/uploads\/sites\/24\/2016\/07\/animer-chant-assemble\u0301e-300x200.jpg 300w, https:\/\/chalons.catholique.fr\/formation\/wp-content\/uploads\/sites\/24\/2016\/07\/animer-chant-assemble\u0301e-400x267.jpg 400w, https:\/\/chalons.catholique.fr\/formation\/wp-content\/uploads\/sites\/24\/2016\/07\/animer-chant-assemble\u0301e-600x400.jpg 600w, https:\/\/chalons.catholique.fr\/formation\/wp-content\/uploads\/sites\/24\/2016\/07\/animer-chant-assemble\u0301e-768x512.jpg 768w, https:\/\/chalons.catholique.fr\/formation\/wp-content\/uploads\/sites\/24\/2016\/07\/animer-chant-assemble\u0301e.jpg 800w\" sizes=\"(max-width: 300px) 100vw, 300px\" \/><\/a>\n<h4 class=\"pt-cv-title\"><a href=\"https:\/\/chalons.catholique.fr\/formation\/animer-le-chant-de-lassemblee\/\" class=\"_self\" target=\"_self\" >Animer le chant de l&rsquo;assembl\u00e9e<\/a><\/h4>\n<div class=\"pt-cv-content\">Acqu\u00e9rir des \u00e9l\u00e9ments de technique vocale et gestuelle Apprendre \u00e0 ...<br \/><div class=\"pt-cv-rmwrap\"><a href=\"https:\/\/chalons.catholique.fr\/formation\/animer-le-chant-de-lassemblee\/\" class=\"_self pt-cv-readmore btn btn-success\" target=\"_self\">Lire La Suite<\/a><\/div><\/div><\/div><\/div>\n<div class=\"col-md-4 col-sm-6 col-xs-12 pt-cv-content-item pt-cv-1-col\" ><div class='pt-cv-ifield'><a href=\"https:\/\/chalons.catholique.fr\/formation\/fleurir-en-liturgie\/\" class=\"_self pt-cv-href-thumbnail pt-cv-thumb-default\" target=\"_self\" ><img width=\"300\" height=\"200\" src=\"https:\/\/chalons.catholique.fr\/formation\/wp-content\/uploads\/sites\/24\/2016\/07\/photo-1453224475513-988475ec1e59-300x200.jpeg\" class=\"pt-cv-thumbnail\" alt=\"fleurir-en-liturgie\" decoding=\"async\" srcset=\"https:\/\/chalons.catholique.fr\/formation\/wp-content\/uploads\/sites\/24\/2016\/07\/photo-1453224475513-988475ec1e59-200x133.jpeg 200w, https:\/\/chalons.catholique.fr\/formation\/wp-content\/uploads\/sites\/24\/2016\/07\/photo-1453224475513-988475ec1e59-300x200.jpeg 300w, https:\/\/chalons.catholique.fr\/formation\/wp-content\/uploads\/sites\/24\/2016\/07\/photo-1453224475513-988475ec1e59-400x267.jpeg 400w, https:\/\/chalons.catholique.fr\/formation\/wp-content\/uploads\/sites\/24\/2016\/07\/photo-1453224475513-988475ec1e59-600x400.jpeg 600w, https:\/\/chalons.catholique.fr\/formation\/wp-content\/uploads\/sites\/24\/2016\/07\/photo-1453224475513-988475ec1e59-768x512.jpeg 768w, https:\/\/chalons.catholique.fr\/formation\/wp-content\/uploads\/sites\/24\/2016\/07\/photo-1453224475513-988475ec1e59-e1475618832611.jpeg 800w, https:\/\/chalons.catholique.fr\/formation\/wp-content\/uploads\/sites\/24\/2016\/07\/photo-1453224475513-988475ec1e59-1024x683.jpeg 1024w, https:\/\/chalons.catholique.fr\/formation\/wp-content\/uploads\/sites\/24\/2016\/07\/photo-1453224475513-988475ec1e59-1200x800.jpeg 1200w\" sizes=\"(max-width: 300px) 100vw, 300px\" \/><\/a>\n<h4 class=\"pt-cv-title\"><a href=\"https:\/\/chalons.catholique.fr\/formation\/fleurir-en-liturgie\/\" class=\"_self\" target=\"_self\" >Fleurir en liturgie<\/a><\/h4>\n<div class=\"pt-cv-content\">Description Objectifs : Etre capable de tenir compte du temps ...<br \/><div class=\"pt-cv-rmwrap\"><a href=\"https:\/\/chalons.catholique.fr\/formation\/fleurir-en-liturgie\/\" class=\"_self pt-cv-readmore btn btn-success\" target=\"_self\">Lire La Suite<\/a><\/div><\/div><\/div><\/div>\n<div class=\"col-md-4 col-sm-6 col-xs-12 pt-cv-content-item pt-cv-1-col\" ><div class='pt-cv-ifield'><a href=\"https:\/\/chalons.catholique.fr\/formation\/mieux-comprendre-la-messe-et-les-autres-celebrations\/\" class=\"_self pt-cv-href-thumbnail pt-cv-thumb-default\" target=\"_self\" ><img width=\"300\" height=\"200\" src=\"https:\/\/chalons.catholique.fr\/formation\/wp-content\/uploads\/sites\/24\/2017\/07\/eucharist-1591663_640-300x200.jpg\" class=\"pt-cv-thumbnail\" alt=\"Comprendre la messe\" decoding=\"async\" srcset=\"https:\/\/chalons.catholique.fr\/formation\/wp-content\/uploads\/sites\/24\/2017\/07\/eucharist-1591663_640-200x133.jpg 200w, https:\/\/chalons.catholique.fr\/formation\/wp-content\/uploads\/sites\/24\/2017\/07\/eucharist-1591663_640-300x200.jpg 300w, https:\/\/chalons.catholique.fr\/formation\/wp-content\/uploads\/sites\/24\/2017\/07\/eucharist-1591663_640-400x266.jpg 400w, https:\/\/chalons.catholique.fr\/formation\/wp-content\/uploads\/sites\/24\/2017\/07\/eucharist-1591663_640-600x399.jpg 600w, https:\/\/chalons.catholique.fr\/formation\/wp-content\/uploads\/sites\/24\/2017\/07\/eucharist-1591663_640.jpg 640w\" sizes=\"(max-width: 300px) 100vw, 300px\" \/><\/a>\n<h4 class=\"pt-cv-title\"><a href=\"https:\/\/chalons.catholique.fr\/formation\/mieux-comprendre-la-messe-et-les-autres-celebrations\/\" class=\"_self\" target=\"_self\" >Mieux comprendre la messe et les autres c\u00e9l\u00e9brations<\/a><\/h4>\n<div class=\"pt-cv-content\">Public :\u00a0Tout publicRythme :\u00a01 rencontre de 2h30\u00a0 en paroisse ou\u00a0en ...<br \/><div class=\"pt-cv-rmwrap\"><a href=\"https:\/\/chalons.catholique.fr\/formation\/mieux-comprendre-la-messe-et-les-autres-celebrations\/\" class=\"_self pt-cv-readmore btn btn-success\" target=\"_self\">Lire La Suite<\/a><\/div><\/div><\/div><\/div>\n<div class=\"col-md-4 col-sm-6 col-xs-12 pt-cv-content-item pt-cv-1-col\" ><div class='pt-cv-ifield'><a href=\"https:\/\/chalons.catholique.fr\/formation\/porter-la-communion-aux-malades\/\" class=\"_self pt-cv-href-thumbnail pt-cv-thumb-default\" target=\"_self\" ><img width=\"300\" height=\"200\" src=\"https:\/\/chalons.catholique.fr\/formation\/wp-content\/uploads\/sites\/24\/2017\/07\/porter_la_communionPixabay-church-753815_1920-300x200.jpg\" class=\"pt-cv-thumbnail\" alt=\"Porter la communion aux malades\" decoding=\"async\" srcset=\"https:\/\/chalons.catholique.fr\/formation\/wp-content\/uploads\/sites\/24\/2017\/07\/porter_la_communionPixabay-church-753815_1920-200x134.jpg 200w, https:\/\/chalons.catholique.fr\/formation\/wp-content\/uploads\/sites\/24\/2017\/07\/porter_la_communionPixabay-church-753815_1920-300x200.jpg 300w, https:\/\/chalons.catholique.fr\/formation\/wp-content\/uploads\/sites\/24\/2017\/07\/porter_la_communionPixabay-church-753815_1920-400x267.jpg 400w, https:\/\/chalons.catholique.fr\/formation\/wp-content\/uploads\/sites\/24\/2017\/07\/porter_la_communionPixabay-church-753815_1920-600x401.jpg 600w, https:\/\/chalons.catholique.fr\/formation\/wp-content\/uploads\/sites\/24\/2017\/07\/porter_la_communionPixabay-church-753815_1920-768x513.jpg 768w, https:\/\/chalons.catholique.fr\/formation\/wp-content\/uploads\/sites\/24\/2017\/07\/porter_la_communionPixabay-church-753815_1920.jpg 800w\" sizes=\"(max-width: 300px) 100vw, 300px\" \/><\/a>\n<h4 class=\"pt-cv-title\"><a href=\"https:\/\/chalons.catholique.fr\/formation\/porter-la-communion-aux-malades\/\" class=\"_self\" target=\"_self\" >Porter la communion aux malades<\/a><\/h4>\n<div class=\"pt-cv-content\">Cette formation permet de donner sens \u00e0 ce service, de ...<br \/><div class=\"pt-cv-rmwrap\"><a href=\"https:\/\/chalons.catholique.fr\/formation\/porter-la-communion-aux-malades\/\" class=\"_self pt-cv-readmore btn btn-success\" target=\"_self\">Lire La Suite<\/a><\/div><\/div><\/div><\/div>\n<div class=\"col-md-4 col-sm-6 col-xs-12 pt-cv-content-item pt-cv-1-col\" ><div class='pt-cv-ifield'><a href=\"https:\/\/chalons.catholique.fr\/formation\/preparer-animer-conduire-les-celebrations-dobseques\/\" class=\"_self pt-cv-href-thumbnail pt-cv-thumb-default\" target=\"_self\" ><img width=\"300\" height=\"200\" src=\"https:\/\/chalons.catholique.fr\/formation\/wp-content\/uploads\/sites\/24\/2017\/07\/ObsequesFreepik-stockvault-left-behind-300x200.jpg\" class=\"pt-cv-thumbnail\" alt=\"Obseques(Freepik-stockvault-left-behind)\" decoding=\"async\" srcset=\"https:\/\/chalons.catholique.fr\/formation\/wp-content\/uploads\/sites\/24\/2017\/07\/ObsequesFreepik-stockvault-left-behind-200x133.jpg 200w, https:\/\/chalons.catholique.fr\/formation\/wp-content\/uploads\/sites\/24\/2017\/07\/ObsequesFreepik-stockvault-left-behind-300x200.jpg 300w, https:\/\/chalons.catholique.fr\/formation\/wp-content\/uploads\/sites\/24\/2017\/07\/ObsequesFreepik-stockvault-left-behind-400x267.jpg 400w, https:\/\/chalons.catholique.fr\/formation\/wp-content\/uploads\/sites\/24\/2017\/07\/ObsequesFreepik-stockvault-left-behind-600x400.jpg 600w, https:\/\/chalons.catholique.fr\/formation\/wp-content\/uploads\/sites\/24\/2017\/07\/ObsequesFreepik-stockvault-left-behind-768x512.jpg 768w, https:\/\/chalons.catholique.fr\/formation\/wp-content\/uploads\/sites\/24\/2017\/07\/ObsequesFreepik-stockvault-left-behind.jpg 800w\" sizes=\"(max-width: 300px) 100vw, 300px\" \/><\/a>\n<h4 class=\"pt-cv-title\"><a href=\"https:\/\/chalons.catholique.fr\/formation\/preparer-animer-conduire-les-celebrations-dobseques\/\" class=\"_self\" target=\"_self\" >Pr\u00e9parer, animer, conduire les c\u00e9l\u00e9brations d&rsquo;obs\u00e8ques<\/a><\/h4>\n<div class=\"pt-cv-content\">Public :\u00a0Toute personne ayant d\u00e9j\u00e0 une formation initiale en liturgie ...<br \/><div class=\"pt-cv-rmwrap\"><a href=\"https:\/\/chalons.catholique.fr\/formation\/preparer-animer-conduire-les-celebrations-dobseques\/\" class=\"_self pt-cv-readmore btn btn-success\" target=\"_self\">Lire La Suite<\/a><\/div><\/div><\/div><\/div>\n<div class=\"col-md-4 col-sm-6 col-xs-12 pt-cv-content-item pt-cv-1-col\" ><div class='pt-cv-ifield'><a href=\"https:\/\/chalons.catholique.fr\/formation\/proclamer-la-parole-de-dieu\/\" class=\"_self pt-cv-href-thumbnail pt-cv-thumb-default\" target=\"_self\" ><img width=\"300\" height=\"200\" src=\"https:\/\/chalons.catholique.fr\/formation\/wp-content\/uploads\/sites\/24\/2017\/07\/proclamer-la-parolePixabay-child-praying-hands-1-300x200.jpg\" class=\"pt-cv-thumbnail\" alt=\"proclamer-la-parole\" decoding=\"async\" srcset=\"https:\/\/chalons.catholique.fr\/formation\/wp-content\/uploads\/sites\/24\/2017\/07\/proclamer-la-parolePixabay-child-praying-hands-1-200x134.jpg 200w, https:\/\/chalons.catholique.fr\/formation\/wp-content\/uploads\/sites\/24\/2017\/07\/proclamer-la-parolePixabay-child-praying-hands-1-300x200.jpg 300w, https:\/\/chalons.catholique.fr\/formation\/wp-content\/uploads\/sites\/24\/2017\/07\/proclamer-la-parolePixabay-child-praying-hands-1-400x267.jpg 400w, https:\/\/chalons.catholique.fr\/formation\/wp-content\/uploads\/sites\/24\/2017\/07\/proclamer-la-parolePixabay-child-praying-hands-1-600x401.jpg 600w, https:\/\/chalons.catholique.fr\/formation\/wp-content\/uploads\/sites\/24\/2017\/07\/proclamer-la-parolePixabay-child-praying-hands-1-768x513.jpg 768w, https:\/\/chalons.catholique.fr\/formation\/wp-content\/uploads\/sites\/24\/2017\/07\/proclamer-la-parolePixabay-child-praying-hands-1.jpg 800w\" sizes=\"(max-width: 300px) 100vw, 300px\" \/><\/a>\n<h4 class=\"pt-cv-title\"><a href=\"https:\/\/chalons.catholique.fr\/formation\/proclamer-la-parole-de-dieu\/\" class=\"_self\" target=\"_self\" >Proclamer la Parole de Dieu<\/a><\/h4>\n<div class=\"pt-cv-content\">Public :\u00a0Personnes ayant une formation initiale.Rythme :\u00a02 rencontres de 2hContact ...<br \/><div class=\"pt-cv-rmwrap\"><a href=\"https:\/\/chalons.catholique.fr\/formation\/proclamer-la-parole-de-dieu\/\" class=\"_self pt-cv-readmore btn btn-success\" target=\"_self\">Lire La Suite<\/a><\/div><\/div><\/div><\/div>\n<div class=\"col-md-4 col-sm-6 col-xs-12 pt-cv-content-item pt-cv-1-col\" ><div class='pt-cv-ifield'><a href=\"https:\/\/chalons.catholique.fr\/formation\/recollection\/\" class=\"_self pt-cv-href-thumbnail pt-cv-thumb-default\" target=\"_self\" ><img width=\"300\" height=\"200\" src=\"https:\/\/chalons.catholique.fr\/formation\/wp-content\/uploads\/sites\/24\/2017\/07\/retraitePixabay-hands-1222229_1920-300x200.jpg\" class=\"pt-cv-thumbnail\" alt=\"Recollection\" decoding=\"async\" srcset=\"https:\/\/chalons.catholique.fr\/formation\/wp-content\/uploads\/sites\/24\/2017\/07\/retraitePixabay-hands-1222229_1920-200x134.jpg 200w, https:\/\/chalons.catholique.fr\/formation\/wp-content\/uploads\/sites\/24\/2017\/07\/retraitePixabay-hands-1222229_1920-300x200.jpg 300w, https:\/\/chalons.catholique.fr\/formation\/wp-content\/uploads\/sites\/24\/2017\/07\/retraitePixabay-hands-1222229_1920-400x267.jpg 400w, https:\/\/chalons.catholique.fr\/formation\/wp-content\/uploads\/sites\/24\/2017\/07\/retraitePixabay-hands-1222229_1920-600x401.jpg 600w, https:\/\/chalons.catholique.fr\/formation\/wp-content\/uploads\/sites\/24\/2017\/07\/retraitePixabay-hands-1222229_1920-768x513.jpg 768w, https:\/\/chalons.catholique.fr\/formation\/wp-content\/uploads\/sites\/24\/2017\/07\/retraitePixabay-hands-1222229_1920.jpg 800w\" sizes=\"(max-width: 300px) 100vw, 300px\" \/><\/a>\n<h4 class=\"pt-cv-title\"><a href=\"https:\/\/chalons.catholique.fr\/formation\/recollection\/\" class=\"_self\" target=\"_self\" >R\u00e9collection<\/a><\/h4>\n<div class=\"pt-cv-content\">Th\u00e8me : \u00ab Tu aimeras le Seigneur ton Dieu et ...<br \/><div class=\"pt-cv-rmwrap\"><a href=\"https:\/\/chalons.catholique.fr\/formation\/recollection\/\" class=\"_self pt-cv-readmore btn btn-success\" target=\"_self\">Lire La Suite<\/a><\/div><\/div><\/div><\/div>\n<div class=\"col-md-4 col-sm-6 col-xs-12 pt-cv-content-item pt-cv-1-col\" ><div class='pt-cv-ifield'><a href=\"https:\/\/chalons.catholique.fr\/formation\/porter-la-communion-aux-malades-clone\/\" class=\"_self pt-cv-href-thumbnail pt-cv-thumb-default\" target=\"_self\" ><img width=\"300\" height=\"200\" src=\"https:\/\/chalons.catholique.fr\/formation\/wp-content\/uploads\/sites\/24\/2017\/07\/session-amour-engagementpixabay-300x200.jpg\" class=\"pt-cv-thumbnail\" alt=\"session-amour-engagement(pixabay)\" decoding=\"async\" srcset=\"https:\/\/chalons.catholique.fr\/formation\/wp-content\/uploads\/sites\/24\/2017\/07\/session-amour-engagementpixabay-200x133.jpg 200w, https:\/\/chalons.catholique.fr\/formation\/wp-content\/uploads\/sites\/24\/2017\/07\/session-amour-engagementpixabay-300x200.jpg 300w, https:\/\/chalons.catholique.fr\/formation\/wp-content\/uploads\/sites\/24\/2017\/07\/session-amour-engagementpixabay-400x267.jpg 400w, https:\/\/chalons.catholique.fr\/formation\/wp-content\/uploads\/sites\/24\/2017\/07\/session-amour-engagementpixabay-600x400.jpg 600w, https:\/\/chalons.catholique.fr\/formation\/wp-content\/uploads\/sites\/24\/2017\/07\/session-amour-engagementpixabay-768x512.jpg 768w, https:\/\/chalons.catholique.fr\/formation\/wp-content\/uploads\/sites\/24\/2017\/07\/session-amour-engagementpixabay.jpg 800w\" sizes=\"(max-width: 300px) 100vw, 300px\" \/><\/a>\n<h4 class=\"pt-cv-title\"><a href=\"https:\/\/chalons.catholique.fr\/formation\/porter-la-communion-aux-malades-clone\/\" class=\"_self\" target=\"_self\" >Vivre et aimer &#8211; Session Amour et Engagement<\/a><\/h4>\n<div class=\"pt-cv-content\">Public :\u00a0Tous ceux qui souhaitent faire le point avant de ...<br \/><div class=\"pt-cv-rmwrap\"><a href=\"https:\/\/chalons.catholique.fr\/formation\/porter-la-communion-aux-malades-clone\/\" class=\"_self pt-cv-readmore btn btn-success\" target=\"_self\">Lire La Suite<\/a><\/div><\/div><\/div><\/div><\/div><\/div><\/div><div class=\"fusion-clearfix\"><\/div><\/div><\/div><\/div><\/div>\n","protected":false},"excerpt":{"rendered":"","protected":false},"author":8,"featured_media":0,"parent":153,"menu_order":0,"comment_status":"closed","ping_status":"closed","template":"","meta":{"xn-wppe-expiration":[],"xn-wppe-expiration-action":[],"xn-wppe-expiration-prefix":[],"footnotes":""},"categories":[],"tags":[],"_links":{"self":[{"href":"https:\/\/chalons.catholique.fr\/formation\/wp-json\/wp\/v2\/pages\/788"}],"collection":[{"href":"https:\/\/chalons.catholique.fr\/formation\/wp-json\/wp\/v2\/pages"}],"about":[{"href":"https:\/\/chalons.catholique.fr\/formation\/wp-json\/wp\/v2\/types\/page"}],"author":[{"embeddable":true,"href":"https:\/\/chalons.catholique.fr\/formation\/wp-json\/wp\/v2\/users\/8"}],"replies":[{"embeddable":true,"href":"https:\/\/chalons.catholique.fr\/formation\/wp-json\/wp\/v2\/comments?post=788"}],"version-history":[{"count":0,"href":"https:\/\/chalons.catholique.fr\/formation\/wp-json\/wp\/v2\/pages\/788\/revisions"}],"up":[{"embeddable":true,"href":"https:\/\/chalons.catholique.fr\/formation\/wp-json\/wp\/v2\/pages\/153"}],"wp:attachment":[{"href":"https:\/\/chalons.catholique.fr\/formation\/wp-json\/wp\/v2\/media?parent=788"}],"wp:term":[{"taxonomy":"category","embeddable":true,"href":"https:\/\/chalons.catholique.fr\/formation\/wp-json\/wp\/v2\/categories?post=788"},{"taxonomy":"post_tag","embeddable":true,"href":"https:\/\/chalons.catholique.fr\/formation\/wp-json\/wp\/v2\/tags?post=788"}],"curies":[{"name":"wp","href":"https:\/\/api.w.org\/{rel}","templated":true}]}}