{"id":129,"date":"2016-09-14T10:46:35","date_gmt":"2016-09-14T08:46:35","guid":{"rendered":"http:\/\/chalons.catholique.fr\/formation\/?page_id=129"},"modified":"2017-10-03T16:25:02","modified_gmt":"2017-10-03T14:25:02","slug":"formation-en-ligne","status":"publish","type":"page","link":"https:\/\/chalons.catholique.fr\/formation\/formation-en-ligne\/","title":{"rendered":"Se former sans se d\u00e9placer"},"content":{"rendered":"<div class=\"fusion-fullwidth fullwidth-box fusion-builder-row-1 nonhundred-percent-fullwidth non-hundred-percent-height-scrolling\" style=\"--awb-background-position:left top;--awb-border-radius-top-left:0px;--awb-border-radius-top-right:0px;--awb-border-radius-bottom-right:0px;--awb-border-radius-bottom-left:0px;--awb-padding-top:20px;--awb-padding-bottom:20px;--awb-border-sizes-top:0px;--awb-border-sizes-bottom:0px;--awb-flex-wrap:wrap;\" ><div class=\"fusion-builder-row fusion-row\"><div class=\"fusion-layout-column fusion_builder_column fusion-builder-column-0 fusion_builder_column_1_1 1_1 fusion-one-full fusion-column-first fusion-column-last fusion-column-no-min-height\" style=\"--awb-bg-size:cover;--awb-margin-top:0px;--awb-margin-bottom:0px;\"><div class=\"fusion-column-wrapper fusion-flex-column-wrapper-legacy\"><div class=\"fusion-flip-boxes flip-boxes row fusion-columns-3 flip-effect-classic\"><div class=\"fusion-flip-box-wrapper fusion-column col-lg-4 col-md-4 col-sm-4\"><div class=\"fusion-flip-box flip-right\" tabindex=\"0\"><div class=\"flip-box-inner-wrapper\"><div class=\"flip-box-front\" style=\"--awb-icon-color:#ffffff;--awb-border-color:#13c7af;--awb-border-size:1px;--awb-border-radius:4px;--awb-background-color-front:#13c7af;--awb-title-front-color:#ffffff;--awb-text-front-color:#ffffff;\"><div class=\"flip-box-front-inner\"><div class=\"flip-box-grafix flip-box-image\"><img src=\"https:\/\/chalons.catholique.fr\/formation\/wp-content\/uploads\/sites\/24\/2016\/09\/mortarboard-300x300.png\" width=\"70\" height=\"70\" alt=\"\" \/><\/div><h2 class=\"flip-box-heading\">Universit\u00e9 de Strasbourg<\/h2>Licence\/Master\/Doctorat en Th\u00e9ologie<\/div><\/div><div class=\"flip-box-back\" style=\"--awb-icon-color:#ffffff;--awb-border-color:#13c7af;--awb-border-size:1px;--awb-border-radius:4px;--awb-background-color-back:#13c7af;--awb-title-back-color:#ffffff;--awb-text-back-color:#ffffff;\"><div class=\"flip-box-back-inner\"><h3 class=\"flip-box-heading-back\">Vous souhaitez \u00e9tudier \u00e0 distance ?<\/h3>Des formations adaptables \u00e0 votre rythme et selon votre disponibilit\u00e9<br \/>\nUne Licence <strong>compl\u00e8te <\/strong>via Internet et fascicules et plus de 130 cours disponibles en continu<br \/>\nPlus d&rsquo;informations dans<br \/>\n<a href=\"http:\/\/theocatho.unistra.fr\/organisation-des-etudes\">le guide<\/a><\/div><\/div><\/div><\/div><\/div><div class=\"fusion-flip-box-wrapper fusion-column col-lg-4 col-md-4 col-sm-4\"><div class=\"fusion-flip-box flip-right\" tabindex=\"0\"><div class=\"flip-box-inner-wrapper\"><div class=\"flip-box-front\" style=\"--awb-border-size:1px;--awb-border-radius:4px;--awb-background-color-front:#d8604e;--awb-title-front-color:#ffffff;--awb-text-front-color:#ffffff;\"><div class=\"flip-box-front-inner\"><div class=\"flip-box-grafix flip-box-image\"><img src=\"https:\/\/chalons.catholique.fr\/formation\/wp-content\/uploads\/sites\/24\/2016\/09\/graduate-300x300.png\" width=\"70\" height=\"70\" alt=\"\" \/><\/div><h2 class=\"flip-box-heading\">CETAD<\/h2>Centre d'Enseignement de Th\u00e9ologie \u00e0 Distance<\/div><\/div><div class=\"flip-box-back\" style=\"--awb-border-size:1px;--awb-border-radius:4px;--awb-background-color-back:#d8604e;--awb-title-back-color:#ffffff;--awb-text-back-color:#ffffff;\"><div class=\"flip-box-back-inner\"><h3 class=\"flip-box-heading-back\">La p\u00e9dagogie :<\/h3>Conjuguer formation en ligne et \u00e9changes interactifs.<br \/>\nAcqu\u00e9rir des connaissances en \u00e9tudiant les cours, en lisant les textes de la Bible et de la tradition chr\u00e9tienne, en dialoguant avec d\u2019autres.<br \/>\n<a href=\"http:\/\/www.cetad.cef.fr\/\">(En savoir plus)<\/a><\/div><\/div><\/div><\/div><\/div><div class=\"fusion-flip-box-wrapper fusion-column col-lg-4 col-md-4 col-sm-4\"><div class=\"fusion-flip-box flip-right\" tabindex=\"0\"><div class=\"flip-box-inner-wrapper\"><div class=\"flip-box-front\" style=\"--awb-border-size:1px;--awb-border-radius:4px;--awb-background-color-front:#3b9ac6;--awb-title-front-color:#ffffff;--awb-text-front-color:#ffffff;\"><div class=\"flip-box-front-inner\"><div class=\"flip-box-grafix flip-box-image\"><img src=\"https:\/\/chalons.catholique.fr\/formation\/wp-content\/uploads\/sites\/24\/2016\/09\/laptop-300x300.png\" width=\"70\" height=\"70\" alt=\"\" \/><\/div><h2 class=\"flip-box-heading\">Th\u00e9ologicum en ligne<\/h2>La formation en th\u00e9ologie \u00e0 distance de l'Institut Catholique de Paris<\/div><\/div><div class=\"flip-box-back\" style=\"--awb-border-size:1px;--awb-border-radius:4px;--awb-background-color-back:#3b9ac6;--awb-title-back-color:#ffffff;--awb-text-back-color:#ffffff;\"><div class=\"flip-box-back-inner\"><h3 class=\"flip-box-heading-back\">Compatible avec une activit\u00e9 professionnelle<\/h3>Compatible avec tous les rythmes de vie !<br \/>\nUne plateforme de mise en ligne de cours dispens\u00e9s au sein du 1er cycle de th\u00e9ologie et et de certains organismes sp\u00e9cialis\u00e9s de 2e cycle du <i>Theologicum<\/i>.<br \/>\n<a href=\"http:\/\/www.icp.fr\/formations\/e-learning-mooc-spoc\/theologicum-en-ligne-tel--2329.kjsp?RH=11429522327430-145&amp;RF=11429522327430-117\">(En savoir plus)<\/a><\/div><\/div><\/div><\/div><\/div><div class=\"fusion-flip-box-wrapper fusion-column col-lg-4 col-md-4 col-sm-4\"><div class=\"fusion-flip-box flip-right\" tabindex=\"0\"><div class=\"flip-box-inner-wrapper\"><div class=\"flip-box-front\" style=\"--awb-border-size:1px;--awb-border-radius:4px;--awb-background-color-front:#c44141;--awb-title-front-color:#ffffff;--awb-text-front-color:#ffffff;\"><div class=\"flip-box-front-inner\"><div class=\"flip-box-grafix flip-box-image\"><img src=\"https:\/\/chalons.catholique.fr\/formation\/wp-content\/uploads\/sites\/24\/2016\/09\/mortarboard-300x300.png\" width=\"70\" height=\"70\" alt=\"\" \/><\/div><h2 class=\"flip-box-heading\">Universit\u00e9 Catholique de Lyon<\/h2>Formation en th\u00e9ologie via internet, dans un cursus universitaire<\/div><\/div><div class=\"flip-box-back\" style=\"--awb-border-size:1px;--awb-border-radius:4px;--awb-background-color-back:#c44141;--awb-title-back-color:#ffffff;--awb-text-back-color:#ffffff;\"><div class=\"flip-box-back-inner\"><h3 class=\"flip-box-heading-back\">Accessible \u00e0 tous<\/h3>Vous avez un projet ? Actualiser votre foi, vous centrer sur l&rsquo;essentiel ? Comprendre l&rsquo;\u00c9glise et son histoire ? Penser en chr\u00e9tien le monde d&rsquo;aujourd&rsquo;hui ? Fort de ses 10 ans d&rsquo;existence<em>\u00a0<\/em>\u00ab\u00a0Th\u00e9o en ligne\u00a0\u00bb vous accompagne.<br \/>\n<a href=\"http:\/\/www.ucly.fr\/theo-en-ligne\/\">(En savoir plus)<\/a><\/div><\/div><\/div><\/div><\/div><div class=\"fusion-flip-box-wrapper fusion-column col-lg-4 col-md-4 col-sm-4\"><div class=\"fusion-flip-box flip-right\" tabindex=\"0\"><div class=\"flip-box-inner-wrapper\"><div class=\"flip-box-front\" style=\"--awb-border-size:1px;--awb-border-radius:4px;--awb-background-color-front:#a66cbb;--awb-title-front-color:#ffffff;--awb-text-front-color:#ffffff;\"><div class=\"flip-box-front-inner\"><div class=\"flip-box-grafix flip-box-image\"><img src=\"https:\/\/chalons.catholique.fr\/formation\/wp-content\/uploads\/sites\/24\/2016\/09\/laptop-300x300.png\" width=\"70\" height=\"70\" alt=\"\" \/><\/div><h2 class=\"flip-box-heading\">DOMUNI UNIVERSITAS<\/h2>DOMinican UNIversity (Universit\u00e9 Dominicaine Internationale)<\/div><\/div><div class=\"flip-box-back\" style=\"--awb-border-size:1px;--awb-border-radius:4px;--awb-background-color-back:#a66cbb;--awb-title-back-color:#ffffff;--awb-text-back-color:#ffffff;\"><div class=\"flip-box-back-inner\"><h3 class=\"flip-box-heading-back\">Des formations partout dans le monde<\/h3>Dipl\u00f4mes d\u2019\u00e9tat ou dipl\u00f4mes canoniques<br \/>\nFormations courtes et cours \u00e0 la carte<br \/>\nPhilosophie, th\u00e9ologie, sciences sociales\u2026<br \/>\nLicences, masters, brevets et certificats<br \/>\nPlus de <b>120 professeurs<br \/>\n<\/b><a href=\"http:\/\/www.domuni.eu\/fr\/universite\">(En savoir plus)<\/a><\/div><\/div><\/div><\/div><\/div><div class=\"fusion-flip-box-wrapper fusion-column col-lg-4 col-md-4 col-sm-4\"><div class=\"fusion-flip-box flip-right\" tabindex=\"0\"><div class=\"flip-box-inner-wrapper\"><div class=\"flip-box-front\" style=\"--awb-border-size:1px;--awb-border-radius:4px;--awb-background-color-front:#bd8a61;--awb-title-front-color:#ffffff;--awb-text-front-color:#ffffff;\"><div class=\"flip-box-front-inner\"><div class=\"flip-box-grafix flip-box-image\"><img src=\"https:\/\/chalons.catholique.fr\/formation\/wp-content\/uploads\/sites\/24\/2016\/09\/graduate-300x300.png\" width=\"70\" height=\"70\" alt=\"\" \/><\/div><h2 class=\"flip-box-heading\">COLL\u00c8GE DES BERNARDINS<\/h2>Etre ensemble pour avancer dans la foi<\/div><\/div><div class=\"flip-box-back\" style=\"--awb-border-size:1px;--awb-border-radius:4px;--awb-background-color-back:#bd8a61;--awb-title-back-color:#ffffff;--awb-text-back-color:#ffffff;\"><div class=\"flip-box-back-inner\"><h3 class=\"flip-box-heading-back\">Les MOOC du Coll\u00e8ge des Bernardins<\/h3><a href=\"https:\/\/www.sinod.fr\/\">SINOD<\/a> : la plateforme de cours en ligne, gratuits et ouverts \u00e0 tous. Enseigner la th\u00e9ologie, la philosophie, l\u2019histoire, l\u2019art \u00e0 un public francophone r\u00e9parti tout autour de la plan\u00e8te.<br \/>\n<a href=\"http:\/\/www.agapan.fr\/\">AGAPAN<\/a> : Une formation \u00e0 la culture \u00e9thique et religieuse en e-learning<\/div><\/div><\/div><\/div><\/div><\/div><div class=\"clearfix\"><\/div><div class=\"fusion-clearfix\"><\/div><\/div><\/div><\/div><\/div>\n","protected":false},"excerpt":{"rendered":"","protected":false},"author":3,"featured_media":677,"parent":0,"menu_order":0,"comment_status":"closed","ping_status":"closed","template":"","meta":{"xn-wppe-expiration":[],"xn-wppe-expiration-action":[],"xn-wppe-expiration-prefix":[],"footnotes":""},"categories":[28],"tags":[],"_links":{"self":[{"href":"https:\/\/chalons.catholique.fr\/formation\/wp-json\/wp\/v2\/pages\/129"}],"collection":[{"href":"https:\/\/chalons.catholique.fr\/formation\/wp-json\/wp\/v2\/pages"}],"about":[{"href":"https:\/\/chalons.catholique.fr\/formation\/wp-json\/wp\/v2\/types\/page"}],"author":[{"embeddable":true,"href":"https:\/\/chalons.catholique.fr\/formation\/wp-json\/wp\/v2\/users\/3"}],"replies":[{"embeddable":true,"href":"https:\/\/chalons.catholique.fr\/formation\/wp-json\/wp\/v2\/comments?post=129"}],"version-history":[{"count":0,"href":"https:\/\/chalons.catholique.fr\/formation\/wp-json\/wp\/v2\/pages\/129\/revisions"}],"wp:featuredmedia":[{"embeddable":true,"href":"https:\/\/chalons.catholique.fr\/formation\/wp-json\/wp\/v2\/media\/677"}],"wp:attachment":[{"href":"https:\/\/chalons.catholique.fr\/formation\/wp-json\/wp\/v2\/media?parent=129"}],"wp:term":[{"taxonomy":"category","embeddable":true,"href":"https:\/\/chalons.catholique.fr\/formation\/wp-json\/wp\/v2\/categories?post=129"},{"taxonomy":"post_tag","embeddable":true,"href":"https:\/\/chalons.catholique.fr\/formation\/wp-json\/wp\/v2\/tags?post=129"}],"curies":[{"name":"wp","href":"https:\/\/api.w.org\/{rel}","templated":true}]}}