{"id":122,"date":"2016-09-14T10:44:35","date_gmt":"2016-09-14T08:44:35","guid":{"rendered":"http:\/\/chalons.catholique.fr\/formation\/?page_id=122"},"modified":"2021-12-06T16:54:09","modified_gmt":"2021-12-06T15:54:09","slug":"qui-sommes-nous","status":"publish","type":"page","link":"https:\/\/chalons.catholique.fr\/formation\/qui-sommes-nous\/","title":{"rendered":"Qui sommes nous?"},"content":{"rendered":"<div class=\"fusion-fullwidth fullwidth-box fusion-builder-row-1 nonhundred-percent-fullwidth non-hundred-percent-height-scrolling\" style=\"--awb-background-position:left top;--awb-border-sizes-top:0px;--awb-border-sizes-bottom:0px;--awb-border-sizes-left:0px;--awb-border-sizes-right:0px;--awb-border-radius-top-left:0px;--awb-border-radius-top-right:0px;--awb-border-radius-bottom-right:0px;--awb-border-radius-bottom-left:0px;--awb-padding-top:10px;--awb-padding-bottom:15px;--awb-background-color:#ffffff;--awb-flex-wrap:wrap;\" ><div class=\"fusion-builder-row fusion-row\"><div class=\"fusion-layout-column fusion_builder_column fusion-builder-column-0 fusion_builder_column_1_5 1_5 fusion-one-fifth fusion-column-first\" style=\"--awb-bg-size:cover;width:16.8%; margin-right: 4%;\"><div class=\"fusion-column-wrapper fusion-flex-column-wrapper-legacy\"><div class=\"fusion-clearfix\"><\/div><\/div><\/div><div class=\"fusion-layout-column fusion_builder_column fusion-builder-column-1 fusion_builder_column_3_5 3_5 fusion-three-fifth\" style=\"--awb-bg-size:cover;width:58.4%; margin-right: 4%;\"><div class=\"fusion-column-wrapper fusion-flex-column-wrapper-legacy\"><div class=\"fusion-title title fusion-title-1 fusion-title-center fusion-title-text fusion-title-size-four\"><div class=\"title-sep-container title-sep-container-left\"><div class=\"title-sep sep-single sep-solid\" style=\"border-color:#e91e63;\"><\/div><\/div><span class=\"awb-title-spacer\"><\/span><h4 class=\"fusion-title-heading title-heading-center fusion-responsive-typography-calculated\" style=\"margin:0;--fontSize:15;--minFontSize:15;line-height:1.5;\"><h1>Le service dioc\u00e9sain de formation<\/h1><\/h4><span class=\"awb-title-spacer\"><\/span><div class=\"title-sep-container title-sep-container-right\"><div class=\"title-sep sep-single sep-solid\" style=\"border-color:#e91e63;\"><\/div><\/div><\/div><div class=\"fusion-text fusion-text-1\"><p>Le Service Dioc\u00e9sain de Formation propose des formations tr\u00e8s diverses pour mettre \u00e0 jour et approfondir ses connaissances et est \u00e0 l&rsquo;\u00e9coute des besoins et des attentes en mati\u00e8re de formation.<\/p>\n<\/div><div class=\"fusion-clearfix\"><\/div><\/div><\/div><div class=\"fusion-layout-column fusion_builder_column fusion-builder-column-2 fusion_builder_column_1_5 1_5 fusion-one-fifth fusion-column-last\" style=\"--awb-bg-size:cover;width:16.8%;\"><div class=\"fusion-column-wrapper fusion-flex-column-wrapper-legacy\"><div class=\"fusion-clearfix\"><\/div><\/div><\/div><\/div><\/div><div class=\"fusion-fullwidth fullwidth-box fusion-builder-row-2 nonhundred-percent-fullwidth non-hundred-percent-height-scrolling fusion-equal-height-columns\" style=\"--awb-background-position:left top;--awb-border-sizes-top:0px;--awb-border-sizes-bottom:0px;--awb-border-sizes-left:0px;--awb-border-sizes-right:0px;--awb-border-radius-top-left:0px;--awb-border-radius-top-right:0px;--awb-border-radius-bottom-right:0px;--awb-border-radius-bottom-left:0px;--awb-padding-top:5px;--awb-padding-bottom:5px;--awb-flex-wrap:wrap;\" ><div class=\"fusion-builder-row fusion-row\"><div class=\"fusion-layout-column fusion_builder_column fusion-builder-column-3 fusion_builder_column_1_3 1_3 fusion-one-third fusion-column-first\" style=\"--awb-bg-size:cover;width:30.6666%; margin-right: 4%;\"><div class=\"fusion-column-wrapper fusion-flex-column-wrapper-legacy\"><div class=\"fusion-title title fusion-title-2 fusion-title-center fusion-title-text fusion-title-size-four\" style=\"--awb-sep-color:#dd3333;\"><div class=\"title-sep-container title-sep-container-left\"><div class=\"title-sep sep-single sep-solid\" style=\"border-color:#dd3333;\"><\/div><\/div><span class=\"awb-title-spacer\"><\/span><h4 class=\"fusion-title-heading title-heading-center fusion-responsive-typography-calculated\" style=\"margin:0;--fontSize:15;--minFontSize:15;line-height:1.5;\"><h2>Une \u00e9quipe<\/h2><\/h4><span class=\"awb-title-spacer\"><\/span><div class=\"title-sep-container title-sep-container-right\"><div class=\"title-sep sep-single sep-solid\" style=\"border-color:#dd3333;\"><\/div><\/div><\/div><div class=\"fusion-text fusion-text-2\"><ul>\n<li>P\u00e8re Jacques Wersinger, responsable du service (t\u00e9l: 06 11 98 28 16)<\/li>\n<li>P\u00e8re Michel Morlet, Formation biblique<\/li>\n<li>Margarida Formez, d\u00e9l\u00e9gu\u00e9e du doyenn\u00e9 Argone<\/li>\n<li>Dianel Viprey, pour Parvis Th\u00e9o et d\u00e9l\u00e9gu\u00e9 du doyenn\u00e9 Ch\u00e2lons<\/li>\n<li>Christiane Lecl\u00e8re, d\u00e9l\u00e9gu\u00e9e du doyenn\u00e9 Champagne<\/li>\n<li>Mich\u00e8le Poiret, D\u00e9l\u00e9gu\u00e9e du doyenn\u00e9 Vignoble<\/li>\n<li>Sol\u00e8ne Arnould, secr\u00e9taire<\/li>\n<\/ul>\n<\/div><div class=\"fusion-clearfix\"><\/div><\/div><\/div><div class=\"fusion-layout-column fusion_builder_column fusion-builder-column-4 fusion_builder_column_1_3 1_3 fusion-one-third\" style=\"--awb-bg-size:cover;width:30.6666%; margin-right: 4%;\"><div class=\"fusion-column-wrapper fusion-flex-column-wrapper-legacy\"><div class=\"fusion-title title fusion-title-3 fusion-title-center fusion-title-text fusion-title-size-four\" style=\"--awb-sep-color:#dd3333;\"><div class=\"title-sep-container title-sep-container-left\"><div class=\"title-sep sep-single sep-solid\" style=\"border-color:#dd3333;\"><\/div><\/div><span class=\"awb-title-spacer\"><\/span><h4 class=\"fusion-title-heading title-heading-center fusion-responsive-typography-calculated\" style=\"margin:0;--fontSize:15;--minFontSize:15;line-height:1.5;\"><h2>Se former&#8230;pourquoi ?<\/h2><\/h4><span class=\"awb-title-spacer\"><\/span><div class=\"title-sep-container title-sep-container-right\"><div class=\"title-sep sep-single sep-solid\" style=\"border-color:#dd3333;\"><\/div><\/div><\/div><div class=\"fusion-text fusion-text-3\"><ul>\n<li>Se former pour reprendre les bases de sa foi, (re)prendre conscience de ses racines<\/li>\n<li>Se former pour construire sa vie sur du solide, se donner une direction ; \u00eatre accompagn\u00e9(e) de rep\u00e8res et de connaissances pour aller son chemin. Rep\u00e8res et connaissance de la foi enrichissent le coeur et l&rsquo;ouvre sans peur au diff\u00e9rent<\/li>\n<li>Se former, c&rsquo;est aussi gagner en libert\u00e9. Aiguiser son discernement, prendre position et argumenter raisonnablement : des attitudes qui permettent aux chr\u00e9tiens, sur des questions existentielles, d&rsquo;apporter leur contribution et leur vision<\/li>\n<li>Se former pour mieux r\u00e9pondre de sa foi : une foi mieux comprise aide \u00e0 donner sens aux grandes questions de la vie en r\u00e9f\u00e9rence au Dieu de J\u00e9sus Christ<\/li>\n<li>Se former pour mieux r\u00e9pondre aux responsabilit\u00e9s eccl\u00e9siales qui ont \u00e9t\u00e9 confi\u00e9es<\/li>\n<\/ul>\n<\/div><div class=\"fusion-clearfix\"><\/div><\/div><\/div><div class=\"fusion-layout-column fusion_builder_column fusion-builder-column-5 fusion_builder_column_1_3 1_3 fusion-one-third fusion-column-last\" style=\"--awb-bg-size:cover;width:30.6666%;\"><div class=\"fusion-column-wrapper fusion-flex-column-wrapper-legacy\"><div class=\"fusion-title title fusion-title-4 fusion-title-center fusion-title-text fusion-title-size-four\" style=\"--awb-sep-color:#dd3333;\"><div class=\"title-sep-container title-sep-container-left\"><div class=\"title-sep sep-single sep-solid\" style=\"border-color:#dd3333;\"><\/div><\/div><span class=\"awb-title-spacer\"><\/span><h4 class=\"fusion-title-heading title-heading-center fusion-responsive-typography-calculated\" style=\"margin:0;--fontSize:15;--minFontSize:15;line-height:1.5;\"><h2>Se former&#8230;comment ?<\/h2><\/h4><span class=\"awb-title-spacer\"><\/span><div class=\"title-sep-container title-sep-container-right\"><div class=\"title-sep sep-single sep-solid\" style=\"border-color:#dd3333;\"><\/div><\/div><\/div><div class=\"fusion-text fusion-text-4\"><p>Les formations, des espaces de confiance et de libert\u00e9 ?<\/p>\n<ul>\n<li>Des lieux de connaissance sur la Bible, la th\u00e9ologie, l&rsquo;\u00c9glise, l&rsquo;ethique,&#8230;<\/li>\n<li>Des lieux d&rsquo;expression, de r\u00e9flexion o\u00f9 la foi se dit dans la libert\u00e9 et la richesse de ce que chacun est et apporte<\/li>\n<li>Des lieux de ressourcement qui invitent \u00e0 une experience d&rsquo;accueil de la R\u00e9v\u00e9lation qui nous transforme et ouvre d&rsquo;autres perspectives<\/li>\n<li>Des lieux de fraternit\u00e9 o\u00f9 nous recevons des autres et avan\u00e7ons ensemble, gr\u00e2ce \u00e0 nos horizons divers, \u00e0 nos exp\u00e9riences diff\u00e9rentes<\/li>\n<\/ul>\n<\/div><div class=\"fusion-clearfix\"><\/div><\/div><\/div><\/div><\/div>\n","protected":false},"excerpt":{"rendered":"","protected":false},"author":3,"featured_media":0,"parent":0,"menu_order":0,"comment_status":"closed","ping_status":"closed","template":"","meta":{"xn-wppe-expiration":[],"xn-wppe-expiration-action":[],"xn-wppe-expiration-prefix":[],"footnotes":""},"categories":[],"tags":[],"_links":{"self":[{"href":"https:\/\/chalons.catholique.fr\/formation\/wp-json\/wp\/v2\/pages\/122"}],"collection":[{"href":"https:\/\/chalons.catholique.fr\/formation\/wp-json\/wp\/v2\/pages"}],"about":[{"href":"https:\/\/chalons.catholique.fr\/formation\/wp-json\/wp\/v2\/types\/page"}],"author":[{"embeddable":true,"href":"https:\/\/chalons.catholique.fr\/formation\/wp-json\/wp\/v2\/users\/3"}],"replies":[{"embeddable":true,"href":"https:\/\/chalons.catholique.fr\/formation\/wp-json\/wp\/v2\/comments?post=122"}],"version-history":[{"count":0,"href":"https:\/\/chalons.catholique.fr\/formation\/wp-json\/wp\/v2\/pages\/122\/revisions"}],"wp:attachment":[{"href":"https:\/\/chalons.catholique.fr\/formation\/wp-json\/wp\/v2\/media?parent=122"}],"wp:term":[{"taxonomy":"category","embeddable":true,"href":"https:\/\/chalons.catholique.fr\/formation\/wp-json\/wp\/v2\/categories?post=122"},{"taxonomy":"post_tag","embeddable":true,"href":"https:\/\/chalons.catholique.fr\/formation\/wp-json\/wp\/v2\/tags?post=122"}],"curies":[{"name":"wp","href":"https:\/\/api.w.org\/{rel}","templated":true}]}}