{"id":8,"date":"2015-12-07T16:16:53","date_gmt":"2015-12-07T15:16:53","guid":{"rendered":"http:\/\/chalons.catholique.fr\/familles\/?page_id=8"},"modified":"2020-01-06T10:57:28","modified_gmt":"2020-01-06T09:57:28","slug":"la-vie-de-couple","status":"publish","type":"page","link":"https:\/\/chalons.catholique.fr\/familles\/la-vie-de-couple\/","title":{"rendered":"La vie de couple"},"content":{"rendered":"<div class=\"fusion-fullwidth fullwidth-box fusion-builder-row-1 hundred-percent-fullwidth non-hundred-percent-height-scrolling\" style=\"--awb-background-position:left top;--awb-border-radius-top-left:0px;--awb-border-radius-top-right:0px;--awb-border-radius-bottom-right:0px;--awb-border-radius-bottom-left:0px;--awb-padding-top:20px;--awb-padding-bottom:20px;--awb-border-sizes-top:0px;--awb-border-sizes-bottom:0px;--awb-flex-wrap:wrap;\" ><div class=\"fusion-builder-row fusion-row\"><div class=\"fusion-layout-column fusion_builder_column fusion-builder-column-0 fusion_builder_column_1_2 1_2 fusion-one-half fusion-column-first\" style=\"--awb-bg-size:cover;width:48%; margin-right: 4%;\"><div class=\"fusion-column-wrapper fusion-flex-column-wrapper-legacy\"><div class=\"fusion-text fusion-text-1\"><h2 style=\"text-align: justify;\"><b>Fortifier sa vie de couple &#8211; Conforter, consolider, renforcer<\/b><\/h2>\n<h3 style=\"text-align: justify;\"><span style=\"color: #000000;\">Rien n\u2019est jamais acquis\u00a0!<\/span><br \/>\n<span style=\"color: #000000;\"> Une relation de couple est comme un feu de\u00a0chemin\u00e9e, elle s\u2019entretient pour garder la\u00a0chaleur dans le foyer.<\/span><br \/>\n<span style=\"color: #000000;\"> <b>Ecoute, communication, joie, don de soi, accueil de l\u2019autre, tendresse, pardon, ouverture, partage avec d\u2019autres,\u2026.<\/b><\/span><br \/>\n<span style=\"color: #000000;\"> Tout un programme\u00a0!<\/span><br \/>\n<span style=\"color: #000000;\"> Pour vous y aider, diverses propositions existent, que vous soyez un jeune couple ou non, proches ou non de l\u2019Eglise\u00a0: week-ends, sessions, \u00e9quipes de partage.<\/span><\/h3>\n<\/div><div class=\"fusion-clearfix\"><\/div><\/div><\/div><div class=\"fusion-layout-column fusion_builder_column fusion-builder-column-1 fusion_builder_column_1_2 1_2 fusion-one-half fusion-column-last\" style=\"--awb-bg-size:cover;width:48%;\"><div class=\"fusion-column-wrapper fusion-flex-column-wrapper-legacy\"><div class=\"fusion-image-element in-legacy-container\" style=\"--awb-caption-title-font-family:var(--h2_typography-font-family);--awb-caption-title-font-weight:var(--h2_typography-font-weight);--awb-caption-title-font-style:var(--h2_typography-font-style);--awb-caption-title-size:var(--h2_typography-font-size);--awb-caption-title-transform:var(--h2_typography-text-transform);--awb-caption-title-line-height:var(--h2_typography-line-height);--awb-caption-title-letter-spacing:var(--h2_typography-letter-spacing);\"><span class=\" fusion-imageframe imageframe-none imageframe-1 hover-type-none\"><img decoding=\"async\" width=\"800\" height=\"533\" title=\"lecouple\" src=\"https:\/\/chalons.catholique.fr\/familles\/wp-content\/uploads\/sites\/19\/2015\/12\/lecouple.jpg\" alt class=\"img-responsive wp-image-1324\" srcset=\"https:\/\/chalons.catholique.fr\/familles\/wp-content\/uploads\/sites\/19\/2015\/12\/lecouple-200x133.jpg 200w, https:\/\/chalons.catholique.fr\/familles\/wp-content\/uploads\/sites\/19\/2015\/12\/lecouple-400x267.jpg 400w, https:\/\/chalons.catholique.fr\/familles\/wp-content\/uploads\/sites\/19\/2015\/12\/lecouple-600x400.jpg 600w, https:\/\/chalons.catholique.fr\/familles\/wp-content\/uploads\/sites\/19\/2015\/12\/lecouple.jpg 800w\" sizes=\"(max-width: 800px) 100vw, 600px\" \/><\/span><\/div><div class=\"fusion-clearfix\"><\/div><\/div><\/div><div class=\"fusion-layout-column fusion_builder_column fusion-builder-column-2 fusion_builder_column_1_1 1_1 fusion-one-full fusion-column-first fusion-column-last\" style=\"--awb-bg-size:cover;\"><div class=\"fusion-column-wrapper fusion-flex-column-wrapper-legacy\"><div class=\"fusion-content-boxes content-boxes columns row fusion-columns-3 fusion-columns-total-3 fusion-content-boxes-1 content-boxes-icon-boxed content-left\" style=\"--awb-backgroundcolor:#eaeaea;--awb-margin-bottom:2%;--awb-hover-accent-color:#e84100;--awb-circle-hover-accent-color:transparent;\" data-animationOffset=\"top-into-view\"><div style=\"--awb-backgroundcolor:#eaeaea;\" class=\"fusion-column content-box-column content-box-column content-box-column-1 col-lg-4 col-md-4 col-sm-4 fusion-content-box-hover content-box-column-first-in-row\"><div class=\"col content-box-wrapper content-wrapper-background content-wrapper-boxed link-area-box link-type-text icon-hover-animation-none\" data-link=\"https:\/\/chalons.catholique.fr\/familles\/parcours-a-deux-alpha-couple\/\" data-link-target=\"_self\" data-animationOffset=\"top-into-view\"><div class=\"heading icon-left\"><a class=\"heading-link\" href=\"https:\/\/chalons.catholique.fr\/familles\/parcours-a-deux-alpha-couple\/\" target=\"_self\"><h2 class=\"content-box-heading fusion-responsive-typography-calculated\" style=\"--h2_typography-font-size:15px;--fontSize:15;line-height:1.3;\">Parcours en couple <\/h2><\/a><\/div><div class=\"fusion-clearfix\"><\/div><div class=\"content-container\">\n<p>Des parcours \u00e0 vivre en couple et en \u00e9quipe, pour \u00e9changer et r\u00e9fl\u00e9chir sur les divers aspects de leur vie quotidienne et sur le sens de la vie, dans le d\u00e9sir de renouer avec une vie de foi.<\/p>\n<\/div><\/div><\/div><div style=\"--awb-backgroundcolor:#eaeaea;\" class=\"fusion-column content-box-column content-box-column content-box-column-2 col-lg-4 col-md-4 col-sm-4 fusion-content-box-hover \"><div class=\"col content-box-wrapper content-wrapper-background content-wrapper-boxed link-area-box link-type-text icon-hover-animation-none\" data-link=\"https:\/\/chalons.catholique.fr\/familles\/fortifier-sa-vie-de-couple-article-2-2\/\" data-link-target=\"_self\" data-animationOffset=\"top-into-view\"><div class=\"heading icon-left\"><a class=\"heading-link\" href=\"https:\/\/chalons.catholique.fr\/familles\/fortifier-sa-vie-de-couple-article-2-2\/\" target=\"_self\"><h2 class=\"content-box-heading fusion-responsive-typography-calculated\" style=\"--h2_typography-font-size:15px;--fontSize:15;line-height:1.3;\">Week-ends, sessions, retraites,...<\/h2><\/a><\/div><div class=\"fusion-clearfix\"><\/div><div class=\"content-container\">\n<p>Des retraites, des festivals, etc. proches de Ch\u00e2lons, pour vivre un Week-end sur la communication dans le couple pour apprendre \u00e0 mieux se conna\u00eetre, s\u2019\u00e9couter, se comprendre.<\/p>\n<\/div><\/div><\/div><div style=\"--awb-backgroundcolor:#eaeaea;\" class=\"fusion-column content-box-column content-box-column content-box-column-3 col-lg-4 col-md-4 col-sm-4 fusion-content-box-hover content-box-column-last content-box-column-last-in-row\"><div class=\"col content-box-wrapper content-wrapper-background content-wrapper-boxed link-area-box link-type-text icon-hover-animation-none\" data-link=\"https:\/\/chalons.catholique.fr\/familles\/groupes-de-partage\/\" data-link-target=\"_self\" data-animationOffset=\"top-into-view\"><div class=\"heading icon-left\"><a class=\"heading-link\" href=\"https:\/\/chalons.catholique.fr\/familles\/groupes-de-partage\/\" target=\"_self\"><h2 class=\"content-box-heading fusion-responsive-typography-calculated\" style=\"--h2_typography-font-size:15px;--fontSize:15;line-height:1.3;\">Groupes de partage<\/h2><\/a><\/div><div class=\"fusion-clearfix\"><\/div><div class=\"content-container\">\n<p>Cheminer avec le Christ, personnellement et en couple, vivre au quotidien le sacrement de mariage et porter du fruit, appr\u00e9cier l&rsquo;\u00e9change avec d\u2019autres couples partageant le m\u00eame id\u00e9al.<\/p>\n<\/div><\/div><\/div><div class=\"fusion-clearfix\"><\/div><\/div><div class=\"fusion-clearfix\"><\/div><\/div><\/div><div class=\"fusion-layout-column fusion_builder_column fusion-builder-column-3 fusion_builder_column_1_5 1_5 fusion-one-fifth fusion-column-first\" style=\"--awb-bg-size:cover;width:16.8%; margin-right: 4%;\"><div class=\"fusion-column-wrapper fusion-flex-column-wrapper-legacy\"><div class=\"fusion-clearfix\"><\/div><\/div><\/div><div class=\"fusion-layout-column fusion_builder_column fusion-builder-column-4 fusion_builder_column_3_5 3_5 fusion-three-fifth\" style=\"--awb-bg-size:cover;width:58.4%; margin-right: 4%;\"><div class=\"fusion-column-wrapper fusion-flex-column-wrapper-legacy\"><div class=\"fusion-content-boxes content-boxes columns row fusion-columns-2 fusion-columns-total-2 fusion-content-boxes-2 content-boxes-icon-boxed content-left\" style=\"--awb-backgroundcolor:#eaeaea;--awb-hover-accent-color:#e84100;--awb-circle-hover-accent-color:transparent;\" data-animationOffset=\"top-into-view\"><div style=\"--awb-backgroundcolor:#eaeaea;\" class=\"fusion-column content-box-column content-box-column content-box-column-1 col-lg-6 col-md-6 col-sm-6 fusion-content-box-hover content-box-column-first-in-row\"><div class=\"col content-box-wrapper content-wrapper-background content-wrapper-boxed link-area-box link-type-text icon-hover-animation-none\" data-link=\"https:\/\/chalons.catholique.fr\/familles\/sexualite-adultes\/\" data-link-target=\"_self\" data-animationOffset=\"top-into-view\"><div class=\"heading icon-left\"><a class=\"heading-link\" href=\"https:\/\/chalons.catholique.fr\/familles\/sexualite-adultes\/\" target=\"_self\"><h2 class=\"content-box-heading fusion-responsive-typography-calculated\" style=\"--h2_typography-font-size:18px;--fontSize:18;line-height:1.3;\">Relations affective et sexualit\u00e9<\/h2><\/a><\/div><div class=\"fusion-clearfix\"><\/div><div class=\"content-container\">\n<p>Un accompagnement r\u00e9gulier et une aide au discernement : conseil conjugal. Apprendre \u00e0 ma\u00eetriser sa sexualit\u00e9 de fa\u00e7on \u00e0 l\u2019accorder \u00e0 la f\u00e9condit\u00e9. L&rsquo;infertilit\u00e9, etc.<\/p>\n<\/div><\/div><\/div><div style=\"--awb-backgroundcolor:#eaeaea;\" class=\"fusion-column content-box-column content-box-column content-box-column-2 col-lg-6 col-md-6 col-sm-6 fusion-content-box-hover content-box-column-last content-box-column-last-in-row\"><div class=\"col content-box-wrapper content-wrapper-background content-wrapper-boxed link-area-box link-type-text icon-hover-animation-none\" data-link=\"https:\/\/chalons.catholique.fr\/familles\/approfondir-sa-foi\/\" data-link-target=\"_self\" data-animationOffset=\"top-into-view\"><div class=\"heading icon-left\"><a class=\"heading-link\" href=\"https:\/\/chalons.catholique.fr\/familles\/approfondir-sa-foi\/\" target=\"_self\"><h2 class=\"content-box-heading fusion-responsive-typography-calculated\" style=\"--h2_typography-font-size:18px;--fontSize:18;line-height:1.3;\">Approfondir sa foi<\/h2><\/a><\/div><div class=\"fusion-clearfix\"><\/div><div class=\"content-container\">\n<p>En lien avec le service de formation permanente, des propositions pour approfondir sa foi ou r\u00e9pondre \u00e0 une qu\u00eate de sens. Formations accessibles \u00e0 tous.<\/p>\n<\/div><\/div><\/div><div class=\"fusion-clearfix\"><\/div><\/div><div class=\"fusion-clearfix\"><\/div><\/div><\/div><div class=\"fusion-layout-column fusion_builder_column fusion-builder-column-5 fusion_builder_column_1_5 1_5 fusion-one-fifth fusion-column-last\" style=\"--awb-bg-size:cover;width:16.8%;\"><div class=\"fusion-column-wrapper fusion-flex-column-wrapper-legacy\"><div class=\"fusion-clearfix\"><\/div><\/div><\/div><\/div><\/div>\n","protected":false},"excerpt":{"rendered":"","protected":false},"author":1,"featured_media":1401,"parent":0,"menu_order":2,"comment_status":"closed","ping_status":"closed","template":"","meta":{"xn-wppe-expiration":[],"xn-wppe-expiration-action":[],"xn-wppe-expiration-prefix":[],"footnotes":""},"categories":[21],"tags":[],"_links":{"self":[{"href":"https:\/\/chalons.catholique.fr\/familles\/wp-json\/wp\/v2\/pages\/8"}],"collection":[{"href":"https:\/\/chalons.catholique.fr\/familles\/wp-json\/wp\/v2\/pages"}],"about":[{"href":"https:\/\/chalons.catholique.fr\/familles\/wp-json\/wp\/v2\/types\/page"}],"author":[{"embeddable":true,"href":"https:\/\/chalons.catholique.fr\/familles\/wp-json\/wp\/v2\/users\/1"}],"replies":[{"embeddable":true,"href":"https:\/\/chalons.catholique.fr\/familles\/wp-json\/wp\/v2\/comments?post=8"}],"version-history":[{"count":0,"href":"https:\/\/chalons.catholique.fr\/familles\/wp-json\/wp\/v2\/pages\/8\/revisions"}],"wp:featuredmedia":[{"embeddable":true,"href":"https:\/\/chalons.catholique.fr\/familles\/wp-json\/wp\/v2\/media\/1401"}],"wp:attachment":[{"href":"https:\/\/chalons.catholique.fr\/familles\/wp-json\/wp\/v2\/media?parent=8"}],"wp:term":[{"taxonomy":"category","embeddable":true,"href":"https:\/\/chalons.catholique.fr\/familles\/wp-json\/wp\/v2\/categories?post=8"},{"taxonomy":"post_tag","embeddable":true,"href":"https:\/\/chalons.catholique.fr\/familles\/wp-json\/wp\/v2\/tags?post=8"}],"curies":[{"name":"wp","href":"https:\/\/api.w.org\/{rel}","templated":true}]}}