{"id":6,"date":"2017-04-25T11:18:46","date_gmt":"2017-04-25T09:18:46","guid":{"rendered":"http:\/\/chalons.catholique.fr\/bxfozanam\/?page_id=6"},"modified":"2018-11-24T17:13:32","modified_gmt":"2018-11-24T16:13:32","slug":"accueil","status":"publish","type":"page","link":"https:\/\/chalons.catholique.fr\/bxfozanam\/","title":{"rendered":"Accueil"},"content":{"rendered":"<p>Bienvenue sur le site de la paroisse bienheureux Fr\u00e9d\u00e9ric Ozanam d&rsquo;Anglure, dans le dioc\u00e8se de Chalons en Champagne.<\/p>\n<p><strong>Cur\u00e9 de la Paroisse<\/strong><\/p>\n<p>Denis VEJUX, r\u00e9sidant 8, rue de teinturiers \u00e0 S\u00e9zanne<\/p>\n<p>T\u00e9l. 06.62.34.89.59 \u2013 mail: <a href=\"mailto:denisvejux@yahoo.fr\">denisvejux@yahoo.fr<\/a><\/p>\n<p>Le p\u00e8re Denis VEJUX est \u00e9galement cur\u00e9 des paroisses de S\u00e9zanne et d&rsquo;Esternay<\/p>\n<p>Pr\u00eatres \u00a0desservant \u00e9galement la Paroisse : Paul ROYER,\u00a0 Patrice OLIVIER<\/p>\n<p><strong>\u00a0<\/strong><strong>Une communaut\u00e9 \u00a0de religieuses de la Congr\u00e9gation des S\u0153urs Passionistes r\u00e9side au presbyt\u00e8re d&rsquo;Anglure<\/strong><\/p>\n<p>S\u0153ur C\u00e9lestine, s\u0153ur Aline et s\u0153ur Alphonsine.<\/p>\n<p>Adresse: 9 rue de chalons \u2013 t\u00e9l 03.26.42.71.83 (R\u00e9pondeur). mail : soeurspassio@gmail.com<\/p>\n<p><strong>\u00a0<\/strong><strong>La paroisse regroupe 19 villages\u00a0 :<\/strong><\/p>\n<p>Allemanche &#8211;\u00a0 Anglure\u00a0 &#8211; Bagneux &#8211;\u00a0 Baudement &#8211;\u00a0 La Chapelle\u00a0 Lasson &#8211;\u00a0 Clesles\u00a0 &#8211; Conflans\u00a0 sur\u00a0 Seine &#8211;\u00a0 Courcemain &#8211;\u00a0 Esclavolles &#8211;\u00a0 Granges\u00a0 &#8211;\u00a0 Marcilly sur\u00a0 Seine &#8211;\u00a0 Marsangis\u00a0 &#8211; Saint-Just\/Sauvage &#8211; Saint Quentin\u00a0 &#8211;\u00a0\u00a0 St Saturnin \u2013 Saron sur Aube &#8211; Villeneuve St Vistres &#8211; Villiers aux Corneilles &#8211; Vouarces.<\/p>\n<p><strong>Les \u00e9glises de nos villages:<\/strong><\/p>\n<p><a href=\"https:\/\/chalons.catholique.fr\/bxfozanam\/wp-content\/uploads\/sites\/32\/2018\/02\/Allemanche-1.jpg\"><img decoding=\"async\" class=\"alignnone size-medium wp-image-786\" src=\"https:\/\/chalons.catholique.fr\/bxfozanam\/wp-content\/uploads\/sites\/32\/2018\/02\/Allemanche-1-300x246.jpg\" alt=\"\" width=\"300\" height=\"246\" srcset=\"https:\/\/chalons.catholique.fr\/bxfozanam\/wp-content\/uploads\/sites\/32\/2018\/02\/Allemanche-1-300x246.jpg 300w, https:\/\/chalons.catholique.fr\/bxfozanam\/wp-content\/uploads\/sites\/32\/2018\/02\/Allemanche-1-768x629.jpg 768w, https:\/\/chalons.catholique.fr\/bxfozanam\/wp-content\/uploads\/sites\/32\/2018\/02\/Allemanche-1-1024x839.jpg 1024w, https:\/\/chalons.catholique.fr\/bxfozanam\/wp-content\/uploads\/sites\/32\/2018\/02\/Allemanche-1-1080x885.jpg 1080w\" sizes=\"(max-width: 300px) 100vw, 300px\" \/><\/a> <a href=\"https:\/\/chalons.catholique.fr\/bxfozanam\/wp-content\/uploads\/sites\/32\/2018\/02\/anglure.jpg\"><img decoding=\"async\" class=\"alignnone size-medium wp-image-787\" src=\"https:\/\/chalons.catholique.fr\/bxfozanam\/wp-content\/uploads\/sites\/32\/2018\/02\/anglure-300x225.jpg\" alt=\"\" width=\"300\" height=\"225\" srcset=\"https:\/\/chalons.catholique.fr\/bxfozanam\/wp-content\/uploads\/sites\/32\/2018\/02\/anglure-300x225.jpg 300w, https:\/\/chalons.catholique.fr\/bxfozanam\/wp-content\/uploads\/sites\/32\/2018\/02\/anglure-510x382.jpg 510w, https:\/\/chalons.catholique.fr\/bxfozanam\/wp-content\/uploads\/sites\/32\/2018\/02\/anglure-768x576.jpg 768w, https:\/\/chalons.catholique.fr\/bxfozanam\/wp-content\/uploads\/sites\/32\/2018\/02\/anglure-1024x768.jpg 1024w, https:\/\/chalons.catholique.fr\/bxfozanam\/wp-content\/uploads\/sites\/32\/2018\/02\/anglure-1080x810.jpg 1080w\" sizes=\"(max-width: 300px) 100vw, 300px\" \/><\/a> <a href=\"https:\/\/chalons.catholique.fr\/bxfozanam\/wp-content\/uploads\/sites\/32\/2018\/02\/BAGNEUX.jpg\"><img decoding=\"async\" class=\"alignnone size-medium wp-image-789\" src=\"https:\/\/chalons.catholique.fr\/bxfozanam\/wp-content\/uploads\/sites\/32\/2018\/02\/BAGNEUX-300x225.jpg\" alt=\"\" width=\"300\" height=\"225\" srcset=\"https:\/\/chalons.catholique.fr\/bxfozanam\/wp-content\/uploads\/sites\/32\/2018\/02\/BAGNEUX-300x225.jpg 300w, https:\/\/chalons.catholique.fr\/bxfozanam\/wp-content\/uploads\/sites\/32\/2018\/02\/BAGNEUX-510x382.jpg 510w, https:\/\/chalons.catholique.fr\/bxfozanam\/wp-content\/uploads\/sites\/32\/2018\/02\/BAGNEUX-768x576.jpg 768w, https:\/\/chalons.catholique.fr\/bxfozanam\/wp-content\/uploads\/sites\/32\/2018\/02\/BAGNEUX-1024x768.jpg 1024w, https:\/\/chalons.catholique.fr\/bxfozanam\/wp-content\/uploads\/sites\/32\/2018\/02\/BAGNEUX-1080x810.jpg 1080w\" sizes=\"(max-width: 300px) 100vw, 300px\" \/><\/a> <a href=\"https:\/\/chalons.catholique.fr\/bxfozanam\/wp-content\/uploads\/sites\/32\/2018\/02\/BAUDEMENT.jpg\"><img decoding=\"async\" class=\"alignnone size-medium wp-image-790\" src=\"https:\/\/chalons.catholique.fr\/bxfozanam\/wp-content\/uploads\/sites\/32\/2018\/02\/BAUDEMENT-225x300.jpg\" alt=\"\" width=\"225\" height=\"300\" srcset=\"https:\/\/chalons.catholique.fr\/bxfozanam\/wp-content\/uploads\/sites\/32\/2018\/02\/BAUDEMENT-225x300.jpg 225w, https:\/\/chalons.catholique.fr\/bxfozanam\/wp-content\/uploads\/sites\/32\/2018\/02\/BAUDEMENT-768x1024.jpg 768w, https:\/\/chalons.catholique.fr\/bxfozanam\/wp-content\/uploads\/sites\/32\/2018\/02\/BAUDEMENT-1080x1440.jpg 1080w\" sizes=\"(max-width: 225px) 100vw, 225px\" \/><\/a><a href=\"https:\/\/chalons.catholique.fr\/bxfozanam\/wp-content\/uploads\/sites\/32\/2018\/02\/Chapelle-de-Sauvage.jpg\"><img decoding=\"async\" class=\"alignnone size-medium wp-image-791\" src=\"https:\/\/chalons.catholique.fr\/bxfozanam\/wp-content\/uploads\/sites\/32\/2018\/02\/Chapelle-de-Sauvage-300x225.jpg\" alt=\"\" width=\"300\" height=\"225\" srcset=\"https:\/\/chalons.catholique.fr\/bxfozanam\/wp-content\/uploads\/sites\/32\/2018\/02\/Chapelle-de-Sauvage-300x225.jpg 300w, https:\/\/chalons.catholique.fr\/bxfozanam\/wp-content\/uploads\/sites\/32\/2018\/02\/Chapelle-de-Sauvage-510x382.jpg 510w, https:\/\/chalons.catholique.fr\/bxfozanam\/wp-content\/uploads\/sites\/32\/2018\/02\/Chapelle-de-Sauvage-768x576.jpg 768w, https:\/\/chalons.catholique.fr\/bxfozanam\/wp-content\/uploads\/sites\/32\/2018\/02\/Chapelle-de-Sauvage-1024x768.jpg 1024w, https:\/\/chalons.catholique.fr\/bxfozanam\/wp-content\/uploads\/sites\/32\/2018\/02\/Chapelle-de-Sauvage-1080x810.jpg 1080w\" sizes=\"(max-width: 300px) 100vw, 300px\" \/><\/a> <a href=\"https:\/\/chalons.catholique.fr\/bxfozanam\/wp-content\/uploads\/sites\/32\/2018\/02\/CLESLES.jpg\"><img decoding=\"async\" class=\"alignnone size-medium wp-image-792\" src=\"https:\/\/chalons.catholique.fr\/bxfozanam\/wp-content\/uploads\/sites\/32\/2018\/02\/CLESLES-300x225.jpg\" alt=\"\" width=\"300\" height=\"225\" srcset=\"https:\/\/chalons.catholique.fr\/bxfozanam\/wp-content\/uploads\/sites\/32\/2018\/02\/CLESLES-300x225.jpg 300w, https:\/\/chalons.catholique.fr\/bxfozanam\/wp-content\/uploads\/sites\/32\/2018\/02\/CLESLES-510x382.jpg 510w, https:\/\/chalons.catholique.fr\/bxfozanam\/wp-content\/uploads\/sites\/32\/2018\/02\/CLESLES-768x576.jpg 768w, https:\/\/chalons.catholique.fr\/bxfozanam\/wp-content\/uploads\/sites\/32\/2018\/02\/CLESLES-1024x768.jpg 1024w, https:\/\/chalons.catholique.fr\/bxfozanam\/wp-content\/uploads\/sites\/32\/2018\/02\/CLESLES-1080x810.jpg 1080w\" sizes=\"(max-width: 300px) 100vw, 300px\" \/><\/a><\/p>\n<p><a href=\"https:\/\/chalons.catholique.fr\/bxfozanam\/wp-content\/uploads\/sites\/32\/2018\/02\/CONFLANS-Copie.jpg\"><img decoding=\"async\" class=\"size-medium wp-image-793\" src=\"https:\/\/chalons.catholique.fr\/bxfozanam\/wp-content\/uploads\/sites\/32\/2018\/02\/CONFLANS-Copie-297x300.jpg\" alt=\"\" width=\"297\" height=\"300\" srcset=\"https:\/\/chalons.catholique.fr\/bxfozanam\/wp-content\/uploads\/sites\/32\/2018\/02\/CONFLANS-Copie-297x300.jpg 297w, https:\/\/chalons.catholique.fr\/bxfozanam\/wp-content\/uploads\/sites\/32\/2018\/02\/CONFLANS-Copie-768x775.jpg 768w, https:\/\/chalons.catholique.fr\/bxfozanam\/wp-content\/uploads\/sites\/32\/2018\/02\/CONFLANS-Copie-1014x1024.jpg 1014w, https:\/\/chalons.catholique.fr\/bxfozanam\/wp-content\/uploads\/sites\/32\/2018\/02\/CONFLANS-Copie-1080x1090.jpg 1080w, https:\/\/chalons.catholique.fr\/bxfozanam\/wp-content\/uploads\/sites\/32\/2018\/02\/CONFLANS-Copie.jpg 1667w\" sizes=\"(max-width: 297px) 100vw, 297px\" \/><\/a><\/p>\n<p><a href=\"https:\/\/chalons.catholique.fr\/bxfozanam\/wp-content\/uploads\/sites\/32\/2018\/02\/Courcemain.jpg\"><img decoding=\"async\" class=\"alignnone size-medium wp-image-794\" src=\"https:\/\/chalons.catholique.fr\/bxfozanam\/wp-content\/uploads\/sites\/32\/2018\/02\/Courcemain-300x225.jpg\" alt=\"\" width=\"300\" height=\"225\" srcset=\"https:\/\/chalons.catholique.fr\/bxfozanam\/wp-content\/uploads\/sites\/32\/2018\/02\/Courcemain-300x225.jpg 300w, https:\/\/chalons.catholique.fr\/bxfozanam\/wp-content\/uploads\/sites\/32\/2018\/02\/Courcemain-510x382.jpg 510w, https:\/\/chalons.catholique.fr\/bxfozanam\/wp-content\/uploads\/sites\/32\/2018\/02\/Courcemain-768x576.jpg 768w, https:\/\/chalons.catholique.fr\/bxfozanam\/wp-content\/uploads\/sites\/32\/2018\/02\/Courcemain-1024x768.jpg 1024w, https:\/\/chalons.catholique.fr\/bxfozanam\/wp-content\/uploads\/sites\/32\/2018\/02\/Courcemain-1080x810.jpg 1080w\" sizes=\"(max-width: 300px) 100vw, 300px\" \/><\/a><\/p>\n<p><a href=\"https:\/\/chalons.catholique.fr\/bxfozanam\/wp-content\/uploads\/sites\/32\/2018\/02\/ESCLAVOLLES-LUREY.jpg\"><img decoding=\"async\" class=\"size-medium wp-image-795\" src=\"https:\/\/chalons.catholique.fr\/bxfozanam\/wp-content\/uploads\/sites\/32\/2018\/02\/ESCLAVOLLES-LUREY-225x300.jpg\" alt=\"\" width=\"225\" height=\"300\" srcset=\"https:\/\/chalons.catholique.fr\/bxfozanam\/wp-content\/uploads\/sites\/32\/2018\/02\/ESCLAVOLLES-LUREY-225x300.jpg 225w, https:\/\/chalons.catholique.fr\/bxfozanam\/wp-content\/uploads\/sites\/32\/2018\/02\/ESCLAVOLLES-LUREY-768x1024.jpg 768w, https:\/\/chalons.catholique.fr\/bxfozanam\/wp-content\/uploads\/sites\/32\/2018\/02\/ESCLAVOLLES-LUREY-1080x1440.jpg 1080w, https:\/\/chalons.catholique.fr\/bxfozanam\/wp-content\/uploads\/sites\/32\/2018\/02\/ESCLAVOLLES-LUREY.jpg 1920w\" sizes=\"(max-width: 225px) 100vw, 225px\" \/><\/a><\/p>\n<p><a href=\"https:\/\/chalons.catholique.fr\/bxfozanam\/wp-content\/uploads\/sites\/32\/2018\/02\/GRANGES.jpg\"><img decoding=\"async\" class=\"alignnone size-medium wp-image-796\" src=\"https:\/\/chalons.catholique.fr\/bxfozanam\/wp-content\/uploads\/sites\/32\/2018\/02\/GRANGES-300x225.jpg\" alt=\"\" width=\"300\" height=\"225\" srcset=\"https:\/\/chalons.catholique.fr\/bxfozanam\/wp-content\/uploads\/sites\/32\/2018\/02\/GRANGES-300x225.jpg 300w, https:\/\/chalons.catholique.fr\/bxfozanam\/wp-content\/uploads\/sites\/32\/2018\/02\/GRANGES-510x382.jpg 510w, https:\/\/chalons.catholique.fr\/bxfozanam\/wp-content\/uploads\/sites\/32\/2018\/02\/GRANGES-768x576.jpg 768w, https:\/\/chalons.catholique.fr\/bxfozanam\/wp-content\/uploads\/sites\/32\/2018\/02\/GRANGES-1024x768.jpg 1024w, https:\/\/chalons.catholique.fr\/bxfozanam\/wp-content\/uploads\/sites\/32\/2018\/02\/GRANGES-1080x810.jpg 1080w\" sizes=\"(max-width: 300px) 100vw, 300px\" \/><\/a> <a href=\"https:\/\/chalons.catholique.fr\/bxfozanam\/wp-content\/uploads\/sites\/32\/2018\/02\/LA-CHAPELLE-LASSON.jpg\"><img decoding=\"async\" class=\"alignnone size-medium wp-image-797\" src=\"https:\/\/chalons.catholique.fr\/bxfozanam\/wp-content\/uploads\/sites\/32\/2018\/02\/LA-CHAPELLE-LASSON-300x225.jpg\" alt=\"\" width=\"300\" height=\"225\" srcset=\"https:\/\/chalons.catholique.fr\/bxfozanam\/wp-content\/uploads\/sites\/32\/2018\/02\/LA-CHAPELLE-LASSON-300x225.jpg 300w, https:\/\/chalons.catholique.fr\/bxfozanam\/wp-content\/uploads\/sites\/32\/2018\/02\/LA-CHAPELLE-LASSON-510x382.jpg 510w, https:\/\/chalons.catholique.fr\/bxfozanam\/wp-content\/uploads\/sites\/32\/2018\/02\/LA-CHAPELLE-LASSON-768x576.jpg 768w, https:\/\/chalons.catholique.fr\/bxfozanam\/wp-content\/uploads\/sites\/32\/2018\/02\/LA-CHAPELLE-LASSON-1024x768.jpg 1024w, https:\/\/chalons.catholique.fr\/bxfozanam\/wp-content\/uploads\/sites\/32\/2018\/02\/LA-CHAPELLE-LASSON-1080x810.jpg 1080w\" sizes=\"(max-width: 300px) 100vw, 300px\" \/><\/a> <a href=\"https:\/\/chalons.catholique.fr\/bxfozanam\/wp-content\/uploads\/sites\/32\/2018\/02\/Marcilly-sur-Seine-1.jpg\"><img decoding=\"async\" class=\"alignnone size-medium wp-image-798\" src=\"https:\/\/chalons.catholique.fr\/bxfozanam\/wp-content\/uploads\/sites\/32\/2018\/02\/Marcilly-sur-Seine-1-300x225.jpg\" alt=\"\" width=\"300\" height=\"225\" srcset=\"https:\/\/chalons.catholique.fr\/bxfozanam\/wp-content\/uploads\/sites\/32\/2018\/02\/Marcilly-sur-Seine-1-300x225.jpg 300w, https:\/\/chalons.catholique.fr\/bxfozanam\/wp-content\/uploads\/sites\/32\/2018\/02\/Marcilly-sur-Seine-1-510x382.jpg 510w, https:\/\/chalons.catholique.fr\/bxfozanam\/wp-content\/uploads\/sites\/32\/2018\/02\/Marcilly-sur-Seine-1-768x576.jpg 768w, https:\/\/chalons.catholique.fr\/bxfozanam\/wp-content\/uploads\/sites\/32\/2018\/02\/Marcilly-sur-Seine-1-1024x768.jpg 1024w, https:\/\/chalons.catholique.fr\/bxfozanam\/wp-content\/uploads\/sites\/32\/2018\/02\/Marcilly-sur-Seine-1-1080x810.jpg 1080w\" sizes=\"(max-width: 300px) 100vw, 300px\" \/><\/a><a href=\"https:\/\/chalons.catholique.fr\/bxfozanam\/wp-content\/uploads\/sites\/32\/2018\/02\/MARSANGIS.jpg\"><img decoding=\"async\" class=\"alignnone size-medium wp-image-799\" src=\"https:\/\/chalons.catholique.fr\/bxfozanam\/wp-content\/uploads\/sites\/32\/2018\/02\/MARSANGIS-300x225.jpg\" alt=\"\" width=\"300\" height=\"225\" srcset=\"https:\/\/chalons.catholique.fr\/bxfozanam\/wp-content\/uploads\/sites\/32\/2018\/02\/MARSANGIS-300x225.jpg 300w, https:\/\/chalons.catholique.fr\/bxfozanam\/wp-content\/uploads\/sites\/32\/2018\/02\/MARSANGIS-510x382.jpg 510w, https:\/\/chalons.catholique.fr\/bxfozanam\/wp-content\/uploads\/sites\/32\/2018\/02\/MARSANGIS-768x576.jpg 768w, https:\/\/chalons.catholique.fr\/bxfozanam\/wp-content\/uploads\/sites\/32\/2018\/02\/MARSANGIS-1024x768.jpg 1024w, https:\/\/chalons.catholique.fr\/bxfozanam\/wp-content\/uploads\/sites\/32\/2018\/02\/MARSANGIS-1080x810.jpg 1080w\" sizes=\"(max-width: 300px) 100vw, 300px\" \/><\/a> <a href=\"https:\/\/chalons.catholique.fr\/bxfozanam\/wp-content\/uploads\/sites\/32\/2018\/02\/SAINT-JUST.jpg\"><img decoding=\"async\" class=\"alignnone size-medium wp-image-800\" src=\"https:\/\/chalons.catholique.fr\/bxfozanam\/wp-content\/uploads\/sites\/32\/2018\/02\/SAINT-JUST-225x300.jpg\" alt=\"\" width=\"225\" height=\"300\" srcset=\"https:\/\/chalons.catholique.fr\/bxfozanam\/wp-content\/uploads\/sites\/32\/2018\/02\/SAINT-JUST-225x300.jpg 225w, https:\/\/chalons.catholique.fr\/bxfozanam\/wp-content\/uploads\/sites\/32\/2018\/02\/SAINT-JUST-768x1024.jpg 768w, https:\/\/chalons.catholique.fr\/bxfozanam\/wp-content\/uploads\/sites\/32\/2018\/02\/SAINT-JUST-1080x1440.jpg 1080w\" sizes=\"(max-width: 225px) 100vw, 225px\" \/><\/a><\/p>\n<div id=\"attachment_802\" style=\"width: 242px\" class=\"wp-caption alignnone\"><a href=\"https:\/\/chalons.catholique.fr\/bxfozanam\/wp-content\/uploads\/sites\/32\/2018\/02\/Saron-sur-aube-Copie.jpg\"><img aria-describedby=\"caption-attachment-802\" decoding=\"async\" class=\"size-medium wp-image-802\" src=\"https:\/\/chalons.catholique.fr\/bxfozanam\/wp-content\/uploads\/sites\/32\/2018\/02\/Saron-sur-aube-Copie-232x300.jpg\" alt=\"\" width=\"232\" height=\"300\" srcset=\"https:\/\/chalons.catholique.fr\/bxfozanam\/wp-content\/uploads\/sites\/32\/2018\/02\/Saron-sur-aube-Copie-232x300.jpg 232w, https:\/\/chalons.catholique.fr\/bxfozanam\/wp-content\/uploads\/sites\/32\/2018\/02\/Saron-sur-aube-Copie-400x516.jpg 400w, https:\/\/chalons.catholique.fr\/bxfozanam\/wp-content\/uploads\/sites\/32\/2018\/02\/Saron-sur-aube-Copie-768x992.jpg 768w, https:\/\/chalons.catholique.fr\/bxfozanam\/wp-content\/uploads\/sites\/32\/2018\/02\/Saron-sur-aube-Copie-793x1024.jpg 793w, https:\/\/chalons.catholique.fr\/bxfozanam\/wp-content\/uploads\/sites\/32\/2018\/02\/Saron-sur-aube-Copie-1080x1395.jpg 1080w, https:\/\/chalons.catholique.fr\/bxfozanam\/wp-content\/uploads\/sites\/32\/2018\/02\/Saron-sur-aube-Copie.jpg 1389w\" sizes=\"(max-width: 232px) 100vw, 232px\" \/><\/a><p id=\"caption-attachment-802\" class=\"wp-caption-text\"><a style=\"font-size: 16px;font-weight: inherit\" href=\"https:\/\/chalons.catholique.fr\/bxfozanam\/wp-content\/uploads\/sites\/32\/2018\/02\/St-Quentin.jpg\"><img decoding=\"async\" class=\"alignnone size-medium wp-image-803\" src=\"https:\/\/chalons.catholique.fr\/bxfozanam\/wp-content\/uploads\/sites\/32\/2018\/02\/St-Quentin-300x225.jpg\" alt=\"\" width=\"300\" height=\"225\" srcset=\"https:\/\/chalons.catholique.fr\/bxfozanam\/wp-content\/uploads\/sites\/32\/2018\/02\/St-Quentin-300x225.jpg 300w, https:\/\/chalons.catholique.fr\/bxfozanam\/wp-content\/uploads\/sites\/32\/2018\/02\/St-Quentin-510x382.jpg 510w, https:\/\/chalons.catholique.fr\/bxfozanam\/wp-content\/uploads\/sites\/32\/2018\/02\/St-Quentin-768x576.jpg 768w, https:\/\/chalons.catholique.fr\/bxfozanam\/wp-content\/uploads\/sites\/32\/2018\/02\/St-Quentin-1024x768.jpg 1024w, https:\/\/chalons.catholique.fr\/bxfozanam\/wp-content\/uploads\/sites\/32\/2018\/02\/St-Quentin-1080x810.jpg 1080w\" sizes=\"(max-width: 300px) 100vw, 300px\" \/><\/a> <a style=\"font-size: 16px;font-weight: inherit\" href=\"https:\/\/chalons.catholique.fr\/bxfozanam\/wp-content\/uploads\/sites\/32\/2018\/02\/St-Saturnin-Copie.jpg\"><img decoding=\"async\" class=\"alignnone size-medium wp-image-804\" src=\"https:\/\/chalons.catholique.fr\/bxfozanam\/wp-content\/uploads\/sites\/32\/2018\/02\/St-Saturnin-Copie-300x225.jpg\" alt=\"\" width=\"300\" height=\"225\" srcset=\"https:\/\/chalons.catholique.fr\/bxfozanam\/wp-content\/uploads\/sites\/32\/2018\/02\/St-Saturnin-Copie-300x225.jpg 300w, https:\/\/chalons.catholique.fr\/bxfozanam\/wp-content\/uploads\/sites\/32\/2018\/02\/St-Saturnin-Copie-510x382.jpg 510w, https:\/\/chalons.catholique.fr\/bxfozanam\/wp-content\/uploads\/sites\/32\/2018\/02\/St-Saturnin-Copie-768x576.jpg 768w, https:\/\/chalons.catholique.fr\/bxfozanam\/wp-content\/uploads\/sites\/32\/2018\/02\/St-Saturnin-Copie-1024x768.jpg 1024w, https:\/\/chalons.catholique.fr\/bxfozanam\/wp-content\/uploads\/sites\/32\/2018\/02\/St-Saturnin-Copie-1080x810.jpg 1080w\" sizes=\"(max-width: 300px) 100vw, 300px\" \/><\/a> <a style=\"font-size: 16px;font-weight: inherit\" href=\"https:\/\/chalons.catholique.fr\/bxfozanam\/wp-content\/uploads\/sites\/32\/2018\/02\/Villeneuve-St-Vistre.jpg\"><img decoding=\"async\" class=\"alignnone size-medium wp-image-805\" src=\"https:\/\/chalons.catholique.fr\/bxfozanam\/wp-content\/uploads\/sites\/32\/2018\/02\/Villeneuve-St-Vistre-300x225.jpg\" alt=\"\" width=\"300\" height=\"225\" srcset=\"https:\/\/chalons.catholique.fr\/bxfozanam\/wp-content\/uploads\/sites\/32\/2018\/02\/Villeneuve-St-Vistre-300x225.jpg 300w, https:\/\/chalons.catholique.fr\/bxfozanam\/wp-content\/uploads\/sites\/32\/2018\/02\/Villeneuve-St-Vistre-510x382.jpg 510w, https:\/\/chalons.catholique.fr\/bxfozanam\/wp-content\/uploads\/sites\/32\/2018\/02\/Villeneuve-St-Vistre-768x576.jpg 768w, https:\/\/chalons.catholique.fr\/bxfozanam\/wp-content\/uploads\/sites\/32\/2018\/02\/Villeneuve-St-Vistre-1024x768.jpg 1024w, https:\/\/chalons.catholique.fr\/bxfozanam\/wp-content\/uploads\/sites\/32\/2018\/02\/Villeneuve-St-Vistre-1080x810.jpg 1080w\" sizes=\"(max-width: 300px) 100vw, 300px\" \/><\/a> <a style=\"font-size: 16px;font-weight: inherit\" href=\"https:\/\/chalons.catholique.fr\/bxfozanam\/wp-content\/uploads\/sites\/32\/2018\/02\/Villiers-aux-Corneilles.jpg\"><img decoding=\"async\" class=\"alignnone size-medium wp-image-806\" src=\"https:\/\/chalons.catholique.fr\/bxfozanam\/wp-content\/uploads\/sites\/32\/2018\/02\/Villiers-aux-Corneilles-225x300.jpg\" alt=\"\" width=\"225\" height=\"300\" srcset=\"https:\/\/chalons.catholique.fr\/bxfozanam\/wp-content\/uploads\/sites\/32\/2018\/02\/Villiers-aux-Corneilles-225x300.jpg 225w, https:\/\/chalons.catholique.fr\/bxfozanam\/wp-content\/uploads\/sites\/32\/2018\/02\/Villiers-aux-Corneilles-768x1024.jpg 768w, https:\/\/chalons.catholique.fr\/bxfozanam\/wp-content\/uploads\/sites\/32\/2018\/02\/Villiers-aux-Corneilles-1080x1440.jpg 1080w\" sizes=\"(max-width: 225px) 100vw, 225px\" \/><\/a> <a style=\"font-size: 16px;font-weight: inherit\" href=\"https:\/\/chalons.catholique.fr\/bxfozanam\/wp-content\/uploads\/sites\/32\/2018\/02\/Vouarces.jpg\"><img decoding=\"async\" class=\"alignnone size-medium wp-image-807\" src=\"https:\/\/chalons.catholique.fr\/bxfozanam\/wp-content\/uploads\/sites\/32\/2018\/02\/Vouarces-300x225.jpg\" alt=\"\" width=\"300\" height=\"225\" srcset=\"https:\/\/chalons.catholique.fr\/bxfozanam\/wp-content\/uploads\/sites\/32\/2018\/02\/Vouarces-300x225.jpg 300w, https:\/\/chalons.catholique.fr\/bxfozanam\/wp-content\/uploads\/sites\/32\/2018\/02\/Vouarces-510x382.jpg 510w, https:\/\/chalons.catholique.fr\/bxfozanam\/wp-content\/uploads\/sites\/32\/2018\/02\/Vouarces-768x576.jpg 768w, https:\/\/chalons.catholique.fr\/bxfozanam\/wp-content\/uploads\/sites\/32\/2018\/02\/Vouarces-1024x768.jpg 1024w, https:\/\/chalons.catholique.fr\/bxfozanam\/wp-content\/uploads\/sites\/32\/2018\/02\/Vouarces-1080x810.jpg 1080w\" sizes=\"(max-width: 300px) 100vw, 300px\" \/><\/a><\/p><\/div>\n<p>&nbsp;<\/p>\n<p><strong>LES SERVICES DE LA PAROISSE <\/strong><\/p>\n<p><strong>\u00a0<\/strong><strong>Bapt\u00eames d&rsquo;enfants et d&rsquo;adultes<\/strong><\/p>\n<ul>\n<li>C<strong>at\u00e9ch\u00e8se : <\/strong>pour d\u00e9couvrir J\u00e9sus<\/li>\n<\/ul>\n<p>&#8211; Eveil \u00e0 la Foi \u00e0 partir de 4 ans<\/p>\n<ul>\n<li>KT \u00e0 partir de 7 ans<\/li>\n<\/ul>\n<p><strong>Premi\u00e8re communion &#8211; confirmation<\/strong><\/p>\n<ul>\n<li><strong>Mariages<\/strong><\/li>\n<li><strong>C\u00e9l\u00e9brations des obs\u00e8ques<\/strong><\/li>\n<li><strong>Pr\u00e9paration des messes et c\u00e9l\u00e9brations de la parole <\/strong><\/li>\n<li><strong>Chorale \u2013 <\/strong>r\u00e9p\u00e9titions des chants pour les c\u00e9l\u00e9brations<\/li>\n<li><strong>Visites \u00e0 domicile pour les personnes \u00e2g\u00e9es et ou malade.<\/strong><\/li>\n<\/ul>\n<ul>\n<li><strong>Permanences<\/strong> au presbyt\u00e8re les vendredis de 16h \u00e0 18h<\/li>\n<li><strong>\u00a0<\/strong><strong>Messes au presbyt\u00e8re en semaine<\/strong><\/li>\n<\/ul>\n<p>En principe, il y a \u00a0une messe chaque jour. Les horaires n\u2019\u00e9tant pas r\u00e9guliers, merci de consulter dans rubrique \u00a0<strong>agendas<\/strong> les \u00ab\u00a0informations de la semaine\u00a0\u00bb qui sont mises \u00e0 \u00a0jour \u00a0r\u00e9guli\u00e8rement<\/p>\n<p><em>Pour tout renseignement n&rsquo;h\u00e9sitez pas \u00e0 passer au presbyt\u00e8re pendant la permanence du vendredi o\u00f9 en vous adressant directement aux s\u0153urs. \u00a0<\/em><\/p>\n<p>&nbsp;<\/p>\n","protected":false},"excerpt":{"rendered":"<p>Bienvenue sur le site de la paroisse bienheureux Fr\u00e9d\u00e9ric Ozanam d&rsquo;Anglure, dans le dioc\u00e8se de Chalons en Champagne. Cur\u00e9 de la Paroisse Denis VEJUX, r\u00e9sidant 8, rue de teinturiers \u00e0 S\u00e9zanne T\u00e9l. 06.62.34.89.59 \u2013 mail: denisvejux@yahoo.fr Le p\u00e8re Denis VEJUX est \u00e9galement cur\u00e9 des paroisses de S\u00e9zanne et d&rsquo;Esternay Pr\u00eatres \u00a0desservant \u00e9galement la Paroisse : [&hellip;]<\/p>\n","protected":false},"author":1,"featured_media":1017,"parent":0,"menu_order":0,"comment_status":"closed","ping_status":"closed","template":"","meta":{"xn-wppe-expiration":[],"xn-wppe-expiration-action":[],"xn-wppe-expiration-prefix":[],"footnotes":""},"_links":{"self":[{"href":"https:\/\/chalons.catholique.fr\/bxfozanam\/wp-json\/wp\/v2\/pages\/6"}],"collection":[{"href":"https:\/\/chalons.catholique.fr\/bxfozanam\/wp-json\/wp\/v2\/pages"}],"about":[{"href":"https:\/\/chalons.catholique.fr\/bxfozanam\/wp-json\/wp\/v2\/types\/page"}],"author":[{"embeddable":true,"href":"https:\/\/chalons.catholique.fr\/bxfozanam\/wp-json\/wp\/v2\/users\/1"}],"replies":[{"embeddable":true,"href":"https:\/\/chalons.catholique.fr\/bxfozanam\/wp-json\/wp\/v2\/comments?post=6"}],"version-history":[{"count":1,"href":"https:\/\/chalons.catholique.fr\/bxfozanam\/wp-json\/wp\/v2\/pages\/6\/revisions"}],"predecessor-version":[{"id":1760,"href":"https:\/\/chalons.catholique.fr\/bxfozanam\/wp-json\/wp\/v2\/pages\/6\/revisions\/1760"}],"wp:featuredmedia":[{"embeddable":true,"href":"https:\/\/chalons.catholique.fr\/bxfozanam\/wp-json\/wp\/v2\/media\/1017"}],"wp:attachment":[{"href":"https:\/\/chalons.catholique.fr\/bxfozanam\/wp-json\/wp\/v2\/media?parent=6"}],"curies":[{"name":"wp","href":"https:\/\/api.w.org\/{rel}","templated":true}]}}