{"id":466,"date":"2017-11-02T10:37:47","date_gmt":"2017-11-02T09:37:47","guid":{"rendered":"http:\/\/chalons.catholique.fr\/paroissedesmothees\/?page_id=466"},"modified":"2023-01-30T08:34:15","modified_gmt":"2023-01-30T07:34:15","slug":"eglise-saint-denis","status":"publish","type":"page","link":"https:\/\/chalons.catholique.fr\/brie\/eglise-saint-denis\/","title":{"rendered":"L&rsquo;\u00e9glise Saint Denis de S\u00e9zanne"},"content":{"rendered":"<p><strong>L\u2019\u00e9glise Saint Denis de S\u00e9zanne<\/strong><\/p>\n<p>Soyez les bienvenus en notre \u00e9glise paroissiale !<\/p>\n<p><a href=\"https:\/\/chalons.catholique.fr\/brie\/eglise-saint-denis\/\">Voici quelques informations pour vous la faire d\u00e9couvrir et appr\u00e9cier.<\/a><\/p>\n<p>L\u2019\u00e9difice actuel s\u2019est greff\u00e9 sur une \u00e9glise romane plus ancienne, r\u00e9serv\u00e9e aux moines du prieur\u00e9 Saint-Julien fond\u00e9 en 1080 et d\u00e9pendant de Notre-Dame de la Charit\u00e9-sur-Loire, fille de Cluny.<\/p>\n<p>Au d\u00e9but du XVI\u00e8, les paroissiens de S\u00e9zanne ont souhait\u00e9 avoir une plus grande \u00e9glise pour eux seuls. Les travaux de la nouvelle nef d\u00e9butent d\u00e8s 1515 et se terminent en 1582 par la tour haute de 42 m\u00e8tres et ses 215 marches. Un mur s\u00e9pare donc les deux \u00e9difices accol\u00e9s et ne permet pas de construire de transept, ni de v\u00e9ritable ch\u0153ur dans la nouvelle partie. L\u2019\u00e9glise est d\u00e9dicac\u00e9e sous le vocable de Saint-Denis par l\u2019\u00e9v\u00eaque de Troyes le 19 septembre 1621. Apr\u00e8s la R\u00e9volution fran\u00e7aise, l\u2019\u00e9glise Saint-Julien d\u00e9saffect\u00e9e est d\u00e9truite en 1801. La mairie occupe d\u00e8s 1792 les b\u00e2timents du prieur\u00e9.<\/p>\n<p>La nef mesure 34 m\u00e8tres de long, 23 m\u00e8tres de large et 18,50 m\u00e8tres de haut et se divise en 7 trav\u00e9es. Elle est bord\u00e9e de deux collat\u00e9raux, accompagn\u00e9s de chapelles.<\/p>\n<p>Le style de l\u2019ensemble est un exemple de l\u2019architecture gothique flamboyante en Champagne avec de nombreux \u00e9l\u00e9ments Renaissance notamment sur la tour.<\/p>\n<p>Le d\u00e9cor des voutes d\u2019ogives, fait de nervures et de formes g\u00e9om\u00e9triques, change de rythme \u00e0 chaque trav\u00e9e.<\/p>\n<p>Les piliers de forme ondul\u00e9e n\u2019ont pas de chapiteaux, except\u00e9s ceux sur le collat\u00e9ral sud, orn\u00e9s de feuillages et de portraits en m\u00e9daillon. La porte d\u2019entr\u00e9e de ce c\u00f4t\u00e9 pr\u00e9sente un riche d\u00e9cor sculpt\u00e9 dat\u00e9 de 1534, illustrant la vie de saint Denis.<\/p>\n<p>Le ma\u00eetre-autel, remani\u00e9 vers 1730 est imposant par ses proportions et sa riche d\u00e9coration de colonnes de style corinthien et de pots-\u00e0-feu. Le tabernacle est encadr\u00e9 de deux basreliefs repr\u00e9sentant les sc\u00e8nes de la conversion de saint Denis par saint Paul et sa d\u00e9capitation.<\/p>\n<p>\u00ab L\u2019Adoration des bergers \u00bb occupe la partie centrale. C\u2019est une copie inspir\u00e9e d\u2019un tableau original de Guido Reni dont un exemplaire se trouve \u00e0 la Chartreuse San Martino de Naples. Elle est sign\u00e9e par Guillaume Oudry, en 1724. Deux portraits en pied de chaque c\u00f4t\u00e9 figurent saint Rustique et saint Eleuth\u00e8re, compagnons de saint Denis.<\/p>\n<p>Au-dessus, la grande peinture murale repr\u00e9sente la Transfiguration, \u0153uvre du peintre Carpentier de Troyes en 1740.<\/p>\n<p>Les vitraux dans la partie sup\u00e9rieure sont malheureusement lacunaires. Ils sont dat\u00e9s de 1547-1550. Ils pourraient \u00eatre l\u2019\u0153uvre d\u2019\u00c9tienne de la Vall\u00e9e, figure marquante de la peinture sur verre en Champagne \u00e0 la Renaissance et dont d\u2019autres vitraux se trouvent \u00e0 Troyes, Saint-Alpin et Notre-Dame-en-Vaux \u00e0 Ch\u00e2lons-en-Champagne. Son style est tr\u00e8s inspir\u00e9 de l\u2019art de Jean Cousin, grand peintre de la m\u00eame \u00e9poque et originaire de Sens.<\/p>\n<p>Exemples de quelques sc\u00e8nes histori\u00e9es : c\u00f4t\u00e9 nord par le fond, \u00ab La gu\u00e9rison du paralytique \u00e0 la piscine de Bezatha \u00bb (2\u00e8) \u00ab J\u00e9sus et la Samaritaine \u00bb (3\u00e8) \u00ab La Passion \u00bb (4\u00e8) \u00ab La Cr\u00e9ation \u00bb (7\u00e8). On remarquera la repr\u00e9sentation des donateurs et de leurs blasons dans plusieurs d\u2019entre elles, c\u00f4t\u00e9 sud, \u00ab Bapt\u00eame du Christ \u00bb (6\u00e8), \u00ab La Vierge Marie \u00bb (7\u00e8).<\/p>\n<p>L\u2019orgue (actuellement d\u00e9mont\u00e9 et en cours de restauration) est un sp\u00e9cimen assez unique de style franco-flamand de la premi\u00e8re moiti\u00e9 du XVII\u00e8. Des sondages ont r\u00e9v\u00e9l\u00e9 des traces de polychromie, de feuille d\u2019or sur le mobilier ainsi que de beaux portraits d\u2019ap\u00f4tres sur le garde-corps.<\/p>\n<p>Certaines chapelles lat\u00e9rales portent encore les blasons des riches familles et des dignitaires de l\u2019ancien r\u00e9gime qui ont financ\u00e9 leur construction. Mais peu conservent leur d\u00e9cor d\u2019origine. Beaucoup ont \u00e9t\u00e9 remani\u00e9es apr\u00e8s la R\u00e9volution fran\u00e7aise faisant dispara\u00eetre leur destination initiale et pour certaines des c\u00e9notaphes. Il reste toutefois en commun les niches surmont\u00e9es de dais, des piscines, des corniches, des baldaquins o\u00f9 l\u2019on retrouve la m\u00eame ornementation de feuillage, de grappes de raisins, d\u2019animaux fantastiques et d\u2019angelots.<\/p>\n<p>Ainsi, en partant du ma\u00eetre-autel c\u00f4t\u00e9 sud (place de la R\u00e9publique), la premi\u00e8re chapelle a \u00e9t\u00e9 fond\u00e9e par Olivier Champy (1521) dont on trouve le blason peint sur la cl\u00e9 de vo\u00fbte et en se retournant sur le vitrail de la Cr\u00e9ation, en bas, \u00e0 droite.\u00a0 La deuxi\u00e8me chapelle est encadr\u00e9e de deux piliers avec un d\u00e9cor de portraits de profil en m\u00e9daillons, dont un homme au turban. La quatri\u00e8me, renferme un vitrail sign\u00e9 Louis Hugot (1833-1887), ma\u00eetre verrier de Troyes, auteur \u00e9galement des vitraux de l\u2019ancien couvent des R\u00e9collets. Apr\u00e8s le porche d\u2019entr\u00e9e, un b\u00e2ton de procession de saint Vincent en bois sculpt\u00e9 du XVIII\u00e8 est pos\u00e9 sur une corniche tr\u00e8s ouvrag\u00e9e. Malheureusement, le personnage du saint a \u00e9t\u00e9 vol\u00e9 en 2001, ainsi qu\u2019en 2008, un Christ de piti\u00e9 en bois du XVI\u00e8.<\/p>\n<p>C\u00f4t\u00e9 nord (jardin de l\u2019h\u00f4tel de ville), la chapelle des fonds baptismaux ; c\u2019est ici que la future sainte L\u00e9onie Aviat, n\u00e9e le 16 septembre 1844 \u00e0 S\u00e9zanne, dans la maison en face de l\u2019\u00e9glise (fleuriste actuel) a \u00e9t\u00e9 baptis\u00e9e. Elle a fond\u00e9 la Congr\u00e9gation des S\u0153urs Oblates de Saint Fran\u00e7ois de Sales avec le p\u00e8re Brisson. D\u00e9c\u00e9d\u00e9e le 10 janvier 1914, elle a \u00e9t\u00e9 canonis\u00e9e le 25 novembre 2001 \u00e0 Saint-Pierre de Rome par Jean-Paul II. La deuxi\u00e8me chapelle initialement d\u00e9di\u00e9e \u00e0 saint Gond, fondateur d\u2019une abbaye \u00e0 Oyes, pr\u00e9sente d\u00e9sormais un tableau de saint \u00c9tienne. Il reste au sol, la pierre tombale d\u2019\u00c9tienne Fromont, religieux des Cordeliers, mort en 1515.<\/p>\n<p>\u00c0 gauche du ma\u00eetre-autel se trouve un retable en bois avec la toile \u00ab sainte Claire met en fuite les Sarrasins \u00bb ressemblant \u00e0 celui plus monumental de l\u2019ancien couvent des R\u00e9collets de S\u00e9zanne. De m\u00eame sainte Claire est une disciple de saint Fran\u00e7ois d\u2019Assise dont la vie a \u00e9t\u00e9 retrac\u00e9e par le peintre fr\u00e8re Luc (1614-1685) dans la chapelle des R\u00e9collets, lieu unique o\u00f9 l\u2019on peut encore admirer ses \u0153uvres.<\/p>\n<p>Nous esp\u00e9rons que cette visite vous a plu.<\/p>\n<p>Si vous souhaitez davantage de renseignements, vous pouvez vous adresser \u00e0 l\u2019office du tourisme de S\u00e9zanne et sa r\u00e9gion qui se trouve sous la tour de l\u2019\u00e9glise.<\/p>\n","protected":false},"excerpt":{"rendered":"<p>L\u2019\u00e9glise Saint Denis de S\u00e9zanne Soyez les bienvenus en notre \u00e9glise paroissiale ! Voici quelques informations pour vous la faire d\u00e9couvrir et appr\u00e9cier. L\u2019\u00e9difice actuel s\u2019est greff\u00e9 sur une \u00e9glise romane plus ancienne, r\u00e9serv\u00e9e aux moines du prieur\u00e9 Saint-Julien fond\u00e9 en 1080 et d\u00e9pendant de Notre-Dame de la Charit\u00e9-sur-Loire, fille de Cluny. Au d\u00e9but du [&hellip;]<\/p>\n","protected":false},"author":150,"featured_media":0,"parent":0,"menu_order":0,"comment_status":"closed","ping_status":"closed","template":"","meta":{"xn-wppe-expiration":[],"xn-wppe-expiration-action":[],"xn-wppe-expiration-prefix":[],"footnotes":""},"_links":{"self":[{"href":"https:\/\/chalons.catholique.fr\/brie\/wp-json\/wp\/v2\/pages\/466"}],"collection":[{"href":"https:\/\/chalons.catholique.fr\/brie\/wp-json\/wp\/v2\/pages"}],"about":[{"href":"https:\/\/chalons.catholique.fr\/brie\/wp-json\/wp\/v2\/types\/page"}],"author":[{"embeddable":true,"href":"https:\/\/chalons.catholique.fr\/brie\/wp-json\/wp\/v2\/users\/150"}],"replies":[{"embeddable":true,"href":"https:\/\/chalons.catholique.fr\/brie\/wp-json\/wp\/v2\/comments?post=466"}],"version-history":[{"count":5,"href":"https:\/\/chalons.catholique.fr\/brie\/wp-json\/wp\/v2\/pages\/466\/revisions"}],"predecessor-version":[{"id":1162,"href":"https:\/\/chalons.catholique.fr\/brie\/wp-json\/wp\/v2\/pages\/466\/revisions\/1162"}],"wp:attachment":[{"href":"https:\/\/chalons.catholique.fr\/brie\/wp-json\/wp\/v2\/media?parent=466"}],"curies":[{"name":"wp","href":"https:\/\/api.w.org\/{rel}","templated":true}]}}