{"id":450,"date":"2017-11-01T09:31:12","date_gmt":"2017-11-01T08:31:12","guid":{"rendered":"http:\/\/chalons.catholique.fr\/paroissedesmothees\/?page_id=450"},"modified":"2017-11-01T09:31:12","modified_gmt":"2017-11-01T08:31:12","slug":"notre-saint-patron","status":"publish","type":"page","link":"https:\/\/chalons.catholique.fr\/brie\/notre-saint-patron\/","title":{"rendered":"Notre Saint Patron"},"content":{"rendered":"<p><strong>Notre saint patron\u00a0: Saint Fran\u00e7ois de Sales (24 janvier)<\/strong><\/p>\n<p>N\u00e9 en Haute-Savoie en 1567 au ch\u00e2teau de Sales, pr\u00e8s de Thorens (Haute Savoie)\u00a0d&rsquo;une famille de noblesse rurale. Il est donc citoyen du duch\u00e9 de Savoie. Licenci\u00e9\u00a0en droit, il passe brillamment son doctorat. Il s&rsquo;inscrit au barreau de Chamb\u00e9ry\u00a0comme avocat.<\/p>\n<p>Apr\u00e8s une crise religieuse personnelle,Fran\u00e7ois d\u00e9cide de devenir pr\u00eatre.<\/p>\n<p>Il renonce \u00e0 tous ses titres de noblesse, et \u00e0 sa nomination comme s\u00e9nateur\u00a0du duch\u00e9 de Savoie.<\/p>\n<p>Mgr Granier l&rsquo;\u00e9v\u00eaque de Gen\u00e8ve r\u00e9fugi\u00e9 \u00e0 Annecy lui confie l&rsquo;\u00e9vang\u00e9lisation du Chablais, presque enti\u00e8rement pass\u00e9 au calvinisme. Fran\u00e7ois se rend \u00e0 la forteresse de Allinges qui domine Thonon, et se lance avec ardeur dans la pr\u00e9dication.<\/p>\n<p>Il entreprend d&rsquo;\u00e9crire des lettres personnelles aux gens qu&rsquo;il ne peut atteindre. Puis il fait appel \u00e0 l&rsquo;imprimerie pour \u00e9diter des textes qu&rsquo;il placarde dans les endroits publics et distribue sous les portes. Ces pr\u00e9dications p\u00e9riodiques imprim\u00e9es sont consid\u00e9r\u00e9es comme le premier &lsquo;\u00a0\u00bbjournal\u00a0\u00bb catholique du monde , et c&rsquo;est pourquoi Fran\u00e7ois de Sales est le patron des journalistes. Pour toucher les illettr\u00e9s, il se met \u00e0 pr\u00eacher sur les places, au milieu des march\u00e9s.<\/p>\n<p>Apr\u00e8s des mois d&rsquo;insucc\u00e8s, il peut c\u00e9l\u00e9brer No\u00ebl 1596 \u00e0 Thonon. Soutenu enfin par le duc de Savoie, sa mission devient alors un succ\u00e8s. En 1602 \u00e0 35 ans, il est nomm\u00e9 coadjuteur de l&rsquo;\u00e9v\u00eaque de Gen\u00e8ve, Mgr Granier, et lui succ\u00e8de rapidement \u00e0 Annecy.<\/p>\n<p>Il compose divers ouvrages de spiritualit\u00e9 pour les la\u00efcs, dont la c\u00e9l\u00e8bre \u00ab\u00a0Introduction \u00e0 la vie d\u00e9vote\u00a0\u00bb, d\u00e9di\u00e9e \u00e0 Mme de Charmoisy.<\/p>\n<p>Il entretient une importante correspondance de direction spirituelle. De son exp\u00e9rience, sortira le \u00ab\u00a0Trait\u00e9 de l&rsquo;Amour de Dieu\u00a0\u00bb. La profondeur de ses ouvrages spirituels, l&rsquo;impact \u00e9norme qu&rsquo;ils eurent sur les chr\u00e9tiens de son temps et jusqu&rsquo;\u00e0 nos jours, ont fait d\u00e9clarer Fran\u00e7ois \u00ab\u00a0docteur de l&rsquo;\u00c9glise.\u00a0\u00bb Parmi ses dirig\u00e9es, la Baronne de Chantal est appel\u00e9e \u00e0 une mission sp\u00e9ciale. Fran\u00e7ois de Sales lui confiera en 1610, la fondation d&rsquo;une nouvelle congr\u00e9gation : l&rsquo;ordre de la Visitation.<\/p>\n<p>Il est frapp\u00e9 d&rsquo;apoplexie le 27 d\u00e9cembre 1622 et meurt le lendemain. Il fut proclam\u00e9 saint en 1665, et docteur de l&rsquo;\u00c9glise en 1877. Son corps repose \u00e0 Annecy, dans le nouveau monast\u00e8re de la Visitation construit en 1911.<\/p>\n<p>En 2005, sur proposition du conseil pastoral, il est choisi comme patron de la paroisse des Moth\u00e9es en raison du caract\u00e8re novateur de son apostolat.<\/p>\n<p>&nbsp;<\/p>\n<p><strong>A m\u00e9diter :<\/strong><\/p>\n<p>\u00ab\u00a0L&rsquo;homme est la perfection de l&rsquo;univers, l&rsquo;esprit est la perfection de l&rsquo;homme, l&rsquo;amour est la perfection de l&rsquo;esprit et la charit\u00e9 est la perfection de l&rsquo;amour.\u00a0\u00bb\u00a0<strong><\/p>\n<p><em>\u00ab\u00a0<\/em><\/strong><em>Dans le r\u00e9gime des \u00e2mes, il faut une tasse de science, un baril de prudence et un oc\u00e9an de patience.\u00a0\u00bb<\/em><strong><\/p>\n<p><\/strong>\u00ab\u00a0Entre les exercices des vertus, nous devons pr\u00e9f\u00e9rer celui qui est plus conforme \u00e0 notre devoir, et non pas celui qui est plus conforme \u00e0 notre go\u00fbt.\u00a0\u00bb<\/p>\n<p><strong><em>\u00ab\u00a0<\/em><\/strong><em>Il faut soigner le corps pour que l&rsquo;\u00e2me s&rsquo;y plaise.<\/em>\u00ab\u00a0<strong><\/p>\n<p>\u00ab\u00a0<\/strong>Il n&rsquo;y a nulle si bonne et d\u00e9sirable finesse que la simplicit\u00e9.\u00a0\u00bb\u00a0\u00bb<strong><\/p>\n<p><em>\u00ab\u00a0<\/em><\/strong><em>Le bruit fait peu de bien, le bien fait peu de bruit.\u00a0\u00bb<\/em><\/p>\n<p>\u00ab\u00a0Soyez patient avec tout le monde, mais surtout avec vous-m\u00eame.\u00a0\u00bb<strong><\/p>\n<p><em>\u00ab\u00a0<\/em><\/strong><em>Les maladies du coeur, aussi bien que celles du corps, viennent \u00e0 cheval et en poste, mais elles s&rsquo;en revont \u00e0 pied et au petit pas.\u00a0\u00bb<\/em><strong><\/p>\n<p>\u00ab\u00a0<\/strong>Les scrupules sont fils de l&rsquo;orgueil le plus fin.\u00a0\u00bb<strong><\/p>\n<p><em>\u00ab\u00a0<\/em><\/strong><em>\u00d4 mon \u00e2me, tu es capable de Dieu, malheur \u00e0 toi si tu te contentes de moins que de Dieu.\u00a0\u00bb<\/em><strong><\/p>\n<p><em>\u00ab\u00a0<\/em><\/strong><em>S<\/em>i la charit\u00e9 est un lait, la d\u00e9votion en est la cr\u00e8me.\u00a0\u00bb<strong><\/p>\n<p>\u00ab\u00a0<\/strong>Une grande mis\u00e8re parmi les hommes, c&rsquo;est qu&rsquo;ils savent si bien ce qui leur est d\u00fb et qu&rsquo;ils sentent si peu ce qu&rsquo;ils doivent aux autres.\u00a0\u00bb<\/p>\n","protected":false},"excerpt":{"rendered":"<p>Notre saint patron\u00a0: Saint Fran\u00e7ois de Sales (24 janvier) N\u00e9 en Haute-Savoie en 1567 au ch\u00e2teau de Sales, pr\u00e8s de Thorens (Haute Savoie)\u00a0d&rsquo;une famille de noblesse rurale. Il est donc citoyen du duch\u00e9 de Savoie. Licenci\u00e9\u00a0en droit, il passe brillamment son doctorat. Il s&rsquo;inscrit au barreau de Chamb\u00e9ry\u00a0comme avocat. Apr\u00e8s une crise religieuse personnelle,Fran\u00e7ois d\u00e9cide [&hellip;]<\/p>\n","protected":false},"author":150,"featured_media":0,"parent":0,"menu_order":0,"comment_status":"closed","ping_status":"closed","template":"","meta":{"xn-wppe-expiration":[],"xn-wppe-expiration-action":[],"xn-wppe-expiration-prefix":[],"footnotes":""},"_links":{"self":[{"href":"https:\/\/chalons.catholique.fr\/brie\/wp-json\/wp\/v2\/pages\/450"}],"collection":[{"href":"https:\/\/chalons.catholique.fr\/brie\/wp-json\/wp\/v2\/pages"}],"about":[{"href":"https:\/\/chalons.catholique.fr\/brie\/wp-json\/wp\/v2\/types\/page"}],"author":[{"embeddable":true,"href":"https:\/\/chalons.catholique.fr\/brie\/wp-json\/wp\/v2\/users\/150"}],"replies":[{"embeddable":true,"href":"https:\/\/chalons.catholique.fr\/brie\/wp-json\/wp\/v2\/comments?post=450"}],"version-history":[{"count":0,"href":"https:\/\/chalons.catholique.fr\/brie\/wp-json\/wp\/v2\/pages\/450\/revisions"}],"wp:attachment":[{"href":"https:\/\/chalons.catholique.fr\/brie\/wp-json\/wp\/v2\/media?parent=450"}],"curies":[{"name":"wp","href":"https:\/\/api.w.org\/{rel}","templated":true}]}}