{"id":370,"date":"2017-10-27T13:58:52","date_gmt":"2017-10-27T12:58:52","guid":{"rendered":"http:\/\/chalons.catholique.fr\/saintfrancois3\/?page_id=370"},"modified":"2022-07-21T16:43:02","modified_gmt":"2022-07-21T15:43:02","slug":"formations-diocesaines","status":"publish","type":"page","link":"https:\/\/chalons.catholique.fr\/brie\/activites\/formation\/formations-diocesaines\/","title":{"rendered":"Formations dioc\u00e9saines"},"content":{"rendered":"<p><strong><em>A l\u2019initiative de la<\/em><\/strong><strong><em> Pastorale des Familles du dioc\u00e8se de Ch\u00e2lons et du Foyer de Charit\u00e9 de Baye<\/em><\/strong><\/p>\n<p>&nbsp;<\/p>\n<p><strong>R\u00c9COLLECTION<\/strong>\u00a0 pour les<strong> COUPLES MARI\u00c9S OU EN PR\u00c9PARATION AU MARIAGE<\/strong><\/p>\n<p>\u00e0 partir de l\u2019exhortation <strong>\u00ab\u00a0LA JOIE DE L\u2019AMOUR\u00a0\u00bb<\/strong> du pape Fran\u00e7ois<\/p>\n<p><strong>DU SAMEDI 17 MARS 11H AU DIMANCHE 18 MARS 16H<\/strong><br \/>\n&gt; au Foyer de Charit\u00e9 de Baye, 4 grande Rue, 51270 Baye<\/p>\n<p>&lt;![if !vml]&gt;<a href=\"https:\/\/chalons.catholique.fr\/familles\/2017\/09\/22\/recollection-couples-17-et-18-mars-2018-baye\/\">\u00a0\u00bb src=\u00a0\u00bbcid:image003.jpg@01D34F07.D718F9E0&Prime; alt=\u00a0\u00bbimage003.jpg\u00a0\u00bb border=\u00a0\u00bb0&Prime; class=\u00a0\u00bbApple-web-attachment Singleton\u00a0\u00bb&gt;<\/a>&lt;![endif]&gt;<br \/>\nAvec le Pape Fran\u00e7ois dans la \u00ab\u00a0joie de l\u2019amour\u00a0\u00bb, approfondir comment \u00ab\u00a0perfectionner l\u2019amour des conjoints\u00a0\u00bb\u00a0(<em>Amoris Laetitia<\/em>\u00a0n\u00b089) pour \u00ab\u00a0grandir dans l\u2019amour et dans le don r\u00e9ciproque\u00a0\u00bb (<em>Amoris Laetitia n\u00b0<\/em>207)<\/p>\n<p>Temps d\u2019enseignement, de pri\u00e8re, de r\u00e9flexion\u00a0en couple, possibilit\u00e9 d\u2019\u00e9coute, de confession.<\/p>\n<p>Anim\u00e9e par le P\u00e8re Fran\u00e7ois-J\u00e9r\u00f4me Leroy, p\u00e8re du Foyer de Charit\u00e9 de Baye et V\u00e9ronique Lonchamp, responsable dioc\u00e9saine pastorale des Familles de Ch\u00e2lons.<\/p>\n<p><strong>Accueil des enfants jusqu\u2019\u00e0 12 ans<\/strong>\u00a0dans la limite des places disponibles. Animations adapt\u00e9es \u00e0 leur \u00e2ge.<br \/>\n&gt; Pour la garde des b\u00e9b\u00e9s, s\u2019entendre pr\u00e9alablement avec Marie-Agn\u00e8s (contact au 03 26 52 80 80).<\/p>\n<p><strong>I<\/strong><strong>nscription<\/strong> en ligne sur <a href=\"https:\/\/goo.gl\/forms\/2cAGgOQqXM9ERFgu2\">https:\/\/goo.gl\/forms\/2cAGgOQqXM9ERFgu2<\/a><\/p>\n<p><strong>Plus d\u2019informations<\/strong> sur<a href=\"https:\/\/chalons.catholique.fr\/familles\/2017\/09\/22\/recollection-couples-17-et-18-mars-2018-baye\/\">https:\/\/chalons.catholique.fr\/familles\/2017\/09\/22\/recollection-couples-17-et-18-mars-2018-baye\/<\/a><\/p>\n<p><strong>Renseignements pratiques<\/strong> sur <a href=\"http:\/\/baye.foyer.fr\/les-retraites-spirituelles\/infos-pratiques\/\">http:\/\/baye.foyer.fr\/les-retraites-spirituelles\/infos-pratiques\/<\/a><\/p>\n<p>&nbsp;<\/p>\n","protected":false},"excerpt":{"rendered":"<p>A l\u2019initiative de la Pastorale des Familles du dioc\u00e8se de Ch\u00e2lons et du Foyer de Charit\u00e9 de Baye &nbsp; R\u00c9COLLECTION\u00a0 pour les COUPLES MARI\u00c9S OU EN PR\u00c9PARATION AU MARIAGE \u00e0 partir de l\u2019exhortation \u00ab\u00a0LA JOIE DE L\u2019AMOUR\u00a0\u00bb du pape Fran\u00e7ois DU SAMEDI 17 MARS 11H AU DIMANCHE 18 MARS 16H &gt; au Foyer de Charit\u00e9 [&hellip;]<\/p>\n","protected":false},"author":150,"featured_media":0,"parent":177,"menu_order":0,"comment_status":"closed","ping_status":"closed","template":"","meta":{"xn-wppe-expiration":[],"xn-wppe-expiration-action":[],"xn-wppe-expiration-prefix":[],"footnotes":""},"_links":{"self":[{"href":"https:\/\/chalons.catholique.fr\/brie\/wp-json\/wp\/v2\/pages\/370"}],"collection":[{"href":"https:\/\/chalons.catholique.fr\/brie\/wp-json\/wp\/v2\/pages"}],"about":[{"href":"https:\/\/chalons.catholique.fr\/brie\/wp-json\/wp\/v2\/types\/page"}],"author":[{"embeddable":true,"href":"https:\/\/chalons.catholique.fr\/brie\/wp-json\/wp\/v2\/users\/150"}],"replies":[{"embeddable":true,"href":"https:\/\/chalons.catholique.fr\/brie\/wp-json\/wp\/v2\/comments?post=370"}],"version-history":[{"count":0,"href":"https:\/\/chalons.catholique.fr\/brie\/wp-json\/wp\/v2\/pages\/370\/revisions"}],"up":[{"embeddable":true,"href":"https:\/\/chalons.catholique.fr\/brie\/wp-json\/wp\/v2\/pages\/177"}],"wp:attachment":[{"href":"https:\/\/chalons.catholique.fr\/brie\/wp-json\/wp\/v2\/media?parent=370"}],"curies":[{"name":"wp","href":"https:\/\/api.w.org\/{rel}","templated":true}]}}