{"id":247,"date":"2017-10-26T12:53:19","date_gmt":"2017-10-26T11:53:19","guid":{"rendered":"http:\/\/chalons.catholique.fr\/saintfrancois3\/?page_id=247"},"modified":"2017-10-26T15:49:55","modified_gmt":"2017-10-26T14:49:55","slug":"activites","status":"publish","type":"page","link":"https:\/\/chalons.catholique.fr\/brie\/activites\/","title":{"rendered":"Activit\u00e9s"},"content":{"rendered":"<p>Toutes les activit\u00e9s paroissiales ne sont pas encore r\u00e9f\u00e9renc\u00e9es ici, vous trouverez cependant ici les diff\u00e9rentes proposition de la paroisse pour faire \u00ab\u00a0Aimer Dieu de tout son coeur, de toute son \u00e2me et de toute sa force, et son prochain comme soi m\u00eame\u00a0\u00bb.<\/p>\n","protected":false},"excerpt":{"rendered":"<p>Toutes les activit\u00e9s paroissiales ne sont pas encore r\u00e9f\u00e9renc\u00e9es ici, vous trouverez cependant ici les diff\u00e9rentes proposition de la paroisse pour faire \u00ab\u00a0Aimer Dieu de tout son coeur, de toute son \u00e2me et de toute sa force, et son prochain comme soi m\u00eame\u00a0\u00bb.<\/p>\n","protected":false},"author":150,"featured_media":0,"parent":0,"menu_order":0,"comment_status":"closed","ping_status":"closed","template":"","meta":{"xn-wppe-expiration":[],"xn-wppe-expiration-action":[],"xn-wppe-expiration-prefix":[],"footnotes":""},"_links":{"self":[{"href":"https:\/\/chalons.catholique.fr\/brie\/wp-json\/wp\/v2\/pages\/247"}],"collection":[{"href":"https:\/\/chalons.catholique.fr\/brie\/wp-json\/wp\/v2\/pages"}],"about":[{"href":"https:\/\/chalons.catholique.fr\/brie\/wp-json\/wp\/v2\/types\/page"}],"author":[{"embeddable":true,"href":"https:\/\/chalons.catholique.fr\/brie\/wp-json\/wp\/v2\/users\/150"}],"replies":[{"embeddable":true,"href":"https:\/\/chalons.catholique.fr\/brie\/wp-json\/wp\/v2\/comments?post=247"}],"version-history":[{"count":0,"href":"https:\/\/chalons.catholique.fr\/brie\/wp-json\/wp\/v2\/pages\/247\/revisions"}],"wp:attachment":[{"href":"https:\/\/chalons.catholique.fr\/brie\/wp-json\/wp\/v2\/media?parent=247"}],"curies":[{"name":"wp","href":"https:\/\/api.w.org\/{rel}","templated":true}]}}