{"id":176,"date":"2017-10-26T11:04:19","date_gmt":"2017-10-26T10:04:19","guid":{"rendered":"http:\/\/chalons.catholique.fr\/saintfrancois3\/?page_id=176"},"modified":"2021-03-27T14:23:19","modified_gmt":"2021-03-27T13:23:19","slug":"aumonerie","status":"publish","type":"page","link":"https:\/\/chalons.catholique.fr\/brie\/aumonerie\/","title":{"rendered":"Aum\u00f4nerie"},"content":{"rendered":"<p>Le cat\u00e9chisme s\u2019arr\u00eate au sens strict au moment de la profession de foi, habituellement c\u00e9l\u00e9br\u00e9e au moment de la classe de 6\u00b0. Il est pourtant primordial d\u2019accompagner les jeunes adolescents dans la construction de leur foi, au moment ou ils se pr\u00e9parent \u00e0 entrer dans l\u2019\u00e2ge adulte.<\/p>\n<p>Les rencontres d\u2019aum\u00f4nerie se vivent tout les vendredi sur Zoom (voir les horaires avec Annie). Au programme, un temps de d\u00e9tente, un temps d\u2019enseignement, un temps de pri\u00e8re et le repas partag\u00e9.<\/p>\n<p>Vous pouvez t\u00e9l\u00e9charger ici la fiche d&rsquo;inscription.<\/p>\n<p><a href=\"https:\/\/chalons.catholique.fr\/brie\/wp-content\/uploads\/sites\/71\/2017\/10\/inscription-aumonerie-1718.doc\">Fiche d&rsquo;inscription<\/a><\/p>\n","protected":false},"excerpt":{"rendered":"<p>Le cat\u00e9chisme s\u2019arr\u00eate au sens strict au moment de la profession de foi, habituellement c\u00e9l\u00e9br\u00e9e au moment de la classe de 6\u00b0. Il est pourtant primordial d\u2019accompagner les jeunes adolescents dans la construction de leur foi, au moment ou ils se pr\u00e9parent \u00e0 entrer dans l\u2019\u00e2ge adulte. Les rencontres d\u2019aum\u00f4nerie se vivent tout les vendredi [&hellip;]<\/p>\n","protected":false},"author":150,"featured_media":0,"parent":0,"menu_order":0,"comment_status":"closed","ping_status":"closed","template":"","meta":{"xn-wppe-expiration":[],"xn-wppe-expiration-action":[],"xn-wppe-expiration-prefix":[],"footnotes":""},"_links":{"self":[{"href":"https:\/\/chalons.catholique.fr\/brie\/wp-json\/wp\/v2\/pages\/176"}],"collection":[{"href":"https:\/\/chalons.catholique.fr\/brie\/wp-json\/wp\/v2\/pages"}],"about":[{"href":"https:\/\/chalons.catholique.fr\/brie\/wp-json\/wp\/v2\/types\/page"}],"author":[{"embeddable":true,"href":"https:\/\/chalons.catholique.fr\/brie\/wp-json\/wp\/v2\/users\/150"}],"replies":[{"embeddable":true,"href":"https:\/\/chalons.catholique.fr\/brie\/wp-json\/wp\/v2\/comments?post=176"}],"version-history":[{"count":0,"href":"https:\/\/chalons.catholique.fr\/brie\/wp-json\/wp\/v2\/pages\/176\/revisions"}],"wp:attachment":[{"href":"https:\/\/chalons.catholique.fr\/brie\/wp-json\/wp\/v2\/media?parent=176"}],"curies":[{"name":"wp","href":"https:\/\/api.w.org\/{rel}","templated":true}]}}