{"id":172,"date":"2017-10-26T11:04:18","date_gmt":"2017-10-26T10:04:18","guid":{"rendered":"http:\/\/chalons.catholique.fr\/saintfrancois3\/?page_id=172"},"modified":"2022-07-21T16:39:48","modified_gmt":"2022-07-21T15:39:48","slug":"visite-aux-malades","status":"publish","type":"page","link":"https:\/\/chalons.catholique.fr\/brie\/celebrations\/visite-aux-malades\/","title":{"rendered":"visite aux malades"},"content":{"rendered":"<div class=\"fusion-fullwidth fullwidth-box nonhundred-percent-fullwidth\">\n<div class=\"fusion-builder-row fusion-row \">\n<div class=\"fusion-layout-column fusion_builder_column fusion_builder_column_1_1  fusion-one-full fusion-column-first fusion-column-last fusion-column-no-min-height 1_1\">\n<div class=\"fusion-column-wrapper\">\n<blockquote><p><strong>La visite aux malades<\/strong><\/p><\/blockquote>\n<p><em>Quand l\u2019Eglise prend soin des malades, elle sert le Christ dans les membres souffrants du Corps mystique. Et \u00e0 l\u2019imitation du Seigneur qui \u00ab\u00a0est pass\u00e9 en faisant le bien et en accordant \u00e0 tous la gu\u00e9rison\u00a0\u00bb(Actes 10,38), elle ob\u00e9it \u00e0 son commandement d\u2019avoir soin des malades (cf. Marc 16,18)<\/em><\/p>\n<div class=\"fusion-clearfix\"><\/div>\n<\/div>\n<\/div>\n<\/div>\n<\/div>\n<div class=\"fusion-fullwidth fullwidth-box nonhundred-percent-fullwidth\"><\/div>\n<div class=\"fusion-fullwidth fullwidth-box nonhundred-percent-fullwidth\">\n<div class=\"fusion-builder-row fusion-row \">\n<div class=\"fusion-layout-column fusion_builder_column fusion_builder_column_1_1  fusion-one-full fusion-column-first fusion-column-last fusion-column-no-min-height 1_1\">\n<div class=\"fusion-column-wrapper\">\n<p>L\u2019Eglise manifeste sa sollicitude \u00e0 l\u2019\u00e9gard des malades de diverses mani\u00e8re: elle visite ceux dont la sant\u00e9 est atteinte, elle leur apporte le soulagement par le sacrement de l\u2019Onction; elle refait leurs forces par le sacrement de l\u2019Eucharistie, soit au cours de leur maladie, soit quand ils sont en danger de mort; enfin, elle prie pour eux et les confie \u00e0 Dieu, surtout quand ils arrivent \u00e0 leur derni\u00e8re heure. (D\u00e9cret de la Congr\u00e9gation pour le Culte Divin N 1501\/72)<\/p>\n<div class=\"fusion-clearfix\">\u00a0Chaque membre de la communaut\u00e9 paroissiale peut rendre visite \u00e0 un malade, mais seules les personnes habilit\u00e9s par le cur\u00e9 porte la communion \u00e0 domicile. Le sacrement de l\u2019onction des malades est c\u00e9l\u00e9br\u00e9 par un pr\u00eatre exclusivement.<\/div>\n<\/div>\n<\/div>\n<\/div>\n<\/div>\n","protected":false},"excerpt":{"rendered":"<p>La visite aux malades Quand l\u2019Eglise prend soin des malades, elle sert le Christ dans les membres souffrants du Corps mystique. Et \u00e0 l\u2019imitation du Seigneur qui \u00ab\u00a0est pass\u00e9 en faisant le bien et en accordant \u00e0 tous la gu\u00e9rison\u00a0\u00bb(Actes 10,38), elle ob\u00e9it \u00e0 son commandement d\u2019avoir soin des malades (cf. Marc 16,18) L\u2019Eglise manifeste [&hellip;]<\/p>\n","protected":false},"author":150,"featured_media":0,"parent":261,"menu_order":0,"comment_status":"closed","ping_status":"closed","template":"","meta":{"xn-wppe-expiration":[],"xn-wppe-expiration-action":[],"xn-wppe-expiration-prefix":[],"footnotes":""},"_links":{"self":[{"href":"https:\/\/chalons.catholique.fr\/brie\/wp-json\/wp\/v2\/pages\/172"}],"collection":[{"href":"https:\/\/chalons.catholique.fr\/brie\/wp-json\/wp\/v2\/pages"}],"about":[{"href":"https:\/\/chalons.catholique.fr\/brie\/wp-json\/wp\/v2\/types\/page"}],"author":[{"embeddable":true,"href":"https:\/\/chalons.catholique.fr\/brie\/wp-json\/wp\/v2\/users\/150"}],"replies":[{"embeddable":true,"href":"https:\/\/chalons.catholique.fr\/brie\/wp-json\/wp\/v2\/comments?post=172"}],"version-history":[{"count":0,"href":"https:\/\/chalons.catholique.fr\/brie\/wp-json\/wp\/v2\/pages\/172\/revisions"}],"up":[{"embeddable":true,"href":"https:\/\/chalons.catholique.fr\/brie\/wp-json\/wp\/v2\/pages\/261"}],"wp:attachment":[{"href":"https:\/\/chalons.catholique.fr\/brie\/wp-json\/wp\/v2\/media?parent=172"}],"curies":[{"name":"wp","href":"https:\/\/api.w.org\/{rel}","templated":true}]}}