{"id":171,"date":"2017-10-26T11:04:18","date_gmt":"2017-10-26T10:04:18","guid":{"rendered":"http:\/\/chalons.catholique.fr\/saintfrancois3\/?page_id=171"},"modified":"2022-07-21T16:40:18","modified_gmt":"2022-07-21T15:40:18","slug":"mariage","status":"publish","type":"page","link":"https:\/\/chalons.catholique.fr\/brie\/celebrations\/mariage\/","title":{"rendered":"Mariage"},"content":{"rendered":"<div class=\"fusion-fullwidth fullwidth-box nonhundred-percent-fullwidth\">\n<div class=\"fusion-builder-row fusion-row \">\n<div class=\"fusion-layout-column fusion_builder_column fusion_builder_column_1_1 fusion-one-full fusion-column-first fusion-column-last fusion-column-no-min-height 1_1\">\n<div class=\"fusion-column-wrapper\">\n<p><i>S. Paul dit\u00a0: \u00a0\u00bb\u00a0Maris, aimez vos femmes, comme le Christ a aim\u00e9 l\u2019\u00c9glise\u2026 Ce myst\u00e8re est de grande port\u00e9e\u00a0; je veux dire qu\u2019il s\u2019applique au Christ et \u00e0 l\u2019\u00c9glise\u00a0\u00a0\u00bb (Ep 5, 25. 32).L\u2019alliance matrimoniale, par laquelle un homme et une femme constituent entre eux une intime communaut\u00e9 de vie et d\u2019amour, a \u00e9t\u00e9 fond\u00e9e et dot\u00e9e de ses lois propres par le Cr\u00e9ateur. De par sa nature elle est ordonn\u00e9e au bien des conjoints ainsi qu\u2019\u00e0 la g\u00e9n\u00e9ration et \u00e0 l\u2019\u00e9ducation des enfants. Elle a \u00e9t\u00e9 \u00e9lev\u00e9e entre baptis\u00e9s par le Christ Seigneur \u00e0 la dignit\u00e9 de sacrement<b>. <\/b>Le sacrement du mariage signifie l\u2019union du Christ et de l\u2019\u00c9glise. Il donne aux \u00e9poux la gr\u00e2ce de s\u2019aimer de l\u2019amour dont le Christ a aim\u00e9 son \u00c9glise\u00a0; la gr\u00e2ce du sacrement perfectionne ainsi l\u2019amour humain des \u00e9poux, affermit leur unit\u00e9 indissoluble et les sanctifie sur le chemin de la vie \u00e9ternelle (cf. Cat\u00e9chisme de l\u2019Eglise catholique n\u00b01659ss).<\/i><\/p>\n<div class=\"fusion-clearfix\"><\/div>\n<\/div>\n<\/div>\n<\/div>\n<\/div>\n<div class=\"fusion-fullwidth fullwidth-box nonhundred-percent-fullwidth\">\n<div class=\"fusion-builder-row fusion-row \">\n<div class=\"fusion-layout-column fusion_builder_column fusion_builder_column_1_1 fusion-one-full fusion-column-first fusion-column-last fusion-column-no-min-height 1_1\">\n<div class=\"fusion-column-wrapper\">\n<p><strong>Le mariage<\/strong> se fonde sur le consentement des contractants, c\u2019est \u00e0 dire sur la volont\u00e9 de se donner mutuellement et d\u00e9finitivement dans le but de vivre une alliance d\u2019amour fid\u00e8le et f\u00e9cond. Puisque le mariage \u00e9tablit les conjoints dans un \u00e9tat public de vie dans l\u2019\u00c9glise, il convient que sa c\u00e9l\u00e9bration soit publique, dans le cadre d\u2019une c\u00e9l\u00e9bration liturgique, devant le pr\u00eatre (ou le t\u00e9moin qualifi\u00e9 de l\u2019\u00c9glise), les t\u00e9moins et l\u2019assembl\u00e9e des fid\u00e8les.L\u2019unit\u00e9, l\u2019indissolubilit\u00e9 et l\u2019ouverture \u00e0 la f\u00e9condit\u00e9 sont essentielles au mariage. La polygamie est incompatible avec l\u2019unit\u00e9 du mariage\u00a0; le divorce s\u00e9pare ce que Dieu a uni\u00a0; le refus de la f\u00e9condit\u00e9 d\u00e9tourne la vie conjugale de son \u00ab\u00a0don le plus excellent\u00a0\u00bb, l\u2019enfant (GS 50, \u00a7 1). Le remariage des divorc\u00e9s du vivant du conjoint l\u00e9gitime contrevient au Dessein et \u00e0 la Loi de Dieu enseign\u00e9s par le Christ. Ils ne sont pas s\u00e9par\u00e9s de l\u2019\u00c9glise, mais ils ne peuvent acc\u00e9der \u00e0 la communion eucharistique. Ils m\u00e8neront leur vie chr\u00e9tienne notamment en \u00e9duquant leurs enfants dans la foi. Le foyer chr\u00e9tien est le lieu o\u00f9 les enfants re\u00e7oivent la premi\u00e8re annonce de la foi. Voila pourquoi la maison familiale est appel\u00e9e \u00e0 bon droit \u00a0\u00bb\u00a0l\u2019\u00c9glise domestique\u00a0\u00ab\u00a0, communaut\u00e9 de gr\u00e2ce et de pri\u00e8re, \u00e9cole des vertus humaines et de la charit\u00e9 chr\u00e9tienne.<\/p>\n<div class=\"fusion-clearfix\"><\/div>\n<\/div>\n<\/div>\n<\/div>\n<\/div>\n<div class=\"fusion-fullwidth fullwidth-box hundred-percent-fullwidth\">\n<div class=\"fusion-builder-row fusion-row \">\n<div class=\"fusion-layout-column fusion_builder_column fusion_builder_column_2_3 fusion-two-third fusion-column-first 2_3\">\n<div class=\"fusion-column-wrapper\">\n<p>Vous d\u00e9sirez vous marier \u00e0 l\u2019\u00e9glise\u00a0et nous nous en r\u00e9jouissons. C\u2019est parce que le mariage\u00a0est, pour l\u2019\u00c9glise, un \u00e9v\u00e8nement important et un grand myst\u00e8re, qu\u2019elle vous demande de\u00a0<strong>prendre le temps<\/strong> d\u2019en approfondir la signification et de bien en pr\u00e9parer\u00a0la c\u00e9l\u00e9bration.<\/p>\n<p><strong>Le temps de la pr\u00e9paration au mariage<\/strong> consistera donc \u00e0 :<\/p>\n<ul>\n<li>\u00e9tablir un dossier pastoral (aspect administratif)<\/li>\n<li>\u00e0 approfondir le sens du mariage tel que l\u2019\u00c9glise Catholique le propose et \u00e9changer sur vos motivations<\/li>\n<li>\u00e0 pr\u00e9parer le d\u00e9roulement de la c\u00e9l\u00e9bration (choix des textes, musiques, chants\u2026 etc).<\/li>\n<\/ul>\n<p>Vous trouverez sur ce document la plupart des informations en vue de la pr\u00e9paration :<\/p>\n<p><strong><a href=\"https:\/\/chalons.catholique.fr\/brie\/wp-content\/uploads\/sites\/71\/2017\/10\/Renseignements-en-vue-du-mariage.doc\">Renseignements en vue du mariage<\/a><\/strong><\/p>\n<div>\n<p>Cette pr\u00e9paration n\u2019est pas une simple formalit\u00e9, c\u2019est un service que l\u2019\u00c9glise vous offre pour construire le mieux possible cette \u00ab\u00a0communaut\u00e9 de vie et d\u2019amour\u00a0\u00bb que vous voulez fonder et pour vous aider \u00e0 mesurer les exigences humaines et sacramentelles du mariage chr\u00e9tien.La pr\u00e9paration comprendra deux types de rencontres:<\/p>\n<p><strong>1. Des rencontres avec des la\u00efcs, des entretiens personnels avec le pr\u00eatre ou le diacre qui accompagnera votre pr\u00e9paration:<\/strong>\u00a0 pour faire connaissance et \u00e9tablir le dossier pastoral; pour discerner et r\u00e9fl\u00e9chir sur les conditions et les aptitudes requises pour c\u00e9l\u00e9brer le sacrement du mariage; pour fixer le d\u00e9roulement de la c\u00e9l\u00e9bration si c\u2019est lui qui c\u00e9l\u00e8brera le mariage.<\/p>\n<p><strong>2. Une rencontre dioc\u00e9saine\u00a0 <\/strong>anim\u00e9e par des la\u00efcs pour r\u00e9fl\u00e9chir sur les piliers du mariage que sont la libert\u00e9, la fid\u00e9lit\u00e9, l\u2019indissolubilit\u00e9 et la fondation d\u2019une famille. Vous pouvez t\u00e9l\u00e9charger le calendrier des <a href=\"https:\/\/chalons.catholique.fr\/saintetienne\/wp-content\/uploads\/sites\/13\/2015\/07\/tract-mariage-2017-2018.pdf\">rencontres propos\u00e9es ici<\/a>, et vous inscrire en ligne \u00e0 la <a href=\"http:\/\/tinyurl.com\/sessions-mariage-2017\">rencontre choisie ici<\/a><\/p>\n<\/div>\n<p>Vous pouvez aussi t\u00e9l\u00e9charger un mod\u00e8le de livret de mariage :<\/p>\n<p><strong><a href=\"https:\/\/chalons.catholique.fr\/brie\/wp-content\/uploads\/sites\/71\/2017\/10\/mod\u00e8le-livret-mariage.docx\">mod\u00e8le de livret de mariage<\/a><\/strong><\/p>\n<\/div>\n<\/div>\n<\/div>\n<\/div>\n","protected":false},"excerpt":{"rendered":"<p>S. Paul dit\u00a0: \u00a0\u00bb\u00a0Maris, aimez vos femmes, comme le Christ a aim\u00e9 l\u2019\u00c9glise\u2026 Ce myst\u00e8re est de grande port\u00e9e\u00a0; je veux dire qu\u2019il s\u2019applique au Christ et \u00e0 l\u2019\u00c9glise\u00a0\u00a0\u00bb (Ep 5, 25. 32).L\u2019alliance matrimoniale, par laquelle un homme et une femme constituent entre eux une intime communaut\u00e9 de vie et d\u2019amour, a \u00e9t\u00e9 fond\u00e9e et [&hellip;]<\/p>\n","protected":false},"author":150,"featured_media":0,"parent":261,"menu_order":0,"comment_status":"closed","ping_status":"closed","template":"","meta":{"xn-wppe-expiration":[],"xn-wppe-expiration-action":[],"xn-wppe-expiration-prefix":[],"footnotes":""},"_links":{"self":[{"href":"https:\/\/chalons.catholique.fr\/brie\/wp-json\/wp\/v2\/pages\/171"}],"collection":[{"href":"https:\/\/chalons.catholique.fr\/brie\/wp-json\/wp\/v2\/pages"}],"about":[{"href":"https:\/\/chalons.catholique.fr\/brie\/wp-json\/wp\/v2\/types\/page"}],"author":[{"embeddable":true,"href":"https:\/\/chalons.catholique.fr\/brie\/wp-json\/wp\/v2\/users\/150"}],"replies":[{"embeddable":true,"href":"https:\/\/chalons.catholique.fr\/brie\/wp-json\/wp\/v2\/comments?post=171"}],"version-history":[{"count":0,"href":"https:\/\/chalons.catholique.fr\/brie\/wp-json\/wp\/v2\/pages\/171\/revisions"}],"up":[{"embeddable":true,"href":"https:\/\/chalons.catholique.fr\/brie\/wp-json\/wp\/v2\/pages\/261"}],"wp:attachment":[{"href":"https:\/\/chalons.catholique.fr\/brie\/wp-json\/wp\/v2\/media?parent=171"}],"curies":[{"name":"wp","href":"https:\/\/api.w.org\/{rel}","templated":true}]}}