{"id":169,"date":"2017-10-26T11:04:18","date_gmt":"2017-10-26T10:04:18","guid":{"rendered":"http:\/\/chalons.catholique.fr\/saintfrancois3\/?page_id=169"},"modified":"2022-10-13T20:29:30","modified_gmt":"2022-10-13T19:29:30","slug":"bulletin-paroissial","status":"publish","type":"page","link":"https:\/\/chalons.catholique.fr\/brie\/bulletin-paroissial\/","title":{"rendered":"Bulletin paroissial"},"content":{"rendered":"<div class=\"fusion-fullwidth fullwidth-box fusion-builder-row-1 nonhundred-percent-fullwidth non-hundred-percent-height-scrolling\" style=\"--awb-border-radius-top-left:0px;--awb-border-radius-top-right:0px;--awb-border-radius-bottom-right:0px;--awb-border-radius-bottom-left:0px;--awb-flex-wrap:wrap;\" ><div class=\"fusion-builder-row fusion-row\"><div class=\"fusion-layout-column fusion_builder_column fusion-builder-column-0 fusion_builder_column_1_1 1_1 fusion-one-full fusion-column-first fusion-column-last\" style=\"--awb-bg-size:cover;--awb-margin-bottom:0px;\"><div class=\"fusion-column-wrapper fusion-flex-column-wrapper-legacy\"><div class=\"fusion-text fusion-text-1\"><p>Voici le bulletin du 2 Octobre 2022 \u00e0 t\u00e9l\u00e9charger : <strong><a href=\"https:\/\/chalons.catholique.fr\/brie\/wp-content\/uploads\/sites\/71\/2022\/10\/Bulletin-Paroisse-2022-09-02.pdf\">Bulletin-Paroisse-2022-09-02<\/a><\/strong><\/p>\n<p>Voici le bulletin du 28 Ao\u00fbt 2022 \u00e0 t\u00e9l\u00e9charger :<strong> <a href=\"https:\/\/chalons.catholique.fr\/brie\/wp-content\/uploads\/sites\/71\/2022\/09\/Bulletin-Paroisse-2022-08-28.pdf\">Bulletin-Paroisse-2022-08-28<\/a><\/strong><\/p>\n<p>Voici le bulletin du 24 Juillet 2022 \u00e0 t\u00e9l\u00e9charger : <strong><a href=\"https:\/\/chalons.catholique.fr\/brie\/wp-content\/uploads\/sites\/71\/2022\/08\/Bulletin-Paroisse-2022-07-24.pdf\">Bulletin-Paroisse-2022-07-24<\/a><\/strong><\/p>\n<p>Voici le bulletin du 26 Juin 2022 \u00e0 t\u00e9l\u00e9charger : <strong><a href=\"https:\/\/chalons.catholique.fr\/brie\/wp-content\/uploads\/sites\/71\/2022\/06\/Bulletin-Paroisse-2022-06-26.pdf\">Bulletin-Paroisse-2022-06-26<\/a><\/strong><\/p>\n<p>Voici le bulletin du 29 Mai 2022 \u00e0 t\u00e9l\u00e9charger : <strong><a href=\"https:\/\/chalons.catholique.fr\/brie\/wp-content\/uploads\/sites\/71\/2022\/05\/Bulletin-Paroisse-2022-05-29.pdf\">Bulletin-Paroisse-2022-05-29<\/a><\/strong><\/p>\n<p>Voici le bulletin du 01 Mai 2022 \u00e0 t\u00e9l\u00e9charger : <strong><a href=\"https:\/\/chalons.catholique.fr\/brie\/wp-content\/uploads\/sites\/71\/2022\/05\/Bulletin-Paroisse-2022-05-01.pdf\">Bulletin-Paroisse-2022-05-01<\/a><\/strong><\/p>\n<p>Voici le bulletin du 03 Avril 2022 \u00e0 t\u00e9l\u00e9charger :<strong> <a href=\"https:\/\/chalons.catholique.fr\/brie\/wp-content\/uploads\/sites\/71\/2022\/03\/Bulletin-Paroisse-2022-04-03.pdf\">Bulletin-Paroisse-2022-04-03<\/a><\/strong><\/p>\n<\/div><div class=\"fusion-clearfix\"><\/div><\/div><\/div><\/div><\/div>\n","protected":false},"excerpt":{"rendered":"","protected":false},"author":150,"featured_media":0,"parent":0,"menu_order":0,"comment_status":"closed","ping_status":"closed","template":"","meta":{"xn-wppe-expiration":[],"xn-wppe-expiration-action":[],"xn-wppe-expiration-prefix":[],"footnotes":""},"_links":{"self":[{"href":"https:\/\/chalons.catholique.fr\/brie\/wp-json\/wp\/v2\/pages\/169"}],"collection":[{"href":"https:\/\/chalons.catholique.fr\/brie\/wp-json\/wp\/v2\/pages"}],"about":[{"href":"https:\/\/chalons.catholique.fr\/brie\/wp-json\/wp\/v2\/types\/page"}],"author":[{"embeddable":true,"href":"https:\/\/chalons.catholique.fr\/brie\/wp-json\/wp\/v2\/users\/150"}],"replies":[{"embeddable":true,"href":"https:\/\/chalons.catholique.fr\/brie\/wp-json\/wp\/v2\/comments?post=169"}],"version-history":[{"count":0,"href":"https:\/\/chalons.catholique.fr\/brie\/wp-json\/wp\/v2\/pages\/169\/revisions"}],"wp:attachment":[{"href":"https:\/\/chalons.catholique.fr\/brie\/wp-json\/wp\/v2\/media?parent=169"}],"curies":[{"name":"wp","href":"https:\/\/api.w.org\/{rel}","templated":true}]}}