{"id":1125,"date":"2023-01-18T08:51:47","date_gmt":"2023-01-18T07:51:47","guid":{"rendered":"https:\/\/chalons.catholique.fr\/brie\/?page_id=1125"},"modified":"2023-01-18T08:51:47","modified_gmt":"2023-01-18T07:51:47","slug":"lequipe-saint-joseph","status":"publish","type":"page","link":"https:\/\/chalons.catholique.fr\/brie\/lequipe-saint-joseph\/","title":{"rendered":"L\u2019\u00e9quipe Saint Joseph"},"content":{"rendered":"<p>La charit\u00e9, c&rsquo;est \u00e0 dire l&rsquo;amour de Dieu que l&rsquo;on re\u00e7oit et que l&rsquo;on partage dans le service, doit \u00eatre le signe distinctif du chr\u00e9tien.<\/p>\n<p>Cette charit\u00e9 est avant tout personnelle : chacun de nous \u00e0 autour de lui mille occasions de service, d&rsquo;attention, ne serait-ce que d&rsquo;aller voir son voisin qui est seul.<\/p>\n<p>Nous allons essayer de proposer ici ce qui peut se vivre dans cet ordre au niveau de la paroisse.<\/p>\n","protected":false},"excerpt":{"rendered":"<p>La charit\u00e9, c&rsquo;est \u00e0 dire l&rsquo;amour de Dieu que l&rsquo;on re\u00e7oit et que l&rsquo;on partage dans le service, doit \u00eatre le signe distinctif du chr\u00e9tien. Cette charit\u00e9 est avant tout personnelle : chacun de nous \u00e0 autour de lui mille occasions de service, d&rsquo;attention, ne serait-ce que d&rsquo;aller voir son voisin qui est seul. Nous [&hellip;]<\/p>\n","protected":false},"author":150,"featured_media":0,"parent":0,"menu_order":0,"comment_status":"closed","ping_status":"closed","template":"","meta":{"xn-wppe-expiration":[],"xn-wppe-expiration-action":[],"xn-wppe-expiration-prefix":[],"footnotes":""},"_links":{"self":[{"href":"https:\/\/chalons.catholique.fr\/brie\/wp-json\/wp\/v2\/pages\/1125"}],"collection":[{"href":"https:\/\/chalons.catholique.fr\/brie\/wp-json\/wp\/v2\/pages"}],"about":[{"href":"https:\/\/chalons.catholique.fr\/brie\/wp-json\/wp\/v2\/types\/page"}],"author":[{"embeddable":true,"href":"https:\/\/chalons.catholique.fr\/brie\/wp-json\/wp\/v2\/users\/150"}],"replies":[{"embeddable":true,"href":"https:\/\/chalons.catholique.fr\/brie\/wp-json\/wp\/v2\/comments?post=1125"}],"version-history":[{"count":1,"href":"https:\/\/chalons.catholique.fr\/brie\/wp-json\/wp\/v2\/pages\/1125\/revisions"}],"predecessor-version":[{"id":1128,"href":"https:\/\/chalons.catholique.fr\/brie\/wp-json\/wp\/v2\/pages\/1125\/revisions\/1128"}],"wp:attachment":[{"href":"https:\/\/chalons.catholique.fr\/brie\/wp-json\/wp\/v2\/media?parent=1125"}],"curies":[{"name":"wp","href":"https:\/\/api.w.org\/{rel}","templated":true}]}}